{"id":21997,"date":"2023-11-01T08:52:09","date_gmt":"2023-11-01T08:52:09","guid":{"rendered":"https:\/\/hs-experts.com\/?page_id=21997"},"modified":"2023-11-01T08:52:09","modified_gmt":"2023-11-01T08:52:09","slug":"infektionsschutz-und-hygiene-beratung","status":"publish","type":"page","link":"https:\/\/hs-experts.com\/en\/arbeitssicherheit\/infektionsschutz-und-hygiene-beratung\/","title":{"rendered":"Infection protection and hygiene advice"},"content":{"rendered":"<p>The Federal Ministry of Labour and Social Affairs (BMAS) has defined the SARS-CoV-2 occupational health and safety standard to enable the economy to restart in times of the coronavirus pandemic. This describes technical, organisational and personal protective measures with the aim of breaking the chains of infection in the population, safeguarding the health of employees, restoring economic activity and at the same time creating a state of flat infection curves.<\/p>\n\n\n\n<p>We will work with you to develop company-specific solutions:<\/p>\n\n\n\n<ul class=\"wp-block-list\">\n<li>Risk assessment with regard to the risks associated with the coronavirus pandemic (incl. risk assessment of mental stress)<\/li>\n\n\n\n<li>Measures for particularly vulnerable people<\/li>\n\n\n\n<li>Advice on implementing the protective measures<\/li>\n\n\n\n<li>Creation of a hygiene plan<\/li>\n<\/ul>","protected":false},"excerpt":{"rendered":"<p>The Federal Ministry of Labour and Social Affairs (BMAS) has defined the SARS-CoV-2 occupational health and safety standard to enable the economy to restart in times of the coronavirus pandemic. This describes technical, organisational and personal protective measures with the aim of interrupting the chains of infection in the population, safeguarding the health of employees, restoring economic activity and at the same time creating a state of flat [...]<\/p>","protected":false},"author":1,"featured_media":0,"parent":21994,"menu_order":0,"comment_status":"closed","ping_status":"closed","template":"","meta":{"inline_featured_image":false,"footnotes":""},"class_list":["post-21997","page","type-page","status-publish","hentry"],"yoast_head":"<!-- This site is optimized with the Yoast SEO plugin v25.3 - https:\/\/yoast.com\/wordpress\/plugins\/seo\/ -->\n<title>Infektionsschutz- und Hygiene-Beratung - HEALTH &amp; SAFETY EXPERTS<\/title>\n<meta name=\"robots\" content=\"index, follow, max-snippet:-1, max-image-preview:large, max-video-preview:-1\" \/>\n<link rel=\"canonical\" href=\"https:\/\/hs-experts.com\/en\/arbeitssicherheit\/infektionsschutz-und-hygiene-beratung\/\" \/>\n<meta property=\"og:locale\" content=\"en_GB\" \/>\n<meta property=\"og:type\" content=\"article\" \/>\n<meta property=\"og:title\" content=\"Infektionsschutz- und Hygiene-Beratung - HEALTH &amp; SAFETY EXPERTS\" \/>\n<meta property=\"og:description\" content=\"Um in Zeiten der Corona-Pandemie ein erneutes Hochfahren der Wirtschaft zu erm\u00f6glichen, hat das Bundesministerium f\u00fcr Arbeit und Soziales (BMAS) den SARS-CoV-2-Arbeitsschutzstandard definiert. Dieser beschreibt technische, organisatorische und personenbezogene Schutzma\u00dfnahmen mit dem Ziel, die Infektionsketten in der Bev\u00f6lkerung zu unterbrechen, die Gesundheit von Besch\u00e4ftigten zu sichern, die wirtschaftliche Aktivit\u00e4t wiederherzustellen und zugleich einen Zustand flacher [&hellip;]\" \/>\n<meta property=\"og:url\" content=\"https:\/\/hs-experts.com\/en\/arbeitssicherheit\/infektionsschutz-und-hygiene-beratung\/\" \/>\n<meta property=\"og:site_name\" content=\"HEALTH &amp; SAFETY EXPERTS\" \/>\n<meta name=\"twitter:card\" content=\"summary_large_image\" \/>\n<meta name=\"twitter:label1\" content=\"Estimated reading time\" \/>\n\t<meta name=\"twitter:data1\" content=\"1 minute\" \/>\n<script type=\"application\/ld+json\" class=\"yoast-schema-graph\">{\"@context\":\"https:\/\/schema.org\",\"@graph\":[{\"@type\":\"WebPage\",\"@id\":\"https:\/\/hs-experts.com\/arbeitssicherheit\/infektionsschutz-und-hygiene-beratung\/\",\"url\":\"https:\/\/hs-experts.com\/arbeitssicherheit\/infektionsschutz-und-hygiene-beratung\/\",\"name\":\"Infektionsschutz- und Hygiene-Beratung - HEALTH &amp; SAFETY EXPERTS\",\"isPartOf\":{\"@id\":\"https:\/\/hs-experts.com\/#website\"},\"datePublished\":\"2023-11-01T08:52:09+00:00\",\"breadcrumb\":{\"@id\":\"https:\/\/hs-experts.com\/arbeitssicherheit\/infektionsschutz-und-hygiene-beratung\/#breadcrumb\"},\"inLanguage\":\"en-GB\",\"potentialAction\":[{\"@type\":\"ReadAction\",\"target\":[\"https:\/\/hs-experts.com\/arbeitssicherheit\/infektionsschutz-und-hygiene-beratung\/\"]}]},{\"@type\":\"BreadcrumbList\",\"@id\":\"https:\/\/hs-experts.com\/arbeitssicherheit\/infektionsschutz-und-hygiene-beratung\/#breadcrumb\",\"itemListElement\":[{\"@type\":\"ListItem\",\"position\":1,\"name\":\"Home\",\"item\":\"https:\/\/hs-experts.com\/\"},{\"@type\":\"ListItem\",\"position\":2,\"name\":\"Arbeitssicherheit\",\"item\":\"https:\/\/hs-experts.com\/arbeitssicherheit\/\"},{\"@type\":\"ListItem\",\"position\":3,\"name\":\"Infektionsschutz- und Hygiene-Beratung\"}]},{\"@type\":\"WebSite\",\"@id\":\"https:\/\/hs-experts.com\/#website\",\"url\":\"https:\/\/hs-experts.com\/\",\"name\":\"HEALTH &amp; SAFETY EXPERTS\",\"description\":\"\",\"potentialAction\":[{\"@type\":\"SearchAction\",\"target\":{\"@type\":\"EntryPoint\",\"urlTemplate\":\"https:\/\/hs-experts.com\/?s={search_term_string}\"},\"query-input\":{\"@type\":\"PropertyValueSpecification\",\"valueRequired\":true,\"valueName\":\"search_term_string\"}}],\"inLanguage\":\"en-GB\"}]}<\/script>\n<!-- \/ Yoast SEO plugin. -->","yoast_head_json":{"title":"Infektionsschutz- und Hygiene-Beratung - HEALTH &amp; SAFETY EXPERTS","robots":{"index":"index","follow":"follow","max-snippet":"max-snippet:-1","max-image-preview":"max-image-preview:large","max-video-preview":"max-video-preview:-1"},"canonical":"https:\/\/hs-experts.com\/en\/arbeitssicherheit\/infektionsschutz-und-hygiene-beratung\/","og_locale":"en_GB","og_type":"article","og_title":"Infektionsschutz- und Hygiene-Beratung - HEALTH &amp; SAFETY EXPERTS","og_description":"Um in Zeiten der Corona-Pandemie ein erneutes Hochfahren der Wirtschaft zu erm\u00f6glichen, hat das Bundesministerium f\u00fcr Arbeit und Soziales (BMAS) den SARS-CoV-2-Arbeitsschutzstandard definiert. Dieser beschreibt technische, organisatorische und personenbezogene Schutzma\u00dfnahmen mit dem Ziel, die Infektionsketten in der Bev\u00f6lkerung zu unterbrechen, die Gesundheit von Besch\u00e4ftigten zu sichern, die wirtschaftliche Aktivit\u00e4t wiederherzustellen und zugleich einen Zustand flacher [&hellip;]","og_url":"https:\/\/hs-experts.com\/en\/arbeitssicherheit\/infektionsschutz-und-hygiene-beratung\/","og_site_name":"HEALTH &amp; SAFETY EXPERTS","twitter_card":"summary_large_image","twitter_misc":{"Estimated reading time":"1 minute"},"schema":{"@context":"https:\/\/schema.org","@graph":[{"@type":"WebPage","@id":"https:\/\/hs-experts.com\/arbeitssicherheit\/infektionsschutz-und-hygiene-beratung\/","url":"https:\/\/hs-experts.com\/arbeitssicherheit\/infektionsschutz-und-hygiene-beratung\/","name":"Infektionsschutz- und Hygiene-Beratung - HEALTH &amp; SAFETY EXPERTS","isPartOf":{"@id":"https:\/\/hs-experts.com\/#website"},"datePublished":"2023-11-01T08:52:09+00:00","breadcrumb":{"@id":"https:\/\/hs-experts.com\/arbeitssicherheit\/infektionsschutz-und-hygiene-beratung\/#breadcrumb"},"inLanguage":"en-GB","potentialAction":[{"@type":"ReadAction","target":["https:\/\/hs-experts.com\/arbeitssicherheit\/infektionsschutz-und-hygiene-beratung\/"]}]},{"@type":"BreadcrumbList","@id":"https:\/\/hs-experts.com\/arbeitssicherheit\/infektionsschutz-und-hygiene-beratung\/#breadcrumb","itemListElement":[{"@type":"ListItem","position":1,"name":"Home","item":"https:\/\/hs-experts.com\/"},{"@type":"ListItem","position":2,"name":"Arbeitssicherheit","item":"https:\/\/hs-experts.com\/arbeitssicherheit\/"},{"@type":"ListItem","position":3,"name":"Infektionsschutz- und Hygiene-Beratung"}]},{"@type":"WebSite","@id":"https:\/\/hs-experts.com\/#website","url":"https:\/\/hs-experts.com\/","name":"HEALTH &amp; SAFETY EXPERTS","description":"","potentialAction":[{"@type":"SearchAction","target":{"@type":"EntryPoint","urlTemplate":"https:\/\/hs-experts.com\/?s={search_term_string}"},"query-input":{"@type":"PropertyValueSpecification","valueRequired":true,"valueName":"search_term_string"}}],"inLanguage":"en-GB"}]}},"_hostinger_reach_plugin_has_subscription_block":false,"_hostinger_reach_plugin_is_elementor":false,"_links":{"self":[{"href":"https:\/\/hs-experts.com\/en\/wp-json\/wp\/v2\/pages\/21997","targetHints":{"allow":["GET"]}}],"collection":[{"href":"https:\/\/hs-experts.com\/en\/wp-json\/wp\/v2\/pages"}],"about":[{"href":"https:\/\/hs-experts.com\/en\/wp-json\/wp\/v2\/types\/page"}],"author":[{"embeddable":true,"href":"https:\/\/hs-experts.com\/en\/wp-json\/wp\/v2\/users\/1"}],"replies":[{"embeddable":true,"href":"https:\/\/hs-experts.com\/en\/wp-json\/wp\/v2\/comments?post=21997"}],"version-history":[{"count":1,"href":"https:\/\/hs-experts.com\/en\/wp-json\/wp\/v2\/pages\/21997\/revisions"}],"predecessor-version":[{"id":21998,"href":"https:\/\/hs-experts.com\/en\/wp-json\/wp\/v2\/pages\/21997\/revisions\/21998"}],"up":[{"embeddable":true,"href":"https:\/\/hs-experts.com\/en\/wp-json\/wp\/v2\/pages\/21994"}],"wp:attachment":[{"href":"https:\/\/hs-experts.com\/en\/wp-json\/wp\/v2\/media?parent=21997"}],"curies":[{"name":"wp","href":"https:\/\/api.w.org\/{rel}","templated":true}]}}