{"id":21999,"date":"2023-11-01T08:53:12","date_gmt":"2023-11-01T08:53:12","guid":{"rendered":"https:\/\/hs-experts.com\/?page_id=21999"},"modified":"2023-11-01T08:53:12","modified_gmt":"2023-11-01T08:53:12","slug":"sicherheitstechnische-betreuung-gemas-dguv-v2","status":"publish","type":"page","link":"https:\/\/hs-experts.com\/en\/arbeitssicherheit\/sicherheitstechnische-betreuung-gemas-dguv-v2\/","title":{"rendered":"Safety-related support in accordance with DGUV V2"},"content":{"rendered":"<p>All companies with employees must appoint a specialist for occupational safety (SIFA) and a company doctor (BA). The legal basis for this is the Occupational Safety Act (ASiG). The employers' liability insurance associations and accident insurance funds have specified this in the DGUV Regulation 2. This specifies the type of safety-related support and also the basis for calculating the deployment time of the occupational safety specialist.<\/p>\n<p>Our occupational safety specialists provide your company with comprehensive advice and support in accordance with the German Occupational Safety Act (ASiG) and the regulations of the German Social Accident Insurance (DGUV Regulation 2).<\/p>\n<p>We offer practical solutions and extensive support through modern support models that are customised to your company and your needs. We work with you to develop company-specific solutions and document them in accordance with the regulations of the employers' liability insurance association and statutory provisions (ArbSchG).<\/p>\n<ul>\n<li aria-level=\"2\">Basic and company-specific support<\/li>\n<li aria-level=\"2\">Event-related support<\/li>\n<li aria-level=\"2\">Position of an occupational safety specialist \/ safety engineer<\/li>\n<li aria-level=\"2\">Company medical and safety-related support in accordance with ASIG\/DGUV V2<\/li>\n<\/ul>","protected":false},"excerpt":{"rendered":"<p>All companies with employees must appoint a specialist for occupational safety (SIFA) and a company doctor (BA). The legal basis for this is the Occupational Safety Act (ASiG). The employers' liability insurance associations and accident insurance funds have specified this in the DGUV Regulation 2. This specifies the type of safety-related supervision and also the basis for calculating the deployment time of the [...]<\/p>","protected":false},"author":1,"featured_media":0,"parent":21994,"menu_order":0,"comment_status":"closed","ping_status":"closed","template":"","meta":{"inline_featured_image":false,"footnotes":""},"class_list":["post-21999","page","type-page","status-publish","hentry"],"yoast_head":"<!-- This site is optimized with the Yoast SEO plugin v25.3 - https:\/\/yoast.com\/wordpress\/plugins\/seo\/ -->\n<title>Sicherheitstechnische Betreuung gem\u00e4\u00df DGUV V2 - HEALTH &amp; SAFETY EXPERTS<\/title>\n<meta name=\"robots\" content=\"index, follow, max-snippet:-1, max-image-preview:large, max-video-preview:-1\" \/>\n<link rel=\"canonical\" href=\"https:\/\/hs-experts.com\/en\/arbeitssicherheit\/sicherheitstechnische-betreuung-gemas-dguv-v2\/\" \/>\n<meta property=\"og:locale\" content=\"en_GB\" \/>\n<meta property=\"og:type\" content=\"article\" \/>\n<meta property=\"og:title\" content=\"Sicherheitstechnische Betreuung gem\u00e4\u00df DGUV V2 - HEALTH &amp; SAFETY EXPERTS\" \/>\n<meta property=\"og:description\" content=\"Alle Betriebe, die Mitarbeiter besch\u00e4ftigten, m\u00fcssen eine Fachkraft f\u00fcr Arbeitssicherheit(SIFA) und einen Betriebsarzt (BA) bestellen. Die gesetzliche Grundlage hierf\u00fcr ist das Arbeitssicherheitsgesetz (ASiG). Die Berufsgenossenschaften und Unfallkassen haben dies jeweils in der Berufsgenossenschaftlichen Vorschrift DGUV Vorschrift 2 konkretisiert. Aus dieser ergibt sich die Art der sicherheitstechnischen Betreuung und auch die Berechnungsgrundlage f\u00fcr die Einsatzzeit der [&hellip;]\" \/>\n<meta property=\"og:url\" content=\"https:\/\/hs-experts.com\/en\/arbeitssicherheit\/sicherheitstechnische-betreuung-gemas-dguv-v2\/\" \/>\n<meta property=\"og:site_name\" content=\"HEALTH &amp; SAFETY EXPERTS\" \/>\n<meta name=\"twitter:card\" content=\"summary_large_image\" \/>\n<meta name=\"twitter:label1\" content=\"Estimated reading time\" \/>\n\t<meta name=\"twitter:data1\" content=\"1 minute\" \/>\n<script type=\"application\/ld+json\" class=\"yoast-schema-graph\">{\"@context\":\"https:\/\/schema.org\",\"@graph\":[{\"@type\":\"WebPage\",\"@id\":\"https:\/\/hs-experts.com\/arbeitssicherheit\/sicherheitstechnische-betreuung-gemas-dguv-v2\/\",\"url\":\"https:\/\/hs-experts.com\/arbeitssicherheit\/sicherheitstechnische-betreuung-gemas-dguv-v2\/\",\"name\":\"Sicherheitstechnische Betreuung gem\u00e4\u00df DGUV V2 - HEALTH &amp; SAFETY EXPERTS\",\"isPartOf\":{\"@id\":\"https:\/\/hs-experts.com\/#website\"},\"datePublished\":\"2023-11-01T08:53:12+00:00\",\"breadcrumb\":{\"@id\":\"https:\/\/hs-experts.com\/arbeitssicherheit\/sicherheitstechnische-betreuung-gemas-dguv-v2\/#breadcrumb\"},\"inLanguage\":\"en-GB\",\"potentialAction\":[{\"@type\":\"ReadAction\",\"target\":[\"https:\/\/hs-experts.com\/arbeitssicherheit\/sicherheitstechnische-betreuung-gemas-dguv-v2\/\"]}]},{\"@type\":\"BreadcrumbList\",\"@id\":\"https:\/\/hs-experts.com\/arbeitssicherheit\/sicherheitstechnische-betreuung-gemas-dguv-v2\/#breadcrumb\",\"itemListElement\":[{\"@type\":\"ListItem\",\"position\":1,\"name\":\"Home\",\"item\":\"https:\/\/hs-experts.com\/\"},{\"@type\":\"ListItem\",\"position\":2,\"name\":\"Arbeitssicherheit\",\"item\":\"https:\/\/hs-experts.com\/arbeitssicherheit\/\"},{\"@type\":\"ListItem\",\"position\":3,\"name\":\"Sicherheitstechnische Betreuung gem\u00e4\u00df DGUV V2\"}]},{\"@type\":\"WebSite\",\"@id\":\"https:\/\/hs-experts.com\/#website\",\"url\":\"https:\/\/hs-experts.com\/\",\"name\":\"HEALTH &amp; SAFETY EXPERTS\",\"description\":\"\",\"potentialAction\":[{\"@type\":\"SearchAction\",\"target\":{\"@type\":\"EntryPoint\",\"urlTemplate\":\"https:\/\/hs-experts.com\/?s={search_term_string}\"},\"query-input\":{\"@type\":\"PropertyValueSpecification\",\"valueRequired\":true,\"valueName\":\"search_term_string\"}}],\"inLanguage\":\"en-GB\"}]}<\/script>\n<!-- \/ Yoast SEO plugin. -->","yoast_head_json":{"title":"Sicherheitstechnische Betreuung gem\u00e4\u00df DGUV V2 - HEALTH &amp; SAFETY EXPERTS","robots":{"index":"index","follow":"follow","max-snippet":"max-snippet:-1","max-image-preview":"max-image-preview:large","max-video-preview":"max-video-preview:-1"},"canonical":"https:\/\/hs-experts.com\/en\/arbeitssicherheit\/sicherheitstechnische-betreuung-gemas-dguv-v2\/","og_locale":"en_GB","og_type":"article","og_title":"Sicherheitstechnische Betreuung gem\u00e4\u00df DGUV V2 - HEALTH &amp; SAFETY EXPERTS","og_description":"Alle Betriebe, die Mitarbeiter besch\u00e4ftigten, m\u00fcssen eine Fachkraft f\u00fcr Arbeitssicherheit(SIFA) und einen Betriebsarzt (BA) bestellen. Die gesetzliche Grundlage hierf\u00fcr ist das Arbeitssicherheitsgesetz (ASiG). Die Berufsgenossenschaften und Unfallkassen haben dies jeweils in der Berufsgenossenschaftlichen Vorschrift DGUV Vorschrift 2 konkretisiert. Aus dieser ergibt sich die Art der sicherheitstechnischen Betreuung und auch die Berechnungsgrundlage f\u00fcr die Einsatzzeit der [&hellip;]","og_url":"https:\/\/hs-experts.com\/en\/arbeitssicherheit\/sicherheitstechnische-betreuung-gemas-dguv-v2\/","og_site_name":"HEALTH &amp; SAFETY EXPERTS","twitter_card":"summary_large_image","twitter_misc":{"Estimated reading time":"1 minute"},"schema":{"@context":"https:\/\/schema.org","@graph":[{"@type":"WebPage","@id":"https:\/\/hs-experts.com\/arbeitssicherheit\/sicherheitstechnische-betreuung-gemas-dguv-v2\/","url":"https:\/\/hs-experts.com\/arbeitssicherheit\/sicherheitstechnische-betreuung-gemas-dguv-v2\/","name":"Sicherheitstechnische Betreuung gem\u00e4\u00df DGUV V2 - HEALTH &amp; SAFETY EXPERTS","isPartOf":{"@id":"https:\/\/hs-experts.com\/#website"},"datePublished":"2023-11-01T08:53:12+00:00","breadcrumb":{"@id":"https:\/\/hs-experts.com\/arbeitssicherheit\/sicherheitstechnische-betreuung-gemas-dguv-v2\/#breadcrumb"},"inLanguage":"en-GB","potentialAction":[{"@type":"ReadAction","target":["https:\/\/hs-experts.com\/arbeitssicherheit\/sicherheitstechnische-betreuung-gemas-dguv-v2\/"]}]},{"@type":"BreadcrumbList","@id":"https:\/\/hs-experts.com\/arbeitssicherheit\/sicherheitstechnische-betreuung-gemas-dguv-v2\/#breadcrumb","itemListElement":[{"@type":"ListItem","position":1,"name":"Home","item":"https:\/\/hs-experts.com\/"},{"@type":"ListItem","position":2,"name":"Arbeitssicherheit","item":"https:\/\/hs-experts.com\/arbeitssicherheit\/"},{"@type":"ListItem","position":3,"name":"Sicherheitstechnische Betreuung gem\u00e4\u00df DGUV V2"}]},{"@type":"WebSite","@id":"https:\/\/hs-experts.com\/#website","url":"https:\/\/hs-experts.com\/","name":"HEALTH &amp; SAFETY EXPERTS","description":"","potentialAction":[{"@type":"SearchAction","target":{"@type":"EntryPoint","urlTemplate":"https:\/\/hs-experts.com\/?s={search_term_string}"},"query-input":{"@type":"PropertyValueSpecification","valueRequired":true,"valueName":"search_term_string"}}],"inLanguage":"en-GB"}]}},"_hostinger_reach_plugin_has_subscription_block":false,"_hostinger_reach_plugin_is_elementor":false,"_links":{"self":[{"href":"https:\/\/hs-experts.com\/en\/wp-json\/wp\/v2\/pages\/21999","targetHints":{"allow":["GET"]}}],"collection":[{"href":"https:\/\/hs-experts.com\/en\/wp-json\/wp\/v2\/pages"}],"about":[{"href":"https:\/\/hs-experts.com\/en\/wp-json\/wp\/v2\/types\/page"}],"author":[{"embeddable":true,"href":"https:\/\/hs-experts.com\/en\/wp-json\/wp\/v2\/users\/1"}],"replies":[{"embeddable":true,"href":"https:\/\/hs-experts.com\/en\/wp-json\/wp\/v2\/comments?post=21999"}],"version-history":[{"count":1,"href":"https:\/\/hs-experts.com\/en\/wp-json\/wp\/v2\/pages\/21999\/revisions"}],"predecessor-version":[{"id":22000,"href":"https:\/\/hs-experts.com\/en\/wp-json\/wp\/v2\/pages\/21999\/revisions\/22000"}],"up":[{"embeddable":true,"href":"https:\/\/hs-experts.com\/en\/wp-json\/wp\/v2\/pages\/21994"}],"wp:attachment":[{"href":"https:\/\/hs-experts.com\/en\/wp-json\/wp\/v2\/media?parent=21999"}],"curies":[{"name":"wp","href":"https:\/\/api.w.org\/{rel}","templated":true}]}}