{"id":22001,"date":"2023-11-01T08:53:35","date_gmt":"2023-11-01T08:53:35","guid":{"rendered":"https:\/\/hs-experts.com\/?page_id=22001"},"modified":"2024-01-23T09:16:50","modified_gmt":"2024-01-23T09:16:50","slug":"gefaehrdungsbeurteilung","status":"publish","type":"page","link":"https:\/\/hs-experts.com\/en\/arbeitssicherheit\/gefaehrdungsbeurteilung\/","title":{"rendered":"Risk assessments"},"content":{"rendered":"<div data-elementor-type=\"wp-page\" data-elementor-id=\"22001\" class=\"elementor elementor-22001\" data-elementor-post-type=\"page\">\n\t\t\t\t<div class=\"elementor-element elementor-element-2fe04cdb e-flex e-con-boxed e-con e-parent\" data-id=\"2fe04cdb\" data-element_type=\"container\">\n\t\t\t\t\t<div class=\"e-con-inner\">\n\t\t\t\t<div class=\"elementor-element elementor-element-34dbe281 elementor-widget elementor-widget-text-editor\" data-id=\"34dbe281\" data-element_type=\"widget\" data-widget_type=\"text-editor.default\">\n\t\t\t\t<div class=\"elementor-widget-container\">\n\t\t\t\t\t\t\t\t\t<p>The Occupational Health and Safety Act (ArbSchG) obliges employers to systematically analyse hazards at all workplaces and to take appropriate measures to ensure occupational safety. Our risk assessment is carried out in three phases: Preparation, assessment and review. We identify sources of danger and define protective measures with you.<\/p><ul><li aria-level=\"2\">Occupational Health and Safety Act (ArbSchG)<\/li><li aria-level=\"2\">Workplace Ordinance (ArbSt\u00e4ttV)<\/li><li aria-level=\"2\">Ordinance on Industrial Safety and Health (BetrSichV)<\/li><li aria-level=\"2\">Hazardous Substances Ordinance (GefStoffV) \/ REACH<\/li><li aria-level=\"2\">Determination and assessment of mental stress<\/li><li aria-level=\"2\">Maternity protection<\/li><li aria-level=\"2\">Further assessments are available on request<\/li><\/ul>\t\t\t\t\t\t\t\t<\/div>\n\t\t\t\t<\/div>\n\t\t\t\t\t<\/div>\n\t\t\t\t<\/div>\n\t\t\t\t<\/div>","protected":false},"excerpt":{"rendered":"<p>The Occupational Health and Safety Act (ArbSchG) obliges employers to systematically analyse hazards at all workplaces and to take appropriate measures to ensure occupational safety. Our risk assessment is carried out in three phases: Preparation, assessment and review. We identify sources of danger and define protective measures with you. Occupational Health and Safety Act (ArbSchG) Workplace Ordinance (ArbSt\u00e4ttV) Industrial Safety Ordinance (BetrSichV) Hazardous Substances Ordinance (GefStoffV) \/ REACH Identification and assessment of mental stress [...]<\/p>","protected":false},"author":1,"featured_media":0,"parent":21994,"menu_order":0,"comment_status":"closed","ping_status":"closed","template":"","meta":{"inline_featured_image":false,"footnotes":""},"class_list":["post-22001","page","type-page","status-publish","hentry"],"yoast_head":"<!-- This site is optimized with the Yoast SEO plugin v25.3 - https:\/\/yoast.com\/wordpress\/plugins\/seo\/ -->\n<title>Gef\u00e4hrdungsbeurteilung Risk Assessment-Health&amp;Safety Experts<\/title>\n<meta name=\"description\" content=\"Gef\u00e4hrdungsbeurteilungen sind ma\u00dfgeblich im Arbeitsschutz. Anhand der Gef\u00e4hrdungsburteilung werden Ma\u00dfnahmen f\u00fcrs Unternehmen definiert.\" \/>\n<meta name=\"robots\" content=\"index, follow, max-snippet:-1, max-image-preview:large, max-video-preview:-1\" \/>\n<link rel=\"canonical\" href=\"https:\/\/hs-experts.com\/en\/arbeitssicherheit\/gefaehrdungsbeurteilung\/\" \/>\n<meta property=\"og:locale\" content=\"en_GB\" \/>\n<meta property=\"og:type\" content=\"article\" \/>\n<meta property=\"og:title\" content=\"Gef\u00e4hrdungsbeurteilung Risk Assessment-Health&amp;Safety Experts\" \/>\n<meta property=\"og:description\" content=\"Gef\u00e4hrdungsbeurteilungen sind ma\u00dfgeblich im Arbeitsschutz. Anhand der Gef\u00e4hrdungsburteilung werden Ma\u00dfnahmen f\u00fcrs Unternehmen definiert.\" \/>\n<meta property=\"og:url\" content=\"https:\/\/hs-experts.com\/en\/arbeitssicherheit\/gefaehrdungsbeurteilung\/\" \/>\n<meta property=\"og:site_name\" content=\"HEALTH &amp; SAFETY EXPERTS\" \/>\n<meta property=\"article:modified_time\" content=\"2024-01-23T09:16:50+00:00\" \/>\n<meta name=\"twitter:card\" content=\"summary_large_image\" \/>\n<meta name=\"twitter:label1\" content=\"Estimated reading time\" \/>\n\t<meta name=\"twitter:data1\" content=\"1 minute\" \/>\n<script type=\"application\/ld+json\" class=\"yoast-schema-graph\">{\"@context\":\"https:\/\/schema.org\",\"@graph\":[{\"@type\":\"WebPage\",\"@id\":\"https:\/\/hs-experts.com\/en\/arbeitssicherheit\/gefaehrdungsbeurteilung\/\",\"url\":\"https:\/\/hs-experts.com\/en\/arbeitssicherheit\/gefaehrdungsbeurteilung\/\",\"name\":\"Gef\u00e4hrdungsbeurteilung Risk Assessment-Health&Safety Experts\",\"isPartOf\":{\"@id\":\"https:\/\/hs-experts.com\/#website\"},\"datePublished\":\"2023-11-01T08:53:35+00:00\",\"dateModified\":\"2024-01-23T09:16:50+00:00\",\"description\":\"Gef\u00e4hrdungsbeurteilungen sind ma\u00dfgeblich im Arbeitsschutz. Anhand der Gef\u00e4hrdungsburteilung werden Ma\u00dfnahmen f\u00fcrs Unternehmen definiert.\",\"breadcrumb\":{\"@id\":\"https:\/\/hs-experts.com\/en\/arbeitssicherheit\/gefaehrdungsbeurteilung\/#breadcrumb\"},\"inLanguage\":\"en-GB\",\"potentialAction\":[{\"@type\":\"ReadAction\",\"target\":[\"https:\/\/hs-experts.com\/en\/arbeitssicherheit\/gefaehrdungsbeurteilung\/\"]}]},{\"@type\":\"BreadcrumbList\",\"@id\":\"https:\/\/hs-experts.com\/en\/arbeitssicherheit\/gefaehrdungsbeurteilung\/#breadcrumb\",\"itemListElement\":[{\"@type\":\"ListItem\",\"position\":1,\"name\":\"Home\",\"item\":\"https:\/\/hs-experts.com\/\"},{\"@type\":\"ListItem\",\"position\":2,\"name\":\"Arbeitssicherheit\",\"item\":\"https:\/\/hs-experts.com\/arbeitssicherheit\/\"},{\"@type\":\"ListItem\",\"position\":3,\"name\":\"Gef\u00e4hrdungsbeurteilungen\"}]},{\"@type\":\"WebSite\",\"@id\":\"https:\/\/hs-experts.com\/#website\",\"url\":\"https:\/\/hs-experts.com\/\",\"name\":\"HEALTH &amp; SAFETY EXPERTS\",\"description\":\"\",\"potentialAction\":[{\"@type\":\"SearchAction\",\"target\":{\"@type\":\"EntryPoint\",\"urlTemplate\":\"https:\/\/hs-experts.com\/?s={search_term_string}\"},\"query-input\":{\"@type\":\"PropertyValueSpecification\",\"valueRequired\":true,\"valueName\":\"search_term_string\"}}],\"inLanguage\":\"en-GB\"}]}<\/script>\n<!-- \/ Yoast SEO plugin. -->","yoast_head_json":{"title":"Gef\u00e4hrdungsbeurteilung Risk Assessment-Health&Safety Experts","description":"Gef\u00e4hrdungsbeurteilungen sind ma\u00dfgeblich im Arbeitsschutz. Anhand der Gef\u00e4hrdungsburteilung werden Ma\u00dfnahmen f\u00fcrs Unternehmen definiert.","robots":{"index":"index","follow":"follow","max-snippet":"max-snippet:-1","max-image-preview":"max-image-preview:large","max-video-preview":"max-video-preview:-1"},"canonical":"https:\/\/hs-experts.com\/en\/arbeitssicherheit\/gefaehrdungsbeurteilung\/","og_locale":"en_GB","og_type":"article","og_title":"Gef\u00e4hrdungsbeurteilung Risk Assessment-Health&Safety Experts","og_description":"Gef\u00e4hrdungsbeurteilungen sind ma\u00dfgeblich im Arbeitsschutz. Anhand der Gef\u00e4hrdungsburteilung werden Ma\u00dfnahmen f\u00fcrs Unternehmen definiert.","og_url":"https:\/\/hs-experts.com\/en\/arbeitssicherheit\/gefaehrdungsbeurteilung\/","og_site_name":"HEALTH &amp; SAFETY EXPERTS","article_modified_time":"2024-01-23T09:16:50+00:00","twitter_card":"summary_large_image","twitter_misc":{"Estimated reading time":"1 minute"},"schema":{"@context":"https:\/\/schema.org","@graph":[{"@type":"WebPage","@id":"https:\/\/hs-experts.com\/en\/arbeitssicherheit\/gefaehrdungsbeurteilung\/","url":"https:\/\/hs-experts.com\/en\/arbeitssicherheit\/gefaehrdungsbeurteilung\/","name":"Gef\u00e4hrdungsbeurteilung Risk Assessment-Health&Safety Experts","isPartOf":{"@id":"https:\/\/hs-experts.com\/#website"},"datePublished":"2023-11-01T08:53:35+00:00","dateModified":"2024-01-23T09:16:50+00:00","description":"Gef\u00e4hrdungsbeurteilungen sind ma\u00dfgeblich im Arbeitsschutz. Anhand der Gef\u00e4hrdungsburteilung werden Ma\u00dfnahmen f\u00fcrs Unternehmen definiert.","breadcrumb":{"@id":"https:\/\/hs-experts.com\/en\/arbeitssicherheit\/gefaehrdungsbeurteilung\/#breadcrumb"},"inLanguage":"en-GB","potentialAction":[{"@type":"ReadAction","target":["https:\/\/hs-experts.com\/en\/arbeitssicherheit\/gefaehrdungsbeurteilung\/"]}]},{"@type":"BreadcrumbList","@id":"https:\/\/hs-experts.com\/en\/arbeitssicherheit\/gefaehrdungsbeurteilung\/#breadcrumb","itemListElement":[{"@type":"ListItem","position":1,"name":"Home","item":"https:\/\/hs-experts.com\/"},{"@type":"ListItem","position":2,"name":"Arbeitssicherheit","item":"https:\/\/hs-experts.com\/arbeitssicherheit\/"},{"@type":"ListItem","position":3,"name":"Gef\u00e4hrdungsbeurteilungen"}]},{"@type":"WebSite","@id":"https:\/\/hs-experts.com\/#website","url":"https:\/\/hs-experts.com\/","name":"HEALTH &amp; SAFETY EXPERTS","description":"","potentialAction":[{"@type":"SearchAction","target":{"@type":"EntryPoint","urlTemplate":"https:\/\/hs-experts.com\/?s={search_term_string}"},"query-input":{"@type":"PropertyValueSpecification","valueRequired":true,"valueName":"search_term_string"}}],"inLanguage":"en-GB"}]}},"_links":{"self":[{"href":"https:\/\/hs-experts.com\/en\/wp-json\/wp\/v2\/pages\/22001","targetHints":{"allow":["GET"]}}],"collection":[{"href":"https:\/\/hs-experts.com\/en\/wp-json\/wp\/v2\/pages"}],"about":[{"href":"https:\/\/hs-experts.com\/en\/wp-json\/wp\/v2\/types\/page"}],"author":[{"embeddable":true,"href":"https:\/\/hs-experts.com\/en\/wp-json\/wp\/v2\/users\/1"}],"replies":[{"embeddable":true,"href":"https:\/\/hs-experts.com\/en\/wp-json\/wp\/v2\/comments?post=22001"}],"version-history":[{"count":5,"href":"https:\/\/hs-experts.com\/en\/wp-json\/wp\/v2\/pages\/22001\/revisions"}],"predecessor-version":[{"id":24077,"href":"https:\/\/hs-experts.com\/en\/wp-json\/wp\/v2\/pages\/22001\/revisions\/24077"}],"up":[{"embeddable":true,"href":"https:\/\/hs-experts.com\/en\/wp-json\/wp\/v2\/pages\/21994"}],"wp:attachment":[{"href":"https:\/\/hs-experts.com\/en\/wp-json\/wp\/v2\/media?parent=22001"}],"curies":[{"name":"wp","href":"https:\/\/api.w.org\/{rel}","templated":true}]}}