{"id":22003,"date":"2023-11-01T08:53:56","date_gmt":"2023-11-01T08:53:56","guid":{"rendered":"https:\/\/hs-experts.com\/?page_id=22003"},"modified":"2024-01-22T11:59:15","modified_gmt":"2024-01-22T11:59:15","slug":"betriebsanweisungen","status":"publish","type":"page","link":"https:\/\/hs-experts.com\/en\/arbeitssicherheit\/betriebsanweisungen\/","title":{"rendered":"Operating instructions"},"content":{"rendered":"<div data-elementor-type=\"wp-page\" data-elementor-id=\"22003\" class=\"elementor elementor-22003\" data-elementor-post-type=\"page\">\n\t\t\t\t<div class=\"elementor-element elementor-element-17aab57 e-flex e-con-boxed e-con e-parent\" data-id=\"17aab57\" data-element_type=\"container\">\n\t\t\t\t\t<div class=\"e-con-inner\">\n\t\t\t\t<div class=\"elementor-element elementor-element-60d0ea5d elementor-widget elementor-widget-text-editor\" data-id=\"60d0ea5d\" data-element_type=\"widget\" data-widget_type=\"text-editor.default\">\n\t\t\t\t<div class=\"elementor-widget-container\">\n\t\t\t\t\t\t\t\t\t<p>\u00a0<\/p><p>In order to minimise hazards in the workplace, it is essential to promote the safe behaviour of employees. This includes organisational measures, the provision of personal protective equipment as well as training and information for employees. Operating instructions play a central role here.<\/p><p>The creation of operating instructions requires not only knowledge of the work processes, but also information on the materials, devices, machines and personal protective equipment used.<\/p><p>The employer is obliged to systematically check all workplaces and activities in his company for possible hazards to employees and to derive suitable protective measures (see Section 5 <a href=\"https:\/\/www.gesetze-im-internet.de\/arbschg\/ArbSchG.pdf\">ArbSchG<\/a>\u00a7 3 BetrSichV). The results must be documented (Section 6 (1) ArbSchG).<\/p><p>The following <a href=\"https:\/\/hs-experts.com\/en\/arbeitssicherheit\/\">Services<\/a> are useful as standard:<\/p><ul><li aria-level=\"2\">Determination of the necessary requirements for operating instructions (hazardous substances, machines, PPE, etc.) in your company<\/li><li aria-level=\"2\">Preparation of operating instructions for plant and machinery in accordance with the German Ordinance on Industrial Safety and Health (BetrSichV)<\/li><li aria-level=\"2\">Preparation of operating instructions for hazardous substances<\/li><li aria-level=\"2\">Preparation of operating instructions for hazardous and biological substances<\/li><\/ul>\t\t\t\t\t\t\t\t<\/div>\n\t\t\t\t<\/div>\n\t\t\t\t\t<\/div>\n\t\t\t\t<\/div>\n\t\t\t\t<\/div>","protected":false},"excerpt":{"rendered":"<p>\u00a0 In order to minimise hazards in the workplace, it is essential to promote the safe behaviour of employees. This includes organisational measures, the provision of personal protective equipment as well as training and information for employees. Operating instructions play a central role here. The creation of operating instructions requires not only knowledge of the work processes, but also information on the materials, equipment, [...]<\/p>","protected":false},"author":1,"featured_media":0,"parent":21994,"menu_order":0,"comment_status":"closed","ping_status":"closed","template":"","meta":{"inline_featured_image":false,"footnotes":""},"class_list":["post-22003","page","type-page","status-publish","hentry"],"yoast_head":"<!-- This site is optimized with the Yoast SEO plugin v25.3 - https:\/\/yoast.com\/wordpress\/plugins\/seo\/ -->\n<title>Betriebsanweisungen Betriebsanweisung -Health&amp;Safety Experts<\/title>\n<meta name=\"description\" content=\"Betriebsanweisungen zur F\u00f6rderung sicheren Arbeitsverhaltens, bieten entsprechend ihrem Arbeitsbereich Informationen f\u00fcr Besch\u00e4ftigte.\" \/>\n<meta name=\"robots\" content=\"index, follow, max-snippet:-1, max-image-preview:large, max-video-preview:-1\" \/>\n<link rel=\"canonical\" href=\"https:\/\/www.hs-experts.com\/en\/arbeitssicherheit\/betriebsanweisungen\/\" \/>\n<meta property=\"og:locale\" content=\"en_GB\" \/>\n<meta property=\"og:type\" content=\"article\" \/>\n<meta property=\"og:title\" content=\"Betriebsanweisungen Betriebsanweisung -Health&amp;Safety Experts\" \/>\n<meta property=\"og:description\" content=\"Betriebsanweisungen zur F\u00f6rderung sicheren Arbeitsverhaltens, bieten entsprechend ihrem Arbeitsbereich Informationen f\u00fcr Besch\u00e4ftigte.\" \/>\n<meta property=\"og:url\" content=\"https:\/\/www.hs-experts.com\/en\/arbeitssicherheit\/betriebsanweisungen\/\" \/>\n<meta property=\"og:site_name\" content=\"HEALTH &amp; SAFETY EXPERTS\" \/>\n<meta property=\"article:modified_time\" content=\"2024-01-22T11:59:15+00:00\" \/>\n<meta name=\"twitter:card\" content=\"summary_large_image\" \/>\n<meta name=\"twitter:label1\" content=\"Estimated reading time\" \/>\n\t<meta name=\"twitter:data1\" content=\"1 minute\" \/>\n<script type=\"application\/ld+json\" class=\"yoast-schema-graph\">{\"@context\":\"https:\/\/schema.org\",\"@graph\":[{\"@type\":\"WebPage\",\"@id\":\"https:\/\/www.hs-experts.com\/en\/arbeitssicherheit\/betriebsanweisungen\/\",\"url\":\"https:\/\/www.hs-experts.com\/en\/arbeitssicherheit\/betriebsanweisungen\/\",\"name\":\"Betriebsanweisungen Betriebsanweisung -Health&Safety Experts\",\"isPartOf\":{\"@id\":\"https:\/\/hs-experts.com\/#website\"},\"datePublished\":\"2023-11-01T08:53:56+00:00\",\"dateModified\":\"2024-01-22T11:59:15+00:00\",\"description\":\"Betriebsanweisungen zur F\u00f6rderung sicheren Arbeitsverhaltens, bieten entsprechend ihrem Arbeitsbereich Informationen f\u00fcr Besch\u00e4ftigte.\",\"breadcrumb\":{\"@id\":\"https:\/\/www.hs-experts.com\/en\/arbeitssicherheit\/betriebsanweisungen\/#breadcrumb\"},\"inLanguage\":\"en-GB\",\"potentialAction\":[{\"@type\":\"ReadAction\",\"target\":[\"https:\/\/www.hs-experts.com\/en\/arbeitssicherheit\/betriebsanweisungen\/\"]}]},{\"@type\":\"BreadcrumbList\",\"@id\":\"https:\/\/www.hs-experts.com\/en\/arbeitssicherheit\/betriebsanweisungen\/#breadcrumb\",\"itemListElement\":[{\"@type\":\"ListItem\",\"position\":1,\"name\":\"Home\",\"item\":\"https:\/\/hs-experts.com\/\"},{\"@type\":\"ListItem\",\"position\":2,\"name\":\"Arbeitssicherheit\",\"item\":\"https:\/\/hs-experts.com\/arbeitssicherheit\/\"},{\"@type\":\"ListItem\",\"position\":3,\"name\":\"Betriebsanweisungen\"}]},{\"@type\":\"WebSite\",\"@id\":\"https:\/\/hs-experts.com\/#website\",\"url\":\"https:\/\/hs-experts.com\/\",\"name\":\"HEALTH &amp; SAFETY EXPERTS\",\"description\":\"\",\"potentialAction\":[{\"@type\":\"SearchAction\",\"target\":{\"@type\":\"EntryPoint\",\"urlTemplate\":\"https:\/\/hs-experts.com\/?s={search_term_string}\"},\"query-input\":{\"@type\":\"PropertyValueSpecification\",\"valueRequired\":true,\"valueName\":\"search_term_string\"}}],\"inLanguage\":\"en-GB\"}]}<\/script>\n<!-- \/ Yoast SEO plugin. -->","yoast_head_json":{"title":"Betriebsanweisungen Betriebsanweisung -Health&Safety Experts","description":"Betriebsanweisungen zur F\u00f6rderung sicheren Arbeitsverhaltens, bieten entsprechend ihrem Arbeitsbereich Informationen f\u00fcr Besch\u00e4ftigte.","robots":{"index":"index","follow":"follow","max-snippet":"max-snippet:-1","max-image-preview":"max-image-preview:large","max-video-preview":"max-video-preview:-1"},"canonical":"https:\/\/www.hs-experts.com\/en\/arbeitssicherheit\/betriebsanweisungen\/","og_locale":"en_GB","og_type":"article","og_title":"Betriebsanweisungen Betriebsanweisung -Health&Safety Experts","og_description":"Betriebsanweisungen zur F\u00f6rderung sicheren Arbeitsverhaltens, bieten entsprechend ihrem Arbeitsbereich Informationen f\u00fcr Besch\u00e4ftigte.","og_url":"https:\/\/www.hs-experts.com\/en\/arbeitssicherheit\/betriebsanweisungen\/","og_site_name":"HEALTH &amp; SAFETY EXPERTS","article_modified_time":"2024-01-22T11:59:15+00:00","twitter_card":"summary_large_image","twitter_misc":{"Estimated reading time":"1 minute"},"schema":{"@context":"https:\/\/schema.org","@graph":[{"@type":"WebPage","@id":"https:\/\/www.hs-experts.com\/en\/arbeitssicherheit\/betriebsanweisungen\/","url":"https:\/\/www.hs-experts.com\/en\/arbeitssicherheit\/betriebsanweisungen\/","name":"Betriebsanweisungen Betriebsanweisung -Health&Safety Experts","isPartOf":{"@id":"https:\/\/hs-experts.com\/#website"},"datePublished":"2023-11-01T08:53:56+00:00","dateModified":"2024-01-22T11:59:15+00:00","description":"Betriebsanweisungen zur F\u00f6rderung sicheren Arbeitsverhaltens, bieten entsprechend ihrem Arbeitsbereich Informationen f\u00fcr Besch\u00e4ftigte.","breadcrumb":{"@id":"https:\/\/www.hs-experts.com\/en\/arbeitssicherheit\/betriebsanweisungen\/#breadcrumb"},"inLanguage":"en-GB","potentialAction":[{"@type":"ReadAction","target":["https:\/\/www.hs-experts.com\/en\/arbeitssicherheit\/betriebsanweisungen\/"]}]},{"@type":"BreadcrumbList","@id":"https:\/\/www.hs-experts.com\/en\/arbeitssicherheit\/betriebsanweisungen\/#breadcrumb","itemListElement":[{"@type":"ListItem","position":1,"name":"Home","item":"https:\/\/hs-experts.com\/"},{"@type":"ListItem","position":2,"name":"Arbeitssicherheit","item":"https:\/\/hs-experts.com\/arbeitssicherheit\/"},{"@type":"ListItem","position":3,"name":"Betriebsanweisungen"}]},{"@type":"WebSite","@id":"https:\/\/hs-experts.com\/#website","url":"https:\/\/hs-experts.com\/","name":"HEALTH &amp; SAFETY EXPERTS","description":"","potentialAction":[{"@type":"SearchAction","target":{"@type":"EntryPoint","urlTemplate":"https:\/\/hs-experts.com\/?s={search_term_string}"},"query-input":{"@type":"PropertyValueSpecification","valueRequired":true,"valueName":"search_term_string"}}],"inLanguage":"en-GB"}]}},"_hostinger_reach_plugin_has_subscription_block":false,"_hostinger_reach_plugin_is_elementor":false,"_links":{"self":[{"href":"https:\/\/hs-experts.com\/en\/wp-json\/wp\/v2\/pages\/22003","targetHints":{"allow":["GET"]}}],"collection":[{"href":"https:\/\/hs-experts.com\/en\/wp-json\/wp\/v2\/pages"}],"about":[{"href":"https:\/\/hs-experts.com\/en\/wp-json\/wp\/v2\/types\/page"}],"author":[{"embeddable":true,"href":"https:\/\/hs-experts.com\/en\/wp-json\/wp\/v2\/users\/1"}],"replies":[{"embeddable":true,"href":"https:\/\/hs-experts.com\/en\/wp-json\/wp\/v2\/comments?post=22003"}],"version-history":[{"count":11,"href":"https:\/\/hs-experts.com\/en\/wp-json\/wp\/v2\/pages\/22003\/revisions"}],"predecessor-version":[{"id":24093,"href":"https:\/\/hs-experts.com\/en\/wp-json\/wp\/v2\/pages\/22003\/revisions\/24093"}],"up":[{"embeddable":true,"href":"https:\/\/hs-experts.com\/en\/wp-json\/wp\/v2\/pages\/21994"}],"wp:attachment":[{"href":"https:\/\/hs-experts.com\/en\/wp-json\/wp\/v2\/media?parent=22003"}],"curies":[{"name":"wp","href":"https:\/\/api.w.org\/{rel}","templated":true}]}}