{"id":22005,"date":"2023-11-01T08:55:21","date_gmt":"2023-11-01T08:55:21","guid":{"rendered":"https:\/\/hs-experts.com\/?page_id=22005"},"modified":"2024-02-05T14:43:16","modified_gmt":"2024-02-05T14:43:16","slug":"arbeitsschutzmanagementsysteme-ams","status":"publish","type":"page","link":"https:\/\/hs-experts.com\/en\/arbeitssicherheit\/arbeitsschutzmanagementsysteme-ams\/","title":{"rendered":"Occupational health and safety management systems (AMS)"},"content":{"rendered":"<div data-elementor-type=\"wp-page\" data-elementor-id=\"22005\" class=\"elementor elementor-22005\" data-elementor-post-type=\"page\">\n\t\t\t\t<div class=\"elementor-element elementor-element-5d4659de e-flex e-con-boxed e-con e-parent\" data-id=\"5d4659de\" data-element_type=\"container\">\n\t\t\t\t\t<div class=\"e-con-inner\">\n\t\t\t\t<div class=\"elementor-element elementor-element-4c7515db elementor-widget elementor-widget-text-editor\" data-id=\"4c7515db\" data-element_type=\"widget\" data-widget_type=\"text-editor.default\">\n\t\t\t\t<div class=\"elementor-widget-container\">\n\t\t\t\t\t\t\t\t\tIndustry-specific occupational health and safety management systems provide companies with process-based support to prevent accidents at work, injuries and illnesses and to protect the health of employees. We work with you to set up a certified occupational health and safety management system for your company.\r\n<ul>\r\n \t<li aria-level=\"2\">Analysis and assessment of the current status \/ occupational health and safety system<\/li>\r\n \t<li aria-level=\"2\">ISO 45001 \/ OSHAS 18001<\/li>\r\n \t<li aria-level=\"2\">OHRIS (Occupational Health and Risk Management System)<\/li>\r\n \t<li aria-level=\"2\">Key figures in occupational health and safety<\/li>\r\n \t<li aria-level=\"2\">Introduction and optimisation of occupational health and safety management systems<\/li>\r\n \t<li aria-level=\"2\">Best practice sharing<\/li>\r\n \t<li aria-level=\"2\">\"Systematic occupational safety\" Employer's Liability Insurance Association<\/li>\r\n \t<li aria-level=\"2\">Creation of occupational health and safety processes and procedural instructions<\/li>\r\n \t<li aria-level=\"2\">Creation of work instructions<\/li>\r\n<\/ul>\t\t\t\t\t\t\t\t<\/div>\n\t\t\t\t<\/div>\n\t\t\t\t\t<\/div>\n\t\t\t\t<\/div>\n\t\t<div class=\"elementor-element elementor-element-6def053 e-flex e-con-boxed e-con e-parent\" data-id=\"6def053\" data-element_type=\"container\">\n\t\t\t\t\t<div class=\"e-con-inner\">\n\t\t\t\t\t<\/div>\n\t\t\t\t<\/div>\n\t\t\t\t<\/div>","protected":false},"excerpt":{"rendered":"<p>Industry-specific occupational health and safety management systems provide companies with process-based support to prevent accidents at work, injuries and illnesses and to protect the health of employees. We work with you to set up a certified occupational health and safety management system for your company. Analysis and assessment of the current status \/ occupational health and safety system ISO 45001 \/ OSHAS 18001 OHRIS (Occupational Health and Risk Management System) Key figures in occupational health and [...]<\/p>","protected":false},"author":1,"featured_media":0,"parent":21994,"menu_order":0,"comment_status":"closed","ping_status":"closed","template":"","meta":{"inline_featured_image":false,"footnotes":""},"class_list":["post-22005","page","type-page","status-publish","hentry"],"yoast_head":"<!-- This site is optimized with the Yoast SEO plugin v25.3 - https:\/\/yoast.com\/wordpress\/plugins\/seo\/ -->\n<title>Arbeitsschutzmanagementsysteme (AMS) - HEALTH &amp; SAFETY EXPERTS<\/title>\n<meta name=\"robots\" content=\"index, follow, max-snippet:-1, max-image-preview:large, max-video-preview:-1\" \/>\n<link rel=\"canonical\" href=\"https:\/\/hs-experts.com\/en\/arbeitssicherheit\/arbeitsschutzmanagementsysteme-ams\/\" \/>\n<meta property=\"og:locale\" content=\"en_GB\" \/>\n<meta property=\"og:type\" content=\"article\" \/>\n<meta property=\"og:title\" content=\"Arbeitsschutzmanagementsysteme (AMS) - HEALTH &amp; SAFETY EXPERTS\" \/>\n<meta property=\"og:description\" content=\"Branchenspezifische Arbeitsschutz-Managementsysteme unterst\u00fctzen Unternehmen prozesshaft, um Arbeitsunf\u00e4lle, Verletzungen und Erkrankungen zu vermeiden und die Gesundheit der Besch\u00e4ftigten zu sch\u00fctzen. Gemeinsam mit Ihnen bauen wir ein zertifiziertes Managementsystem f\u00fcr den Arbeitsschutz f\u00fcr Ihr Unternehmen auf. Analyse und Beurteilung des Ist-Zustandes \/ Arbeitsschutzsystems ISO 45001 \/ OSHAS 18001 OHRIS (Occupational Health- and Risk-Managementsystem) Kennzahlen im Arbeits- und [&hellip;]\" \/>\n<meta property=\"og:url\" content=\"https:\/\/hs-experts.com\/en\/arbeitssicherheit\/arbeitsschutzmanagementsysteme-ams\/\" \/>\n<meta property=\"og:site_name\" content=\"HEALTH &amp; SAFETY EXPERTS\" \/>\n<meta property=\"article:modified_time\" content=\"2024-02-05T14:43:16+00:00\" \/>\n<meta name=\"twitter:card\" content=\"summary_large_image\" \/>\n<meta name=\"twitter:label1\" content=\"Estimated reading time\" \/>\n\t<meta name=\"twitter:data1\" content=\"1 minute\" \/>\n<script type=\"application\/ld+json\" class=\"yoast-schema-graph\">{\"@context\":\"https:\/\/schema.org\",\"@graph\":[{\"@type\":\"WebPage\",\"@id\":\"https:\/\/hs-experts.com\/en\/arbeitssicherheit\/arbeitsschutzmanagementsysteme-ams\/\",\"url\":\"https:\/\/hs-experts.com\/en\/arbeitssicherheit\/arbeitsschutzmanagementsysteme-ams\/\",\"name\":\"Arbeitsschutzmanagementsysteme (AMS) - HEALTH &amp; SAFETY EXPERTS\",\"isPartOf\":{\"@id\":\"https:\/\/hs-experts.com\/#website\"},\"datePublished\":\"2023-11-01T08:55:21+00:00\",\"dateModified\":\"2024-02-05T14:43:16+00:00\",\"breadcrumb\":{\"@id\":\"https:\/\/hs-experts.com\/en\/arbeitssicherheit\/arbeitsschutzmanagementsysteme-ams\/#breadcrumb\"},\"inLanguage\":\"en-GB\",\"potentialAction\":[{\"@type\":\"ReadAction\",\"target\":[\"https:\/\/hs-experts.com\/en\/arbeitssicherheit\/arbeitsschutzmanagementsysteme-ams\/\"]}]},{\"@type\":\"BreadcrumbList\",\"@id\":\"https:\/\/hs-experts.com\/en\/arbeitssicherheit\/arbeitsschutzmanagementsysteme-ams\/#breadcrumb\",\"itemListElement\":[{\"@type\":\"ListItem\",\"position\":1,\"name\":\"Home\",\"item\":\"https:\/\/hs-experts.com\/\"},{\"@type\":\"ListItem\",\"position\":2,\"name\":\"Arbeitssicherheit\",\"item\":\"https:\/\/hs-experts.com\/arbeitssicherheit\/\"},{\"@type\":\"ListItem\",\"position\":3,\"name\":\"Arbeitsschutzmanagementsysteme (AMS)\"}]},{\"@type\":\"WebSite\",\"@id\":\"https:\/\/hs-experts.com\/#website\",\"url\":\"https:\/\/hs-experts.com\/\",\"name\":\"HEALTH &amp; SAFETY EXPERTS\",\"description\":\"\",\"potentialAction\":[{\"@type\":\"SearchAction\",\"target\":{\"@type\":\"EntryPoint\",\"urlTemplate\":\"https:\/\/hs-experts.com\/?s={search_term_string}\"},\"query-input\":{\"@type\":\"PropertyValueSpecification\",\"valueRequired\":true,\"valueName\":\"search_term_string\"}}],\"inLanguage\":\"en-GB\"}]}<\/script>\n<!-- \/ Yoast SEO plugin. -->","yoast_head_json":{"title":"Arbeitsschutzmanagementsysteme (AMS) - HEALTH &amp; SAFETY EXPERTS","robots":{"index":"index","follow":"follow","max-snippet":"max-snippet:-1","max-image-preview":"max-image-preview:large","max-video-preview":"max-video-preview:-1"},"canonical":"https:\/\/hs-experts.com\/en\/arbeitssicherheit\/arbeitsschutzmanagementsysteme-ams\/","og_locale":"en_GB","og_type":"article","og_title":"Arbeitsschutzmanagementsysteme (AMS) - HEALTH &amp; SAFETY EXPERTS","og_description":"Branchenspezifische Arbeitsschutz-Managementsysteme unterst\u00fctzen Unternehmen prozesshaft, um Arbeitsunf\u00e4lle, Verletzungen und Erkrankungen zu vermeiden und die Gesundheit der Besch\u00e4ftigten zu sch\u00fctzen. Gemeinsam mit Ihnen bauen wir ein zertifiziertes Managementsystem f\u00fcr den Arbeitsschutz f\u00fcr Ihr Unternehmen auf. Analyse und Beurteilung des Ist-Zustandes \/ Arbeitsschutzsystems ISO 45001 \/ OSHAS 18001 OHRIS (Occupational Health- and Risk-Managementsystem) Kennzahlen im Arbeits- und [&hellip;]","og_url":"https:\/\/hs-experts.com\/en\/arbeitssicherheit\/arbeitsschutzmanagementsysteme-ams\/","og_site_name":"HEALTH &amp; SAFETY EXPERTS","article_modified_time":"2024-02-05T14:43:16+00:00","twitter_card":"summary_large_image","twitter_misc":{"Estimated reading time":"1 minute"},"schema":{"@context":"https:\/\/schema.org","@graph":[{"@type":"WebPage","@id":"https:\/\/hs-experts.com\/en\/arbeitssicherheit\/arbeitsschutzmanagementsysteme-ams\/","url":"https:\/\/hs-experts.com\/en\/arbeitssicherheit\/arbeitsschutzmanagementsysteme-ams\/","name":"Arbeitsschutzmanagementsysteme (AMS) - HEALTH &amp; SAFETY EXPERTS","isPartOf":{"@id":"https:\/\/hs-experts.com\/#website"},"datePublished":"2023-11-01T08:55:21+00:00","dateModified":"2024-02-05T14:43:16+00:00","breadcrumb":{"@id":"https:\/\/hs-experts.com\/en\/arbeitssicherheit\/arbeitsschutzmanagementsysteme-ams\/#breadcrumb"},"inLanguage":"en-GB","potentialAction":[{"@type":"ReadAction","target":["https:\/\/hs-experts.com\/en\/arbeitssicherheit\/arbeitsschutzmanagementsysteme-ams\/"]}]},{"@type":"BreadcrumbList","@id":"https:\/\/hs-experts.com\/en\/arbeitssicherheit\/arbeitsschutzmanagementsysteme-ams\/#breadcrumb","itemListElement":[{"@type":"ListItem","position":1,"name":"Home","item":"https:\/\/hs-experts.com\/"},{"@type":"ListItem","position":2,"name":"Arbeitssicherheit","item":"https:\/\/hs-experts.com\/arbeitssicherheit\/"},{"@type":"ListItem","position":3,"name":"Arbeitsschutzmanagementsysteme (AMS)"}]},{"@type":"WebSite","@id":"https:\/\/hs-experts.com\/#website","url":"https:\/\/hs-experts.com\/","name":"HEALTH &amp; SAFETY EXPERTS","description":"","potentialAction":[{"@type":"SearchAction","target":{"@type":"EntryPoint","urlTemplate":"https:\/\/hs-experts.com\/?s={search_term_string}"},"query-input":{"@type":"PropertyValueSpecification","valueRequired":true,"valueName":"search_term_string"}}],"inLanguage":"en-GB"}]}},"_hostinger_reach_plugin_has_subscription_block":false,"_hostinger_reach_plugin_is_elementor":false,"_links":{"self":[{"href":"https:\/\/hs-experts.com\/en\/wp-json\/wp\/v2\/pages\/22005","targetHints":{"allow":["GET"]}}],"collection":[{"href":"https:\/\/hs-experts.com\/en\/wp-json\/wp\/v2\/pages"}],"about":[{"href":"https:\/\/hs-experts.com\/en\/wp-json\/wp\/v2\/types\/page"}],"author":[{"embeddable":true,"href":"https:\/\/hs-experts.com\/en\/wp-json\/wp\/v2\/users\/1"}],"replies":[{"embeddable":true,"href":"https:\/\/hs-experts.com\/en\/wp-json\/wp\/v2\/comments?post=22005"}],"version-history":[{"count":4,"href":"https:\/\/hs-experts.com\/en\/wp-json\/wp\/v2\/pages\/22005\/revisions"}],"predecessor-version":[{"id":24326,"href":"https:\/\/hs-experts.com\/en\/wp-json\/wp\/v2\/pages\/22005\/revisions\/24326"}],"up":[{"embeddable":true,"href":"https:\/\/hs-experts.com\/en\/wp-json\/wp\/v2\/pages\/21994"}],"wp:attachment":[{"href":"https:\/\/hs-experts.com\/en\/wp-json\/wp\/v2\/media?parent=22005"}],"curies":[{"name":"wp","href":"https:\/\/api.w.org\/{rel}","templated":true}]}}