{"id":22011,"date":"2023-11-01T08:56:52","date_gmt":"2023-11-01T08:56:52","guid":{"rendered":"https:\/\/hs-experts.com\/?page_id=22011"},"modified":"2023-11-01T08:56:52","modified_gmt":"2023-11-01T08:56:52","slug":"durchfuhren-von-begehungen","status":"publish","type":"page","link":"https:\/\/hs-experts.com\/en\/arbeitssicherheit\/durchfuhren-von-begehungen\/","title":{"rendered":"Carrying out inspections"},"content":{"rendered":"<p>Safety inspections should be carried out at regular intervals at all workplaces. During these inspections, deficiencies can be documented and solutions sought to eliminate these deficiencies in occupational safety. In doing so, we pay attention to all regulations applicable in your industry.<\/p>\n<p>Companies with more than 20 employees also require at least one safety officer in accordance with Section 20 (1) of the accident prevention regulation \"Principles of Prevention\" (BGV A1). They ensure that protective devices and equipment are available and point out to colleagues any behaviour that is contrary to safety or health requirements, for example the wearing of personal protective equipment (safety helmet, protective gloves, etc.).<\/p>\n<ul>\n<li aria-level=\"2\">Safety inspections<\/li>\n<li aria-level=\"2\">Fire safety inspections<\/li>\n<li>Inventory and defect management<\/li>\n<li aria-level=\"2\">Inspection in accordance with the accident prevention regulations (UVV)<\/li>\n<li aria-level=\"2\">Testing of warning signalling devices<\/li>\n<li aria-level=\"1\">Inspection of ladders and steps<\/li>\n<li aria-level=\"1\">Shelf inspections<\/li>\n<li aria-level=\"1\">Hazardous substance tests<\/li>\n<li aria-level=\"2\">Inspection of SHEV systems<\/li>\n<li aria-level=\"2\">Testing of hold-open systems<\/li>\n<li aria-level=\"2\">Testing of fire doors<\/li>\n<\/ul>","protected":false},"excerpt":{"rendered":"<p>Safety inspections should be carried out at regular intervals at all workplaces. During these inspections, deficiencies can be documented and solutions sought to eliminate these deficiencies in occupational safety. We pay attention to all regulations applicable in your industry. Companies with more than 20 employees require a safety inspector according to \u00a7 20 para. 1 of the accident prevention regulation \"Principles of [...]<\/p>","protected":false},"author":1,"featured_media":0,"parent":21994,"menu_order":0,"comment_status":"closed","ping_status":"closed","template":"","meta":{"inline_featured_image":false,"footnotes":""},"class_list":["post-22011","page","type-page","status-publish","hentry"],"yoast_head":"<!-- This site is optimized with the Yoast SEO plugin v27.4 - https:\/\/yoast.com\/product\/yoast-seo-wordpress\/ -->\n<title>Durchf\u00fchren von Begehungen - HEALTH &amp; SAFETY EXPERTS<\/title>\n<meta name=\"robots\" content=\"index, follow, max-snippet:-1, max-image-preview:large, max-video-preview:-1\" \/>\n<link rel=\"canonical\" href=\"https:\/\/hs-experts.com\/en\/arbeitssicherheit\/durchfuhren-von-begehungen\/\" \/>\n<meta property=\"og:locale\" content=\"en_GB\" \/>\n<meta property=\"og:type\" content=\"article\" \/>\n<meta property=\"og:title\" content=\"Durchf\u00fchren von Begehungen - HEALTH &amp; SAFETY EXPERTS\" \/>\n<meta property=\"og:description\" content=\"In regelm\u00e4\u00dfigen Abst\u00e4nden sollten Sicherheitsbegehungen an allen Arbeitspl\u00e4tzen durchgef\u00fchrt werden. Im Rahmen dieser Begehungen k\u00f6nnen M\u00e4ngel dokumentiert und L\u00f6sungen gesucht werden, um diese M\u00e4ngel bei der Arbeitssicherheit zu beseitigen. Dabei achten wir auf alle in Ihrer Branche geltenden Regelungen. Firmen mit mehr als 20 Besch\u00e4ftigten ben\u00f6tigen laut \u00a7 20 Abs. 1 der Unfallverh\u00fctungsvorschrift \u201eGrunds\u00e4tze der [&hellip;]\" \/>\n<meta property=\"og:url\" content=\"https:\/\/hs-experts.com\/en\/arbeitssicherheit\/durchfuhren-von-begehungen\/\" \/>\n<meta property=\"og:site_name\" content=\"HEALTH &amp; SAFETY EXPERTS\" \/>\n<meta name=\"twitter:card\" content=\"summary_large_image\" \/>\n<meta name=\"twitter:label1\" content=\"Estimated reading time\" \/>\n\t<meta name=\"twitter:data1\" content=\"1 minute\" \/>\n<script type=\"application\/ld+json\" class=\"yoast-schema-graph\">{\"@context\":\"https:\\\/\\\/schema.org\",\"@graph\":[{\"@type\":\"WebPage\",\"@id\":\"https:\\\/\\\/hs-experts.com\\\/en\\\/arbeitssicherheit\\\/durchfuhren-von-begehungen\\\/\",\"url\":\"https:\\\/\\\/hs-experts.com\\\/en\\\/arbeitssicherheit\\\/durchfuhren-von-begehungen\\\/\",\"name\":\"Durchf\u00fchren von Begehungen - HEALTH &amp; SAFETY EXPERTS\",\"isPartOf\":{\"@id\":\"https:\\\/\\\/hs-experts.com\\\/#website\"},\"datePublished\":\"2023-11-01T08:56:52+00:00\",\"breadcrumb\":{\"@id\":\"https:\\\/\\\/hs-experts.com\\\/en\\\/arbeitssicherheit\\\/durchfuhren-von-begehungen\\\/#breadcrumb\"},\"inLanguage\":\"en-GB\",\"potentialAction\":[{\"@type\":\"ReadAction\",\"target\":[\"https:\\\/\\\/hs-experts.com\\\/en\\\/arbeitssicherheit\\\/durchfuhren-von-begehungen\\\/\"]}]},{\"@type\":\"BreadcrumbList\",\"@id\":\"https:\\\/\\\/hs-experts.com\\\/en\\\/arbeitssicherheit\\\/durchfuhren-von-begehungen\\\/#breadcrumb\",\"itemListElement\":[{\"@type\":\"ListItem\",\"position\":1,\"name\":\"Home\",\"item\":\"https:\\\/\\\/hs-experts.com\\\/\"},{\"@type\":\"ListItem\",\"position\":2,\"name\":\"Arbeitssicherheit\",\"item\":\"https:\\\/\\\/hs-experts.com\\\/arbeitssicherheit\\\/\"},{\"@type\":\"ListItem\",\"position\":3,\"name\":\"Durchf\u00fchren von Begehungen\"}]},{\"@type\":\"WebSite\",\"@id\":\"https:\\\/\\\/hs-experts.com\\\/#website\",\"url\":\"https:\\\/\\\/hs-experts.com\\\/\",\"name\":\"HEALTH &amp; SAFETY EXPERTS\",\"description\":\"\",\"potentialAction\":[{\"@type\":\"SearchAction\",\"target\":{\"@type\":\"EntryPoint\",\"urlTemplate\":\"https:\\\/\\\/hs-experts.com\\\/?s={search_term_string}\"},\"query-input\":{\"@type\":\"PropertyValueSpecification\",\"valueRequired\":true,\"valueName\":\"search_term_string\"}}],\"inLanguage\":\"en-GB\"}]}<\/script>\n<!-- \/ Yoast SEO plugin. -->","yoast_head_json":{"title":"Durchf\u00fchren von Begehungen - HEALTH &amp; SAFETY EXPERTS","robots":{"index":"index","follow":"follow","max-snippet":"max-snippet:-1","max-image-preview":"max-image-preview:large","max-video-preview":"max-video-preview:-1"},"canonical":"https:\/\/hs-experts.com\/en\/arbeitssicherheit\/durchfuhren-von-begehungen\/","og_locale":"en_GB","og_type":"article","og_title":"Durchf\u00fchren von Begehungen - HEALTH &amp; SAFETY EXPERTS","og_description":"In regelm\u00e4\u00dfigen Abst\u00e4nden sollten Sicherheitsbegehungen an allen Arbeitspl\u00e4tzen durchgef\u00fchrt werden. Im Rahmen dieser Begehungen k\u00f6nnen M\u00e4ngel dokumentiert und L\u00f6sungen gesucht werden, um diese M\u00e4ngel bei der Arbeitssicherheit zu beseitigen. Dabei achten wir auf alle in Ihrer Branche geltenden Regelungen. Firmen mit mehr als 20 Besch\u00e4ftigten ben\u00f6tigen laut \u00a7 20 Abs. 1 der Unfallverh\u00fctungsvorschrift \u201eGrunds\u00e4tze der [&hellip;]","og_url":"https:\/\/hs-experts.com\/en\/arbeitssicherheit\/durchfuhren-von-begehungen\/","og_site_name":"HEALTH &amp; SAFETY EXPERTS","twitter_card":"summary_large_image","twitter_misc":{"Estimated reading time":"1 minute"},"schema":{"@context":"https:\/\/schema.org","@graph":[{"@type":"WebPage","@id":"https:\/\/hs-experts.com\/en\/arbeitssicherheit\/durchfuhren-von-begehungen\/","url":"https:\/\/hs-experts.com\/en\/arbeitssicherheit\/durchfuhren-von-begehungen\/","name":"Durchf\u00fchren von Begehungen - HEALTH &amp; SAFETY EXPERTS","isPartOf":{"@id":"https:\/\/hs-experts.com\/#website"},"datePublished":"2023-11-01T08:56:52+00:00","breadcrumb":{"@id":"https:\/\/hs-experts.com\/en\/arbeitssicherheit\/durchfuhren-von-begehungen\/#breadcrumb"},"inLanguage":"en-GB","potentialAction":[{"@type":"ReadAction","target":["https:\/\/hs-experts.com\/en\/arbeitssicherheit\/durchfuhren-von-begehungen\/"]}]},{"@type":"BreadcrumbList","@id":"https:\/\/hs-experts.com\/en\/arbeitssicherheit\/durchfuhren-von-begehungen\/#breadcrumb","itemListElement":[{"@type":"ListItem","position":1,"name":"Home","item":"https:\/\/hs-experts.com\/"},{"@type":"ListItem","position":2,"name":"Arbeitssicherheit","item":"https:\/\/hs-experts.com\/arbeitssicherheit\/"},{"@type":"ListItem","position":3,"name":"Durchf\u00fchren von Begehungen"}]},{"@type":"WebSite","@id":"https:\/\/hs-experts.com\/#website","url":"https:\/\/hs-experts.com\/","name":"HEALTH &amp; SAFETY EXPERTS","description":"","potentialAction":[{"@type":"SearchAction","target":{"@type":"EntryPoint","urlTemplate":"https:\/\/hs-experts.com\/?s={search_term_string}"},"query-input":{"@type":"PropertyValueSpecification","valueRequired":true,"valueName":"search_term_string"}}],"inLanguage":"en-GB"}]}},"_hostinger_reach_plugin_has_subscription_block":false,"_hostinger_reach_plugin_is_elementor":false,"_links":{"self":[{"href":"https:\/\/hs-experts.com\/en\/wp-json\/wp\/v2\/pages\/22011","targetHints":{"allow":["GET"]}}],"collection":[{"href":"https:\/\/hs-experts.com\/en\/wp-json\/wp\/v2\/pages"}],"about":[{"href":"https:\/\/hs-experts.com\/en\/wp-json\/wp\/v2\/types\/page"}],"author":[{"embeddable":true,"href":"https:\/\/hs-experts.com\/en\/wp-json\/wp\/v2\/users\/1"}],"replies":[{"embeddable":true,"href":"https:\/\/hs-experts.com\/en\/wp-json\/wp\/v2\/comments?post=22011"}],"version-history":[{"count":2,"href":"https:\/\/hs-experts.com\/en\/wp-json\/wp\/v2\/pages\/22011\/revisions"}],"predecessor-version":[{"id":28307,"href":"https:\/\/hs-experts.com\/en\/wp-json\/wp\/v2\/pages\/22011\/revisions\/28307"}],"up":[{"embeddable":true,"href":"https:\/\/hs-experts.com\/en\/wp-json\/wp\/v2\/pages\/21994"}],"wp:attachment":[{"href":"https:\/\/hs-experts.com\/en\/wp-json\/wp\/v2\/media?parent=22011"}],"curies":[{"name":"wp","href":"https:\/\/api.w.org\/{rel}","templated":true}]}}