{"id":22013,"date":"2023-11-01T08:57:14","date_gmt":"2023-11-01T08:57:14","guid":{"rendered":"https:\/\/hs-experts.com\/?page_id=22013"},"modified":"2023-11-01T08:57:14","modified_gmt":"2023-11-01T08:57:14","slug":"sicherheits-und-gesundheitskoordinator-auf-baustellen-sigeko","status":"publish","type":"page","link":"https:\/\/hs-experts.com\/en\/arbeitssicherheit\/sicherheits-und-gesundheitskoordinator-auf-baustellen-sigeko\/","title":{"rendered":"Safety and health coordinator on construction sites (SiGeKo)"},"content":{"rendered":"<p>As a health and safety coordinator, we take on all occupational health and safety tasks for your construction projects on your construction sites. We work with you to define occupational health and safety measures, coordinate them and monitor compliance on site.<\/p>\n<p>The basis for this activity is \u00a7 3 of the Construction Site Ordinance (BaustellV). A SiGeKo is usually involved in the planning of the construction and draws up plans for suitable protective measures.<\/p>\n<p>As SiGeKo we investigate:<\/p>\n<ul>\n<li aria-level=\"1\">all planning with regard to safety and health risks,<\/li>\n<li aria-level=\"1\">coordinate the safety measures on the construction site,<\/li>\n<li aria-level=\"1\">carry out instructions<\/li>\n<li aria-level=\"1\">coordinate the use of safety equipment,<\/li>\n<li aria-level=\"1\">develop health and safety plans<\/li>\n<li aria-level=\"1\">monitor occupational health and safety measures on the construction site<\/li>\n<li aria-level=\"1\">company Safety inspections<\/li>\n<li aria-level=\"1\">record all safety-related defects and update the plans accordingly<\/li>\n<\/ul>","protected":false},"excerpt":{"rendered":"<p>As a health and safety coordinator, we take on all occupational health and safety tasks for your construction projects on your construction sites. We work with you to define occupational health and safety measures, coordinate them and check compliance with them on site. The basis for this activity is \u00a7 3 of the Construction Site Ordinance (BaustellV). A SiGeKo is usually already involved in the planning of the construction and [...]<\/p>","protected":false},"author":1,"featured_media":0,"parent":21994,"menu_order":0,"comment_status":"closed","ping_status":"closed","template":"","meta":{"inline_featured_image":false,"footnotes":""},"class_list":["post-22013","page","type-page","status-publish","hentry"],"yoast_head":"<!-- This site is optimized with the Yoast SEO plugin v25.3 - https:\/\/yoast.com\/wordpress\/plugins\/seo\/ -->\n<title>Sicherheits- und Gesundheitskoordinator auf Baustellen (SiGeKo) - HEALTH &amp; SAFETY EXPERTS<\/title>\n<meta name=\"robots\" content=\"index, follow, max-snippet:-1, max-image-preview:large, max-video-preview:-1\" \/>\n<link rel=\"canonical\" href=\"https:\/\/hs-experts.com\/en\/arbeitssicherheit\/sicherheits-und-gesundheitskoordinator-auf-baustellen-sigeko\/\" \/>\n<meta property=\"og:locale\" content=\"en_GB\" \/>\n<meta property=\"og:type\" content=\"article\" \/>\n<meta property=\"og:title\" content=\"Sicherheits- und Gesundheitskoordinator auf Baustellen (SiGeKo) - HEALTH &amp; SAFETY EXPERTS\" \/>\n<meta property=\"og:description\" content=\"Als Sicherheits- und Gesundheitsschutzkoordinator \u00fcbernehmen wir f\u00fcr Ihre Bauvorhaben alle Aufgaben zu Arbeitssicherheit und Gesundheitsschutz auf Ihren Baustellen. Wir legen mit Ihnen Arbeitsschutz-Ma\u00dfnahmen fest, koordinieren sie und \u00fcberpr\u00fcfen vor Ort deren Einhaltung. Grundlage f\u00fcr diese T\u00e4tigkeit ist der \u00a7 3 der Baustellenverordnung (BaustellV). Ein SiGeKo ist meist schon bei der Planung des Baus beteiligt und [&hellip;]\" \/>\n<meta property=\"og:url\" content=\"https:\/\/hs-experts.com\/en\/arbeitssicherheit\/sicherheits-und-gesundheitskoordinator-auf-baustellen-sigeko\/\" \/>\n<meta property=\"og:site_name\" content=\"HEALTH &amp; SAFETY EXPERTS\" \/>\n<meta name=\"twitter:card\" content=\"summary_large_image\" \/>\n<meta name=\"twitter:label1\" content=\"Estimated reading time\" \/>\n\t<meta name=\"twitter:data1\" content=\"1 minute\" \/>\n<script type=\"application\/ld+json\" class=\"yoast-schema-graph\">{\"@context\":\"https:\/\/schema.org\",\"@graph\":[{\"@type\":\"WebPage\",\"@id\":\"https:\/\/hs-experts.com\/arbeitssicherheit\/sicherheits-und-gesundheitskoordinator-auf-baustellen-sigeko\/\",\"url\":\"https:\/\/hs-experts.com\/arbeitssicherheit\/sicherheits-und-gesundheitskoordinator-auf-baustellen-sigeko\/\",\"name\":\"Sicherheits- und Gesundheitskoordinator auf Baustellen (SiGeKo) - HEALTH &amp; SAFETY EXPERTS\",\"isPartOf\":{\"@id\":\"https:\/\/hs-experts.com\/#website\"},\"datePublished\":\"2023-11-01T08:57:14+00:00\",\"breadcrumb\":{\"@id\":\"https:\/\/hs-experts.com\/arbeitssicherheit\/sicherheits-und-gesundheitskoordinator-auf-baustellen-sigeko\/#breadcrumb\"},\"inLanguage\":\"en-GB\",\"potentialAction\":[{\"@type\":\"ReadAction\",\"target\":[\"https:\/\/hs-experts.com\/arbeitssicherheit\/sicherheits-und-gesundheitskoordinator-auf-baustellen-sigeko\/\"]}]},{\"@type\":\"BreadcrumbList\",\"@id\":\"https:\/\/hs-experts.com\/arbeitssicherheit\/sicherheits-und-gesundheitskoordinator-auf-baustellen-sigeko\/#breadcrumb\",\"itemListElement\":[{\"@type\":\"ListItem\",\"position\":1,\"name\":\"Home\",\"item\":\"https:\/\/hs-experts.com\/\"},{\"@type\":\"ListItem\",\"position\":2,\"name\":\"Arbeitssicherheit\",\"item\":\"https:\/\/hs-experts.com\/arbeitssicherheit\/\"},{\"@type\":\"ListItem\",\"position\":3,\"name\":\"Sicherheits- und Gesundheitskoordinator auf Baustellen (SiGeKo)\"}]},{\"@type\":\"WebSite\",\"@id\":\"https:\/\/hs-experts.com\/#website\",\"url\":\"https:\/\/hs-experts.com\/\",\"name\":\"HEALTH &amp; SAFETY EXPERTS\",\"description\":\"\",\"potentialAction\":[{\"@type\":\"SearchAction\",\"target\":{\"@type\":\"EntryPoint\",\"urlTemplate\":\"https:\/\/hs-experts.com\/?s={search_term_string}\"},\"query-input\":{\"@type\":\"PropertyValueSpecification\",\"valueRequired\":true,\"valueName\":\"search_term_string\"}}],\"inLanguage\":\"en-GB\"}]}<\/script>\n<!-- \/ Yoast SEO plugin. -->","yoast_head_json":{"title":"Sicherheits- und Gesundheitskoordinator auf Baustellen (SiGeKo) - HEALTH &amp; SAFETY EXPERTS","robots":{"index":"index","follow":"follow","max-snippet":"max-snippet:-1","max-image-preview":"max-image-preview:large","max-video-preview":"max-video-preview:-1"},"canonical":"https:\/\/hs-experts.com\/en\/arbeitssicherheit\/sicherheits-und-gesundheitskoordinator-auf-baustellen-sigeko\/","og_locale":"en_GB","og_type":"article","og_title":"Sicherheits- und Gesundheitskoordinator auf Baustellen (SiGeKo) - HEALTH &amp; SAFETY EXPERTS","og_description":"Als Sicherheits- und Gesundheitsschutzkoordinator \u00fcbernehmen wir f\u00fcr Ihre Bauvorhaben alle Aufgaben zu Arbeitssicherheit und Gesundheitsschutz auf Ihren Baustellen. Wir legen mit Ihnen Arbeitsschutz-Ma\u00dfnahmen fest, koordinieren sie und \u00fcberpr\u00fcfen vor Ort deren Einhaltung. Grundlage f\u00fcr diese T\u00e4tigkeit ist der \u00a7 3 der Baustellenverordnung (BaustellV). Ein SiGeKo ist meist schon bei der Planung des Baus beteiligt und [&hellip;]","og_url":"https:\/\/hs-experts.com\/en\/arbeitssicherheit\/sicherheits-und-gesundheitskoordinator-auf-baustellen-sigeko\/","og_site_name":"HEALTH &amp; SAFETY EXPERTS","twitter_card":"summary_large_image","twitter_misc":{"Estimated reading time":"1 minute"},"schema":{"@context":"https:\/\/schema.org","@graph":[{"@type":"WebPage","@id":"https:\/\/hs-experts.com\/arbeitssicherheit\/sicherheits-und-gesundheitskoordinator-auf-baustellen-sigeko\/","url":"https:\/\/hs-experts.com\/arbeitssicherheit\/sicherheits-und-gesundheitskoordinator-auf-baustellen-sigeko\/","name":"Sicherheits- und Gesundheitskoordinator auf Baustellen (SiGeKo) - HEALTH &amp; SAFETY EXPERTS","isPartOf":{"@id":"https:\/\/hs-experts.com\/#website"},"datePublished":"2023-11-01T08:57:14+00:00","breadcrumb":{"@id":"https:\/\/hs-experts.com\/arbeitssicherheit\/sicherheits-und-gesundheitskoordinator-auf-baustellen-sigeko\/#breadcrumb"},"inLanguage":"en-GB","potentialAction":[{"@type":"ReadAction","target":["https:\/\/hs-experts.com\/arbeitssicherheit\/sicherheits-und-gesundheitskoordinator-auf-baustellen-sigeko\/"]}]},{"@type":"BreadcrumbList","@id":"https:\/\/hs-experts.com\/arbeitssicherheit\/sicherheits-und-gesundheitskoordinator-auf-baustellen-sigeko\/#breadcrumb","itemListElement":[{"@type":"ListItem","position":1,"name":"Home","item":"https:\/\/hs-experts.com\/"},{"@type":"ListItem","position":2,"name":"Arbeitssicherheit","item":"https:\/\/hs-experts.com\/arbeitssicherheit\/"},{"@type":"ListItem","position":3,"name":"Sicherheits- und Gesundheitskoordinator auf Baustellen (SiGeKo)"}]},{"@type":"WebSite","@id":"https:\/\/hs-experts.com\/#website","url":"https:\/\/hs-experts.com\/","name":"HEALTH &amp; SAFETY EXPERTS","description":"","potentialAction":[{"@type":"SearchAction","target":{"@type":"EntryPoint","urlTemplate":"https:\/\/hs-experts.com\/?s={search_term_string}"},"query-input":{"@type":"PropertyValueSpecification","valueRequired":true,"valueName":"search_term_string"}}],"inLanguage":"en-GB"}]}},"_hostinger_reach_plugin_has_subscription_block":false,"_hostinger_reach_plugin_is_elementor":false,"_links":{"self":[{"href":"https:\/\/hs-experts.com\/en\/wp-json\/wp\/v2\/pages\/22013","targetHints":{"allow":["GET"]}}],"collection":[{"href":"https:\/\/hs-experts.com\/en\/wp-json\/wp\/v2\/pages"}],"about":[{"href":"https:\/\/hs-experts.com\/en\/wp-json\/wp\/v2\/types\/page"}],"author":[{"embeddable":true,"href":"https:\/\/hs-experts.com\/en\/wp-json\/wp\/v2\/users\/1"}],"replies":[{"embeddable":true,"href":"https:\/\/hs-experts.com\/en\/wp-json\/wp\/v2\/comments?post=22013"}],"version-history":[{"count":1,"href":"https:\/\/hs-experts.com\/en\/wp-json\/wp\/v2\/pages\/22013\/revisions"}],"predecessor-version":[{"id":22014,"href":"https:\/\/hs-experts.com\/en\/wp-json\/wp\/v2\/pages\/22013\/revisions\/22014"}],"up":[{"embeddable":true,"href":"https:\/\/hs-experts.com\/en\/wp-json\/wp\/v2\/pages\/21994"}],"wp:attachment":[{"href":"https:\/\/hs-experts.com\/en\/wp-json\/wp\/v2\/media?parent=22013"}],"curies":[{"name":"wp","href":"https:\/\/api.w.org\/{rel}","templated":true}]}}