{"id":22015,"date":"2023-11-01T08:57:36","date_gmt":"2023-11-01T08:57:36","guid":{"rendered":"https:\/\/hs-experts.com\/?page_id=22015"},"modified":"2023-11-01T08:57:36","modified_gmt":"2023-11-01T08:57:36","slug":"planen-und-durchfuhren-des-arbeitsschutzausschusses-asa-sitzung","status":"publish","type":"page","link":"https:\/\/hs-experts.com\/en\/arbeitssicherheit\/planen-und-durchfuhren-des-arbeitsschutzausschusses-asa-sitzung\/","title":{"rendered":"Planning and organising the health and safety committee (ASA meeting)"},"content":{"rendered":"<p>If the company has more than 20 full-time employees, Section 11 of the German Occupational Health and Safety Act (ASiG) stipulates an occupational health and safety committee (ASA) as a body responsible for occupational health and safety. It meets at least once a quarter.<\/p>\n<p>We support you with:<\/p>\n<ul>\n<li>Analysis of the accident,<\/li>\n<li>Risk assessments,<\/li>\n<li>Planning of actions,<\/li>\n<li>Investments in occupational safety measures<\/li>\n<li>Detection of new hazards in planned processes<\/li>\n<\/ul>","protected":false},"excerpt":{"rendered":"<p>If the company has more than 20 full-time employees, Section 11 of the German Occupational Health and Safety Act (ASiG) stipulates an occupational health and safety committee (ASA) as a body responsible for occupational health and safety. It meets at least once a quarter. We support you with: Analysing accidents, risk assessments, planning actions, investing in occupational health and safety measures Identifying new hazards in planned processes<\/p>","protected":false},"author":1,"featured_media":0,"parent":21994,"menu_order":0,"comment_status":"closed","ping_status":"closed","template":"","meta":{"inline_featured_image":false,"footnotes":""},"class_list":["post-22015","page","type-page","status-publish","hentry"],"yoast_head":"<!-- This site is optimized with the Yoast SEO plugin v25.3 - https:\/\/yoast.com\/wordpress\/plugins\/seo\/ -->\n<title>Planen und Durchf\u00fchren des Arbeitsschutzausschusses (ASA-Sitzung) - HEALTH &amp; SAFETY EXPERTS<\/title>\n<meta name=\"robots\" content=\"index, follow, max-snippet:-1, max-image-preview:large, max-video-preview:-1\" \/>\n<link rel=\"canonical\" href=\"https:\/\/hs-experts.com\/en\/arbeitssicherheit\/planen-und-durchfuhren-des-arbeitsschutzausschusses-asa-sitzung\/\" \/>\n<meta property=\"og:locale\" content=\"en_GB\" \/>\n<meta property=\"og:type\" content=\"article\" \/>\n<meta property=\"og:title\" content=\"Planen und Durchf\u00fchren des Arbeitsschutzausschusses (ASA-Sitzung) - HEALTH &amp; SAFETY EXPERTS\" \/>\n<meta property=\"og:description\" content=\"Ab einer Betriebsgr\u00f6\u00dfe von \u00fcber 20 vollzeitbesch\u00e4ftigten Mitarbeitern schreibt \u00a7 11 desArbeitssicherheitsgesetz (ASiG) einen Arbeitsschutzausschuss (ASA) als ein Organ des betrieblichen Arbeitsschutzes vor. Er tritt mindestens einmal viertelj\u00e4hrlich zusammen. Dabei unterst\u00fctzen wir Sie bei: Analyse des Unfallgeschehens, Gef\u00e4hrdungsbeurteilungen, Planung von Aktionen, Investitionen in Arbeitsschutzma\u00dfnahmen Erfassung neuer Gef\u00e4hrdungen bei geplanten Prozessen\" \/>\n<meta property=\"og:url\" content=\"https:\/\/hs-experts.com\/en\/arbeitssicherheit\/planen-und-durchfuhren-des-arbeitsschutzausschusses-asa-sitzung\/\" \/>\n<meta property=\"og:site_name\" content=\"HEALTH &amp; SAFETY EXPERTS\" \/>\n<meta name=\"twitter:card\" content=\"summary_large_image\" \/>\n<script type=\"application\/ld+json\" class=\"yoast-schema-graph\">{\"@context\":\"https:\/\/schema.org\",\"@graph\":[{\"@type\":\"WebPage\",\"@id\":\"https:\/\/hs-experts.com\/arbeitssicherheit\/planen-und-durchfuhren-des-arbeitsschutzausschusses-asa-sitzung\/\",\"url\":\"https:\/\/hs-experts.com\/arbeitssicherheit\/planen-und-durchfuhren-des-arbeitsschutzausschusses-asa-sitzung\/\",\"name\":\"Planen und Durchf\u00fchren des Arbeitsschutzausschusses (ASA-Sitzung) - HEALTH &amp; SAFETY EXPERTS\",\"isPartOf\":{\"@id\":\"https:\/\/hs-experts.com\/#website\"},\"datePublished\":\"2023-11-01T08:57:36+00:00\",\"breadcrumb\":{\"@id\":\"https:\/\/hs-experts.com\/arbeitssicherheit\/planen-und-durchfuhren-des-arbeitsschutzausschusses-asa-sitzung\/#breadcrumb\"},\"inLanguage\":\"en-GB\",\"potentialAction\":[{\"@type\":\"ReadAction\",\"target\":[\"https:\/\/hs-experts.com\/arbeitssicherheit\/planen-und-durchfuhren-des-arbeitsschutzausschusses-asa-sitzung\/\"]}]},{\"@type\":\"BreadcrumbList\",\"@id\":\"https:\/\/hs-experts.com\/arbeitssicherheit\/planen-und-durchfuhren-des-arbeitsschutzausschusses-asa-sitzung\/#breadcrumb\",\"itemListElement\":[{\"@type\":\"ListItem\",\"position\":1,\"name\":\"Home\",\"item\":\"https:\/\/hs-experts.com\/\"},{\"@type\":\"ListItem\",\"position\":2,\"name\":\"Arbeitssicherheit\",\"item\":\"https:\/\/hs-experts.com\/arbeitssicherheit\/\"},{\"@type\":\"ListItem\",\"position\":3,\"name\":\"Planen und Durchf\u00fchren des Arbeitsschutzausschusses (ASA-Sitzung)\"}]},{\"@type\":\"WebSite\",\"@id\":\"https:\/\/hs-experts.com\/#website\",\"url\":\"https:\/\/hs-experts.com\/\",\"name\":\"HEALTH &amp; SAFETY EXPERTS\",\"description\":\"\",\"potentialAction\":[{\"@type\":\"SearchAction\",\"target\":{\"@type\":\"EntryPoint\",\"urlTemplate\":\"https:\/\/hs-experts.com\/?s={search_term_string}\"},\"query-input\":{\"@type\":\"PropertyValueSpecification\",\"valueRequired\":true,\"valueName\":\"search_term_string\"}}],\"inLanguage\":\"en-GB\"}]}<\/script>\n<!-- \/ Yoast SEO plugin. -->","yoast_head_json":{"title":"Planen und Durchf\u00fchren des Arbeitsschutzausschusses (ASA-Sitzung) - HEALTH &amp; SAFETY EXPERTS","robots":{"index":"index","follow":"follow","max-snippet":"max-snippet:-1","max-image-preview":"max-image-preview:large","max-video-preview":"max-video-preview:-1"},"canonical":"https:\/\/hs-experts.com\/en\/arbeitssicherheit\/planen-und-durchfuhren-des-arbeitsschutzausschusses-asa-sitzung\/","og_locale":"en_GB","og_type":"article","og_title":"Planen und Durchf\u00fchren des Arbeitsschutzausschusses (ASA-Sitzung) - HEALTH &amp; SAFETY EXPERTS","og_description":"Ab einer Betriebsgr\u00f6\u00dfe von \u00fcber 20 vollzeitbesch\u00e4ftigten Mitarbeitern schreibt \u00a7 11 desArbeitssicherheitsgesetz (ASiG) einen Arbeitsschutzausschuss (ASA) als ein Organ des betrieblichen Arbeitsschutzes vor. Er tritt mindestens einmal viertelj\u00e4hrlich zusammen. Dabei unterst\u00fctzen wir Sie bei: Analyse des Unfallgeschehens, Gef\u00e4hrdungsbeurteilungen, Planung von Aktionen, Investitionen in Arbeitsschutzma\u00dfnahmen Erfassung neuer Gef\u00e4hrdungen bei geplanten Prozessen","og_url":"https:\/\/hs-experts.com\/en\/arbeitssicherheit\/planen-und-durchfuhren-des-arbeitsschutzausschusses-asa-sitzung\/","og_site_name":"HEALTH &amp; SAFETY EXPERTS","twitter_card":"summary_large_image","schema":{"@context":"https:\/\/schema.org","@graph":[{"@type":"WebPage","@id":"https:\/\/hs-experts.com\/arbeitssicherheit\/planen-und-durchfuhren-des-arbeitsschutzausschusses-asa-sitzung\/","url":"https:\/\/hs-experts.com\/arbeitssicherheit\/planen-und-durchfuhren-des-arbeitsschutzausschusses-asa-sitzung\/","name":"Planen und Durchf\u00fchren des Arbeitsschutzausschusses (ASA-Sitzung) - HEALTH &amp; SAFETY EXPERTS","isPartOf":{"@id":"https:\/\/hs-experts.com\/#website"},"datePublished":"2023-11-01T08:57:36+00:00","breadcrumb":{"@id":"https:\/\/hs-experts.com\/arbeitssicherheit\/planen-und-durchfuhren-des-arbeitsschutzausschusses-asa-sitzung\/#breadcrumb"},"inLanguage":"en-GB","potentialAction":[{"@type":"ReadAction","target":["https:\/\/hs-experts.com\/arbeitssicherheit\/planen-und-durchfuhren-des-arbeitsschutzausschusses-asa-sitzung\/"]}]},{"@type":"BreadcrumbList","@id":"https:\/\/hs-experts.com\/arbeitssicherheit\/planen-und-durchfuhren-des-arbeitsschutzausschusses-asa-sitzung\/#breadcrumb","itemListElement":[{"@type":"ListItem","position":1,"name":"Home","item":"https:\/\/hs-experts.com\/"},{"@type":"ListItem","position":2,"name":"Arbeitssicherheit","item":"https:\/\/hs-experts.com\/arbeitssicherheit\/"},{"@type":"ListItem","position":3,"name":"Planen und Durchf\u00fchren des Arbeitsschutzausschusses (ASA-Sitzung)"}]},{"@type":"WebSite","@id":"https:\/\/hs-experts.com\/#website","url":"https:\/\/hs-experts.com\/","name":"HEALTH &amp; SAFETY EXPERTS","description":"","potentialAction":[{"@type":"SearchAction","target":{"@type":"EntryPoint","urlTemplate":"https:\/\/hs-experts.com\/?s={search_term_string}"},"query-input":{"@type":"PropertyValueSpecification","valueRequired":true,"valueName":"search_term_string"}}],"inLanguage":"en-GB"}]}},"_links":{"self":[{"href":"https:\/\/hs-experts.com\/en\/wp-json\/wp\/v2\/pages\/22015","targetHints":{"allow":["GET"]}}],"collection":[{"href":"https:\/\/hs-experts.com\/en\/wp-json\/wp\/v2\/pages"}],"about":[{"href":"https:\/\/hs-experts.com\/en\/wp-json\/wp\/v2\/types\/page"}],"author":[{"embeddable":true,"href":"https:\/\/hs-experts.com\/en\/wp-json\/wp\/v2\/users\/1"}],"replies":[{"embeddable":true,"href":"https:\/\/hs-experts.com\/en\/wp-json\/wp\/v2\/comments?post=22015"}],"version-history":[{"count":1,"href":"https:\/\/hs-experts.com\/en\/wp-json\/wp\/v2\/pages\/22015\/revisions"}],"predecessor-version":[{"id":22016,"href":"https:\/\/hs-experts.com\/en\/wp-json\/wp\/v2\/pages\/22015\/revisions\/22016"}],"up":[{"embeddable":true,"href":"https:\/\/hs-experts.com\/en\/wp-json\/wp\/v2\/pages\/21994"}],"wp:attachment":[{"href":"https:\/\/hs-experts.com\/en\/wp-json\/wp\/v2\/media?parent=22015"}],"curies":[{"name":"wp","href":"https:\/\/api.w.org\/{rel}","templated":true}]}}