{"id":22019,"date":"2023-11-01T09:08:08","date_gmt":"2023-11-01T09:08:08","guid":{"rendered":"https:\/\/hs-experts.com\/?page_id=22019"},"modified":"2024-05-29T10:38:29","modified_gmt":"2024-05-29T10:38:29","slug":"arbeitsunfaelle-und-berufskrankheiten","status":"publish","type":"page","link":"https:\/\/hs-experts.com\/en\/arbeitssicherheit\/arbeitsunfaelle-und-berufskrankheiten\/","title":{"rendered":"Occupational accidents and diseases"},"content":{"rendered":"<p>Accidents at work and occupational illnesses quickly lead to the decimation of the workforce. Sustainable work and a healthy corporate culture lead to long-term success and also prevent damage in the short term.<\/p>\n<p>In the event of accidents at work, employees can suffer damage to their health or die. If an employee is absent for more than three days following an accident at work, the accident must be reported to the employers' liability insurance association. Employers must also take a close look at the causes of the accident at work.<\/p>\n<p>A comprehensive analysis of accidents at work can prevent similar incidents in the future, minimise risks and reduce costs. We provide you with comprehensive advice and work with you to analyse such incidents.<\/p>\n<ul>\n<li aria-level=\"2\">Analysing and assessing occupational accidents and illnesses<\/li>\n<li aria-level=\"2\">Work accident analysis<\/li>\n<li aria-level=\"2\">Support in setting up and analysing accident statistics<\/li>\n<li aria-level=\"2\">Reintegration management<\/li>\n<\/ul>","protected":false},"excerpt":{"rendered":"<p>Accidents at work and occupational illnesses quickly lead to the decimation of the workforce. Sustainable work and a healthy corporate culture lead to long-term success and also prevent damage in the short term. Accidents at work can cause damage to employees' health or even death. If an employee is absent for more than three days following an accident at work, the accident must be reported to the employers' liability insurance association. This must [...]<\/p>","protected":false},"author":1,"featured_media":0,"parent":21994,"menu_order":0,"comment_status":"closed","ping_status":"closed","template":"","meta":{"inline_featured_image":false,"footnotes":""},"class_list":["post-22019","page","type-page","status-publish","hentry"],"yoast_head":"<!-- This site is optimized with the Yoast SEO plugin v25.3 - https:\/\/yoast.com\/wordpress\/plugins\/seo\/ -->\n<title>Arbeitsunf\u00e4lle und Betriebskrankheiten - Health&amp;Safety Experts<\/title>\n<meta name=\"description\" content=\"Verhindere Arbeitsunf\u00e4lle und Betriebskrankheiten effektiv! Erfahre, wie pr\u00e4ventive Ma\u00dfnahmen, Schulungen und sichere Arbeitspraktiken das Wohlbefinden deines Teams f\u00f6rdern\" \/>\n<meta name=\"robots\" content=\"index, follow, max-snippet:-1, max-image-preview:large, max-video-preview:-1\" \/>\n<link rel=\"canonical\" href=\"https:\/\/hs-experts.com\/en\/arbeitssicherheit\/arbeitsunfaelle-und-berufskrankheiten\/\" \/>\n<meta property=\"og:locale\" content=\"en_GB\" \/>\n<meta property=\"og:type\" content=\"article\" \/>\n<meta property=\"og:title\" content=\"Arbeitsunf\u00e4lle und Betriebskrankheiten - Health&amp;Safety Experts\" \/>\n<meta property=\"og:description\" content=\"Verhindere Arbeitsunf\u00e4lle und Betriebskrankheiten effektiv! Erfahre, wie pr\u00e4ventive Ma\u00dfnahmen, Schulungen und sichere Arbeitspraktiken das Wohlbefinden deines Teams f\u00f6rdern\" \/>\n<meta property=\"og:url\" content=\"https:\/\/hs-experts.com\/en\/arbeitssicherheit\/arbeitsunfaelle-und-berufskrankheiten\/\" \/>\n<meta property=\"og:site_name\" content=\"HEALTH &amp; SAFETY EXPERTS\" \/>\n<meta property=\"article:modified_time\" content=\"2024-05-29T10:38:29+00:00\" \/>\n<meta name=\"twitter:card\" content=\"summary_large_image\" \/>\n<meta name=\"twitter:label1\" content=\"Estimated reading time\" \/>\n\t<meta name=\"twitter:data1\" content=\"1 minute\" \/>\n<script type=\"application\/ld+json\" class=\"yoast-schema-graph\">{\"@context\":\"https:\/\/schema.org\",\"@graph\":[{\"@type\":\"WebPage\",\"@id\":\"https:\/\/hs-experts.com\/arbeitssicherheit\/arbeitsunfaelle-und-berufskrankheiten\/\",\"url\":\"https:\/\/hs-experts.com\/arbeitssicherheit\/arbeitsunfaelle-und-berufskrankheiten\/\",\"name\":\"Arbeitsunf\u00e4lle und Betriebskrankheiten - Health&Safety Experts\",\"isPartOf\":{\"@id\":\"https:\/\/hs-experts.com\/#website\"},\"datePublished\":\"2023-11-01T09:08:08+00:00\",\"dateModified\":\"2024-05-29T10:38:29+00:00\",\"description\":\"Verhindere Arbeitsunf\u00e4lle und Betriebskrankheiten effektiv! Erfahre, wie pr\u00e4ventive Ma\u00dfnahmen, Schulungen und sichere Arbeitspraktiken das Wohlbefinden deines Teams f\u00f6rdern\",\"breadcrumb\":{\"@id\":\"https:\/\/hs-experts.com\/arbeitssicherheit\/arbeitsunfaelle-und-berufskrankheiten\/#breadcrumb\"},\"inLanguage\":\"en-GB\",\"potentialAction\":[{\"@type\":\"ReadAction\",\"target\":[\"https:\/\/hs-experts.com\/arbeitssicherheit\/arbeitsunfaelle-und-berufskrankheiten\/\"]}]},{\"@type\":\"BreadcrumbList\",\"@id\":\"https:\/\/hs-experts.com\/arbeitssicherheit\/arbeitsunfaelle-und-berufskrankheiten\/#breadcrumb\",\"itemListElement\":[{\"@type\":\"ListItem\",\"position\":1,\"name\":\"Home\",\"item\":\"https:\/\/hs-experts.com\/\"},{\"@type\":\"ListItem\",\"position\":2,\"name\":\"Arbeitssicherheit\",\"item\":\"https:\/\/hs-experts.com\/arbeitssicherheit\/\"},{\"@type\":\"ListItem\",\"position\":3,\"name\":\"Arbeitsunf\u00e4lle und Berufskrankheiten\"}]},{\"@type\":\"WebSite\",\"@id\":\"https:\/\/hs-experts.com\/#website\",\"url\":\"https:\/\/hs-experts.com\/\",\"name\":\"HEALTH &amp; SAFETY EXPERTS\",\"description\":\"\",\"potentialAction\":[{\"@type\":\"SearchAction\",\"target\":{\"@type\":\"EntryPoint\",\"urlTemplate\":\"https:\/\/hs-experts.com\/?s={search_term_string}\"},\"query-input\":{\"@type\":\"PropertyValueSpecification\",\"valueRequired\":true,\"valueName\":\"search_term_string\"}}],\"inLanguage\":\"en-GB\"}]}<\/script>\n<!-- \/ Yoast SEO plugin. -->","yoast_head_json":{"title":"Arbeitsunf\u00e4lle und Betriebskrankheiten - Health&Safety Experts","description":"Verhindere Arbeitsunf\u00e4lle und Betriebskrankheiten effektiv! Erfahre, wie pr\u00e4ventive Ma\u00dfnahmen, Schulungen und sichere Arbeitspraktiken das Wohlbefinden deines Teams f\u00f6rdern","robots":{"index":"index","follow":"follow","max-snippet":"max-snippet:-1","max-image-preview":"max-image-preview:large","max-video-preview":"max-video-preview:-1"},"canonical":"https:\/\/hs-experts.com\/en\/arbeitssicherheit\/arbeitsunfaelle-und-berufskrankheiten\/","og_locale":"en_GB","og_type":"article","og_title":"Arbeitsunf\u00e4lle und Betriebskrankheiten - Health&Safety Experts","og_description":"Verhindere Arbeitsunf\u00e4lle und Betriebskrankheiten effektiv! Erfahre, wie pr\u00e4ventive Ma\u00dfnahmen, Schulungen und sichere Arbeitspraktiken das Wohlbefinden deines Teams f\u00f6rdern","og_url":"https:\/\/hs-experts.com\/en\/arbeitssicherheit\/arbeitsunfaelle-und-berufskrankheiten\/","og_site_name":"HEALTH &amp; SAFETY EXPERTS","article_modified_time":"2024-05-29T10:38:29+00:00","twitter_card":"summary_large_image","twitter_misc":{"Estimated reading time":"1 minute"},"schema":{"@context":"https:\/\/schema.org","@graph":[{"@type":"WebPage","@id":"https:\/\/hs-experts.com\/arbeitssicherheit\/arbeitsunfaelle-und-berufskrankheiten\/","url":"https:\/\/hs-experts.com\/arbeitssicherheit\/arbeitsunfaelle-und-berufskrankheiten\/","name":"Arbeitsunf\u00e4lle und Betriebskrankheiten - Health&Safety Experts","isPartOf":{"@id":"https:\/\/hs-experts.com\/#website"},"datePublished":"2023-11-01T09:08:08+00:00","dateModified":"2024-05-29T10:38:29+00:00","description":"Verhindere Arbeitsunf\u00e4lle und Betriebskrankheiten effektiv! Erfahre, wie pr\u00e4ventive Ma\u00dfnahmen, Schulungen und sichere Arbeitspraktiken das Wohlbefinden deines Teams f\u00f6rdern","breadcrumb":{"@id":"https:\/\/hs-experts.com\/arbeitssicherheit\/arbeitsunfaelle-und-berufskrankheiten\/#breadcrumb"},"inLanguage":"en-GB","potentialAction":[{"@type":"ReadAction","target":["https:\/\/hs-experts.com\/arbeitssicherheit\/arbeitsunfaelle-und-berufskrankheiten\/"]}]},{"@type":"BreadcrumbList","@id":"https:\/\/hs-experts.com\/arbeitssicherheit\/arbeitsunfaelle-und-berufskrankheiten\/#breadcrumb","itemListElement":[{"@type":"ListItem","position":1,"name":"Home","item":"https:\/\/hs-experts.com\/"},{"@type":"ListItem","position":2,"name":"Arbeitssicherheit","item":"https:\/\/hs-experts.com\/arbeitssicherheit\/"},{"@type":"ListItem","position":3,"name":"Arbeitsunf\u00e4lle und Berufskrankheiten"}]},{"@type":"WebSite","@id":"https:\/\/hs-experts.com\/#website","url":"https:\/\/hs-experts.com\/","name":"HEALTH &amp; SAFETY EXPERTS","description":"","potentialAction":[{"@type":"SearchAction","target":{"@type":"EntryPoint","urlTemplate":"https:\/\/hs-experts.com\/?s={search_term_string}"},"query-input":{"@type":"PropertyValueSpecification","valueRequired":true,"valueName":"search_term_string"}}],"inLanguage":"en-GB"}]}},"_hostinger_reach_plugin_has_subscription_block":false,"_hostinger_reach_plugin_is_elementor":false,"_links":{"self":[{"href":"https:\/\/hs-experts.com\/en\/wp-json\/wp\/v2\/pages\/22019","targetHints":{"allow":["GET"]}}],"collection":[{"href":"https:\/\/hs-experts.com\/en\/wp-json\/wp\/v2\/pages"}],"about":[{"href":"https:\/\/hs-experts.com\/en\/wp-json\/wp\/v2\/types\/page"}],"author":[{"embeddable":true,"href":"https:\/\/hs-experts.com\/en\/wp-json\/wp\/v2\/users\/1"}],"replies":[{"embeddable":true,"href":"https:\/\/hs-experts.com\/en\/wp-json\/wp\/v2\/comments?post=22019"}],"version-history":[{"count":16,"href":"https:\/\/hs-experts.com\/en\/wp-json\/wp\/v2\/pages\/22019\/revisions"}],"predecessor-version":[{"id":26233,"href":"https:\/\/hs-experts.com\/en\/wp-json\/wp\/v2\/pages\/22019\/revisions\/26233"}],"up":[{"embeddable":true,"href":"https:\/\/hs-experts.com\/en\/wp-json\/wp\/v2\/pages\/21994"}],"wp:attachment":[{"href":"https:\/\/hs-experts.com\/en\/wp-json\/wp\/v2\/media?parent=22019"}],"curies":[{"name":"wp","href":"https:\/\/api.w.org\/{rel}","templated":true}]}}