{"id":22023,"date":"2023-11-01T09:08:59","date_gmt":"2023-11-01T09:08:59","guid":{"rendered":"https:\/\/hs-experts.com\/?page_id=22023"},"modified":"2024-04-17T10:57:35","modified_gmt":"2024-04-17T10:57:35","slug":"erstellung-eines-larmkatasters","status":"publish","type":"page","link":"https:\/\/hs-experts.com\/en\/arbeitssicherheit\/erstellung-eines-larmkatasters\/","title":{"rendered":"Creation of a noise register"},"content":{"rendered":"<div data-elementor-type=\"wp-page\" data-elementor-id=\"22023\" class=\"elementor elementor-22023\" data-elementor-post-type=\"page\">\n\t\t\t\t<div class=\"elementor-element elementor-element-1ba838f9 e-flex e-con-boxed e-con e-parent\" data-id=\"1ba838f9\" data-element_type=\"container\">\n\t\t\t\t\t<div class=\"e-con-inner\">\n\t\t\t\t<div class=\"elementor-element elementor-element-770fd6de elementor-widget elementor-widget-text-editor\" data-id=\"770fd6de\" data-element_type=\"widget\" data-widget_type=\"text-editor.default\">\n\t\t\t\t<div class=\"elementor-widget-container\">\n\t\t\t\t\t\t\t\t\t<h3>Creation of a noise register in accordance with the Noise \/ Vibration Protection at Work Ordinance (L\u00e4rmVibrationsArbSchV)<\/h3><p>Noise within the meaning of this ordinance is any sound that can lead to hearing impairment or any other direct or indirect risk to the health and safety of employees.<br \/>When creating a noise register, the type and location of noise sources in the company are recorded. Noise exposure should be measured in order to ensure noise pollution and employee health in the long term. The creation of a noise register is essential in order to create a noise reduction programme.\u00a0<\/p>\t\t\t\t\t\t\t\t<\/div>\n\t\t\t\t<\/div>\n\t\t\t\t\t<\/div>\n\t\t\t\t<\/div>\n\t\t\t\t<\/div>","protected":false},"excerpt":{"rendered":"<p>Creation of a noise register in accordance with the Noise \/ Vibration Occupational Health and Safety Ordinance (L\u00e4rmVibrationsArbSchV) Noise within the meaning of this ordinance is any sound that can lead to hearing impairment or other direct or indirect hazards to the health and safety of employees. In order to determine the noise exposure and [...]<\/p>","protected":false},"author":1,"featured_media":0,"parent":21994,"menu_order":0,"comment_status":"closed","ping_status":"closed","template":"","meta":{"inline_featured_image":false,"footnotes":""},"class_list":["post-22023","page","type-page","status-publish","hentry"],"yoast_head":"<!-- This site is optimized with the Yoast SEO plugin v25.3 - https:\/\/yoast.com\/wordpress\/plugins\/seo\/ -->\n<title>Erstellung eines L\u00e4rmkatasters - HEALTH&amp;SAFETY EXPERTS<\/title>\n<meta name=\"description\" content=\"Die Erstellung eines L\u00e4rmkatasters als integraler Bestandteil eines L\u00e4rmminderungsprogramms. Alle L\u00e4rmquellen werden nach Art und Position aufgef\u00fchrt.\" \/>\n<meta name=\"robots\" content=\"index, follow, max-snippet:-1, max-image-preview:large, max-video-preview:-1\" \/>\n<link rel=\"canonical\" href=\"https:\/\/hs-experts.com\/en\/arbeitssicherheit\/erstellung-eines-larmkatasters\/\" \/>\n<meta property=\"og:locale\" content=\"en_GB\" \/>\n<meta property=\"og:type\" content=\"article\" \/>\n<meta property=\"og:title\" content=\"Erstellung eines L\u00e4rmkatasters - HEALTH&amp;SAFETY EXPERTS\" \/>\n<meta property=\"og:description\" content=\"Die Erstellung eines L\u00e4rmkatasters als integraler Bestandteil eines L\u00e4rmminderungsprogramms. Alle L\u00e4rmquellen werden nach Art und Position aufgef\u00fchrt.\" \/>\n<meta property=\"og:url\" content=\"https:\/\/hs-experts.com\/en\/arbeitssicherheit\/erstellung-eines-larmkatasters\/\" \/>\n<meta property=\"og:site_name\" content=\"HEALTH &amp; SAFETY EXPERTS\" \/>\n<meta property=\"article:modified_time\" content=\"2024-04-17T10:57:35+00:00\" \/>\n<meta name=\"twitter:card\" content=\"summary_large_image\" \/>\n<meta name=\"twitter:label1\" content=\"Estimated reading time\" \/>\n\t<meta name=\"twitter:data1\" content=\"1 minute\" \/>\n<script type=\"application\/ld+json\" class=\"yoast-schema-graph\">{\"@context\":\"https:\/\/schema.org\",\"@graph\":[{\"@type\":\"WebPage\",\"@id\":\"https:\/\/hs-experts.com\/en\/arbeitssicherheit\/erstellung-eines-larmkatasters\/\",\"url\":\"https:\/\/hs-experts.com\/en\/arbeitssicherheit\/erstellung-eines-larmkatasters\/\",\"name\":\"Erstellung eines L\u00e4rmkatasters - HEALTH&SAFETY EXPERTS\",\"isPartOf\":{\"@id\":\"https:\/\/hs-experts.com\/#website\"},\"datePublished\":\"2023-11-01T09:08:59+00:00\",\"dateModified\":\"2024-04-17T10:57:35+00:00\",\"description\":\"Die Erstellung eines L\u00e4rmkatasters als integraler Bestandteil eines L\u00e4rmminderungsprogramms. Alle L\u00e4rmquellen werden nach Art und Position aufgef\u00fchrt.\",\"breadcrumb\":{\"@id\":\"https:\/\/hs-experts.com\/en\/arbeitssicherheit\/erstellung-eines-larmkatasters\/#breadcrumb\"},\"inLanguage\":\"en-GB\",\"potentialAction\":[{\"@type\":\"ReadAction\",\"target\":[\"https:\/\/hs-experts.com\/en\/arbeitssicherheit\/erstellung-eines-larmkatasters\/\"]}]},{\"@type\":\"BreadcrumbList\",\"@id\":\"https:\/\/hs-experts.com\/en\/arbeitssicherheit\/erstellung-eines-larmkatasters\/#breadcrumb\",\"itemListElement\":[{\"@type\":\"ListItem\",\"position\":1,\"name\":\"Home\",\"item\":\"https:\/\/hs-experts.com\/\"},{\"@type\":\"ListItem\",\"position\":2,\"name\":\"Arbeitssicherheit\",\"item\":\"https:\/\/hs-experts.com\/arbeitssicherheit\/\"},{\"@type\":\"ListItem\",\"position\":3,\"name\":\"Erstellung eines L\u00e4rmkatasters\"}]},{\"@type\":\"WebSite\",\"@id\":\"https:\/\/hs-experts.com\/#website\",\"url\":\"https:\/\/hs-experts.com\/\",\"name\":\"HEALTH &amp; SAFETY EXPERTS\",\"description\":\"\",\"potentialAction\":[{\"@type\":\"SearchAction\",\"target\":{\"@type\":\"EntryPoint\",\"urlTemplate\":\"https:\/\/hs-experts.com\/?s={search_term_string}\"},\"query-input\":{\"@type\":\"PropertyValueSpecification\",\"valueRequired\":true,\"valueName\":\"search_term_string\"}}],\"inLanguage\":\"en-GB\"}]}<\/script>\n<!-- \/ Yoast SEO plugin. -->","yoast_head_json":{"title":"Erstellung eines L\u00e4rmkatasters - HEALTH&SAFETY EXPERTS","description":"Die Erstellung eines L\u00e4rmkatasters als integraler Bestandteil eines L\u00e4rmminderungsprogramms. Alle L\u00e4rmquellen werden nach Art und Position aufgef\u00fchrt.","robots":{"index":"index","follow":"follow","max-snippet":"max-snippet:-1","max-image-preview":"max-image-preview:large","max-video-preview":"max-video-preview:-1"},"canonical":"https:\/\/hs-experts.com\/en\/arbeitssicherheit\/erstellung-eines-larmkatasters\/","og_locale":"en_GB","og_type":"article","og_title":"Erstellung eines L\u00e4rmkatasters - HEALTH&SAFETY EXPERTS","og_description":"Die Erstellung eines L\u00e4rmkatasters als integraler Bestandteil eines L\u00e4rmminderungsprogramms. Alle L\u00e4rmquellen werden nach Art und Position aufgef\u00fchrt.","og_url":"https:\/\/hs-experts.com\/en\/arbeitssicherheit\/erstellung-eines-larmkatasters\/","og_site_name":"HEALTH &amp; SAFETY EXPERTS","article_modified_time":"2024-04-17T10:57:35+00:00","twitter_card":"summary_large_image","twitter_misc":{"Estimated reading time":"1 minute"},"schema":{"@context":"https:\/\/schema.org","@graph":[{"@type":"WebPage","@id":"https:\/\/hs-experts.com\/en\/arbeitssicherheit\/erstellung-eines-larmkatasters\/","url":"https:\/\/hs-experts.com\/en\/arbeitssicherheit\/erstellung-eines-larmkatasters\/","name":"Erstellung eines L\u00e4rmkatasters - HEALTH&SAFETY EXPERTS","isPartOf":{"@id":"https:\/\/hs-experts.com\/#website"},"datePublished":"2023-11-01T09:08:59+00:00","dateModified":"2024-04-17T10:57:35+00:00","description":"Die Erstellung eines L\u00e4rmkatasters als integraler Bestandteil eines L\u00e4rmminderungsprogramms. Alle L\u00e4rmquellen werden nach Art und Position aufgef\u00fchrt.","breadcrumb":{"@id":"https:\/\/hs-experts.com\/en\/arbeitssicherheit\/erstellung-eines-larmkatasters\/#breadcrumb"},"inLanguage":"en-GB","potentialAction":[{"@type":"ReadAction","target":["https:\/\/hs-experts.com\/en\/arbeitssicherheit\/erstellung-eines-larmkatasters\/"]}]},{"@type":"BreadcrumbList","@id":"https:\/\/hs-experts.com\/en\/arbeitssicherheit\/erstellung-eines-larmkatasters\/#breadcrumb","itemListElement":[{"@type":"ListItem","position":1,"name":"Home","item":"https:\/\/hs-experts.com\/"},{"@type":"ListItem","position":2,"name":"Arbeitssicherheit","item":"https:\/\/hs-experts.com\/arbeitssicherheit\/"},{"@type":"ListItem","position":3,"name":"Erstellung eines L\u00e4rmkatasters"}]},{"@type":"WebSite","@id":"https:\/\/hs-experts.com\/#website","url":"https:\/\/hs-experts.com\/","name":"HEALTH &amp; SAFETY EXPERTS","description":"","potentialAction":[{"@type":"SearchAction","target":{"@type":"EntryPoint","urlTemplate":"https:\/\/hs-experts.com\/?s={search_term_string}"},"query-input":{"@type":"PropertyValueSpecification","valueRequired":true,"valueName":"search_term_string"}}],"inLanguage":"en-GB"}]}},"_hostinger_reach_plugin_has_subscription_block":false,"_hostinger_reach_plugin_is_elementor":false,"_links":{"self":[{"href":"https:\/\/hs-experts.com\/en\/wp-json\/wp\/v2\/pages\/22023","targetHints":{"allow":["GET"]}}],"collection":[{"href":"https:\/\/hs-experts.com\/en\/wp-json\/wp\/v2\/pages"}],"about":[{"href":"https:\/\/hs-experts.com\/en\/wp-json\/wp\/v2\/types\/page"}],"author":[{"embeddable":true,"href":"https:\/\/hs-experts.com\/en\/wp-json\/wp\/v2\/users\/1"}],"replies":[{"embeddable":true,"href":"https:\/\/hs-experts.com\/en\/wp-json\/wp\/v2\/comments?post=22023"}],"version-history":[{"count":8,"href":"https:\/\/hs-experts.com\/en\/wp-json\/wp\/v2\/pages\/22023\/revisions"}],"predecessor-version":[{"id":25766,"href":"https:\/\/hs-experts.com\/en\/wp-json\/wp\/v2\/pages\/22023\/revisions\/25766"}],"up":[{"embeddable":true,"href":"https:\/\/hs-experts.com\/en\/wp-json\/wp\/v2\/pages\/21994"}],"wp:attachment":[{"href":"https:\/\/hs-experts.com\/en\/wp-json\/wp\/v2\/media?parent=22023"}],"curies":[{"name":"wp","href":"https:\/\/api.w.org\/{rel}","templated":true}]}}