{"id":22025,"date":"2023-11-01T09:09:21","date_gmt":"2023-11-01T09:09:21","guid":{"rendered":"https:\/\/hs-experts.com\/?page_id=22025"},"modified":"2023-11-01T09:09:21","modified_gmt":"2023-11-01T09:09:21","slug":"personliche-schutzausrustung-psa","status":"publish","type":"page","link":"https:\/\/hs-experts.com\/en\/arbeitssicherheit\/personliche-schutzausrustung-psa\/","title":{"rendered":"Personal protective equipment (PPE)"},"content":{"rendered":"<p>We support you in the introduction of suitable protective equipment in accordance with the PPE Utilisation Ordinance (PSA-BV). Companies with more than 20 employees require at least one safety officer in accordance with Section 20 (1) of the accident prevention regulation \"Principles of Prevention\" (BGV A1). They ensure that protective devices and equipment are available and point out to colleagues any behaviour that is contrary to safety or health requirements, including the wearing of personal protective equipment (safety helmet, protective gloves, etc.).<\/p>\n<ul>\n<li aria-level=\"2\">Instruction<\/li>\n<li aria-level=\"2\">Operating instructions<\/li>\n<li aria-level=\"2\">PPE Utilisation Ordinance (PSA-BV)<\/li>\n<\/ul>","protected":false},"excerpt":{"rendered":"<p>We support you in the introduction of suitable protective equipment in accordance with the PPE Utilisation Ordinance (PSA-BV). Companies with more than 20 employees require at least one safety officer in accordance with Section 20 (1) of the accident prevention regulation \"Principles of Prevention\" (BGV A1). They ensure that protective devices and equipment are available and point out to colleagues any behaviour that is contrary to safety or health requirements, including [...]<\/p>","protected":false},"author":1,"featured_media":0,"parent":21994,"menu_order":0,"comment_status":"closed","ping_status":"closed","template":"","meta":{"inline_featured_image":false,"footnotes":""},"class_list":["post-22025","page","type-page","status-publish","hentry"],"yoast_head":"<!-- This site is optimized with the Yoast SEO plugin v25.3 - https:\/\/yoast.com\/wordpress\/plugins\/seo\/ -->\n<title>Pers\u00f6nliche Schutzausr\u00fcstung (PSA) - HEALTH &amp; SAFETY EXPERTS<\/title>\n<meta name=\"robots\" content=\"index, follow, max-snippet:-1, max-image-preview:large, max-video-preview:-1\" \/>\n<link rel=\"canonical\" href=\"https:\/\/hs-experts.com\/en\/arbeitssicherheit\/personliche-schutzausrustung-psa\/\" \/>\n<meta property=\"og:locale\" content=\"en_GB\" \/>\n<meta property=\"og:type\" content=\"article\" \/>\n<meta property=\"og:title\" content=\"Pers\u00f6nliche Schutzausr\u00fcstung (PSA) - HEALTH &amp; SAFETY EXPERTS\" \/>\n<meta property=\"og:description\" content=\"Wir unterst\u00fctzen Sie bei der Einf\u00fchrung von geeigneter Schutzausr\u00fcstung nach PSA-Benutzungsverordnung (PSA-BV). Firmen mit mehr als 20 Besch\u00e4ftigten ben\u00f6tigen laut \u00a7 20 Abs. 1 der Unfallverh\u00fctungsvorschrift \u201eGrunds\u00e4tze der Pr\u00e4vention\u201c (BGV A1) mindestens einen Sicherheitsbeauftragten. Sie sorgen daf\u00fcr, dass Schutzvorrichtungen und -ausr\u00fcstungen vorhanden sind und weisen Kollegen auf sicherheits- oder gesundheitswidriges Verhalten hin, dies betrifft unter [&hellip;]\" \/>\n<meta property=\"og:url\" content=\"https:\/\/hs-experts.com\/en\/arbeitssicherheit\/personliche-schutzausrustung-psa\/\" \/>\n<meta property=\"og:site_name\" content=\"HEALTH &amp; SAFETY EXPERTS\" \/>\n<meta name=\"twitter:card\" content=\"summary_large_image\" \/>\n<script type=\"application\/ld+json\" class=\"yoast-schema-graph\">{\"@context\":\"https:\/\/schema.org\",\"@graph\":[{\"@type\":\"WebPage\",\"@id\":\"https:\/\/hs-experts.com\/arbeitssicherheit\/personliche-schutzausrustung-psa\/\",\"url\":\"https:\/\/hs-experts.com\/arbeitssicherheit\/personliche-schutzausrustung-psa\/\",\"name\":\"Pers\u00f6nliche Schutzausr\u00fcstung (PSA) - HEALTH &amp; SAFETY EXPERTS\",\"isPartOf\":{\"@id\":\"https:\/\/hs-experts.com\/#website\"},\"datePublished\":\"2023-11-01T09:09:21+00:00\",\"breadcrumb\":{\"@id\":\"https:\/\/hs-experts.com\/arbeitssicherheit\/personliche-schutzausrustung-psa\/#breadcrumb\"},\"inLanguage\":\"en-GB\",\"potentialAction\":[{\"@type\":\"ReadAction\",\"target\":[\"https:\/\/hs-experts.com\/arbeitssicherheit\/personliche-schutzausrustung-psa\/\"]}]},{\"@type\":\"BreadcrumbList\",\"@id\":\"https:\/\/hs-experts.com\/arbeitssicherheit\/personliche-schutzausrustung-psa\/#breadcrumb\",\"itemListElement\":[{\"@type\":\"ListItem\",\"position\":1,\"name\":\"Home\",\"item\":\"https:\/\/hs-experts.com\/\"},{\"@type\":\"ListItem\",\"position\":2,\"name\":\"Arbeitssicherheit\",\"item\":\"https:\/\/hs-experts.com\/arbeitssicherheit\/\"},{\"@type\":\"ListItem\",\"position\":3,\"name\":\"Pers\u00f6nliche Schutzausr\u00fcstung (PSA)\"}]},{\"@type\":\"WebSite\",\"@id\":\"https:\/\/hs-experts.com\/#website\",\"url\":\"https:\/\/hs-experts.com\/\",\"name\":\"HEALTH &amp; SAFETY EXPERTS\",\"description\":\"\",\"potentialAction\":[{\"@type\":\"SearchAction\",\"target\":{\"@type\":\"EntryPoint\",\"urlTemplate\":\"https:\/\/hs-experts.com\/?s={search_term_string}\"},\"query-input\":{\"@type\":\"PropertyValueSpecification\",\"valueRequired\":true,\"valueName\":\"search_term_string\"}}],\"inLanguage\":\"en-GB\"}]}<\/script>\n<!-- \/ Yoast SEO plugin. -->","yoast_head_json":{"title":"Pers\u00f6nliche Schutzausr\u00fcstung (PSA) - HEALTH &amp; SAFETY EXPERTS","robots":{"index":"index","follow":"follow","max-snippet":"max-snippet:-1","max-image-preview":"max-image-preview:large","max-video-preview":"max-video-preview:-1"},"canonical":"https:\/\/hs-experts.com\/en\/arbeitssicherheit\/personliche-schutzausrustung-psa\/","og_locale":"en_GB","og_type":"article","og_title":"Pers\u00f6nliche Schutzausr\u00fcstung (PSA) - HEALTH &amp; SAFETY EXPERTS","og_description":"Wir unterst\u00fctzen Sie bei der Einf\u00fchrung von geeigneter Schutzausr\u00fcstung nach PSA-Benutzungsverordnung (PSA-BV). Firmen mit mehr als 20 Besch\u00e4ftigten ben\u00f6tigen laut \u00a7 20 Abs. 1 der Unfallverh\u00fctungsvorschrift \u201eGrunds\u00e4tze der Pr\u00e4vention\u201c (BGV A1) mindestens einen Sicherheitsbeauftragten. Sie sorgen daf\u00fcr, dass Schutzvorrichtungen und -ausr\u00fcstungen vorhanden sind und weisen Kollegen auf sicherheits- oder gesundheitswidriges Verhalten hin, dies betrifft unter [&hellip;]","og_url":"https:\/\/hs-experts.com\/en\/arbeitssicherheit\/personliche-schutzausrustung-psa\/","og_site_name":"HEALTH &amp; SAFETY EXPERTS","twitter_card":"summary_large_image","schema":{"@context":"https:\/\/schema.org","@graph":[{"@type":"WebPage","@id":"https:\/\/hs-experts.com\/arbeitssicherheit\/personliche-schutzausrustung-psa\/","url":"https:\/\/hs-experts.com\/arbeitssicherheit\/personliche-schutzausrustung-psa\/","name":"Pers\u00f6nliche Schutzausr\u00fcstung (PSA) - HEALTH &amp; SAFETY EXPERTS","isPartOf":{"@id":"https:\/\/hs-experts.com\/#website"},"datePublished":"2023-11-01T09:09:21+00:00","breadcrumb":{"@id":"https:\/\/hs-experts.com\/arbeitssicherheit\/personliche-schutzausrustung-psa\/#breadcrumb"},"inLanguage":"en-GB","potentialAction":[{"@type":"ReadAction","target":["https:\/\/hs-experts.com\/arbeitssicherheit\/personliche-schutzausrustung-psa\/"]}]},{"@type":"BreadcrumbList","@id":"https:\/\/hs-experts.com\/arbeitssicherheit\/personliche-schutzausrustung-psa\/#breadcrumb","itemListElement":[{"@type":"ListItem","position":1,"name":"Home","item":"https:\/\/hs-experts.com\/"},{"@type":"ListItem","position":2,"name":"Arbeitssicherheit","item":"https:\/\/hs-experts.com\/arbeitssicherheit\/"},{"@type":"ListItem","position":3,"name":"Pers\u00f6nliche Schutzausr\u00fcstung (PSA)"}]},{"@type":"WebSite","@id":"https:\/\/hs-experts.com\/#website","url":"https:\/\/hs-experts.com\/","name":"HEALTH &amp; SAFETY EXPERTS","description":"","potentialAction":[{"@type":"SearchAction","target":{"@type":"EntryPoint","urlTemplate":"https:\/\/hs-experts.com\/?s={search_term_string}"},"query-input":{"@type":"PropertyValueSpecification","valueRequired":true,"valueName":"search_term_string"}}],"inLanguage":"en-GB"}]}},"_hostinger_reach_plugin_has_subscription_block":false,"_hostinger_reach_plugin_is_elementor":false,"_links":{"self":[{"href":"https:\/\/hs-experts.com\/en\/wp-json\/wp\/v2\/pages\/22025","targetHints":{"allow":["GET"]}}],"collection":[{"href":"https:\/\/hs-experts.com\/en\/wp-json\/wp\/v2\/pages"}],"about":[{"href":"https:\/\/hs-experts.com\/en\/wp-json\/wp\/v2\/types\/page"}],"author":[{"embeddable":true,"href":"https:\/\/hs-experts.com\/en\/wp-json\/wp\/v2\/users\/1"}],"replies":[{"embeddable":true,"href":"https:\/\/hs-experts.com\/en\/wp-json\/wp\/v2\/comments?post=22025"}],"version-history":[{"count":1,"href":"https:\/\/hs-experts.com\/en\/wp-json\/wp\/v2\/pages\/22025\/revisions"}],"predecessor-version":[{"id":22026,"href":"https:\/\/hs-experts.com\/en\/wp-json\/wp\/v2\/pages\/22025\/revisions\/22026"}],"up":[{"embeddable":true,"href":"https:\/\/hs-experts.com\/en\/wp-json\/wp\/v2\/pages\/21994"}],"wp:attachment":[{"href":"https:\/\/hs-experts.com\/en\/wp-json\/wp\/v2\/media?parent=22025"}],"curies":[{"name":"wp","href":"https:\/\/api.w.org\/{rel}","templated":true}]}}