{"id":22027,"date":"2023-11-01T09:09:51","date_gmt":"2023-11-01T09:09:51","guid":{"rendered":"https:\/\/hs-experts.com\/?page_id=22027"},"modified":"2023-11-01T09:09:51","modified_gmt":"2023-11-01T09:09:51","slug":"stellung-eines-internen-und-externen-brandschutzbeauftragten","status":"publish","type":"page","link":"https:\/\/hs-experts.com\/en\/arbeitssicherheit\/stellung-eines-internen-und-externen-brandschutzbeauftragten\/","title":{"rendered":"Appointment of an internal and external fire safety officer"},"content":{"rendered":"<p>At an organisational level, a fire safety officer protects employees and buildings from damage caused by fires and explosions. For business owners, fires are a major disaster and reason enough to take a long-term approach to fire prevention. Failure to comply with basic fire safety regulations is often the cause of fires. When planning permission is granted for buildings, fire safety officers are often required by law - not only for new builds, but also for extensions.<\/p>\n<p>The tasks of a fire safety officer include<\/p>\n<ul>\n<li>the creation of fire safety regulations,<\/li>\n<li>the organisation of fire safety instructions and<\/li>\n<li>the regular organisation of fire safety inspections.<\/li>\n<li aria-level=\"2\">Creation of escape and rescue plans<\/li>\n<li aria-level=\"2\">Creation of alarm and emergency plans<\/li>\n<\/ul>\n<p>As safety engineers, we advise you on preventive fire protection and inform you about the most important fire protection regulations and their practical application. These include<\/p>\n<ul>\n<li>Occupational Health and Safety Act (ArbSchG)<\/li>\n<li>Workplace Ordinance (ArbSt\u00e4ttV)<\/li>\n<li>Technical rule for workplaces A1.3 (ASR A1.3 - Safety and health labelling)<\/li>\n<li>Technical rule for workplaces A2.3 (ASR A2.3 - Escape routes and emergency exits, escape and rescue plan)<\/li>\n<li>Employer's Liability Insurance Association Information (BGI) 560 Occupational safety through preventive fire protection<\/li>\n<li>Employer's Liability Insurance Association Information (BGI) 562 Fire protection<\/li>\n<\/ul>","protected":false},"excerpt":{"rendered":"<p>At an organisational level, a fire safety officer protects employees and buildings from damage caused by fires and explosions. For business owners, fires are a major disaster and reason enough to take a long-term approach to fire prevention. Failure to comply with basic fire safety regulations is often the cause of fires. When planning permission is granted for buildings, fire safety officers are often required by law - [...]<\/p>","protected":false},"author":1,"featured_media":0,"parent":21994,"menu_order":0,"comment_status":"closed","ping_status":"closed","template":"","meta":{"inline_featured_image":false,"footnotes":""},"class_list":["post-22027","page","type-page","status-publish","hentry"],"yoast_head":"<!-- This site is optimized with the Yoast SEO plugin v25.3 - https:\/\/yoast.com\/wordpress\/plugins\/seo\/ -->\n<title>Stellung eines internen und externen Brandschutzbeauftragten - HEALTH &amp; SAFETY EXPERTS<\/title>\n<meta name=\"robots\" content=\"index, follow, max-snippet:-1, max-image-preview:large, max-video-preview:-1\" \/>\n<link rel=\"canonical\" href=\"https:\/\/hs-experts.com\/en\/arbeitssicherheit\/stellung-eines-internen-und-externen-brandschutzbeauftragten\/\" \/>\n<meta property=\"og:locale\" content=\"en_GB\" \/>\n<meta property=\"og:type\" content=\"article\" \/>\n<meta property=\"og:title\" content=\"Stellung eines internen und externen Brandschutzbeauftragten - HEALTH &amp; SAFETY EXPERTS\" \/>\n<meta property=\"og:description\" content=\"Ein Brandschutzbeauftragter sch\u00fctzt auf organisatorischer Ebene die Mitarbeiter und Geb\u00e4ude vor Sch\u00e4den durch Br\u00e4nde und Explosionen. F\u00fcr die Unternehmer sind Br\u00e4nde ein Supergau und Grund genug, um sich nachhaltig mit der Brandvermeidung auseinanderzusetzen. H\u00e4ufig ist die Nichtbeachtung grundlegender Brandschutzregeln Ursache von Br\u00e4nden. Wenn Baugenehmigungen f\u00fcr Geb\u00e4ude erteilt werden, werden h\u00e4ufig Brandschutzbeauftragte von Rechtswegen gefordert \u2013 [&hellip;]\" \/>\n<meta property=\"og:url\" content=\"https:\/\/hs-experts.com\/en\/arbeitssicherheit\/stellung-eines-internen-und-externen-brandschutzbeauftragten\/\" \/>\n<meta property=\"og:site_name\" content=\"HEALTH &amp; SAFETY EXPERTS\" \/>\n<meta name=\"twitter:card\" content=\"summary_large_image\" \/>\n<meta name=\"twitter:label1\" content=\"Estimated reading time\" \/>\n\t<meta name=\"twitter:data1\" content=\"1 minute\" \/>\n<script type=\"application\/ld+json\" class=\"yoast-schema-graph\">{\"@context\":\"https:\/\/schema.org\",\"@graph\":[{\"@type\":\"WebPage\",\"@id\":\"https:\/\/hs-experts.com\/arbeitssicherheit\/stellung-eines-internen-und-externen-brandschutzbeauftragten\/\",\"url\":\"https:\/\/hs-experts.com\/arbeitssicherheit\/stellung-eines-internen-und-externen-brandschutzbeauftragten\/\",\"name\":\"Stellung eines internen und externen Brandschutzbeauftragten - HEALTH &amp; SAFETY EXPERTS\",\"isPartOf\":{\"@id\":\"https:\/\/hs-experts.com\/#website\"},\"datePublished\":\"2023-11-01T09:09:51+00:00\",\"breadcrumb\":{\"@id\":\"https:\/\/hs-experts.com\/arbeitssicherheit\/stellung-eines-internen-und-externen-brandschutzbeauftragten\/#breadcrumb\"},\"inLanguage\":\"en-GB\",\"potentialAction\":[{\"@type\":\"ReadAction\",\"target\":[\"https:\/\/hs-experts.com\/arbeitssicherheit\/stellung-eines-internen-und-externen-brandschutzbeauftragten\/\"]}]},{\"@type\":\"BreadcrumbList\",\"@id\":\"https:\/\/hs-experts.com\/arbeitssicherheit\/stellung-eines-internen-und-externen-brandschutzbeauftragten\/#breadcrumb\",\"itemListElement\":[{\"@type\":\"ListItem\",\"position\":1,\"name\":\"Home\",\"item\":\"https:\/\/hs-experts.com\/\"},{\"@type\":\"ListItem\",\"position\":2,\"name\":\"Arbeitssicherheit\",\"item\":\"https:\/\/hs-experts.com\/arbeitssicherheit\/\"},{\"@type\":\"ListItem\",\"position\":3,\"name\":\"Stellung eines internen und externen Brandschutzbeauftragten\"}]},{\"@type\":\"WebSite\",\"@id\":\"https:\/\/hs-experts.com\/#website\",\"url\":\"https:\/\/hs-experts.com\/\",\"name\":\"HEALTH &amp; SAFETY EXPERTS\",\"description\":\"\",\"potentialAction\":[{\"@type\":\"SearchAction\",\"target\":{\"@type\":\"EntryPoint\",\"urlTemplate\":\"https:\/\/hs-experts.com\/?s={search_term_string}\"},\"query-input\":{\"@type\":\"PropertyValueSpecification\",\"valueRequired\":true,\"valueName\":\"search_term_string\"}}],\"inLanguage\":\"en-GB\"}]}<\/script>\n<!-- \/ Yoast SEO plugin. -->","yoast_head_json":{"title":"Stellung eines internen und externen Brandschutzbeauftragten - HEALTH &amp; SAFETY EXPERTS","robots":{"index":"index","follow":"follow","max-snippet":"max-snippet:-1","max-image-preview":"max-image-preview:large","max-video-preview":"max-video-preview:-1"},"canonical":"https:\/\/hs-experts.com\/en\/arbeitssicherheit\/stellung-eines-internen-und-externen-brandschutzbeauftragten\/","og_locale":"en_GB","og_type":"article","og_title":"Stellung eines internen und externen Brandschutzbeauftragten - HEALTH &amp; SAFETY EXPERTS","og_description":"Ein Brandschutzbeauftragter sch\u00fctzt auf organisatorischer Ebene die Mitarbeiter und Geb\u00e4ude vor Sch\u00e4den durch Br\u00e4nde und Explosionen. F\u00fcr die Unternehmer sind Br\u00e4nde ein Supergau und Grund genug, um sich nachhaltig mit der Brandvermeidung auseinanderzusetzen. H\u00e4ufig ist die Nichtbeachtung grundlegender Brandschutzregeln Ursache von Br\u00e4nden. Wenn Baugenehmigungen f\u00fcr Geb\u00e4ude erteilt werden, werden h\u00e4ufig Brandschutzbeauftragte von Rechtswegen gefordert \u2013 [&hellip;]","og_url":"https:\/\/hs-experts.com\/en\/arbeitssicherheit\/stellung-eines-internen-und-externen-brandschutzbeauftragten\/","og_site_name":"HEALTH &amp; SAFETY EXPERTS","twitter_card":"summary_large_image","twitter_misc":{"Estimated reading time":"1 minute"},"schema":{"@context":"https:\/\/schema.org","@graph":[{"@type":"WebPage","@id":"https:\/\/hs-experts.com\/arbeitssicherheit\/stellung-eines-internen-und-externen-brandschutzbeauftragten\/","url":"https:\/\/hs-experts.com\/arbeitssicherheit\/stellung-eines-internen-und-externen-brandschutzbeauftragten\/","name":"Stellung eines internen und externen Brandschutzbeauftragten - HEALTH &amp; SAFETY EXPERTS","isPartOf":{"@id":"https:\/\/hs-experts.com\/#website"},"datePublished":"2023-11-01T09:09:51+00:00","breadcrumb":{"@id":"https:\/\/hs-experts.com\/arbeitssicherheit\/stellung-eines-internen-und-externen-brandschutzbeauftragten\/#breadcrumb"},"inLanguage":"en-GB","potentialAction":[{"@type":"ReadAction","target":["https:\/\/hs-experts.com\/arbeitssicherheit\/stellung-eines-internen-und-externen-brandschutzbeauftragten\/"]}]},{"@type":"BreadcrumbList","@id":"https:\/\/hs-experts.com\/arbeitssicherheit\/stellung-eines-internen-und-externen-brandschutzbeauftragten\/#breadcrumb","itemListElement":[{"@type":"ListItem","position":1,"name":"Home","item":"https:\/\/hs-experts.com\/"},{"@type":"ListItem","position":2,"name":"Arbeitssicherheit","item":"https:\/\/hs-experts.com\/arbeitssicherheit\/"},{"@type":"ListItem","position":3,"name":"Stellung eines internen und externen Brandschutzbeauftragten"}]},{"@type":"WebSite","@id":"https:\/\/hs-experts.com\/#website","url":"https:\/\/hs-experts.com\/","name":"HEALTH &amp; SAFETY EXPERTS","description":"","potentialAction":[{"@type":"SearchAction","target":{"@type":"EntryPoint","urlTemplate":"https:\/\/hs-experts.com\/?s={search_term_string}"},"query-input":{"@type":"PropertyValueSpecification","valueRequired":true,"valueName":"search_term_string"}}],"inLanguage":"en-GB"}]}},"_hostinger_reach_plugin_has_subscription_block":false,"_hostinger_reach_plugin_is_elementor":false,"_links":{"self":[{"href":"https:\/\/hs-experts.com\/en\/wp-json\/wp\/v2\/pages\/22027","targetHints":{"allow":["GET"]}}],"collection":[{"href":"https:\/\/hs-experts.com\/en\/wp-json\/wp\/v2\/pages"}],"about":[{"href":"https:\/\/hs-experts.com\/en\/wp-json\/wp\/v2\/types\/page"}],"author":[{"embeddable":true,"href":"https:\/\/hs-experts.com\/en\/wp-json\/wp\/v2\/users\/1"}],"replies":[{"embeddable":true,"href":"https:\/\/hs-experts.com\/en\/wp-json\/wp\/v2\/comments?post=22027"}],"version-history":[{"count":1,"href":"https:\/\/hs-experts.com\/en\/wp-json\/wp\/v2\/pages\/22027\/revisions"}],"predecessor-version":[{"id":22028,"href":"https:\/\/hs-experts.com\/en\/wp-json\/wp\/v2\/pages\/22027\/revisions\/22028"}],"up":[{"embeddable":true,"href":"https:\/\/hs-experts.com\/en\/wp-json\/wp\/v2\/pages\/21994"}],"wp:attachment":[{"href":"https:\/\/hs-experts.com\/en\/wp-json\/wp\/v2\/media?parent=22027"}],"curies":[{"name":"wp","href":"https:\/\/api.w.org\/{rel}","templated":true}]}}