{"id":22029,"date":"2023-11-01T09:10:23","date_gmt":"2023-11-01T09:10:23","guid":{"rendered":"https:\/\/hs-experts.com\/?page_id=22029"},"modified":"2023-11-01T09:10:23","modified_gmt":"2023-11-01T09:10:23","slug":"stellung-einer-fachkraft-fur-arbeitssicherheit","status":"publish","type":"page","link":"https:\/\/hs-experts.com\/en\/arbeitssicherheit\/stellung-einer-fachkraft-fur-arbeitssicherheit\/","title":{"rendered":"Position of an occupational safety specialist"},"content":{"rendered":"<p>The Occupational Safety Act (ASiG) stipulates that employers must appoint occupational safety specialists to provide safety-related support for their employees. Regulation 2 of the German Social Accident Insurance (DGUV) specifies the number of hours that an occupational safety specialist must be appointed based on the number of employees and the support group. The specialist can be a qualified employee of the company who has received extensive training. An external specialist is also frequently utilised, which we can provide for you.<\/p>\n<p>As an external occupational safety specialist, we support employers in an advisory capacity and actively organise occupational safety. In doing so, we can also influence, organise and motivate employees with regard to the safe and healthy design of working conditions.<\/p>\n<p>Depending on the customer's wishes, this applies:<\/p>\n<ul>\n<li aria-level=\"1\">Planning, realisation and maintenance of the operating facilities<\/li>\n<li aria-level=\"1\">Procurement of work equipment and personal protective equipment<\/li>\n<li aria-level=\"1\">Design of workstations and processes (setting up VDU workstations, design of machine workstations, etc.)<\/li>\n<li aria-level=\"1\">Safety inspection of operating facilities<\/li>\n<li aria-level=\"1\">Monitoring of occupational health and safety measures<\/li>\n<li aria-level=\"1\">Creation of machine operating instructions and hazardous substance operating instructions<\/li>\n<li aria-level=\"1\">Informing and instructing employees with regard to occupational health and safety<\/li>\n<li aria-level=\"1\">Investigation of accidents at work<\/li>\n<li aria-level=\"1\">Support with the preparation of accident reports<\/li>\n<li aria-level=\"1\">Organisation of occupational health and safety<\/li>\n<\/ul>","protected":false},"excerpt":{"rendered":"<p>The Occupational Safety Act (ASiG) stipulates that employers must appoint occupational safety specialists to provide safety-related support for their employees. Regulation 2 of the German Social Accident Insurance (DGUV) specifies the number of hours that an occupational safety specialist must be appointed based on the number of employees and the support group. The specialist can be a qualified employee [...]<\/p>","protected":false},"author":1,"featured_media":0,"parent":21994,"menu_order":0,"comment_status":"closed","ping_status":"closed","template":"","meta":{"inline_featured_image":false,"footnotes":""},"class_list":["post-22029","page","type-page","status-publish","hentry"],"yoast_head":"<!-- This site is optimized with the Yoast SEO plugin v25.3 - https:\/\/yoast.com\/wordpress\/plugins\/seo\/ -->\n<title>Stellung einer Fachkraft f\u00fcr Arbeitssicherheit - HEALTH &amp; SAFETY EXPERTS<\/title>\n<meta name=\"robots\" content=\"index, follow, max-snippet:-1, max-image-preview:large, max-video-preview:-1\" \/>\n<link rel=\"canonical\" href=\"https:\/\/hs-experts.com\/en\/arbeitssicherheit\/stellung-einer-fachkraft-fur-arbeitssicherheit\/\" \/>\n<meta property=\"og:locale\" content=\"en_GB\" \/>\n<meta property=\"og:type\" content=\"article\" \/>\n<meta property=\"og:title\" content=\"Stellung einer Fachkraft f\u00fcr Arbeitssicherheit - HEALTH &amp; SAFETY EXPERTS\" \/>\n<meta property=\"og:description\" content=\"Das Arbeitssicherheitsgesetz (ASiG) sieht vor, dass ein Arbeitgeber f\u00fcr die sicherheitstechnische Betreuung seiner Mitarbeiter Fachkr\u00e4fte f\u00fcr Arbeitssicherheit bestellen muss. In der Vorschrift 2 der Deutschen Gesetzlichen Unfallversicherung (DGUV) werden anhand der Mitarbeiterzahl und der Betreuungsgruppe die Anzahl der Stunden festgelegt, die eine Fachkraft f\u00fcr Arbeitssicherheit bestellt werden muss. Die Fachkraft kann dabei ein qualifizierter Mitarbeiter [&hellip;]\" \/>\n<meta property=\"og:url\" content=\"https:\/\/hs-experts.com\/en\/arbeitssicherheit\/stellung-einer-fachkraft-fur-arbeitssicherheit\/\" \/>\n<meta property=\"og:site_name\" content=\"HEALTH &amp; SAFETY EXPERTS\" \/>\n<meta name=\"twitter:card\" content=\"summary_large_image\" \/>\n<meta name=\"twitter:label1\" content=\"Estimated reading time\" \/>\n\t<meta name=\"twitter:data1\" content=\"1 minute\" \/>\n<script type=\"application\/ld+json\" class=\"yoast-schema-graph\">{\"@context\":\"https:\/\/schema.org\",\"@graph\":[{\"@type\":\"WebPage\",\"@id\":\"https:\/\/hs-experts.com\/arbeitssicherheit\/stellung-einer-fachkraft-fur-arbeitssicherheit\/\",\"url\":\"https:\/\/hs-experts.com\/arbeitssicherheit\/stellung-einer-fachkraft-fur-arbeitssicherheit\/\",\"name\":\"Stellung einer Fachkraft f\u00fcr Arbeitssicherheit - HEALTH &amp; SAFETY EXPERTS\",\"isPartOf\":{\"@id\":\"https:\/\/hs-experts.com\/#website\"},\"datePublished\":\"2023-11-01T09:10:23+00:00\",\"breadcrumb\":{\"@id\":\"https:\/\/hs-experts.com\/arbeitssicherheit\/stellung-einer-fachkraft-fur-arbeitssicherheit\/#breadcrumb\"},\"inLanguage\":\"en-GB\",\"potentialAction\":[{\"@type\":\"ReadAction\",\"target\":[\"https:\/\/hs-experts.com\/arbeitssicherheit\/stellung-einer-fachkraft-fur-arbeitssicherheit\/\"]}]},{\"@type\":\"BreadcrumbList\",\"@id\":\"https:\/\/hs-experts.com\/arbeitssicherheit\/stellung-einer-fachkraft-fur-arbeitssicherheit\/#breadcrumb\",\"itemListElement\":[{\"@type\":\"ListItem\",\"position\":1,\"name\":\"Home\",\"item\":\"https:\/\/hs-experts.com\/\"},{\"@type\":\"ListItem\",\"position\":2,\"name\":\"Arbeitssicherheit\",\"item\":\"https:\/\/hs-experts.com\/arbeitssicherheit\/\"},{\"@type\":\"ListItem\",\"position\":3,\"name\":\"Stellung einer Fachkraft f\u00fcr Arbeitssicherheit\"}]},{\"@type\":\"WebSite\",\"@id\":\"https:\/\/hs-experts.com\/#website\",\"url\":\"https:\/\/hs-experts.com\/\",\"name\":\"HEALTH &amp; SAFETY EXPERTS\",\"description\":\"\",\"potentialAction\":[{\"@type\":\"SearchAction\",\"target\":{\"@type\":\"EntryPoint\",\"urlTemplate\":\"https:\/\/hs-experts.com\/?s={search_term_string}\"},\"query-input\":{\"@type\":\"PropertyValueSpecification\",\"valueRequired\":true,\"valueName\":\"search_term_string\"}}],\"inLanguage\":\"en-GB\"}]}<\/script>\n<!-- \/ Yoast SEO plugin. -->","yoast_head_json":{"title":"Stellung einer Fachkraft f\u00fcr Arbeitssicherheit - HEALTH &amp; SAFETY EXPERTS","robots":{"index":"index","follow":"follow","max-snippet":"max-snippet:-1","max-image-preview":"max-image-preview:large","max-video-preview":"max-video-preview:-1"},"canonical":"https:\/\/hs-experts.com\/en\/arbeitssicherheit\/stellung-einer-fachkraft-fur-arbeitssicherheit\/","og_locale":"en_GB","og_type":"article","og_title":"Stellung einer Fachkraft f\u00fcr Arbeitssicherheit - HEALTH &amp; SAFETY EXPERTS","og_description":"Das Arbeitssicherheitsgesetz (ASiG) sieht vor, dass ein Arbeitgeber f\u00fcr die sicherheitstechnische Betreuung seiner Mitarbeiter Fachkr\u00e4fte f\u00fcr Arbeitssicherheit bestellen muss. In der Vorschrift 2 der Deutschen Gesetzlichen Unfallversicherung (DGUV) werden anhand der Mitarbeiterzahl und der Betreuungsgruppe die Anzahl der Stunden festgelegt, die eine Fachkraft f\u00fcr Arbeitssicherheit bestellt werden muss. Die Fachkraft kann dabei ein qualifizierter Mitarbeiter [&hellip;]","og_url":"https:\/\/hs-experts.com\/en\/arbeitssicherheit\/stellung-einer-fachkraft-fur-arbeitssicherheit\/","og_site_name":"HEALTH &amp; SAFETY EXPERTS","twitter_card":"summary_large_image","twitter_misc":{"Estimated reading time":"1 minute"},"schema":{"@context":"https:\/\/schema.org","@graph":[{"@type":"WebPage","@id":"https:\/\/hs-experts.com\/arbeitssicherheit\/stellung-einer-fachkraft-fur-arbeitssicherheit\/","url":"https:\/\/hs-experts.com\/arbeitssicherheit\/stellung-einer-fachkraft-fur-arbeitssicherheit\/","name":"Stellung einer Fachkraft f\u00fcr Arbeitssicherheit - HEALTH &amp; SAFETY EXPERTS","isPartOf":{"@id":"https:\/\/hs-experts.com\/#website"},"datePublished":"2023-11-01T09:10:23+00:00","breadcrumb":{"@id":"https:\/\/hs-experts.com\/arbeitssicherheit\/stellung-einer-fachkraft-fur-arbeitssicherheit\/#breadcrumb"},"inLanguage":"en-GB","potentialAction":[{"@type":"ReadAction","target":["https:\/\/hs-experts.com\/arbeitssicherheit\/stellung-einer-fachkraft-fur-arbeitssicherheit\/"]}]},{"@type":"BreadcrumbList","@id":"https:\/\/hs-experts.com\/arbeitssicherheit\/stellung-einer-fachkraft-fur-arbeitssicherheit\/#breadcrumb","itemListElement":[{"@type":"ListItem","position":1,"name":"Home","item":"https:\/\/hs-experts.com\/"},{"@type":"ListItem","position":2,"name":"Arbeitssicherheit","item":"https:\/\/hs-experts.com\/arbeitssicherheit\/"},{"@type":"ListItem","position":3,"name":"Stellung einer Fachkraft f\u00fcr Arbeitssicherheit"}]},{"@type":"WebSite","@id":"https:\/\/hs-experts.com\/#website","url":"https:\/\/hs-experts.com\/","name":"HEALTH &amp; SAFETY EXPERTS","description":"","potentialAction":[{"@type":"SearchAction","target":{"@type":"EntryPoint","urlTemplate":"https:\/\/hs-experts.com\/?s={search_term_string}"},"query-input":{"@type":"PropertyValueSpecification","valueRequired":true,"valueName":"search_term_string"}}],"inLanguage":"en-GB"}]}},"_hostinger_reach_plugin_has_subscription_block":false,"_hostinger_reach_plugin_is_elementor":false,"_links":{"self":[{"href":"https:\/\/hs-experts.com\/en\/wp-json\/wp\/v2\/pages\/22029","targetHints":{"allow":["GET"]}}],"collection":[{"href":"https:\/\/hs-experts.com\/en\/wp-json\/wp\/v2\/pages"}],"about":[{"href":"https:\/\/hs-experts.com\/en\/wp-json\/wp\/v2\/types\/page"}],"author":[{"embeddable":true,"href":"https:\/\/hs-experts.com\/en\/wp-json\/wp\/v2\/users\/1"}],"replies":[{"embeddable":true,"href":"https:\/\/hs-experts.com\/en\/wp-json\/wp\/v2\/comments?post=22029"}],"version-history":[{"count":1,"href":"https:\/\/hs-experts.com\/en\/wp-json\/wp\/v2\/pages\/22029\/revisions"}],"predecessor-version":[{"id":22030,"href":"https:\/\/hs-experts.com\/en\/wp-json\/wp\/v2\/pages\/22029\/revisions\/22030"}],"up":[{"embeddable":true,"href":"https:\/\/hs-experts.com\/en\/wp-json\/wp\/v2\/pages\/21994"}],"wp:attachment":[{"href":"https:\/\/hs-experts.com\/en\/wp-json\/wp\/v2\/media?parent=22029"}],"curies":[{"name":"wp","href":"https:\/\/api.w.org\/{rel}","templated":true}]}}