{"id":22033,"date":"2023-11-01T09:11:08","date_gmt":"2023-11-01T09:11:08","guid":{"rendered":"https:\/\/hs-experts.com\/?page_id=22033"},"modified":"2023-11-01T09:11:08","modified_gmt":"2023-11-01T09:11:08","slug":"unterweisungen","status":"publish","type":"page","link":"https:\/\/hs-experts.com\/en\/arbeitssicherheit\/unterweisungen\/","title":{"rendered":"Instructions"},"content":{"rendered":"<p>Employers must provide instruction on occupational safety on a regular basis, on special occasions and after special incidents. The accident prevention regulation \"Principles of Prevention\" (BGV A1) obliges every employer to instruct their employees.<\/p>\n<p>As an occupational safety specialist, we support you and your managers in the preparation and implementation of your instructions. We develop presentations and training courses for you that are customised to your company and create documents for the documentation of instructions. We are trained to motivate employees in the long term and sensitise them to appropriate behaviour.<\/p>\n<ul>\n<li aria-level=\"2\">Basic occupational safety instruction<\/li>\n<li aria-level=\"2\">In-house training for safety officers<\/li>\n<li aria-level=\"2\">Digital instructions<\/li>\n<li aria-level=\"2\">Annual refresher training for safety officers<\/li>\n<li aria-level=\"2\">Annual refresher training for forklift trucks<\/li>\n<li aria-level=\"2\">Further instructions on request<\/li>\n<\/ul>","protected":false},"excerpt":{"rendered":"<p>Employers must provide instruction on occupational safety on a regular basis, on special occasions and after special incidents. The accident prevention regulation \"Principles of Prevention\" (BGV A1) obliges every employer to instruct their employees. As an occupational safety specialist, we support you and your managers in preparing and carrying out your instructions. We develop presentations and training courses for you that [...]<\/p>","protected":false},"author":1,"featured_media":0,"parent":21994,"menu_order":0,"comment_status":"closed","ping_status":"closed","template":"","meta":{"inline_featured_image":false,"footnotes":""},"class_list":["post-22033","page","type-page","status-publish","hentry"],"yoast_head":"<!-- This site is optimized with the Yoast SEO plugin v27.4 - https:\/\/yoast.com\/product\/yoast-seo-wordpress\/ -->\n<title>Unterweisungen - HEALTH &amp; SAFETY EXPERTS<\/title>\n<meta name=\"robots\" content=\"index, follow, max-snippet:-1, max-image-preview:large, max-video-preview:-1\" \/>\n<link rel=\"canonical\" href=\"https:\/\/hs-experts.com\/en\/arbeitssicherheit\/unterweisungen\/\" \/>\n<meta property=\"og:locale\" content=\"en_GB\" \/>\n<meta property=\"og:type\" content=\"article\" \/>\n<meta property=\"og:title\" content=\"Unterweisungen - HEALTH &amp; SAFETY EXPERTS\" \/>\n<meta property=\"og:description\" content=\"Arbeitgeber m\u00fcssen regelm\u00e4\u00dfig, bei besonderen Anl\u00e4ssen und nach besonderen Vorkommnissen Unterweisungen zur Arbeitssicherheit durchf\u00fchren. Durch die Unfallverh\u00fctungsvorschrift \u201eGrunds\u00e4tze der Pr\u00e4vention\u201c (BGV A1) ist jeder Unternehmer verpflichtet, seine Mitarbeiter zu unterweisen. Als Fachkraft f\u00fcr Arbeitssicherheit unterst\u00fctzen wir Sie und Ihre F\u00fchrungskr\u00e4fte bei der Vorbereitung und Durchf\u00fchrung Ihrer Unterweisungen. Wir erarbeiten f\u00fcr Sie Pr\u00e4sentationen und Schulungen, die [&hellip;]\" \/>\n<meta property=\"og:url\" content=\"https:\/\/hs-experts.com\/en\/arbeitssicherheit\/unterweisungen\/\" \/>\n<meta property=\"og:site_name\" content=\"HEALTH &amp; SAFETY EXPERTS\" \/>\n<meta name=\"twitter:card\" content=\"summary_large_image\" \/>\n<meta name=\"twitter:label1\" content=\"Estimated reading time\" \/>\n\t<meta name=\"twitter:data1\" content=\"1 minute\" \/>\n<script type=\"application\/ld+json\" class=\"yoast-schema-graph\">{\"@context\":\"https:\\\/\\\/schema.org\",\"@graph\":[{\"@type\":\"WebPage\",\"@id\":\"https:\\\/\\\/hs-experts.com\\\/arbeitssicherheit\\\/unterweisungen\\\/\",\"url\":\"https:\\\/\\\/hs-experts.com\\\/arbeitssicherheit\\\/unterweisungen\\\/\",\"name\":\"Unterweisungen - HEALTH &amp; SAFETY EXPERTS\",\"isPartOf\":{\"@id\":\"https:\\\/\\\/hs-experts.com\\\/#website\"},\"datePublished\":\"2023-11-01T09:11:08+00:00\",\"breadcrumb\":{\"@id\":\"https:\\\/\\\/hs-experts.com\\\/arbeitssicherheit\\\/unterweisungen\\\/#breadcrumb\"},\"inLanguage\":\"en-GB\",\"potentialAction\":[{\"@type\":\"ReadAction\",\"target\":[\"https:\\\/\\\/hs-experts.com\\\/arbeitssicherheit\\\/unterweisungen\\\/\"]}]},{\"@type\":\"BreadcrumbList\",\"@id\":\"https:\\\/\\\/hs-experts.com\\\/arbeitssicherheit\\\/unterweisungen\\\/#breadcrumb\",\"itemListElement\":[{\"@type\":\"ListItem\",\"position\":1,\"name\":\"Home\",\"item\":\"https:\\\/\\\/hs-experts.com\\\/\"},{\"@type\":\"ListItem\",\"position\":2,\"name\":\"Arbeitssicherheit\",\"item\":\"https:\\\/\\\/hs-experts.com\\\/arbeitssicherheit\\\/\"},{\"@type\":\"ListItem\",\"position\":3,\"name\":\"Unterweisungen\"}]},{\"@type\":\"WebSite\",\"@id\":\"https:\\\/\\\/hs-experts.com\\\/#website\",\"url\":\"https:\\\/\\\/hs-experts.com\\\/\",\"name\":\"HEALTH &amp; SAFETY EXPERTS\",\"description\":\"\",\"potentialAction\":[{\"@type\":\"SearchAction\",\"target\":{\"@type\":\"EntryPoint\",\"urlTemplate\":\"https:\\\/\\\/hs-experts.com\\\/?s={search_term_string}\"},\"query-input\":{\"@type\":\"PropertyValueSpecification\",\"valueRequired\":true,\"valueName\":\"search_term_string\"}}],\"inLanguage\":\"en-GB\"}]}<\/script>\n<!-- \/ Yoast SEO plugin. -->","yoast_head_json":{"title":"Unterweisungen - HEALTH &amp; SAFETY EXPERTS","robots":{"index":"index","follow":"follow","max-snippet":"max-snippet:-1","max-image-preview":"max-image-preview:large","max-video-preview":"max-video-preview:-1"},"canonical":"https:\/\/hs-experts.com\/en\/arbeitssicherheit\/unterweisungen\/","og_locale":"en_GB","og_type":"article","og_title":"Unterweisungen - HEALTH &amp; SAFETY EXPERTS","og_description":"Arbeitgeber m\u00fcssen regelm\u00e4\u00dfig, bei besonderen Anl\u00e4ssen und nach besonderen Vorkommnissen Unterweisungen zur Arbeitssicherheit durchf\u00fchren. Durch die Unfallverh\u00fctungsvorschrift \u201eGrunds\u00e4tze der Pr\u00e4vention\u201c (BGV A1) ist jeder Unternehmer verpflichtet, seine Mitarbeiter zu unterweisen. Als Fachkraft f\u00fcr Arbeitssicherheit unterst\u00fctzen wir Sie und Ihre F\u00fchrungskr\u00e4fte bei der Vorbereitung und Durchf\u00fchrung Ihrer Unterweisungen. Wir erarbeiten f\u00fcr Sie Pr\u00e4sentationen und Schulungen, die [&hellip;]","og_url":"https:\/\/hs-experts.com\/en\/arbeitssicherheit\/unterweisungen\/","og_site_name":"HEALTH &amp; SAFETY EXPERTS","twitter_card":"summary_large_image","twitter_misc":{"Estimated reading time":"1 minute"},"schema":{"@context":"https:\/\/schema.org","@graph":[{"@type":"WebPage","@id":"https:\/\/hs-experts.com\/arbeitssicherheit\/unterweisungen\/","url":"https:\/\/hs-experts.com\/arbeitssicherheit\/unterweisungen\/","name":"Unterweisungen - HEALTH &amp; SAFETY EXPERTS","isPartOf":{"@id":"https:\/\/hs-experts.com\/#website"},"datePublished":"2023-11-01T09:11:08+00:00","breadcrumb":{"@id":"https:\/\/hs-experts.com\/arbeitssicherheit\/unterweisungen\/#breadcrumb"},"inLanguage":"en-GB","potentialAction":[{"@type":"ReadAction","target":["https:\/\/hs-experts.com\/arbeitssicherheit\/unterweisungen\/"]}]},{"@type":"BreadcrumbList","@id":"https:\/\/hs-experts.com\/arbeitssicherheit\/unterweisungen\/#breadcrumb","itemListElement":[{"@type":"ListItem","position":1,"name":"Home","item":"https:\/\/hs-experts.com\/"},{"@type":"ListItem","position":2,"name":"Arbeitssicherheit","item":"https:\/\/hs-experts.com\/arbeitssicherheit\/"},{"@type":"ListItem","position":3,"name":"Unterweisungen"}]},{"@type":"WebSite","@id":"https:\/\/hs-experts.com\/#website","url":"https:\/\/hs-experts.com\/","name":"HEALTH &amp; SAFETY EXPERTS","description":"","potentialAction":[{"@type":"SearchAction","target":{"@type":"EntryPoint","urlTemplate":"https:\/\/hs-experts.com\/?s={search_term_string}"},"query-input":{"@type":"PropertyValueSpecification","valueRequired":true,"valueName":"search_term_string"}}],"inLanguage":"en-GB"}]}},"_hostinger_reach_plugin_has_subscription_block":false,"_hostinger_reach_plugin_is_elementor":false,"_links":{"self":[{"href":"https:\/\/hs-experts.com\/en\/wp-json\/wp\/v2\/pages\/22033","targetHints":{"allow":["GET"]}}],"collection":[{"href":"https:\/\/hs-experts.com\/en\/wp-json\/wp\/v2\/pages"}],"about":[{"href":"https:\/\/hs-experts.com\/en\/wp-json\/wp\/v2\/types\/page"}],"author":[{"embeddable":true,"href":"https:\/\/hs-experts.com\/en\/wp-json\/wp\/v2\/users\/1"}],"replies":[{"embeddable":true,"href":"https:\/\/hs-experts.com\/en\/wp-json\/wp\/v2\/comments?post=22033"}],"version-history":[{"count":1,"href":"https:\/\/hs-experts.com\/en\/wp-json\/wp\/v2\/pages\/22033\/revisions"}],"predecessor-version":[{"id":22034,"href":"https:\/\/hs-experts.com\/en\/wp-json\/wp\/v2\/pages\/22033\/revisions\/22034"}],"up":[{"embeddable":true,"href":"https:\/\/hs-experts.com\/en\/wp-json\/wp\/v2\/pages\/21994"}],"wp:attachment":[{"href":"https:\/\/hs-experts.com\/en\/wp-json\/wp\/v2\/media?parent=22033"}],"curies":[{"name":"wp","href":"https:\/\/api.w.org\/{rel}","templated":true}]}}