{"id":22037,"date":"2023-11-01T09:32:44","date_gmt":"2023-11-01T09:32:44","guid":{"rendered":"https:\/\/hs-experts.com\/?page_id=22037"},"modified":"2023-11-01T09:32:44","modified_gmt":"2023-11-01T09:32:44","slug":"erstellung-brandschutztechnischer-stellungnahme","status":"publish","type":"page","link":"https:\/\/hs-experts.com\/en\/brandschutz\/erstellung-brandschutztechnischer-stellungnahme\/","title":{"rendered":"Preparation of a fire protection statement"},"content":{"rendered":"<p>Technical fire protection statements deal with individual fire protection measures. They are requested by the authorities to help them make decisions. In the case of an extension, for example, a fire safety report can be requested on the escape routes or the water extinguishing systems (sprinklers).<\/p>","protected":false},"excerpt":{"rendered":"<p>Technical fire protection statements deal with individual fire protection measures. They are requested by the authorities to help them make decisions. In the case of an extension, for example, a fire safety report can be requested on the escape routes or the water extinguishing systems (sprinklers).<\/p>","protected":false},"author":1,"featured_media":0,"parent":22035,"menu_order":0,"comment_status":"closed","ping_status":"closed","template":"","meta":{"inline_featured_image":false,"footnotes":""},"class_list":["post-22037","page","type-page","status-publish","hentry"],"yoast_head":"<!-- This site is optimized with the Yoast SEO plugin v25.3 - https:\/\/yoast.com\/wordpress\/plugins\/seo\/ -->\n<title>Erstellung brandschutztechnischer Stellungnahme - HEALTH &amp; SAFETY EXPERTS<\/title>\n<meta name=\"robots\" content=\"index, follow, max-snippet:-1, max-image-preview:large, max-video-preview:-1\" \/>\n<link rel=\"canonical\" href=\"https:\/\/hs-experts.com\/en\/brandschutz\/erstellung-brandschutztechnischer-stellungnahme\/\" \/>\n<meta property=\"og:locale\" content=\"en_GB\" \/>\n<meta property=\"og:type\" content=\"article\" \/>\n<meta property=\"og:title\" content=\"Erstellung brandschutztechnischer Stellungnahme - HEALTH &amp; SAFETY EXPERTS\" \/>\n<meta property=\"og:description\" content=\"Brandschutztechnische Stellungnahmen besch\u00e4ftigen sich mit einzelnen Ma\u00dfnahmen des Brandschutzes. Sie werden von Beh\u00f6rden angefordert, um als Entscheidungshilfe zu dienen. So kann bei einem Anbau beispielsweise eine brandschutztechnische Stellungnahme \u00fcber die Rettungswege oder die Wasserl\u00f6schanlagen (Sprinkler) angefordert werden.\" \/>\n<meta property=\"og:url\" content=\"https:\/\/hs-experts.com\/en\/brandschutz\/erstellung-brandschutztechnischer-stellungnahme\/\" \/>\n<meta property=\"og:site_name\" content=\"HEALTH &amp; SAFETY EXPERTS\" \/>\n<meta name=\"twitter:card\" content=\"summary_large_image\" \/>\n<script type=\"application\/ld+json\" class=\"yoast-schema-graph\">{\"@context\":\"https:\/\/schema.org\",\"@graph\":[{\"@type\":\"WebPage\",\"@id\":\"https:\/\/hs-experts.com\/brandschutz\/erstellung-brandschutztechnischer-stellungnahme\/\",\"url\":\"https:\/\/hs-experts.com\/brandschutz\/erstellung-brandschutztechnischer-stellungnahme\/\",\"name\":\"Erstellung brandschutztechnischer Stellungnahme - HEALTH &amp; SAFETY EXPERTS\",\"isPartOf\":{\"@id\":\"https:\/\/hs-experts.com\/#website\"},\"datePublished\":\"2023-11-01T09:32:44+00:00\",\"breadcrumb\":{\"@id\":\"https:\/\/hs-experts.com\/brandschutz\/erstellung-brandschutztechnischer-stellungnahme\/#breadcrumb\"},\"inLanguage\":\"en-GB\",\"potentialAction\":[{\"@type\":\"ReadAction\",\"target\":[\"https:\/\/hs-experts.com\/brandschutz\/erstellung-brandschutztechnischer-stellungnahme\/\"]}]},{\"@type\":\"BreadcrumbList\",\"@id\":\"https:\/\/hs-experts.com\/brandschutz\/erstellung-brandschutztechnischer-stellungnahme\/#breadcrumb\",\"itemListElement\":[{\"@type\":\"ListItem\",\"position\":1,\"name\":\"Home\",\"item\":\"https:\/\/hs-experts.com\/\"},{\"@type\":\"ListItem\",\"position\":2,\"name\":\"Brandschutz\",\"item\":\"https:\/\/hs-experts.com\/brandschutz\/\"},{\"@type\":\"ListItem\",\"position\":3,\"name\":\"Erstellung brandschutztechnischer Stellungnahme\"}]},{\"@type\":\"WebSite\",\"@id\":\"https:\/\/hs-experts.com\/#website\",\"url\":\"https:\/\/hs-experts.com\/\",\"name\":\"HEALTH &amp; SAFETY EXPERTS\",\"description\":\"\",\"potentialAction\":[{\"@type\":\"SearchAction\",\"target\":{\"@type\":\"EntryPoint\",\"urlTemplate\":\"https:\/\/hs-experts.com\/?s={search_term_string}\"},\"query-input\":{\"@type\":\"PropertyValueSpecification\",\"valueRequired\":true,\"valueName\":\"search_term_string\"}}],\"inLanguage\":\"en-GB\"}]}<\/script>\n<!-- \/ Yoast SEO plugin. -->","yoast_head_json":{"title":"Erstellung brandschutztechnischer Stellungnahme - HEALTH &amp; SAFETY EXPERTS","robots":{"index":"index","follow":"follow","max-snippet":"max-snippet:-1","max-image-preview":"max-image-preview:large","max-video-preview":"max-video-preview:-1"},"canonical":"https:\/\/hs-experts.com\/en\/brandschutz\/erstellung-brandschutztechnischer-stellungnahme\/","og_locale":"en_GB","og_type":"article","og_title":"Erstellung brandschutztechnischer Stellungnahme - HEALTH &amp; SAFETY EXPERTS","og_description":"Brandschutztechnische Stellungnahmen besch\u00e4ftigen sich mit einzelnen Ma\u00dfnahmen des Brandschutzes. Sie werden von Beh\u00f6rden angefordert, um als Entscheidungshilfe zu dienen. So kann bei einem Anbau beispielsweise eine brandschutztechnische Stellungnahme \u00fcber die Rettungswege oder die Wasserl\u00f6schanlagen (Sprinkler) angefordert werden.","og_url":"https:\/\/hs-experts.com\/en\/brandschutz\/erstellung-brandschutztechnischer-stellungnahme\/","og_site_name":"HEALTH &amp; SAFETY EXPERTS","twitter_card":"summary_large_image","schema":{"@context":"https:\/\/schema.org","@graph":[{"@type":"WebPage","@id":"https:\/\/hs-experts.com\/brandschutz\/erstellung-brandschutztechnischer-stellungnahme\/","url":"https:\/\/hs-experts.com\/brandschutz\/erstellung-brandschutztechnischer-stellungnahme\/","name":"Erstellung brandschutztechnischer Stellungnahme - HEALTH &amp; SAFETY EXPERTS","isPartOf":{"@id":"https:\/\/hs-experts.com\/#website"},"datePublished":"2023-11-01T09:32:44+00:00","breadcrumb":{"@id":"https:\/\/hs-experts.com\/brandschutz\/erstellung-brandschutztechnischer-stellungnahme\/#breadcrumb"},"inLanguage":"en-GB","potentialAction":[{"@type":"ReadAction","target":["https:\/\/hs-experts.com\/brandschutz\/erstellung-brandschutztechnischer-stellungnahme\/"]}]},{"@type":"BreadcrumbList","@id":"https:\/\/hs-experts.com\/brandschutz\/erstellung-brandschutztechnischer-stellungnahme\/#breadcrumb","itemListElement":[{"@type":"ListItem","position":1,"name":"Home","item":"https:\/\/hs-experts.com\/"},{"@type":"ListItem","position":2,"name":"Brandschutz","item":"https:\/\/hs-experts.com\/brandschutz\/"},{"@type":"ListItem","position":3,"name":"Erstellung brandschutztechnischer Stellungnahme"}]},{"@type":"WebSite","@id":"https:\/\/hs-experts.com\/#website","url":"https:\/\/hs-experts.com\/","name":"HEALTH &amp; SAFETY EXPERTS","description":"","potentialAction":[{"@type":"SearchAction","target":{"@type":"EntryPoint","urlTemplate":"https:\/\/hs-experts.com\/?s={search_term_string}"},"query-input":{"@type":"PropertyValueSpecification","valueRequired":true,"valueName":"search_term_string"}}],"inLanguage":"en-GB"}]}},"_hostinger_reach_plugin_has_subscription_block":false,"_hostinger_reach_plugin_is_elementor":false,"_links":{"self":[{"href":"https:\/\/hs-experts.com\/en\/wp-json\/wp\/v2\/pages\/22037","targetHints":{"allow":["GET"]}}],"collection":[{"href":"https:\/\/hs-experts.com\/en\/wp-json\/wp\/v2\/pages"}],"about":[{"href":"https:\/\/hs-experts.com\/en\/wp-json\/wp\/v2\/types\/page"}],"author":[{"embeddable":true,"href":"https:\/\/hs-experts.com\/en\/wp-json\/wp\/v2\/users\/1"}],"replies":[{"embeddable":true,"href":"https:\/\/hs-experts.com\/en\/wp-json\/wp\/v2\/comments?post=22037"}],"version-history":[{"count":1,"href":"https:\/\/hs-experts.com\/en\/wp-json\/wp\/v2\/pages\/22037\/revisions"}],"predecessor-version":[{"id":22038,"href":"https:\/\/hs-experts.com\/en\/wp-json\/wp\/v2\/pages\/22037\/revisions\/22038"}],"up":[{"embeddable":true,"href":"https:\/\/hs-experts.com\/en\/wp-json\/wp\/v2\/pages\/22035"}],"wp:attachment":[{"href":"https:\/\/hs-experts.com\/en\/wp-json\/wp\/v2\/media?parent=22037"}],"curies":[{"name":"wp","href":"https:\/\/api.w.org\/{rel}","templated":true}]}}