{"id":22039,"date":"2023-11-01T09:33:07","date_gmt":"2023-11-01T09:33:07","guid":{"rendered":"https:\/\/hs-experts.com\/?page_id=22039"},"modified":"2023-11-01T09:33:07","modified_gmt":"2023-11-01T09:33:07","slug":"explosionsschutz","status":"publish","type":"page","link":"https:\/\/hs-experts.com\/en\/brandschutz\/explosionsschutz\/","title":{"rendered":"Explosion protection"},"content":{"rendered":"<p>We support the requirements of the ATEX Directive 1999\/92\/EC<\/p>\n<ul>\n<li aria-level=\"2\">Carrying out the risk assessment for explosion protection<\/li>\n<li aria-level=\"2\">Testing of Ex systems in accordance with BetrSichV Annex 2, Section 3, Point 3.1.<\/li>\n<li aria-level=\"2\">Identification of potentially explosive atmospheres<\/li>\n<li aria-level=\"2\">Assessment of the risk in terms of explosion protection<\/li>\n<li aria-level=\"2\">Recommendation of zone classifications \/ documentation in an explosion zone plan<\/li>\n<li aria-level=\"2\">Recording the protective measures taken for explosion protection<\/li>\n<li aria-level=\"2\">Summarised documentation including further recommended measures<\/li>\n<li aria-level=\"2\">Creating the explosion protection document<\/li>\n<li aria-level=\"2\">Initial and periodic testing of systems and (electrical) equipment in potentially explosive atmospheres and for interactions in the work area<\/li>\n<li aria-level=\"2\">Creation of safety concepts for planned construction and conversion measures<\/li>\n<\/ul>","protected":false},"excerpt":{"rendered":"<p>We provide support with the requirements of the ATEX Directive 1999\/92\/EC Carrying out the risk assessment Explosion protection Testing of Ex systems in accordance with BetrSichV Annex 2, Section 3, Point 3.1 Identification of potentially explosive areas Evaluation of the risk in terms of explosion protection Recommendation of zone classifications \/ documentation in an explosion zone plan Recording of the protective measures taken for explosion protection Summarised documentation including further recommended measures Preparation of the explosion protection document [...].<\/p>","protected":false},"author":1,"featured_media":0,"parent":22035,"menu_order":0,"comment_status":"closed","ping_status":"closed","template":"","meta":{"inline_featured_image":false,"footnotes":""},"class_list":["post-22039","page","type-page","status-publish","hentry"],"yoast_head":"<!-- This site is optimized with the Yoast SEO plugin v25.3 - https:\/\/yoast.com\/wordpress\/plugins\/seo\/ -->\n<title>Explosionsschutz - HEALTH &amp; SAFETY EXPERTS<\/title>\n<meta name=\"robots\" content=\"index, follow, max-snippet:-1, max-image-preview:large, max-video-preview:-1\" \/>\n<link rel=\"canonical\" href=\"https:\/\/hs-experts.com\/en\/brandschutz\/explosionsschutz\/\" \/>\n<meta property=\"og:locale\" content=\"en_GB\" \/>\n<meta property=\"og:type\" content=\"article\" \/>\n<meta property=\"og:title\" content=\"Explosionsschutz - HEALTH &amp; SAFETY EXPERTS\" \/>\n<meta property=\"og:description\" content=\"Wir unterst\u00fctzen bei Anforderungen der ATEX Richtlinie 1999\/92\/EG Durchf\u00fchrung der Gef\u00e4hrdungsbeurteilung Explosionsschutz Pr\u00fcfung von Ex-Anlagen nach BetrSichV Anhang 2, Ab.3 Pkt.3.1. Identifizierung der explosionsgef\u00e4hrdeten Bereiche Bewertung des Risikos im Sinne des Explosionsschutzes Empfehlung von Zoneneinteilungen \/ Dokumentation in einem Explosionszonenplan Aufnahme der getroffenen Schutzma\u00dfnahmen zum Explosionsschutz Zusammenfassende Dokumentation inklusive weiterer empfohlener Ma\u00dfnahmen Erstellen des Explosionsschutzdokumentes [&hellip;]\" \/>\n<meta property=\"og:url\" content=\"https:\/\/hs-experts.com\/en\/brandschutz\/explosionsschutz\/\" \/>\n<meta property=\"og:site_name\" content=\"HEALTH &amp; SAFETY EXPERTS\" \/>\n<meta name=\"twitter:card\" content=\"summary_large_image\" \/>\n<script type=\"application\/ld+json\" class=\"yoast-schema-graph\">{\"@context\":\"https:\/\/schema.org\",\"@graph\":[{\"@type\":\"WebPage\",\"@id\":\"https:\/\/hs-experts.com\/brandschutz\/explosionsschutz\/\",\"url\":\"https:\/\/hs-experts.com\/brandschutz\/explosionsschutz\/\",\"name\":\"Explosionsschutz - HEALTH &amp; SAFETY EXPERTS\",\"isPartOf\":{\"@id\":\"https:\/\/hs-experts.com\/#website\"},\"datePublished\":\"2023-11-01T09:33:07+00:00\",\"breadcrumb\":{\"@id\":\"https:\/\/hs-experts.com\/brandschutz\/explosionsschutz\/#breadcrumb\"},\"inLanguage\":\"en-GB\",\"potentialAction\":[{\"@type\":\"ReadAction\",\"target\":[\"https:\/\/hs-experts.com\/brandschutz\/explosionsschutz\/\"]}]},{\"@type\":\"BreadcrumbList\",\"@id\":\"https:\/\/hs-experts.com\/brandschutz\/explosionsschutz\/#breadcrumb\",\"itemListElement\":[{\"@type\":\"ListItem\",\"position\":1,\"name\":\"Home\",\"item\":\"https:\/\/hs-experts.com\/\"},{\"@type\":\"ListItem\",\"position\":2,\"name\":\"Brandschutz\",\"item\":\"https:\/\/hs-experts.com\/brandschutz\/\"},{\"@type\":\"ListItem\",\"position\":3,\"name\":\"Explosionsschutz\"}]},{\"@type\":\"WebSite\",\"@id\":\"https:\/\/hs-experts.com\/#website\",\"url\":\"https:\/\/hs-experts.com\/\",\"name\":\"HEALTH &amp; SAFETY EXPERTS\",\"description\":\"\",\"potentialAction\":[{\"@type\":\"SearchAction\",\"target\":{\"@type\":\"EntryPoint\",\"urlTemplate\":\"https:\/\/hs-experts.com\/?s={search_term_string}\"},\"query-input\":{\"@type\":\"PropertyValueSpecification\",\"valueRequired\":true,\"valueName\":\"search_term_string\"}}],\"inLanguage\":\"en-GB\"}]}<\/script>\n<!-- \/ Yoast SEO plugin. -->","yoast_head_json":{"title":"Explosionsschutz - HEALTH &amp; SAFETY EXPERTS","robots":{"index":"index","follow":"follow","max-snippet":"max-snippet:-1","max-image-preview":"max-image-preview:large","max-video-preview":"max-video-preview:-1"},"canonical":"https:\/\/hs-experts.com\/en\/brandschutz\/explosionsschutz\/","og_locale":"en_GB","og_type":"article","og_title":"Explosionsschutz - HEALTH &amp; SAFETY EXPERTS","og_description":"Wir unterst\u00fctzen bei Anforderungen der ATEX Richtlinie 1999\/92\/EG Durchf\u00fchrung der Gef\u00e4hrdungsbeurteilung Explosionsschutz Pr\u00fcfung von Ex-Anlagen nach BetrSichV Anhang 2, Ab.3 Pkt.3.1. Identifizierung der explosionsgef\u00e4hrdeten Bereiche Bewertung des Risikos im Sinne des Explosionsschutzes Empfehlung von Zoneneinteilungen \/ Dokumentation in einem Explosionszonenplan Aufnahme der getroffenen Schutzma\u00dfnahmen zum Explosionsschutz Zusammenfassende Dokumentation inklusive weiterer empfohlener Ma\u00dfnahmen Erstellen des Explosionsschutzdokumentes [&hellip;]","og_url":"https:\/\/hs-experts.com\/en\/brandschutz\/explosionsschutz\/","og_site_name":"HEALTH &amp; SAFETY EXPERTS","twitter_card":"summary_large_image","schema":{"@context":"https:\/\/schema.org","@graph":[{"@type":"WebPage","@id":"https:\/\/hs-experts.com\/brandschutz\/explosionsschutz\/","url":"https:\/\/hs-experts.com\/brandschutz\/explosionsschutz\/","name":"Explosionsschutz - HEALTH &amp; SAFETY EXPERTS","isPartOf":{"@id":"https:\/\/hs-experts.com\/#website"},"datePublished":"2023-11-01T09:33:07+00:00","breadcrumb":{"@id":"https:\/\/hs-experts.com\/brandschutz\/explosionsschutz\/#breadcrumb"},"inLanguage":"en-GB","potentialAction":[{"@type":"ReadAction","target":["https:\/\/hs-experts.com\/brandschutz\/explosionsschutz\/"]}]},{"@type":"BreadcrumbList","@id":"https:\/\/hs-experts.com\/brandschutz\/explosionsschutz\/#breadcrumb","itemListElement":[{"@type":"ListItem","position":1,"name":"Home","item":"https:\/\/hs-experts.com\/"},{"@type":"ListItem","position":2,"name":"Brandschutz","item":"https:\/\/hs-experts.com\/brandschutz\/"},{"@type":"ListItem","position":3,"name":"Explosionsschutz"}]},{"@type":"WebSite","@id":"https:\/\/hs-experts.com\/#website","url":"https:\/\/hs-experts.com\/","name":"HEALTH &amp; SAFETY EXPERTS","description":"","potentialAction":[{"@type":"SearchAction","target":{"@type":"EntryPoint","urlTemplate":"https:\/\/hs-experts.com\/?s={search_term_string}"},"query-input":{"@type":"PropertyValueSpecification","valueRequired":true,"valueName":"search_term_string"}}],"inLanguage":"en-GB"}]}},"_links":{"self":[{"href":"https:\/\/hs-experts.com\/en\/wp-json\/wp\/v2\/pages\/22039","targetHints":{"allow":["GET"]}}],"collection":[{"href":"https:\/\/hs-experts.com\/en\/wp-json\/wp\/v2\/pages"}],"about":[{"href":"https:\/\/hs-experts.com\/en\/wp-json\/wp\/v2\/types\/page"}],"author":[{"embeddable":true,"href":"https:\/\/hs-experts.com\/en\/wp-json\/wp\/v2\/users\/1"}],"replies":[{"embeddable":true,"href":"https:\/\/hs-experts.com\/en\/wp-json\/wp\/v2\/comments?post=22039"}],"version-history":[{"count":1,"href":"https:\/\/hs-experts.com\/en\/wp-json\/wp\/v2\/pages\/22039\/revisions"}],"predecessor-version":[{"id":22040,"href":"https:\/\/hs-experts.com\/en\/wp-json\/wp\/v2\/pages\/22039\/revisions\/22040"}],"up":[{"embeddable":true,"href":"https:\/\/hs-experts.com\/en\/wp-json\/wp\/v2\/pages\/22035"}],"wp:attachment":[{"href":"https:\/\/hs-experts.com\/en\/wp-json\/wp\/v2\/media?parent=22039"}],"curies":[{"name":"wp","href":"https:\/\/api.w.org\/{rel}","templated":true}]}}