{"id":22045,"date":"2023-11-01T09:35:10","date_gmt":"2023-11-01T09:35:10","guid":{"rendered":"https:\/\/hs-experts.com\/?page_id=22045"},"modified":"2023-11-01T09:35:10","modified_gmt":"2023-11-01T09:35:10","slug":"notfall-und-alarmplan","status":"publish","type":"page","link":"https:\/\/hs-experts.com\/en\/brandschutz\/notfall-und-alarmplan\/","title":{"rendered":"Emergency and alarm plan"},"content":{"rendered":"<p>In accordance with DGUV V1, \u00a7 10 of the Occupational Health and Safety Act, the alarm plan sets out in writing which emergency measures are required in which situation. The alarm plan is published in a suitable place in the company. It must be checked regularly and then updated if necessary. In particular, telephone numbers must be kept up to date. Furthermore, these emergency measures are practised and discussed in detail as part of the instructions.<\/p>","protected":false},"excerpt":{"rendered":"<p>In accordance with DGUV V1, \u00a7 10 of the Occupational Health and Safety Act, the alarm plan sets out in writing which emergency measures are required in which situation. The alarm plan is published in a suitable place in the company. It must be checked regularly and then updated if necessary. In particular, telephone numbers must be kept up to date. Furthermore, these emergency measures are practised and discussed in detail as part of the instructions.<\/p>","protected":false},"author":1,"featured_media":0,"parent":22035,"menu_order":0,"comment_status":"closed","ping_status":"closed","template":"","meta":{"inline_featured_image":false,"footnotes":""},"class_list":["post-22045","page","type-page","status-publish","hentry"],"yoast_head":"<!-- This site is optimized with the Yoast SEO plugin v25.3 - https:\/\/yoast.com\/wordpress\/plugins\/seo\/ -->\n<title>Notfall- und Alarmplan - HEALTH &amp; SAFETY EXPERTS<\/title>\n<meta name=\"robots\" content=\"index, follow, max-snippet:-1, max-image-preview:large, max-video-preview:-1\" \/>\n<link rel=\"canonical\" href=\"https:\/\/hs-experts.com\/en\/brandschutz\/notfall-und-alarmplan\/\" \/>\n<meta property=\"og:locale\" content=\"en_GB\" \/>\n<meta property=\"og:type\" content=\"article\" \/>\n<meta property=\"og:title\" content=\"Notfall- und Alarmplan - HEALTH &amp; SAFETY EXPERTS\" \/>\n<meta property=\"og:description\" content=\"Im Alarmplan wird gem\u00e4\u00df\u00a0DGUV\u00a0V1, \u00a7 10 Arbeitsschutzgesetz schriftlich festgelegt, welche Notfallma\u00dfnahmen in welcher Situation erforderlich sind. Der Alarmplan wird an geeigneter Stelle im Unternehmen ver\u00f6ffentlicht. Er muss regelm\u00e4\u00dfig kontrolliert und dann ggfl. aktualisiert werden. Insbesondere sind hier Telefon-Nummern aktuell zu halten. Des Weiteren werden diese Notfallma\u00dfnahmen im Rahmen der Unterweisungen ge\u00fcbt und ausf\u00fchrlich diskutiert.\" \/>\n<meta property=\"og:url\" content=\"https:\/\/hs-experts.com\/en\/brandschutz\/notfall-und-alarmplan\/\" \/>\n<meta property=\"og:site_name\" content=\"HEALTH &amp; SAFETY EXPERTS\" \/>\n<meta name=\"twitter:card\" content=\"summary_large_image\" \/>\n<script type=\"application\/ld+json\" class=\"yoast-schema-graph\">{\"@context\":\"https:\/\/schema.org\",\"@graph\":[{\"@type\":\"WebPage\",\"@id\":\"https:\/\/hs-experts.com\/brandschutz\/notfall-und-alarmplan\/\",\"url\":\"https:\/\/hs-experts.com\/brandschutz\/notfall-und-alarmplan\/\",\"name\":\"Notfall- und Alarmplan - HEALTH &amp; SAFETY EXPERTS\",\"isPartOf\":{\"@id\":\"https:\/\/hs-experts.com\/#website\"},\"datePublished\":\"2023-11-01T09:35:10+00:00\",\"breadcrumb\":{\"@id\":\"https:\/\/hs-experts.com\/brandschutz\/notfall-und-alarmplan\/#breadcrumb\"},\"inLanguage\":\"en-GB\",\"potentialAction\":[{\"@type\":\"ReadAction\",\"target\":[\"https:\/\/hs-experts.com\/brandschutz\/notfall-und-alarmplan\/\"]}]},{\"@type\":\"BreadcrumbList\",\"@id\":\"https:\/\/hs-experts.com\/brandschutz\/notfall-und-alarmplan\/#breadcrumb\",\"itemListElement\":[{\"@type\":\"ListItem\",\"position\":1,\"name\":\"Home\",\"item\":\"https:\/\/hs-experts.com\/\"},{\"@type\":\"ListItem\",\"position\":2,\"name\":\"Brandschutz\",\"item\":\"https:\/\/hs-experts.com\/brandschutz\/\"},{\"@type\":\"ListItem\",\"position\":3,\"name\":\"Notfall- und Alarmplan\"}]},{\"@type\":\"WebSite\",\"@id\":\"https:\/\/hs-experts.com\/#website\",\"url\":\"https:\/\/hs-experts.com\/\",\"name\":\"HEALTH &amp; SAFETY EXPERTS\",\"description\":\"\",\"potentialAction\":[{\"@type\":\"SearchAction\",\"target\":{\"@type\":\"EntryPoint\",\"urlTemplate\":\"https:\/\/hs-experts.com\/?s={search_term_string}\"},\"query-input\":{\"@type\":\"PropertyValueSpecification\",\"valueRequired\":true,\"valueName\":\"search_term_string\"}}],\"inLanguage\":\"en-GB\"}]}<\/script>\n<!-- \/ Yoast SEO plugin. -->","yoast_head_json":{"title":"Notfall- und Alarmplan - HEALTH &amp; SAFETY EXPERTS","robots":{"index":"index","follow":"follow","max-snippet":"max-snippet:-1","max-image-preview":"max-image-preview:large","max-video-preview":"max-video-preview:-1"},"canonical":"https:\/\/hs-experts.com\/en\/brandschutz\/notfall-und-alarmplan\/","og_locale":"en_GB","og_type":"article","og_title":"Notfall- und Alarmplan - HEALTH &amp; SAFETY EXPERTS","og_description":"Im Alarmplan wird gem\u00e4\u00df\u00a0DGUV\u00a0V1, \u00a7 10 Arbeitsschutzgesetz schriftlich festgelegt, welche Notfallma\u00dfnahmen in welcher Situation erforderlich sind. Der Alarmplan wird an geeigneter Stelle im Unternehmen ver\u00f6ffentlicht. Er muss regelm\u00e4\u00dfig kontrolliert und dann ggfl. aktualisiert werden. Insbesondere sind hier Telefon-Nummern aktuell zu halten. Des Weiteren werden diese Notfallma\u00dfnahmen im Rahmen der Unterweisungen ge\u00fcbt und ausf\u00fchrlich diskutiert.","og_url":"https:\/\/hs-experts.com\/en\/brandschutz\/notfall-und-alarmplan\/","og_site_name":"HEALTH &amp; SAFETY EXPERTS","twitter_card":"summary_large_image","schema":{"@context":"https:\/\/schema.org","@graph":[{"@type":"WebPage","@id":"https:\/\/hs-experts.com\/brandschutz\/notfall-und-alarmplan\/","url":"https:\/\/hs-experts.com\/brandschutz\/notfall-und-alarmplan\/","name":"Notfall- und Alarmplan - HEALTH &amp; SAFETY EXPERTS","isPartOf":{"@id":"https:\/\/hs-experts.com\/#website"},"datePublished":"2023-11-01T09:35:10+00:00","breadcrumb":{"@id":"https:\/\/hs-experts.com\/brandschutz\/notfall-und-alarmplan\/#breadcrumb"},"inLanguage":"en-GB","potentialAction":[{"@type":"ReadAction","target":["https:\/\/hs-experts.com\/brandschutz\/notfall-und-alarmplan\/"]}]},{"@type":"BreadcrumbList","@id":"https:\/\/hs-experts.com\/brandschutz\/notfall-und-alarmplan\/#breadcrumb","itemListElement":[{"@type":"ListItem","position":1,"name":"Home","item":"https:\/\/hs-experts.com\/"},{"@type":"ListItem","position":2,"name":"Brandschutz","item":"https:\/\/hs-experts.com\/brandschutz\/"},{"@type":"ListItem","position":3,"name":"Notfall- und Alarmplan"}]},{"@type":"WebSite","@id":"https:\/\/hs-experts.com\/#website","url":"https:\/\/hs-experts.com\/","name":"HEALTH &amp; SAFETY EXPERTS","description":"","potentialAction":[{"@type":"SearchAction","target":{"@type":"EntryPoint","urlTemplate":"https:\/\/hs-experts.com\/?s={search_term_string}"},"query-input":{"@type":"PropertyValueSpecification","valueRequired":true,"valueName":"search_term_string"}}],"inLanguage":"en-GB"}]}},"_hostinger_reach_plugin_has_subscription_block":false,"_hostinger_reach_plugin_is_elementor":false,"_links":{"self":[{"href":"https:\/\/hs-experts.com\/en\/wp-json\/wp\/v2\/pages\/22045","targetHints":{"allow":["GET"]}}],"collection":[{"href":"https:\/\/hs-experts.com\/en\/wp-json\/wp\/v2\/pages"}],"about":[{"href":"https:\/\/hs-experts.com\/en\/wp-json\/wp\/v2\/types\/page"}],"author":[{"embeddable":true,"href":"https:\/\/hs-experts.com\/en\/wp-json\/wp\/v2\/users\/1"}],"replies":[{"embeddable":true,"href":"https:\/\/hs-experts.com\/en\/wp-json\/wp\/v2\/comments?post=22045"}],"version-history":[{"count":1,"href":"https:\/\/hs-experts.com\/en\/wp-json\/wp\/v2\/pages\/22045\/revisions"}],"predecessor-version":[{"id":22046,"href":"https:\/\/hs-experts.com\/en\/wp-json\/wp\/v2\/pages\/22045\/revisions\/22046"}],"up":[{"embeddable":true,"href":"https:\/\/hs-experts.com\/en\/wp-json\/wp\/v2\/pages\/22035"}],"wp:attachment":[{"href":"https:\/\/hs-experts.com\/en\/wp-json\/wp\/v2\/media?parent=22045"}],"curies":[{"name":"wp","href":"https:\/\/api.w.org\/{rel}","templated":true}]}}