{"id":22047,"date":"2023-11-01T09:35:42","date_gmt":"2023-11-01T09:35:42","guid":{"rendered":"https:\/\/hs-experts.com\/?page_id=22047"},"modified":"2023-11-01T09:35:42","modified_gmt":"2023-11-01T09:35:42","slug":"raumungs-und-evakuierungskonzept","status":"publish","type":"page","link":"https:\/\/hs-experts.com\/en\/brandschutz\/raumungs-und-evakuierungskonzept\/","title":{"rendered":"Evacuation and evacuation concept"},"content":{"rendered":"<p>With a structured and planned evacuation and evacuation concept, you create the basis for a quick and organised evacuation in the event of danger. We work with you to analyse your requirements, examine your company structures and jointly create an evacuation concept tailored to your needs and circumstances.<\/p>\n<ul>\n<li>Consultancy and implementation for the installation of escape and rescue route signs<\/li>\n<li>Evacuation and evacuation exercise<\/li>\n<li>Training for evacuation assistants<\/li>\n<\/ul>","protected":false},"excerpt":{"rendered":"<p>With a structured and planned evacuation and evacuation concept, you create the basis for a quick and organised evacuation in the event of danger. We work with you to analyse your requirements, examine your company structures and jointly create an evacuation concept tailored to your needs and circumstances. Consultancy and implementation for the installation of escape and rescue route signs Evacuation and evacuation drills Training [...]<\/p>","protected":false},"author":1,"featured_media":0,"parent":22035,"menu_order":0,"comment_status":"closed","ping_status":"closed","template":"","meta":{"inline_featured_image":false,"footnotes":""},"class_list":["post-22047","page","type-page","status-publish","hentry"],"yoast_head":"<!-- This site is optimized with the Yoast SEO plugin v25.3 - https:\/\/yoast.com\/wordpress\/plugins\/seo\/ -->\n<title>R\u00e4umungs- und Evakuierungskonzept - HEALTH &amp; SAFETY EXPERTS<\/title>\n<meta name=\"robots\" content=\"index, follow, max-snippet:-1, max-image-preview:large, max-video-preview:-1\" \/>\n<link rel=\"canonical\" href=\"https:\/\/hs-experts.com\/en\/brandschutz\/raumungs-und-evakuierungskonzept\/\" \/>\n<meta property=\"og:locale\" content=\"en_GB\" \/>\n<meta property=\"og:type\" content=\"article\" \/>\n<meta property=\"og:title\" content=\"R\u00e4umungs- und Evakuierungskonzept - HEALTH &amp; SAFETY EXPERTS\" \/>\n<meta property=\"og:description\" content=\"Mit einem strukturierten und geplanten R\u00e4umungs- und Evakuierungskonzept schaffen Sie die Grundlage f\u00fcr eine schnelle und geordnete Evakuierung im Gefahrenfall. Gemeinsam mit Ihnen erstellen wir eine Bedarfsanalyse, durchleuchten Ihre Betriebsstrukturen und erstellen gemeinsam ein auf Ihren Bedarf und Gegebenheiten abgestimmtes Evakuierungskonzept. Beratung und Durchf\u00fchrung bei der Installation von Flucht- und Rettungswegeschildern R\u00e4umungs- und Evakuierungs\u00fcbung Ausbildung [&hellip;]\" \/>\n<meta property=\"og:url\" content=\"https:\/\/hs-experts.com\/en\/brandschutz\/raumungs-und-evakuierungskonzept\/\" \/>\n<meta property=\"og:site_name\" content=\"HEALTH &amp; SAFETY EXPERTS\" \/>\n<meta name=\"twitter:card\" content=\"summary_large_image\" \/>\n<script type=\"application\/ld+json\" class=\"yoast-schema-graph\">{\"@context\":\"https:\/\/schema.org\",\"@graph\":[{\"@type\":\"WebPage\",\"@id\":\"https:\/\/hs-experts.com\/brandschutz\/raumungs-und-evakuierungskonzept\/\",\"url\":\"https:\/\/hs-experts.com\/brandschutz\/raumungs-und-evakuierungskonzept\/\",\"name\":\"R\u00e4umungs- und Evakuierungskonzept - HEALTH &amp; SAFETY EXPERTS\",\"isPartOf\":{\"@id\":\"https:\/\/hs-experts.com\/#website\"},\"datePublished\":\"2023-11-01T09:35:42+00:00\",\"breadcrumb\":{\"@id\":\"https:\/\/hs-experts.com\/brandschutz\/raumungs-und-evakuierungskonzept\/#breadcrumb\"},\"inLanguage\":\"en-GB\",\"potentialAction\":[{\"@type\":\"ReadAction\",\"target\":[\"https:\/\/hs-experts.com\/brandschutz\/raumungs-und-evakuierungskonzept\/\"]}]},{\"@type\":\"BreadcrumbList\",\"@id\":\"https:\/\/hs-experts.com\/brandschutz\/raumungs-und-evakuierungskonzept\/#breadcrumb\",\"itemListElement\":[{\"@type\":\"ListItem\",\"position\":1,\"name\":\"Home\",\"item\":\"https:\/\/hs-experts.com\/\"},{\"@type\":\"ListItem\",\"position\":2,\"name\":\"Brandschutz\",\"item\":\"https:\/\/hs-experts.com\/brandschutz\/\"},{\"@type\":\"ListItem\",\"position\":3,\"name\":\"R\u00e4umungs- und Evakuierungskonzept\"}]},{\"@type\":\"WebSite\",\"@id\":\"https:\/\/hs-experts.com\/#website\",\"url\":\"https:\/\/hs-experts.com\/\",\"name\":\"HEALTH &amp; SAFETY EXPERTS\",\"description\":\"\",\"potentialAction\":[{\"@type\":\"SearchAction\",\"target\":{\"@type\":\"EntryPoint\",\"urlTemplate\":\"https:\/\/hs-experts.com\/?s={search_term_string}\"},\"query-input\":{\"@type\":\"PropertyValueSpecification\",\"valueRequired\":true,\"valueName\":\"search_term_string\"}}],\"inLanguage\":\"en-GB\"}]}<\/script>\n<!-- \/ Yoast SEO plugin. -->","yoast_head_json":{"title":"R\u00e4umungs- und Evakuierungskonzept - HEALTH &amp; SAFETY EXPERTS","robots":{"index":"index","follow":"follow","max-snippet":"max-snippet:-1","max-image-preview":"max-image-preview:large","max-video-preview":"max-video-preview:-1"},"canonical":"https:\/\/hs-experts.com\/en\/brandschutz\/raumungs-und-evakuierungskonzept\/","og_locale":"en_GB","og_type":"article","og_title":"R\u00e4umungs- und Evakuierungskonzept - HEALTH &amp; SAFETY EXPERTS","og_description":"Mit einem strukturierten und geplanten R\u00e4umungs- und Evakuierungskonzept schaffen Sie die Grundlage f\u00fcr eine schnelle und geordnete Evakuierung im Gefahrenfall. Gemeinsam mit Ihnen erstellen wir eine Bedarfsanalyse, durchleuchten Ihre Betriebsstrukturen und erstellen gemeinsam ein auf Ihren Bedarf und Gegebenheiten abgestimmtes Evakuierungskonzept. Beratung und Durchf\u00fchrung bei der Installation von Flucht- und Rettungswegeschildern R\u00e4umungs- und Evakuierungs\u00fcbung Ausbildung [&hellip;]","og_url":"https:\/\/hs-experts.com\/en\/brandschutz\/raumungs-und-evakuierungskonzept\/","og_site_name":"HEALTH &amp; SAFETY EXPERTS","twitter_card":"summary_large_image","schema":{"@context":"https:\/\/schema.org","@graph":[{"@type":"WebPage","@id":"https:\/\/hs-experts.com\/brandschutz\/raumungs-und-evakuierungskonzept\/","url":"https:\/\/hs-experts.com\/brandschutz\/raumungs-und-evakuierungskonzept\/","name":"R\u00e4umungs- und Evakuierungskonzept - HEALTH &amp; SAFETY EXPERTS","isPartOf":{"@id":"https:\/\/hs-experts.com\/#website"},"datePublished":"2023-11-01T09:35:42+00:00","breadcrumb":{"@id":"https:\/\/hs-experts.com\/brandschutz\/raumungs-und-evakuierungskonzept\/#breadcrumb"},"inLanguage":"en-GB","potentialAction":[{"@type":"ReadAction","target":["https:\/\/hs-experts.com\/brandschutz\/raumungs-und-evakuierungskonzept\/"]}]},{"@type":"BreadcrumbList","@id":"https:\/\/hs-experts.com\/brandschutz\/raumungs-und-evakuierungskonzept\/#breadcrumb","itemListElement":[{"@type":"ListItem","position":1,"name":"Home","item":"https:\/\/hs-experts.com\/"},{"@type":"ListItem","position":2,"name":"Brandschutz","item":"https:\/\/hs-experts.com\/brandschutz\/"},{"@type":"ListItem","position":3,"name":"R\u00e4umungs- und Evakuierungskonzept"}]},{"@type":"WebSite","@id":"https:\/\/hs-experts.com\/#website","url":"https:\/\/hs-experts.com\/","name":"HEALTH &amp; SAFETY EXPERTS","description":"","potentialAction":[{"@type":"SearchAction","target":{"@type":"EntryPoint","urlTemplate":"https:\/\/hs-experts.com\/?s={search_term_string}"},"query-input":{"@type":"PropertyValueSpecification","valueRequired":true,"valueName":"search_term_string"}}],"inLanguage":"en-GB"}]}},"_hostinger_reach_plugin_has_subscription_block":false,"_hostinger_reach_plugin_is_elementor":false,"_links":{"self":[{"href":"https:\/\/hs-experts.com\/en\/wp-json\/wp\/v2\/pages\/22047","targetHints":{"allow":["GET"]}}],"collection":[{"href":"https:\/\/hs-experts.com\/en\/wp-json\/wp\/v2\/pages"}],"about":[{"href":"https:\/\/hs-experts.com\/en\/wp-json\/wp\/v2\/types\/page"}],"author":[{"embeddable":true,"href":"https:\/\/hs-experts.com\/en\/wp-json\/wp\/v2\/users\/1"}],"replies":[{"embeddable":true,"href":"https:\/\/hs-experts.com\/en\/wp-json\/wp\/v2\/comments?post=22047"}],"version-history":[{"count":1,"href":"https:\/\/hs-experts.com\/en\/wp-json\/wp\/v2\/pages\/22047\/revisions"}],"predecessor-version":[{"id":22048,"href":"https:\/\/hs-experts.com\/en\/wp-json\/wp\/v2\/pages\/22047\/revisions\/22048"}],"up":[{"embeddable":true,"href":"https:\/\/hs-experts.com\/en\/wp-json\/wp\/v2\/pages\/22035"}],"wp:attachment":[{"href":"https:\/\/hs-experts.com\/en\/wp-json\/wp\/v2\/media?parent=22047"}],"curies":[{"name":"wp","href":"https:\/\/api.w.org\/{rel}","templated":true}]}}