{"id":22059,"date":"2023-11-01T09:38:49","date_gmt":"2023-11-01T09:38:49","guid":{"rendered":"https:\/\/hs-experts.com\/?page_id=22059"},"modified":"2023-11-01T09:38:49","modified_gmt":"2023-11-01T09:38:49","slug":"ausbildung-brandschutzhelfer","status":"publish","type":"page","link":"https:\/\/hs-experts.com\/en\/brandschutz\/ausbildung-brandschutzhelfer\/","title":{"rendered":"Training for fire protection assistants"},"content":{"rendered":"<p>Fire safety assistants are employees of your company who take specific measures to avert danger and protect other employees in the event of a fire.<\/p>\n<p>Fire safety in the company also includes regular training for all employees and staff. Companies are obliged to designate employees who are responsible for providing first aid, fighting a fire or initiating an evacuation in the event of an emergency.<\/p>","protected":false},"excerpt":{"rendered":"<p>Fire safety assistants are employees of your company who take specific measures to avert danger and protect other employees in the event of a fire. Fire safety in the company also includes regular training for all employees and staff. Companies are obliged to appoint employees who are responsible for providing first aid, fighting a fire or organising an evacuation in an emergency [...].<\/p>","protected":false},"author":1,"featured_media":0,"parent":22035,"menu_order":0,"comment_status":"closed","ping_status":"closed","template":"","meta":{"inline_featured_image":false,"footnotes":""},"class_list":["post-22059","page","type-page","status-publish","hentry"],"yoast_head":"<!-- This site is optimized with the Yoast SEO plugin v25.3 - https:\/\/yoast.com\/wordpress\/plugins\/seo\/ -->\n<title>Ausbildung Brandschutzhelfer - HEALTH &amp; SAFETY EXPERTS<\/title>\n<meta name=\"robots\" content=\"index, follow, max-snippet:-1, max-image-preview:large, max-video-preview:-1\" \/>\n<link rel=\"canonical\" href=\"https:\/\/hs-experts.com\/en\/brandschutz\/ausbildung-brandschutzhelfer\/\" \/>\n<meta property=\"og:locale\" content=\"en_GB\" \/>\n<meta property=\"og:type\" content=\"article\" \/>\n<meta property=\"og:title\" content=\"Ausbildung Brandschutzhelfer - HEALTH &amp; SAFETY EXPERTS\" \/>\n<meta property=\"og:description\" content=\"Brandschutzhelfer sind Mitarbeiter Ihres Unternehmens, die im Brandfall gezielte Ma\u00dfnahmen zur Gefahrenabwehr bzw. zum Schutz der anderer Besch\u00e4ftigter aus\u00fcben. Zum Brandschutz im Betrieb geh\u00f6rt auch die regelm\u00e4\u00dfige Schulung aller Besch\u00e4ftigten und Mitarbeitern. Unternehmen sind verpflichtet Mitarbeiter zu benennen, die im Notfall daf\u00fcr zust\u00e4ndig sind, Erste Hilfe zu leisten, einen Brand zu bek\u00e4mpfen oder eine Evakuierung [&hellip;]\" \/>\n<meta property=\"og:url\" content=\"https:\/\/hs-experts.com\/en\/brandschutz\/ausbildung-brandschutzhelfer\/\" \/>\n<meta property=\"og:site_name\" content=\"HEALTH &amp; SAFETY EXPERTS\" \/>\n<meta name=\"twitter:card\" content=\"summary_large_image\" \/>\n<script type=\"application\/ld+json\" class=\"yoast-schema-graph\">{\"@context\":\"https:\/\/schema.org\",\"@graph\":[{\"@type\":\"WebPage\",\"@id\":\"https:\/\/hs-experts.com\/brandschutz\/ausbildung-brandschutzhelfer\/\",\"url\":\"https:\/\/hs-experts.com\/brandschutz\/ausbildung-brandschutzhelfer\/\",\"name\":\"Ausbildung Brandschutzhelfer - HEALTH &amp; SAFETY EXPERTS\",\"isPartOf\":{\"@id\":\"https:\/\/hs-experts.com\/#website\"},\"datePublished\":\"2023-11-01T09:38:49+00:00\",\"breadcrumb\":{\"@id\":\"https:\/\/hs-experts.com\/brandschutz\/ausbildung-brandschutzhelfer\/#breadcrumb\"},\"inLanguage\":\"en-GB\",\"potentialAction\":[{\"@type\":\"ReadAction\",\"target\":[\"https:\/\/hs-experts.com\/brandschutz\/ausbildung-brandschutzhelfer\/\"]}]},{\"@type\":\"BreadcrumbList\",\"@id\":\"https:\/\/hs-experts.com\/brandschutz\/ausbildung-brandschutzhelfer\/#breadcrumb\",\"itemListElement\":[{\"@type\":\"ListItem\",\"position\":1,\"name\":\"Home\",\"item\":\"https:\/\/hs-experts.com\/\"},{\"@type\":\"ListItem\",\"position\":2,\"name\":\"Brandschutz\",\"item\":\"https:\/\/hs-experts.com\/brandschutz\/\"},{\"@type\":\"ListItem\",\"position\":3,\"name\":\"Ausbildung Brandschutzhelfer\"}]},{\"@type\":\"WebSite\",\"@id\":\"https:\/\/hs-experts.com\/#website\",\"url\":\"https:\/\/hs-experts.com\/\",\"name\":\"HEALTH &amp; SAFETY EXPERTS\",\"description\":\"\",\"potentialAction\":[{\"@type\":\"SearchAction\",\"target\":{\"@type\":\"EntryPoint\",\"urlTemplate\":\"https:\/\/hs-experts.com\/?s={search_term_string}\"},\"query-input\":{\"@type\":\"PropertyValueSpecification\",\"valueRequired\":true,\"valueName\":\"search_term_string\"}}],\"inLanguage\":\"en-GB\"}]}<\/script>\n<!-- \/ Yoast SEO plugin. -->","yoast_head_json":{"title":"Ausbildung Brandschutzhelfer - HEALTH &amp; SAFETY EXPERTS","robots":{"index":"index","follow":"follow","max-snippet":"max-snippet:-1","max-image-preview":"max-image-preview:large","max-video-preview":"max-video-preview:-1"},"canonical":"https:\/\/hs-experts.com\/en\/brandschutz\/ausbildung-brandschutzhelfer\/","og_locale":"en_GB","og_type":"article","og_title":"Ausbildung Brandschutzhelfer - HEALTH &amp; SAFETY EXPERTS","og_description":"Brandschutzhelfer sind Mitarbeiter Ihres Unternehmens, die im Brandfall gezielte Ma\u00dfnahmen zur Gefahrenabwehr bzw. zum Schutz der anderer Besch\u00e4ftigter aus\u00fcben. Zum Brandschutz im Betrieb geh\u00f6rt auch die regelm\u00e4\u00dfige Schulung aller Besch\u00e4ftigten und Mitarbeitern. Unternehmen sind verpflichtet Mitarbeiter zu benennen, die im Notfall daf\u00fcr zust\u00e4ndig sind, Erste Hilfe zu leisten, einen Brand zu bek\u00e4mpfen oder eine Evakuierung [&hellip;]","og_url":"https:\/\/hs-experts.com\/en\/brandschutz\/ausbildung-brandschutzhelfer\/","og_site_name":"HEALTH &amp; SAFETY EXPERTS","twitter_card":"summary_large_image","schema":{"@context":"https:\/\/schema.org","@graph":[{"@type":"WebPage","@id":"https:\/\/hs-experts.com\/brandschutz\/ausbildung-brandschutzhelfer\/","url":"https:\/\/hs-experts.com\/brandschutz\/ausbildung-brandschutzhelfer\/","name":"Ausbildung Brandschutzhelfer - HEALTH &amp; SAFETY EXPERTS","isPartOf":{"@id":"https:\/\/hs-experts.com\/#website"},"datePublished":"2023-11-01T09:38:49+00:00","breadcrumb":{"@id":"https:\/\/hs-experts.com\/brandschutz\/ausbildung-brandschutzhelfer\/#breadcrumb"},"inLanguage":"en-GB","potentialAction":[{"@type":"ReadAction","target":["https:\/\/hs-experts.com\/brandschutz\/ausbildung-brandschutzhelfer\/"]}]},{"@type":"BreadcrumbList","@id":"https:\/\/hs-experts.com\/brandschutz\/ausbildung-brandschutzhelfer\/#breadcrumb","itemListElement":[{"@type":"ListItem","position":1,"name":"Home","item":"https:\/\/hs-experts.com\/"},{"@type":"ListItem","position":2,"name":"Brandschutz","item":"https:\/\/hs-experts.com\/brandschutz\/"},{"@type":"ListItem","position":3,"name":"Ausbildung Brandschutzhelfer"}]},{"@type":"WebSite","@id":"https:\/\/hs-experts.com\/#website","url":"https:\/\/hs-experts.com\/","name":"HEALTH &amp; SAFETY EXPERTS","description":"","potentialAction":[{"@type":"SearchAction","target":{"@type":"EntryPoint","urlTemplate":"https:\/\/hs-experts.com\/?s={search_term_string}"},"query-input":{"@type":"PropertyValueSpecification","valueRequired":true,"valueName":"search_term_string"}}],"inLanguage":"en-GB"}]}},"_hostinger_reach_plugin_has_subscription_block":false,"_hostinger_reach_plugin_is_elementor":false,"_links":{"self":[{"href":"https:\/\/hs-experts.com\/en\/wp-json\/wp\/v2\/pages\/22059","targetHints":{"allow":["GET"]}}],"collection":[{"href":"https:\/\/hs-experts.com\/en\/wp-json\/wp\/v2\/pages"}],"about":[{"href":"https:\/\/hs-experts.com\/en\/wp-json\/wp\/v2\/types\/page"}],"author":[{"embeddable":true,"href":"https:\/\/hs-experts.com\/en\/wp-json\/wp\/v2\/users\/1"}],"replies":[{"embeddable":true,"href":"https:\/\/hs-experts.com\/en\/wp-json\/wp\/v2\/comments?post=22059"}],"version-history":[{"count":1,"href":"https:\/\/hs-experts.com\/en\/wp-json\/wp\/v2\/pages\/22059\/revisions"}],"predecessor-version":[{"id":22060,"href":"https:\/\/hs-experts.com\/en\/wp-json\/wp\/v2\/pages\/22059\/revisions\/22060"}],"up":[{"embeddable":true,"href":"https:\/\/hs-experts.com\/en\/wp-json\/wp\/v2\/pages\/22035"}],"wp:attachment":[{"href":"https:\/\/hs-experts.com\/en\/wp-json\/wp\/v2\/media?parent=22059"}],"curies":[{"name":"wp","href":"https:\/\/api.w.org\/{rel}","templated":true}]}}