{"id":22061,"date":"2023-11-01T09:40:08","date_gmt":"2023-11-01T09:40:08","guid":{"rendered":"https:\/\/hs-experts.com\/?page_id=22061"},"modified":"2023-11-01T09:40:08","modified_gmt":"2023-11-01T09:40:08","slug":"bedarfsanalyse-ermittlung-soll-und-ist-zustand","status":"publish","type":"page","link":"https:\/\/hs-experts.com\/en\/brandschutz\/bedarfsanalyse-ermittlung-soll-und-ist-zustand\/","title":{"rendered":"Needs analysis (determination of target and actual status)"},"content":{"rendered":"<p>With the help of our needs analysis, you can find out how well your company is already covered in the areas of fire, occupational health and safety.<\/p>\n<p>Based on the results, we can develop a concept for your company that not only precisely meets your needs, but also picks up exactly where your previous measures leave off.<\/p>\n<p>This enables us to show you the causes of possible planning errors and\/or deviations throughout the company and work out solutions together.<\/p>","protected":false},"excerpt":{"rendered":"<p>With the help of our needs analysis, you can find out how well your company is already covered in the areas of fire, occupational health and safety. Based on the results, we can develop a concept for your company that not only precisely meets your needs, but also starts exactly where your existing measures end. This enables us to show you the causes [...]<\/p>","protected":false},"author":1,"featured_media":0,"parent":22035,"menu_order":0,"comment_status":"closed","ping_status":"closed","template":"","meta":{"inline_featured_image":false,"footnotes":""},"class_list":["post-22061","page","type-page","status-publish","hentry"],"yoast_head":"<!-- This site is optimized with the Yoast SEO plugin v25.3 - https:\/\/yoast.com\/wordpress\/plugins\/seo\/ -->\n<title>Bedarfsanalyse (Ermittlung Soll- und Ist-Zustand) - HEALTH &amp; SAFETY EXPERTS<\/title>\n<meta name=\"robots\" content=\"index, follow, max-snippet:-1, max-image-preview:large, max-video-preview:-1\" \/>\n<link rel=\"canonical\" href=\"https:\/\/hs-experts.com\/en\/brandschutz\/bedarfsanalyse-ermittlung-soll-und-ist-zustand\/\" \/>\n<meta property=\"og:locale\" content=\"en_GB\" \/>\n<meta property=\"og:type\" content=\"article\" \/>\n<meta property=\"og:title\" content=\"Bedarfsanalyse (Ermittlung Soll- und Ist-Zustand) - HEALTH &amp; SAFETY EXPERTS\" \/>\n<meta property=\"og:description\" content=\"Mit Hilfe unserer Bedarfsanalyse k\u00f6nnen Sie herausfinden, wie gut die Versorgung Ihres Unternehmens in den Bereichen Brand-, Arbeits- und Gesundheitsschutz bereits ist. Anhand der Ergebnisse k\u00f6nnen wir ein Konzept f\u00fcr Ihr Unternehmen entwickeln, das nicht nur genau Ihren Bed\u00fcrfnissen entspricht, sondern genau da ansetzt, wo Ihre bisherigen Ma\u00dfnahmen enden. Dadurch zeigen wir Ihnen die Ursachen [&hellip;]\" \/>\n<meta property=\"og:url\" content=\"https:\/\/hs-experts.com\/en\/brandschutz\/bedarfsanalyse-ermittlung-soll-und-ist-zustand\/\" \/>\n<meta property=\"og:site_name\" content=\"HEALTH &amp; SAFETY EXPERTS\" \/>\n<meta name=\"twitter:card\" content=\"summary_large_image\" \/>\n<script type=\"application\/ld+json\" class=\"yoast-schema-graph\">{\"@context\":\"https:\/\/schema.org\",\"@graph\":[{\"@type\":\"WebPage\",\"@id\":\"https:\/\/hs-experts.com\/brandschutz\/bedarfsanalyse-ermittlung-soll-und-ist-zustand\/\",\"url\":\"https:\/\/hs-experts.com\/brandschutz\/bedarfsanalyse-ermittlung-soll-und-ist-zustand\/\",\"name\":\"Bedarfsanalyse (Ermittlung Soll- und Ist-Zustand) - HEALTH &amp; SAFETY EXPERTS\",\"isPartOf\":{\"@id\":\"https:\/\/hs-experts.com\/#website\"},\"datePublished\":\"2023-11-01T09:40:08+00:00\",\"breadcrumb\":{\"@id\":\"https:\/\/hs-experts.com\/brandschutz\/bedarfsanalyse-ermittlung-soll-und-ist-zustand\/#breadcrumb\"},\"inLanguage\":\"en-GB\",\"potentialAction\":[{\"@type\":\"ReadAction\",\"target\":[\"https:\/\/hs-experts.com\/brandschutz\/bedarfsanalyse-ermittlung-soll-und-ist-zustand\/\"]}]},{\"@type\":\"BreadcrumbList\",\"@id\":\"https:\/\/hs-experts.com\/brandschutz\/bedarfsanalyse-ermittlung-soll-und-ist-zustand\/#breadcrumb\",\"itemListElement\":[{\"@type\":\"ListItem\",\"position\":1,\"name\":\"Home\",\"item\":\"https:\/\/hs-experts.com\/\"},{\"@type\":\"ListItem\",\"position\":2,\"name\":\"Brandschutz\",\"item\":\"https:\/\/hs-experts.com\/brandschutz\/\"},{\"@type\":\"ListItem\",\"position\":3,\"name\":\"Bedarfsanalyse (Ermittlung Soll- und Ist-Zustand)\"}]},{\"@type\":\"WebSite\",\"@id\":\"https:\/\/hs-experts.com\/#website\",\"url\":\"https:\/\/hs-experts.com\/\",\"name\":\"HEALTH &amp; SAFETY EXPERTS\",\"description\":\"\",\"potentialAction\":[{\"@type\":\"SearchAction\",\"target\":{\"@type\":\"EntryPoint\",\"urlTemplate\":\"https:\/\/hs-experts.com\/?s={search_term_string}\"},\"query-input\":{\"@type\":\"PropertyValueSpecification\",\"valueRequired\":true,\"valueName\":\"search_term_string\"}}],\"inLanguage\":\"en-GB\"}]}<\/script>\n<!-- \/ Yoast SEO plugin. -->","yoast_head_json":{"title":"Bedarfsanalyse (Ermittlung Soll- und Ist-Zustand) - HEALTH &amp; SAFETY EXPERTS","robots":{"index":"index","follow":"follow","max-snippet":"max-snippet:-1","max-image-preview":"max-image-preview:large","max-video-preview":"max-video-preview:-1"},"canonical":"https:\/\/hs-experts.com\/en\/brandschutz\/bedarfsanalyse-ermittlung-soll-und-ist-zustand\/","og_locale":"en_GB","og_type":"article","og_title":"Bedarfsanalyse (Ermittlung Soll- und Ist-Zustand) - HEALTH &amp; SAFETY EXPERTS","og_description":"Mit Hilfe unserer Bedarfsanalyse k\u00f6nnen Sie herausfinden, wie gut die Versorgung Ihres Unternehmens in den Bereichen Brand-, Arbeits- und Gesundheitsschutz bereits ist. Anhand der Ergebnisse k\u00f6nnen wir ein Konzept f\u00fcr Ihr Unternehmen entwickeln, das nicht nur genau Ihren Bed\u00fcrfnissen entspricht, sondern genau da ansetzt, wo Ihre bisherigen Ma\u00dfnahmen enden. Dadurch zeigen wir Ihnen die Ursachen [&hellip;]","og_url":"https:\/\/hs-experts.com\/en\/brandschutz\/bedarfsanalyse-ermittlung-soll-und-ist-zustand\/","og_site_name":"HEALTH &amp; SAFETY EXPERTS","twitter_card":"summary_large_image","schema":{"@context":"https:\/\/schema.org","@graph":[{"@type":"WebPage","@id":"https:\/\/hs-experts.com\/brandschutz\/bedarfsanalyse-ermittlung-soll-und-ist-zustand\/","url":"https:\/\/hs-experts.com\/brandschutz\/bedarfsanalyse-ermittlung-soll-und-ist-zustand\/","name":"Bedarfsanalyse (Ermittlung Soll- und Ist-Zustand) - HEALTH &amp; SAFETY EXPERTS","isPartOf":{"@id":"https:\/\/hs-experts.com\/#website"},"datePublished":"2023-11-01T09:40:08+00:00","breadcrumb":{"@id":"https:\/\/hs-experts.com\/brandschutz\/bedarfsanalyse-ermittlung-soll-und-ist-zustand\/#breadcrumb"},"inLanguage":"en-GB","potentialAction":[{"@type":"ReadAction","target":["https:\/\/hs-experts.com\/brandschutz\/bedarfsanalyse-ermittlung-soll-und-ist-zustand\/"]}]},{"@type":"BreadcrumbList","@id":"https:\/\/hs-experts.com\/brandschutz\/bedarfsanalyse-ermittlung-soll-und-ist-zustand\/#breadcrumb","itemListElement":[{"@type":"ListItem","position":1,"name":"Home","item":"https:\/\/hs-experts.com\/"},{"@type":"ListItem","position":2,"name":"Brandschutz","item":"https:\/\/hs-experts.com\/brandschutz\/"},{"@type":"ListItem","position":3,"name":"Bedarfsanalyse (Ermittlung Soll- und Ist-Zustand)"}]},{"@type":"WebSite","@id":"https:\/\/hs-experts.com\/#website","url":"https:\/\/hs-experts.com\/","name":"HEALTH &amp; SAFETY EXPERTS","description":"","potentialAction":[{"@type":"SearchAction","target":{"@type":"EntryPoint","urlTemplate":"https:\/\/hs-experts.com\/?s={search_term_string}"},"query-input":{"@type":"PropertyValueSpecification","valueRequired":true,"valueName":"search_term_string"}}],"inLanguage":"en-GB"}]}},"_hostinger_reach_plugin_has_subscription_block":false,"_hostinger_reach_plugin_is_elementor":false,"_links":{"self":[{"href":"https:\/\/hs-experts.com\/en\/wp-json\/wp\/v2\/pages\/22061","targetHints":{"allow":["GET"]}}],"collection":[{"href":"https:\/\/hs-experts.com\/en\/wp-json\/wp\/v2\/pages"}],"about":[{"href":"https:\/\/hs-experts.com\/en\/wp-json\/wp\/v2\/types\/page"}],"author":[{"embeddable":true,"href":"https:\/\/hs-experts.com\/en\/wp-json\/wp\/v2\/users\/1"}],"replies":[{"embeddable":true,"href":"https:\/\/hs-experts.com\/en\/wp-json\/wp\/v2\/comments?post=22061"}],"version-history":[{"count":1,"href":"https:\/\/hs-experts.com\/en\/wp-json\/wp\/v2\/pages\/22061\/revisions"}],"predecessor-version":[{"id":22062,"href":"https:\/\/hs-experts.com\/en\/wp-json\/wp\/v2\/pages\/22061\/revisions\/22062"}],"up":[{"embeddable":true,"href":"https:\/\/hs-experts.com\/en\/wp-json\/wp\/v2\/pages\/22035"}],"wp:attachment":[{"href":"https:\/\/hs-experts.com\/en\/wp-json\/wp\/v2\/media?parent=22061"}],"curies":[{"name":"wp","href":"https:\/\/api.w.org\/{rel}","templated":true}]}}