{"id":22063,"date":"2023-11-01T09:40:54","date_gmt":"2023-11-01T09:40:54","guid":{"rendered":"https:\/\/hs-experts.com\/?page_id=22063"},"modified":"2023-11-01T09:40:54","modified_gmt":"2023-11-01T09:40:54","slug":"betriebsspezifische-inhouse-fortbildung-fur-brandschutzbeauftragte","status":"publish","type":"page","link":"https:\/\/hs-experts.com\/en\/brandschutz\/betriebsspezifische-inhouse-fortbildung-fur-brandschutzbeauftragte\/","title":{"rendered":"Company-specific in-house training for fire safety officers"},"content":{"rendered":"<p>We offer in-house training for employees to become fire safety officers.<\/p>\n<p>Fire safety officers are the central point of contact for all fire safety issues in the company. They advise and support the employer in all matters relating to preventive, defensive and organisational fire protection as well as operational emergency management. They manage and document fire protection management and check compliance with the fire protection concept and the building permit.<\/p>","protected":false},"excerpt":{"rendered":"<p>We offer in-house training for employees to become fire safety officers. Fire safety officers are the central point of contact for all fire safety issues in the company. They advise and support the employer in all matters relating to preventive, defensive and organisational fire protection as well as operational emergency management. They manage and document fire protection management and check compliance with the fire protection concept and the building permit.<\/p>","protected":false},"author":1,"featured_media":0,"parent":22035,"menu_order":0,"comment_status":"closed","ping_status":"closed","template":"","meta":{"inline_featured_image":false,"footnotes":""},"class_list":["post-22063","page","type-page","status-publish","hentry"],"yoast_head":"<!-- This site is optimized with the Yoast SEO plugin v25.3 - https:\/\/yoast.com\/wordpress\/plugins\/seo\/ -->\n<title>Betriebsspezifische Inhouse-Fortbildung f\u00fcr Brandschutzbeauftragte - HEALTH &amp; SAFETY EXPERTS<\/title>\n<meta name=\"robots\" content=\"index, follow, max-snippet:-1, max-image-preview:large, max-video-preview:-1\" \/>\n<link rel=\"canonical\" href=\"https:\/\/hs-experts.com\/en\/brandschutz\/betriebsspezifische-inhouse-fortbildung-fur-brandschutzbeauftragte\/\" \/>\n<meta property=\"og:locale\" content=\"en_GB\" \/>\n<meta property=\"og:type\" content=\"article\" \/>\n<meta property=\"og:title\" content=\"Betriebsspezifische Inhouse-Fortbildung f\u00fcr Brandschutzbeauftragte - HEALTH &amp; SAFETY EXPERTS\" \/>\n<meta property=\"og:description\" content=\"Wir bieten Ihnen eine Inhouse Fortbildung f\u00fcr Mitarbeiter zum Brandschutzbeauftragten. Brandschutzbeauftragte sind die zentrale Ansprechperson f\u00fcr alle Brandschutzfragen im Betrieb. Sie beraten und unterst\u00fctzen den Arbeitgeber in allen Fragen des vorbeugenden, abwehrenden und organisatorischen Brandschutzes sowie im betrieblichen Notfallmanagement. Sie leiten und dokumentieren das Brandschutzmanagement und pr\u00fcfen die Einhaltung des Brandschutzkonzeptes und der Baugenehmigung.\" \/>\n<meta property=\"og:url\" content=\"https:\/\/hs-experts.com\/en\/brandschutz\/betriebsspezifische-inhouse-fortbildung-fur-brandschutzbeauftragte\/\" \/>\n<meta property=\"og:site_name\" content=\"HEALTH &amp; SAFETY EXPERTS\" \/>\n<meta name=\"twitter:card\" content=\"summary_large_image\" \/>\n<script type=\"application\/ld+json\" class=\"yoast-schema-graph\">{\"@context\":\"https:\/\/schema.org\",\"@graph\":[{\"@type\":\"WebPage\",\"@id\":\"https:\/\/hs-experts.com\/brandschutz\/betriebsspezifische-inhouse-fortbildung-fur-brandschutzbeauftragte\/\",\"url\":\"https:\/\/hs-experts.com\/brandschutz\/betriebsspezifische-inhouse-fortbildung-fur-brandschutzbeauftragte\/\",\"name\":\"Betriebsspezifische Inhouse-Fortbildung f\u00fcr Brandschutzbeauftragte - HEALTH &amp; SAFETY EXPERTS\",\"isPartOf\":{\"@id\":\"https:\/\/hs-experts.com\/#website\"},\"datePublished\":\"2023-11-01T09:40:54+00:00\",\"breadcrumb\":{\"@id\":\"https:\/\/hs-experts.com\/brandschutz\/betriebsspezifische-inhouse-fortbildung-fur-brandschutzbeauftragte\/#breadcrumb\"},\"inLanguage\":\"en-GB\",\"potentialAction\":[{\"@type\":\"ReadAction\",\"target\":[\"https:\/\/hs-experts.com\/brandschutz\/betriebsspezifische-inhouse-fortbildung-fur-brandschutzbeauftragte\/\"]}]},{\"@type\":\"BreadcrumbList\",\"@id\":\"https:\/\/hs-experts.com\/brandschutz\/betriebsspezifische-inhouse-fortbildung-fur-brandschutzbeauftragte\/#breadcrumb\",\"itemListElement\":[{\"@type\":\"ListItem\",\"position\":1,\"name\":\"Home\",\"item\":\"https:\/\/hs-experts.com\/\"},{\"@type\":\"ListItem\",\"position\":2,\"name\":\"Brandschutz\",\"item\":\"https:\/\/hs-experts.com\/brandschutz\/\"},{\"@type\":\"ListItem\",\"position\":3,\"name\":\"Betriebsspezifische Inhouse-Fortbildung f\u00fcr Brandschutzbeauftragte\"}]},{\"@type\":\"WebSite\",\"@id\":\"https:\/\/hs-experts.com\/#website\",\"url\":\"https:\/\/hs-experts.com\/\",\"name\":\"HEALTH &amp; SAFETY EXPERTS\",\"description\":\"\",\"potentialAction\":[{\"@type\":\"SearchAction\",\"target\":{\"@type\":\"EntryPoint\",\"urlTemplate\":\"https:\/\/hs-experts.com\/?s={search_term_string}\"},\"query-input\":{\"@type\":\"PropertyValueSpecification\",\"valueRequired\":true,\"valueName\":\"search_term_string\"}}],\"inLanguage\":\"en-GB\"}]}<\/script>\n<!-- \/ Yoast SEO plugin. -->","yoast_head_json":{"title":"Betriebsspezifische Inhouse-Fortbildung f\u00fcr Brandschutzbeauftragte - HEALTH &amp; SAFETY EXPERTS","robots":{"index":"index","follow":"follow","max-snippet":"max-snippet:-1","max-image-preview":"max-image-preview:large","max-video-preview":"max-video-preview:-1"},"canonical":"https:\/\/hs-experts.com\/en\/brandschutz\/betriebsspezifische-inhouse-fortbildung-fur-brandschutzbeauftragte\/","og_locale":"en_GB","og_type":"article","og_title":"Betriebsspezifische Inhouse-Fortbildung f\u00fcr Brandschutzbeauftragte - HEALTH &amp; SAFETY EXPERTS","og_description":"Wir bieten Ihnen eine Inhouse Fortbildung f\u00fcr Mitarbeiter zum Brandschutzbeauftragten. Brandschutzbeauftragte sind die zentrale Ansprechperson f\u00fcr alle Brandschutzfragen im Betrieb. Sie beraten und unterst\u00fctzen den Arbeitgeber in allen Fragen des vorbeugenden, abwehrenden und organisatorischen Brandschutzes sowie im betrieblichen Notfallmanagement. Sie leiten und dokumentieren das Brandschutzmanagement und pr\u00fcfen die Einhaltung des Brandschutzkonzeptes und der Baugenehmigung.","og_url":"https:\/\/hs-experts.com\/en\/brandschutz\/betriebsspezifische-inhouse-fortbildung-fur-brandschutzbeauftragte\/","og_site_name":"HEALTH &amp; SAFETY EXPERTS","twitter_card":"summary_large_image","schema":{"@context":"https:\/\/schema.org","@graph":[{"@type":"WebPage","@id":"https:\/\/hs-experts.com\/brandschutz\/betriebsspezifische-inhouse-fortbildung-fur-brandschutzbeauftragte\/","url":"https:\/\/hs-experts.com\/brandschutz\/betriebsspezifische-inhouse-fortbildung-fur-brandschutzbeauftragte\/","name":"Betriebsspezifische Inhouse-Fortbildung f\u00fcr Brandschutzbeauftragte - HEALTH &amp; SAFETY EXPERTS","isPartOf":{"@id":"https:\/\/hs-experts.com\/#website"},"datePublished":"2023-11-01T09:40:54+00:00","breadcrumb":{"@id":"https:\/\/hs-experts.com\/brandschutz\/betriebsspezifische-inhouse-fortbildung-fur-brandschutzbeauftragte\/#breadcrumb"},"inLanguage":"en-GB","potentialAction":[{"@type":"ReadAction","target":["https:\/\/hs-experts.com\/brandschutz\/betriebsspezifische-inhouse-fortbildung-fur-brandschutzbeauftragte\/"]}]},{"@type":"BreadcrumbList","@id":"https:\/\/hs-experts.com\/brandschutz\/betriebsspezifische-inhouse-fortbildung-fur-brandschutzbeauftragte\/#breadcrumb","itemListElement":[{"@type":"ListItem","position":1,"name":"Home","item":"https:\/\/hs-experts.com\/"},{"@type":"ListItem","position":2,"name":"Brandschutz","item":"https:\/\/hs-experts.com\/brandschutz\/"},{"@type":"ListItem","position":3,"name":"Betriebsspezifische Inhouse-Fortbildung f\u00fcr Brandschutzbeauftragte"}]},{"@type":"WebSite","@id":"https:\/\/hs-experts.com\/#website","url":"https:\/\/hs-experts.com\/","name":"HEALTH &amp; SAFETY EXPERTS","description":"","potentialAction":[{"@type":"SearchAction","target":{"@type":"EntryPoint","urlTemplate":"https:\/\/hs-experts.com\/?s={search_term_string}"},"query-input":{"@type":"PropertyValueSpecification","valueRequired":true,"valueName":"search_term_string"}}],"inLanguage":"en-GB"}]}},"_hostinger_reach_plugin_has_subscription_block":false,"_hostinger_reach_plugin_is_elementor":false,"_links":{"self":[{"href":"https:\/\/hs-experts.com\/en\/wp-json\/wp\/v2\/pages\/22063","targetHints":{"allow":["GET"]}}],"collection":[{"href":"https:\/\/hs-experts.com\/en\/wp-json\/wp\/v2\/pages"}],"about":[{"href":"https:\/\/hs-experts.com\/en\/wp-json\/wp\/v2\/types\/page"}],"author":[{"embeddable":true,"href":"https:\/\/hs-experts.com\/en\/wp-json\/wp\/v2\/users\/1"}],"replies":[{"embeddable":true,"href":"https:\/\/hs-experts.com\/en\/wp-json\/wp\/v2\/comments?post=22063"}],"version-history":[{"count":1,"href":"https:\/\/hs-experts.com\/en\/wp-json\/wp\/v2\/pages\/22063\/revisions"}],"predecessor-version":[{"id":22064,"href":"https:\/\/hs-experts.com\/en\/wp-json\/wp\/v2\/pages\/22063\/revisions\/22064"}],"up":[{"embeddable":true,"href":"https:\/\/hs-experts.com\/en\/wp-json\/wp\/v2\/pages\/22035"}],"wp:attachment":[{"href":"https:\/\/hs-experts.com\/en\/wp-json\/wp\/v2\/media?parent=22063"}],"curies":[{"name":"wp","href":"https:\/\/api.w.org\/{rel}","templated":true}]}}