{"id":22069,"date":"2023-11-01T09:41:58","date_gmt":"2023-11-01T09:41:58","guid":{"rendered":"https:\/\/hs-experts.com\/?page_id=22069"},"modified":"2023-11-01T09:41:58","modified_gmt":"2023-11-01T09:41:58","slug":"durchfuhrung-der-brandschutzordnung","status":"publish","type":"page","link":"https:\/\/hs-experts.com\/en\/brandschutz\/durchfuhrung-der-brandschutzordnung\/","title":{"rendered":"Implementation of the fire safety regulations"},"content":{"rendered":"<p>Part A is aimed at all persons present in the building. The corresponding fire safety regulations must be clearly visible, for example in corridors, halls or lifts. In other words, wherever there is a lot of public traffic. A corresponding notice in accordance with DIN 14096 should also be displayed on the inside doors of hotel rooms and seminar rooms.<\/p>\n<p>Part B is aimed at all persons who are not only temporarily present in the building. These may be employees of a company or residents of the building. The fire safety regulations DIN 14096 Part B should be made available to the group of persons concerned in the form of a brochure or leaflet after personal instruction if possible.<\/p>\n<p>Part C is aimed at persons with special fire protection tasks. These may be safety officers or special fire safety officers. This part of the fire safety regulations includes alarm plans and safety measures for people, the environment and property that come into play in an emergency.<\/p>\n<p>contains the following information:<\/p>\n<ul>\n<li>Report fire, inform fire brigade, bring to safety and attempt to extinguish<\/li>\n<li>Part B contains, among other things, information on fire prevention, escape and rescue routes, signalling and extinguishing equipment and behaviour in the event of fire.<\/li>\n<li>Part C provides information on organisational precautions for fire prevention, alarm plans, safety measures for people, the environment and property, securing escape routes and preparations for the deployment of the fire brigade.<\/li>\n<\/ul>","protected":false},"excerpt":{"rendered":"<p>Part A is aimed at all persons present in the building. The corresponding fire safety regulations must be clearly visible, for example in corridors, halls or lifts. In other words, wherever there is a lot of public traffic. A corresponding notice in accordance with DIN 14096 should also be displayed on the inside doors of hotel rooms and seminar rooms. Part B is aimed at [...]<\/p>","protected":false},"author":1,"featured_media":0,"parent":22035,"menu_order":0,"comment_status":"closed","ping_status":"closed","template":"","meta":{"inline_featured_image":false,"footnotes":""},"class_list":["post-22069","page","type-page","status-publish","hentry"],"yoast_head":"<!-- This site is optimized with the Yoast SEO plugin v25.3 - https:\/\/yoast.com\/wordpress\/plugins\/seo\/ -->\n<title>Durchf\u00fchrung der Brandschutzordnung - HEALTH &amp; SAFETY EXPERTS<\/title>\n<meta name=\"robots\" content=\"index, follow, max-snippet:-1, max-image-preview:large, max-video-preview:-1\" \/>\n<link rel=\"canonical\" href=\"https:\/\/hs-experts.com\/en\/brandschutz\/durchfuhrung-der-brandschutzordnung\/\" \/>\n<meta property=\"og:locale\" content=\"en_GB\" \/>\n<meta property=\"og:type\" content=\"article\" \/>\n<meta property=\"og:title\" content=\"Durchf\u00fchrung der Brandschutzordnung - HEALTH &amp; SAFETY EXPERTS\" \/>\n<meta property=\"og:description\" content=\"Teil A richtet sich an alle Personen, die sich im Geb\u00e4ude aufhalten. Eine entsprechende Brandschutzordnung muss gut sichtbar zum Beispiel in Hausfluren, Hallen oder Aufz\u00fcgen angebracht werden. Also \u00fcberall dort, wo reger Publikumsverkehr herrscht. Auch an Innent\u00fcren von Hotelzimmern und Seminarr\u00e4umen sollte sich ein entsprechender Aushang nach DIN 14096 befinden. Teil B richtet sich an [&hellip;]\" \/>\n<meta property=\"og:url\" content=\"https:\/\/hs-experts.com\/en\/brandschutz\/durchfuhrung-der-brandschutzordnung\/\" \/>\n<meta property=\"og:site_name\" content=\"HEALTH &amp; SAFETY EXPERTS\" \/>\n<meta name=\"twitter:card\" content=\"summary_large_image\" \/>\n<meta name=\"twitter:label1\" content=\"Estimated reading time\" \/>\n\t<meta name=\"twitter:data1\" content=\"1 minute\" \/>\n<script type=\"application\/ld+json\" class=\"yoast-schema-graph\">{\"@context\":\"https:\/\/schema.org\",\"@graph\":[{\"@type\":\"WebPage\",\"@id\":\"https:\/\/hs-experts.com\/brandschutz\/durchfuhrung-der-brandschutzordnung\/\",\"url\":\"https:\/\/hs-experts.com\/brandschutz\/durchfuhrung-der-brandschutzordnung\/\",\"name\":\"Durchf\u00fchrung der Brandschutzordnung - HEALTH &amp; SAFETY EXPERTS\",\"isPartOf\":{\"@id\":\"https:\/\/hs-experts.com\/#website\"},\"datePublished\":\"2023-11-01T09:41:58+00:00\",\"breadcrumb\":{\"@id\":\"https:\/\/hs-experts.com\/brandschutz\/durchfuhrung-der-brandschutzordnung\/#breadcrumb\"},\"inLanguage\":\"en-GB\",\"potentialAction\":[{\"@type\":\"ReadAction\",\"target\":[\"https:\/\/hs-experts.com\/brandschutz\/durchfuhrung-der-brandschutzordnung\/\"]}]},{\"@type\":\"BreadcrumbList\",\"@id\":\"https:\/\/hs-experts.com\/brandschutz\/durchfuhrung-der-brandschutzordnung\/#breadcrumb\",\"itemListElement\":[{\"@type\":\"ListItem\",\"position\":1,\"name\":\"Home\",\"item\":\"https:\/\/hs-experts.com\/\"},{\"@type\":\"ListItem\",\"position\":2,\"name\":\"Brandschutz\",\"item\":\"https:\/\/hs-experts.com\/brandschutz\/\"},{\"@type\":\"ListItem\",\"position\":3,\"name\":\"Durchf\u00fchrung der Brandschutzordnung\"}]},{\"@type\":\"WebSite\",\"@id\":\"https:\/\/hs-experts.com\/#website\",\"url\":\"https:\/\/hs-experts.com\/\",\"name\":\"HEALTH &amp; SAFETY EXPERTS\",\"description\":\"\",\"potentialAction\":[{\"@type\":\"SearchAction\",\"target\":{\"@type\":\"EntryPoint\",\"urlTemplate\":\"https:\/\/hs-experts.com\/?s={search_term_string}\"},\"query-input\":{\"@type\":\"PropertyValueSpecification\",\"valueRequired\":true,\"valueName\":\"search_term_string\"}}],\"inLanguage\":\"en-GB\"}]}<\/script>\n<!-- \/ Yoast SEO plugin. -->","yoast_head_json":{"title":"Durchf\u00fchrung der Brandschutzordnung - HEALTH &amp; SAFETY EXPERTS","robots":{"index":"index","follow":"follow","max-snippet":"max-snippet:-1","max-image-preview":"max-image-preview:large","max-video-preview":"max-video-preview:-1"},"canonical":"https:\/\/hs-experts.com\/en\/brandschutz\/durchfuhrung-der-brandschutzordnung\/","og_locale":"en_GB","og_type":"article","og_title":"Durchf\u00fchrung der Brandschutzordnung - HEALTH &amp; SAFETY EXPERTS","og_description":"Teil A richtet sich an alle Personen, die sich im Geb\u00e4ude aufhalten. Eine entsprechende Brandschutzordnung muss gut sichtbar zum Beispiel in Hausfluren, Hallen oder Aufz\u00fcgen angebracht werden. Also \u00fcberall dort, wo reger Publikumsverkehr herrscht. Auch an Innent\u00fcren von Hotelzimmern und Seminarr\u00e4umen sollte sich ein entsprechender Aushang nach DIN 14096 befinden. Teil B richtet sich an [&hellip;]","og_url":"https:\/\/hs-experts.com\/en\/brandschutz\/durchfuhrung-der-brandschutzordnung\/","og_site_name":"HEALTH &amp; SAFETY EXPERTS","twitter_card":"summary_large_image","twitter_misc":{"Estimated reading time":"1 minute"},"schema":{"@context":"https:\/\/schema.org","@graph":[{"@type":"WebPage","@id":"https:\/\/hs-experts.com\/brandschutz\/durchfuhrung-der-brandschutzordnung\/","url":"https:\/\/hs-experts.com\/brandschutz\/durchfuhrung-der-brandschutzordnung\/","name":"Durchf\u00fchrung der Brandschutzordnung - HEALTH &amp; SAFETY EXPERTS","isPartOf":{"@id":"https:\/\/hs-experts.com\/#website"},"datePublished":"2023-11-01T09:41:58+00:00","breadcrumb":{"@id":"https:\/\/hs-experts.com\/brandschutz\/durchfuhrung-der-brandschutzordnung\/#breadcrumb"},"inLanguage":"en-GB","potentialAction":[{"@type":"ReadAction","target":["https:\/\/hs-experts.com\/brandschutz\/durchfuhrung-der-brandschutzordnung\/"]}]},{"@type":"BreadcrumbList","@id":"https:\/\/hs-experts.com\/brandschutz\/durchfuhrung-der-brandschutzordnung\/#breadcrumb","itemListElement":[{"@type":"ListItem","position":1,"name":"Home","item":"https:\/\/hs-experts.com\/"},{"@type":"ListItem","position":2,"name":"Brandschutz","item":"https:\/\/hs-experts.com\/brandschutz\/"},{"@type":"ListItem","position":3,"name":"Durchf\u00fchrung der Brandschutzordnung"}]},{"@type":"WebSite","@id":"https:\/\/hs-experts.com\/#website","url":"https:\/\/hs-experts.com\/","name":"HEALTH &amp; SAFETY EXPERTS","description":"","potentialAction":[{"@type":"SearchAction","target":{"@type":"EntryPoint","urlTemplate":"https:\/\/hs-experts.com\/?s={search_term_string}"},"query-input":{"@type":"PropertyValueSpecification","valueRequired":true,"valueName":"search_term_string"}}],"inLanguage":"en-GB"}]}},"_hostinger_reach_plugin_has_subscription_block":false,"_hostinger_reach_plugin_is_elementor":false,"_links":{"self":[{"href":"https:\/\/hs-experts.com\/en\/wp-json\/wp\/v2\/pages\/22069","targetHints":{"allow":["GET"]}}],"collection":[{"href":"https:\/\/hs-experts.com\/en\/wp-json\/wp\/v2\/pages"}],"about":[{"href":"https:\/\/hs-experts.com\/en\/wp-json\/wp\/v2\/types\/page"}],"author":[{"embeddable":true,"href":"https:\/\/hs-experts.com\/en\/wp-json\/wp\/v2\/users\/1"}],"replies":[{"embeddable":true,"href":"https:\/\/hs-experts.com\/en\/wp-json\/wp\/v2\/comments?post=22069"}],"version-history":[{"count":1,"href":"https:\/\/hs-experts.com\/en\/wp-json\/wp\/v2\/pages\/22069\/revisions"}],"predecessor-version":[{"id":22070,"href":"https:\/\/hs-experts.com\/en\/wp-json\/wp\/v2\/pages\/22069\/revisions\/22070"}],"up":[{"embeddable":true,"href":"https:\/\/hs-experts.com\/en\/wp-json\/wp\/v2\/pages\/22035"}],"wp:attachment":[{"href":"https:\/\/hs-experts.com\/en\/wp-json\/wp\/v2\/media?parent=22069"}],"curies":[{"name":"wp","href":"https:\/\/api.w.org\/{rel}","templated":true}]}}