{"id":22071,"date":"2023-11-01T09:42:30","date_gmt":"2023-11-01T09:42:30","guid":{"rendered":"https:\/\/hs-experts.com\/?page_id=22071"},"modified":"2023-11-01T09:42:30","modified_gmt":"2023-11-01T09:42:30","slug":"erstellen-von-handlungsanweisungen","status":"publish","type":"page","link":"https:\/\/hs-experts.com\/en\/brandschutz\/erstellen-von-handlungsanweisungen\/","title":{"rendered":"Creating instructions for action"},"content":{"rendered":"<p>These instructions are distributed to the fire protection function holders as part of the appointment and assignment of tasks; their receipt must be confirmed in writing. Instructions are provided for the following fire protection function centres:<\/p>\n<ul>\n<li aria-level=\"3\">\u00a0Self-help power<\/li>\n<li aria-level=\"3\">\u00a0Evacuation assistants<\/li>\n<li aria-level=\"3\">\u00a0Assembly centre manager<\/li>\n<li aria-level=\"3\">\u00a0Fire pilot<\/li>\n<\/ul>","protected":false},"excerpt":{"rendered":"<p>These instructions are distributed to the fire protection function holders as part of the appointment and assignment of tasks; their receipt must be confirmed in writing. Instructions are provided for the following fire protection function centres:  Self-help evacuation assistant Assembly point manager Fire incident controller<\/p>","protected":false},"author":1,"featured_media":0,"parent":22035,"menu_order":0,"comment_status":"closed","ping_status":"closed","template":"","meta":{"inline_featured_image":false,"footnotes":""},"class_list":["post-22071","page","type-page","status-publish","hentry"],"yoast_head":"<!-- This site is optimized with the Yoast SEO plugin v25.3 - https:\/\/yoast.com\/wordpress\/plugins\/seo\/ -->\n<title>Erstellen von Handlungsanweisungen - HEALTH &amp; SAFETY EXPERTS<\/title>\n<meta name=\"robots\" content=\"index, follow, max-snippet:-1, max-image-preview:large, max-video-preview:-1\" \/>\n<link rel=\"canonical\" href=\"https:\/\/hs-experts.com\/en\/brandschutz\/erstellen-von-handlungsanweisungen\/\" \/>\n<meta property=\"og:locale\" content=\"en_GB\" \/>\n<meta property=\"og:type\" content=\"article\" \/>\n<meta property=\"og:title\" content=\"Erstellen von Handlungsanweisungen - HEALTH &amp; SAFETY EXPERTS\" \/>\n<meta property=\"og:description\" content=\"Diese Handlungsanweisungen werden im Zuge der Benennung und Aufgaben\u00fcbertragung an die Brandschutzfunktionsstelleninhaber verteilt, ihr Empfang ist schriftlich zu best\u00e4tigen. F\u00fcr folgende Brandschutzfunktionsstellen werden Handlungsanweisungen dargestellt: \u00a0Selbsthilfekraft \u00a0R\u00e4umungshelfer \u00a0Sammelplatzleiter \u00a0Brandfall-Lotse\" \/>\n<meta property=\"og:url\" content=\"https:\/\/hs-experts.com\/en\/brandschutz\/erstellen-von-handlungsanweisungen\/\" \/>\n<meta property=\"og:site_name\" content=\"HEALTH &amp; SAFETY EXPERTS\" \/>\n<meta name=\"twitter:card\" content=\"summary_large_image\" \/>\n<script type=\"application\/ld+json\" class=\"yoast-schema-graph\">{\"@context\":\"https:\/\/schema.org\",\"@graph\":[{\"@type\":\"WebPage\",\"@id\":\"https:\/\/hs-experts.com\/brandschutz\/erstellen-von-handlungsanweisungen\/\",\"url\":\"https:\/\/hs-experts.com\/brandschutz\/erstellen-von-handlungsanweisungen\/\",\"name\":\"Erstellen von Handlungsanweisungen - HEALTH &amp; SAFETY EXPERTS\",\"isPartOf\":{\"@id\":\"https:\/\/hs-experts.com\/#website\"},\"datePublished\":\"2023-11-01T09:42:30+00:00\",\"breadcrumb\":{\"@id\":\"https:\/\/hs-experts.com\/brandschutz\/erstellen-von-handlungsanweisungen\/#breadcrumb\"},\"inLanguage\":\"en-GB\",\"potentialAction\":[{\"@type\":\"ReadAction\",\"target\":[\"https:\/\/hs-experts.com\/brandschutz\/erstellen-von-handlungsanweisungen\/\"]}]},{\"@type\":\"BreadcrumbList\",\"@id\":\"https:\/\/hs-experts.com\/brandschutz\/erstellen-von-handlungsanweisungen\/#breadcrumb\",\"itemListElement\":[{\"@type\":\"ListItem\",\"position\":1,\"name\":\"Home\",\"item\":\"https:\/\/hs-experts.com\/\"},{\"@type\":\"ListItem\",\"position\":2,\"name\":\"Brandschutz\",\"item\":\"https:\/\/hs-experts.com\/brandschutz\/\"},{\"@type\":\"ListItem\",\"position\":3,\"name\":\"Erstellen von Handlungsanweisungen\"}]},{\"@type\":\"WebSite\",\"@id\":\"https:\/\/hs-experts.com\/#website\",\"url\":\"https:\/\/hs-experts.com\/\",\"name\":\"HEALTH &amp; SAFETY EXPERTS\",\"description\":\"\",\"potentialAction\":[{\"@type\":\"SearchAction\",\"target\":{\"@type\":\"EntryPoint\",\"urlTemplate\":\"https:\/\/hs-experts.com\/?s={search_term_string}\"},\"query-input\":{\"@type\":\"PropertyValueSpecification\",\"valueRequired\":true,\"valueName\":\"search_term_string\"}}],\"inLanguage\":\"en-GB\"}]}<\/script>\n<!-- \/ Yoast SEO plugin. -->","yoast_head_json":{"title":"Erstellen von Handlungsanweisungen - HEALTH &amp; SAFETY EXPERTS","robots":{"index":"index","follow":"follow","max-snippet":"max-snippet:-1","max-image-preview":"max-image-preview:large","max-video-preview":"max-video-preview:-1"},"canonical":"https:\/\/hs-experts.com\/en\/brandschutz\/erstellen-von-handlungsanweisungen\/","og_locale":"en_GB","og_type":"article","og_title":"Erstellen von Handlungsanweisungen - HEALTH &amp; SAFETY EXPERTS","og_description":"Diese Handlungsanweisungen werden im Zuge der Benennung und Aufgaben\u00fcbertragung an die Brandschutzfunktionsstelleninhaber verteilt, ihr Empfang ist schriftlich zu best\u00e4tigen. F\u00fcr folgende Brandschutzfunktionsstellen werden Handlungsanweisungen dargestellt: \u00a0Selbsthilfekraft \u00a0R\u00e4umungshelfer \u00a0Sammelplatzleiter \u00a0Brandfall-Lotse","og_url":"https:\/\/hs-experts.com\/en\/brandschutz\/erstellen-von-handlungsanweisungen\/","og_site_name":"HEALTH &amp; SAFETY EXPERTS","twitter_card":"summary_large_image","schema":{"@context":"https:\/\/schema.org","@graph":[{"@type":"WebPage","@id":"https:\/\/hs-experts.com\/brandschutz\/erstellen-von-handlungsanweisungen\/","url":"https:\/\/hs-experts.com\/brandschutz\/erstellen-von-handlungsanweisungen\/","name":"Erstellen von Handlungsanweisungen - HEALTH &amp; SAFETY EXPERTS","isPartOf":{"@id":"https:\/\/hs-experts.com\/#website"},"datePublished":"2023-11-01T09:42:30+00:00","breadcrumb":{"@id":"https:\/\/hs-experts.com\/brandschutz\/erstellen-von-handlungsanweisungen\/#breadcrumb"},"inLanguage":"en-GB","potentialAction":[{"@type":"ReadAction","target":["https:\/\/hs-experts.com\/brandschutz\/erstellen-von-handlungsanweisungen\/"]}]},{"@type":"BreadcrumbList","@id":"https:\/\/hs-experts.com\/brandschutz\/erstellen-von-handlungsanweisungen\/#breadcrumb","itemListElement":[{"@type":"ListItem","position":1,"name":"Home","item":"https:\/\/hs-experts.com\/"},{"@type":"ListItem","position":2,"name":"Brandschutz","item":"https:\/\/hs-experts.com\/brandschutz\/"},{"@type":"ListItem","position":3,"name":"Erstellen von Handlungsanweisungen"}]},{"@type":"WebSite","@id":"https:\/\/hs-experts.com\/#website","url":"https:\/\/hs-experts.com\/","name":"HEALTH &amp; SAFETY EXPERTS","description":"","potentialAction":[{"@type":"SearchAction","target":{"@type":"EntryPoint","urlTemplate":"https:\/\/hs-experts.com\/?s={search_term_string}"},"query-input":{"@type":"PropertyValueSpecification","valueRequired":true,"valueName":"search_term_string"}}],"inLanguage":"en-GB"}]}},"_links":{"self":[{"href":"https:\/\/hs-experts.com\/en\/wp-json\/wp\/v2\/pages\/22071","targetHints":{"allow":["GET"]}}],"collection":[{"href":"https:\/\/hs-experts.com\/en\/wp-json\/wp\/v2\/pages"}],"about":[{"href":"https:\/\/hs-experts.com\/en\/wp-json\/wp\/v2\/types\/page"}],"author":[{"embeddable":true,"href":"https:\/\/hs-experts.com\/en\/wp-json\/wp\/v2\/users\/1"}],"replies":[{"embeddable":true,"href":"https:\/\/hs-experts.com\/en\/wp-json\/wp\/v2\/comments?post=22071"}],"version-history":[{"count":1,"href":"https:\/\/hs-experts.com\/en\/wp-json\/wp\/v2\/pages\/22071\/revisions"}],"predecessor-version":[{"id":22072,"href":"https:\/\/hs-experts.com\/en\/wp-json\/wp\/v2\/pages\/22071\/revisions\/22072"}],"up":[{"embeddable":true,"href":"https:\/\/hs-experts.com\/en\/wp-json\/wp\/v2\/pages\/22035"}],"wp:attachment":[{"href":"https:\/\/hs-experts.com\/en\/wp-json\/wp\/v2\/media?parent=22071"}],"curies":[{"name":"wp","href":"https:\/\/api.w.org\/{rel}","templated":true}]}}