{"id":22073,"date":"2023-11-01T09:42:53","date_gmt":"2023-11-01T09:42:53","guid":{"rendered":"https:\/\/hs-experts.com\/?page_id=22073"},"modified":"2023-11-01T09:42:53","modified_gmt":"2023-11-01T09:42:53","slug":"erstellen-von-organisatorischen-brandschutzmasnahmen","status":"publish","type":"page","link":"https:\/\/hs-experts.com\/en\/brandschutz\/erstellen-von-organisatorischen-brandschutzmasnahmen\/","title":{"rendered":"Creation of organisational fire protection measures"},"content":{"rendered":"<p>The need for organisational measures arises from special building regulations and the Occupational Health and Safety Act with its subordinate directives, ordinances and accident prevention regulations (see also DGUV Regulation 1 \"Principles of Prevention\").<\/p>\n<p>Typical organisational measures are<\/p>\n<ul>\n<li>Appointment of fire safety officers, fire safety assistants or self-help personnel<\/li>\n<li>Creation and introduction of fire safety regulations<\/li>\n<li>Instructing employees in the safe handling of equipment and highly flammable substances, formulating appropriate operating instructions<\/li>\n<li>Carrying out evacuation and evacuation drills<\/li>\n<li>Creation of evacuation concepts for e.g. places of assembly in accordance with \u00a7 42 Para. 1 SBauVO or sales premises in accordance with \u00a7 86 Para. 1 SBauVO<\/li>\n<li>Instruction in the correct use of fire extinguishers<\/li>\n<li>Labelling of escape routes<\/li>\n<li>Creating and maintaining escape and rescue plans, fire brigade plans and fire alarm route maps<\/li>\n<\/ul>","protected":false},"excerpt":{"rendered":"<p>The need for organisational measures arises from special building regulations and the Occupational Health and Safety Act with its subordinate directives, ordinances and accident prevention regulations (see also DGUV Regulation 1 \"Principles of Prevention\"). Typical organisational measures are Appointment of fire safety officers, fire safety assistants or self-help personnel Creation and introduction of fire safety regulations Instruction of employees in the safe handling of equipment and highly flammable substances, formulation of appropriate [...].<\/p>","protected":false},"author":1,"featured_media":0,"parent":22035,"menu_order":0,"comment_status":"closed","ping_status":"closed","template":"","meta":{"inline_featured_image":false,"footnotes":""},"class_list":["post-22073","page","type-page","status-publish","hentry"],"yoast_head":"<!-- This site is optimized with the Yoast SEO plugin v25.3 - https:\/\/yoast.com\/wordpress\/plugins\/seo\/ -->\n<title>Erstellen von organisatorischen Brandschutzma\u00dfnahmen - HEALTH &amp; SAFETY EXPERTS<\/title>\n<meta name=\"robots\" content=\"index, follow, max-snippet:-1, max-image-preview:large, max-video-preview:-1\" \/>\n<link rel=\"canonical\" href=\"https:\/\/hs-experts.com\/en\/brandschutz\/erstellen-von-organisatorischen-brandschutzmasnahmen\/\" \/>\n<meta property=\"og:locale\" content=\"en_GB\" \/>\n<meta property=\"og:type\" content=\"article\" \/>\n<meta property=\"og:title\" content=\"Erstellen von organisatorischen Brandschutzma\u00dfnahmen - HEALTH &amp; SAFETY EXPERTS\" \/>\n<meta property=\"og:description\" content=\"Die Notwendigkeit organisatorischer Ma\u00dfnahmen ergibt sich aus Sonderbauvorschriften und dem Arbeitsschutzgesetz mit seinen untergeordneten Richtlinien, Verordnungen und Unfallverh\u00fctungsvorschriften (s.a. DGUV Vorschrift 1 \u201eGrunds\u00e4tze der Pr\u00e4vention\u201c). Typische organisatorische Ma\u00dfnahmen sind: Berufen von Brandschutzbeauftragten, Brandschutzhelfern oder Selbsthilfekr\u00e4ften Erstellen und Einf\u00fchren einer Brandschutzordnung Unterweisen von Mitarbeitern im sicheren Umgang mit Betriebsmitteln und leicht entz\u00fcndbaren Stoffen, Formulieren von entsprechenden [&hellip;]\" \/>\n<meta property=\"og:url\" content=\"https:\/\/hs-experts.com\/en\/brandschutz\/erstellen-von-organisatorischen-brandschutzmasnahmen\/\" \/>\n<meta property=\"og:site_name\" content=\"HEALTH &amp; SAFETY EXPERTS\" \/>\n<meta name=\"twitter:card\" content=\"summary_large_image\" \/>\n<meta name=\"twitter:label1\" content=\"Estimated reading time\" \/>\n\t<meta name=\"twitter:data1\" content=\"1 minute\" \/>\n<script type=\"application\/ld+json\" class=\"yoast-schema-graph\">{\"@context\":\"https:\/\/schema.org\",\"@graph\":[{\"@type\":\"WebPage\",\"@id\":\"https:\/\/hs-experts.com\/brandschutz\/erstellen-von-organisatorischen-brandschutzmasnahmen\/\",\"url\":\"https:\/\/hs-experts.com\/brandschutz\/erstellen-von-organisatorischen-brandschutzmasnahmen\/\",\"name\":\"Erstellen von organisatorischen Brandschutzma\u00dfnahmen - HEALTH &amp; SAFETY EXPERTS\",\"isPartOf\":{\"@id\":\"https:\/\/hs-experts.com\/#website\"},\"datePublished\":\"2023-11-01T09:42:53+00:00\",\"breadcrumb\":{\"@id\":\"https:\/\/hs-experts.com\/brandschutz\/erstellen-von-organisatorischen-brandschutzmasnahmen\/#breadcrumb\"},\"inLanguage\":\"en-GB\",\"potentialAction\":[{\"@type\":\"ReadAction\",\"target\":[\"https:\/\/hs-experts.com\/brandschutz\/erstellen-von-organisatorischen-brandschutzmasnahmen\/\"]}]},{\"@type\":\"BreadcrumbList\",\"@id\":\"https:\/\/hs-experts.com\/brandschutz\/erstellen-von-organisatorischen-brandschutzmasnahmen\/#breadcrumb\",\"itemListElement\":[{\"@type\":\"ListItem\",\"position\":1,\"name\":\"Home\",\"item\":\"https:\/\/hs-experts.com\/\"},{\"@type\":\"ListItem\",\"position\":2,\"name\":\"Brandschutz\",\"item\":\"https:\/\/hs-experts.com\/brandschutz\/\"},{\"@type\":\"ListItem\",\"position\":3,\"name\":\"Erstellen von organisatorischen Brandschutzma\u00dfnahmen\"}]},{\"@type\":\"WebSite\",\"@id\":\"https:\/\/hs-experts.com\/#website\",\"url\":\"https:\/\/hs-experts.com\/\",\"name\":\"HEALTH &amp; SAFETY EXPERTS\",\"description\":\"\",\"potentialAction\":[{\"@type\":\"SearchAction\",\"target\":{\"@type\":\"EntryPoint\",\"urlTemplate\":\"https:\/\/hs-experts.com\/?s={search_term_string}\"},\"query-input\":{\"@type\":\"PropertyValueSpecification\",\"valueRequired\":true,\"valueName\":\"search_term_string\"}}],\"inLanguage\":\"en-GB\"}]}<\/script>\n<!-- \/ Yoast SEO plugin. -->","yoast_head_json":{"title":"Erstellen von organisatorischen Brandschutzma\u00dfnahmen - HEALTH &amp; SAFETY EXPERTS","robots":{"index":"index","follow":"follow","max-snippet":"max-snippet:-1","max-image-preview":"max-image-preview:large","max-video-preview":"max-video-preview:-1"},"canonical":"https:\/\/hs-experts.com\/en\/brandschutz\/erstellen-von-organisatorischen-brandschutzmasnahmen\/","og_locale":"en_GB","og_type":"article","og_title":"Erstellen von organisatorischen Brandschutzma\u00dfnahmen - HEALTH &amp; SAFETY EXPERTS","og_description":"Die Notwendigkeit organisatorischer Ma\u00dfnahmen ergibt sich aus Sonderbauvorschriften und dem Arbeitsschutzgesetz mit seinen untergeordneten Richtlinien, Verordnungen und Unfallverh\u00fctungsvorschriften (s.a. DGUV Vorschrift 1 \u201eGrunds\u00e4tze der Pr\u00e4vention\u201c). Typische organisatorische Ma\u00dfnahmen sind: Berufen von Brandschutzbeauftragten, Brandschutzhelfern oder Selbsthilfekr\u00e4ften Erstellen und Einf\u00fchren einer Brandschutzordnung Unterweisen von Mitarbeitern im sicheren Umgang mit Betriebsmitteln und leicht entz\u00fcndbaren Stoffen, Formulieren von entsprechenden [&hellip;]","og_url":"https:\/\/hs-experts.com\/en\/brandschutz\/erstellen-von-organisatorischen-brandschutzmasnahmen\/","og_site_name":"HEALTH &amp; SAFETY EXPERTS","twitter_card":"summary_large_image","twitter_misc":{"Estimated reading time":"1 minute"},"schema":{"@context":"https:\/\/schema.org","@graph":[{"@type":"WebPage","@id":"https:\/\/hs-experts.com\/brandschutz\/erstellen-von-organisatorischen-brandschutzmasnahmen\/","url":"https:\/\/hs-experts.com\/brandschutz\/erstellen-von-organisatorischen-brandschutzmasnahmen\/","name":"Erstellen von organisatorischen Brandschutzma\u00dfnahmen - HEALTH &amp; SAFETY EXPERTS","isPartOf":{"@id":"https:\/\/hs-experts.com\/#website"},"datePublished":"2023-11-01T09:42:53+00:00","breadcrumb":{"@id":"https:\/\/hs-experts.com\/brandschutz\/erstellen-von-organisatorischen-brandschutzmasnahmen\/#breadcrumb"},"inLanguage":"en-GB","potentialAction":[{"@type":"ReadAction","target":["https:\/\/hs-experts.com\/brandschutz\/erstellen-von-organisatorischen-brandschutzmasnahmen\/"]}]},{"@type":"BreadcrumbList","@id":"https:\/\/hs-experts.com\/brandschutz\/erstellen-von-organisatorischen-brandschutzmasnahmen\/#breadcrumb","itemListElement":[{"@type":"ListItem","position":1,"name":"Home","item":"https:\/\/hs-experts.com\/"},{"@type":"ListItem","position":2,"name":"Brandschutz","item":"https:\/\/hs-experts.com\/brandschutz\/"},{"@type":"ListItem","position":3,"name":"Erstellen von organisatorischen Brandschutzma\u00dfnahmen"}]},{"@type":"WebSite","@id":"https:\/\/hs-experts.com\/#website","url":"https:\/\/hs-experts.com\/","name":"HEALTH &amp; SAFETY EXPERTS","description":"","potentialAction":[{"@type":"SearchAction","target":{"@type":"EntryPoint","urlTemplate":"https:\/\/hs-experts.com\/?s={search_term_string}"},"query-input":{"@type":"PropertyValueSpecification","valueRequired":true,"valueName":"search_term_string"}}],"inLanguage":"en-GB"}]}},"_hostinger_reach_plugin_has_subscription_block":false,"_hostinger_reach_plugin_is_elementor":false,"_links":{"self":[{"href":"https:\/\/hs-experts.com\/en\/wp-json\/wp\/v2\/pages\/22073","targetHints":{"allow":["GET"]}}],"collection":[{"href":"https:\/\/hs-experts.com\/en\/wp-json\/wp\/v2\/pages"}],"about":[{"href":"https:\/\/hs-experts.com\/en\/wp-json\/wp\/v2\/types\/page"}],"author":[{"embeddable":true,"href":"https:\/\/hs-experts.com\/en\/wp-json\/wp\/v2\/users\/1"}],"replies":[{"embeddable":true,"href":"https:\/\/hs-experts.com\/en\/wp-json\/wp\/v2\/comments?post=22073"}],"version-history":[{"count":1,"href":"https:\/\/hs-experts.com\/en\/wp-json\/wp\/v2\/pages\/22073\/revisions"}],"predecessor-version":[{"id":22074,"href":"https:\/\/hs-experts.com\/en\/wp-json\/wp\/v2\/pages\/22073\/revisions\/22074"}],"up":[{"embeddable":true,"href":"https:\/\/hs-experts.com\/en\/wp-json\/wp\/v2\/pages\/22035"}],"wp:attachment":[{"href":"https:\/\/hs-experts.com\/en\/wp-json\/wp\/v2\/media?parent=22073"}],"curies":[{"name":"wp","href":"https:\/\/api.w.org\/{rel}","templated":true}]}}