{"id":22075,"date":"2023-11-01T09:43:15","date_gmt":"2023-11-01T09:43:15","guid":{"rendered":"https:\/\/hs-experts.com\/?page_id=22075"},"modified":"2023-11-01T09:43:15","modified_gmt":"2023-11-01T09:43:15","slug":"erstellung-brandschutzkonzept","status":"publish","type":"page","link":"https:\/\/hs-experts.com\/en\/brandschutz\/erstellung-brandschutzkonzept\/","title":{"rendered":"Creation of a fire protection concept"},"content":{"rendered":"<p>In the event of a fire, it is not only important to maintain personal protection, but also to minimise the damage to the company. Critical areas of the company must be protected in such a way that only partial damage can occur and the continuity of business operations is maintained.<\/p>\n<p>With certified specialist planners, we are able to assist you in the early stages of your planning and optimise projects in terms of costs and benefits.<\/p>\n<ul>\n<li aria-level=\"2\">Risk and hazard analysis<\/li>\n<li aria-level=\"2\">Definition of protection objectives (personal and property protection,<br \/>\navailability)<\/li>\n<li aria-level=\"2\">Legal, building law and standardisation requirements<\/li>\n<\/ul>","protected":false},"excerpt":{"rendered":"<p>In the event of a fire, it is not only important to maintain personal protection, but also to minimise the damage to the company. Critical areas of the company must be protected in such a way that only partial damage can occur and the continuity of business operations is maintained. With certified specialist planners, we are in [...]<\/p>","protected":false},"author":1,"featured_media":0,"parent":22035,"menu_order":0,"comment_status":"closed","ping_status":"closed","template":"","meta":{"inline_featured_image":false,"footnotes":""},"class_list":["post-22075","page","type-page","status-publish","hentry"],"yoast_head":"<!-- This site is optimized with the Yoast SEO plugin v27.4 - https:\/\/yoast.com\/product\/yoast-seo-wordpress\/ -->\n<title>Erstellung Brandschutzkonzept - HEALTH &amp; SAFETY EXPERTS<\/title>\n<meta name=\"robots\" content=\"index, follow, max-snippet:-1, max-image-preview:large, max-video-preview:-1\" \/>\n<link rel=\"canonical\" href=\"https:\/\/hs-experts.com\/en\/brandschutz\/erstellung-brandschutzkonzept\/\" \/>\n<meta property=\"og:locale\" content=\"en_GB\" \/>\n<meta property=\"og:type\" content=\"article\" \/>\n<meta property=\"og:title\" content=\"Erstellung Brandschutzkonzept - HEALTH &amp; SAFETY EXPERTS\" \/>\n<meta property=\"og:description\" content=\"F\u00fcr den Schadenfall Brand gilt es nicht nur den Personenschutz aufrecht zu erhalten, sondern auch den Schaden f\u00fcr das Unternehmen so gering wie m\u00f6glich zu halten. Kritische Unternehmensbereiche sind so zu sch\u00fctzen, dass es nur zu einem partiellen Schaden kommen kann und die Kontinuit\u00e4t des Gesch\u00e4ftsbetriebes aufrecht erhalten bleibt. Mit zertifizierten Fachplanern sind wir in [&hellip;]\" \/>\n<meta property=\"og:url\" content=\"https:\/\/hs-experts.com\/en\/brandschutz\/erstellung-brandschutzkonzept\/\" \/>\n<meta property=\"og:site_name\" content=\"HEALTH &amp; SAFETY EXPERTS\" \/>\n<meta name=\"twitter:card\" content=\"summary_large_image\" \/>\n<script type=\"application\/ld+json\" class=\"yoast-schema-graph\">{\"@context\":\"https:\\\/\\\/schema.org\",\"@graph\":[{\"@type\":\"WebPage\",\"@id\":\"https:\\\/\\\/hs-experts.com\\\/brandschutz\\\/erstellung-brandschutzkonzept\\\/\",\"url\":\"https:\\\/\\\/hs-experts.com\\\/brandschutz\\\/erstellung-brandschutzkonzept\\\/\",\"name\":\"Erstellung Brandschutzkonzept - HEALTH &amp; SAFETY EXPERTS\",\"isPartOf\":{\"@id\":\"https:\\\/\\\/hs-experts.com\\\/#website\"},\"datePublished\":\"2023-11-01T09:43:15+00:00\",\"breadcrumb\":{\"@id\":\"https:\\\/\\\/hs-experts.com\\\/brandschutz\\\/erstellung-brandschutzkonzept\\\/#breadcrumb\"},\"inLanguage\":\"en-GB\",\"potentialAction\":[{\"@type\":\"ReadAction\",\"target\":[\"https:\\\/\\\/hs-experts.com\\\/brandschutz\\\/erstellung-brandschutzkonzept\\\/\"]}]},{\"@type\":\"BreadcrumbList\",\"@id\":\"https:\\\/\\\/hs-experts.com\\\/brandschutz\\\/erstellung-brandschutzkonzept\\\/#breadcrumb\",\"itemListElement\":[{\"@type\":\"ListItem\",\"position\":1,\"name\":\"Home\",\"item\":\"https:\\\/\\\/hs-experts.com\\\/\"},{\"@type\":\"ListItem\",\"position\":2,\"name\":\"Brandschutz\",\"item\":\"https:\\\/\\\/hs-experts.com\\\/brandschutz\\\/\"},{\"@type\":\"ListItem\",\"position\":3,\"name\":\"Erstellung Brandschutzkonzept\"}]},{\"@type\":\"WebSite\",\"@id\":\"https:\\\/\\\/hs-experts.com\\\/#website\",\"url\":\"https:\\\/\\\/hs-experts.com\\\/\",\"name\":\"HEALTH &amp; SAFETY EXPERTS\",\"description\":\"\",\"potentialAction\":[{\"@type\":\"SearchAction\",\"target\":{\"@type\":\"EntryPoint\",\"urlTemplate\":\"https:\\\/\\\/hs-experts.com\\\/?s={search_term_string}\"},\"query-input\":{\"@type\":\"PropertyValueSpecification\",\"valueRequired\":true,\"valueName\":\"search_term_string\"}}],\"inLanguage\":\"en-GB\"}]}<\/script>\n<!-- \/ Yoast SEO plugin. -->","yoast_head_json":{"title":"Erstellung Brandschutzkonzept - HEALTH &amp; SAFETY EXPERTS","robots":{"index":"index","follow":"follow","max-snippet":"max-snippet:-1","max-image-preview":"max-image-preview:large","max-video-preview":"max-video-preview:-1"},"canonical":"https:\/\/hs-experts.com\/en\/brandschutz\/erstellung-brandschutzkonzept\/","og_locale":"en_GB","og_type":"article","og_title":"Erstellung Brandschutzkonzept - HEALTH &amp; SAFETY EXPERTS","og_description":"F\u00fcr den Schadenfall Brand gilt es nicht nur den Personenschutz aufrecht zu erhalten, sondern auch den Schaden f\u00fcr das Unternehmen so gering wie m\u00f6glich zu halten. Kritische Unternehmensbereiche sind so zu sch\u00fctzen, dass es nur zu einem partiellen Schaden kommen kann und die Kontinuit\u00e4t des Gesch\u00e4ftsbetriebes aufrecht erhalten bleibt. Mit zertifizierten Fachplanern sind wir in [&hellip;]","og_url":"https:\/\/hs-experts.com\/en\/brandschutz\/erstellung-brandschutzkonzept\/","og_site_name":"HEALTH &amp; SAFETY EXPERTS","twitter_card":"summary_large_image","schema":{"@context":"https:\/\/schema.org","@graph":[{"@type":"WebPage","@id":"https:\/\/hs-experts.com\/brandschutz\/erstellung-brandschutzkonzept\/","url":"https:\/\/hs-experts.com\/brandschutz\/erstellung-brandschutzkonzept\/","name":"Erstellung Brandschutzkonzept - HEALTH &amp; SAFETY EXPERTS","isPartOf":{"@id":"https:\/\/hs-experts.com\/#website"},"datePublished":"2023-11-01T09:43:15+00:00","breadcrumb":{"@id":"https:\/\/hs-experts.com\/brandschutz\/erstellung-brandschutzkonzept\/#breadcrumb"},"inLanguage":"en-GB","potentialAction":[{"@type":"ReadAction","target":["https:\/\/hs-experts.com\/brandschutz\/erstellung-brandschutzkonzept\/"]}]},{"@type":"BreadcrumbList","@id":"https:\/\/hs-experts.com\/brandschutz\/erstellung-brandschutzkonzept\/#breadcrumb","itemListElement":[{"@type":"ListItem","position":1,"name":"Home","item":"https:\/\/hs-experts.com\/"},{"@type":"ListItem","position":2,"name":"Brandschutz","item":"https:\/\/hs-experts.com\/brandschutz\/"},{"@type":"ListItem","position":3,"name":"Erstellung Brandschutzkonzept"}]},{"@type":"WebSite","@id":"https:\/\/hs-experts.com\/#website","url":"https:\/\/hs-experts.com\/","name":"HEALTH &amp; SAFETY EXPERTS","description":"","potentialAction":[{"@type":"SearchAction","target":{"@type":"EntryPoint","urlTemplate":"https:\/\/hs-experts.com\/?s={search_term_string}"},"query-input":{"@type":"PropertyValueSpecification","valueRequired":true,"valueName":"search_term_string"}}],"inLanguage":"en-GB"}]}},"_hostinger_reach_plugin_has_subscription_block":false,"_hostinger_reach_plugin_is_elementor":false,"_links":{"self":[{"href":"https:\/\/hs-experts.com\/en\/wp-json\/wp\/v2\/pages\/22075","targetHints":{"allow":["GET"]}}],"collection":[{"href":"https:\/\/hs-experts.com\/en\/wp-json\/wp\/v2\/pages"}],"about":[{"href":"https:\/\/hs-experts.com\/en\/wp-json\/wp\/v2\/types\/page"}],"author":[{"embeddable":true,"href":"https:\/\/hs-experts.com\/en\/wp-json\/wp\/v2\/users\/1"}],"replies":[{"embeddable":true,"href":"https:\/\/hs-experts.com\/en\/wp-json\/wp\/v2\/comments?post=22075"}],"version-history":[{"count":1,"href":"https:\/\/hs-experts.com\/en\/wp-json\/wp\/v2\/pages\/22075\/revisions"}],"predecessor-version":[{"id":22076,"href":"https:\/\/hs-experts.com\/en\/wp-json\/wp\/v2\/pages\/22075\/revisions\/22076"}],"up":[{"embeddable":true,"href":"https:\/\/hs-experts.com\/en\/wp-json\/wp\/v2\/pages\/22035"}],"wp:attachment":[{"href":"https:\/\/hs-experts.com\/en\/wp-json\/wp\/v2\/media?parent=22075"}],"curies":[{"name":"wp","href":"https:\/\/api.w.org\/{rel}","templated":true}]}}