{"id":22081,"date":"2023-11-01T09:52:57","date_gmt":"2023-11-01T09:52:57","guid":{"rendered":"https:\/\/hs-experts.com\/?page_id=22081"},"modified":"2023-11-01T09:52:57","modified_gmt":"2023-11-01T09:52:57","slug":"arbeitsunfalle-und-berufskrankheiten","status":"publish","type":"page","link":"https:\/\/hs-experts.com\/en\/gesundheitsschutz\/arbeitsunfalle-und-berufskrankheiten\/","title":{"rendered":"Occupational accidents and diseases"},"content":{"rendered":"<p>In the event of accidents at work, employees can suffer damage to their health or die. If an employee is absent for more than three days following an accident at work, the accident must be reported to the employers' liability insurance association. Employers must also take a close look at the causes of the accident at work.<\/p>\n<p>A comprehensive analysis of accidents at work can prevent similar incidents in the future, minimise risks and reduce costs. We provide you with comprehensive advice and analyse such incidents together with you.<\/p>\n<ul>\n<li aria-level=\"2\">Analysing and assessing occupational accidents and illnesses<\/li>\n<li aria-level=\"2\">Support in setting up and analysing accident statistics<\/li>\n<li aria-level=\"2\">Reintegration management<\/li>\n<\/ul>","protected":false},"excerpt":{"rendered":"<p>In the event of accidents at work, employees can suffer damage to their health or die. If an employee is absent for more than three days following an accident at work, the accident must be reported to the employers' liability insurance association. Employers must also take a close look at the causes of the accident at work. A comprehensive analysis of accidents at work can prevent similar incidents in the future and minimise risks [...].<\/p>","protected":false},"author":1,"featured_media":0,"parent":22077,"menu_order":0,"comment_status":"closed","ping_status":"closed","template":"","meta":{"inline_featured_image":false,"footnotes":""},"class_list":["post-22081","page","type-page","status-publish","hentry"],"yoast_head":"<!-- This site is optimized with the Yoast SEO plugin v27.4 - https:\/\/yoast.com\/product\/yoast-seo-wordpress\/ -->\n<title>Arbeitsunf\u00e4lle und Berufskrankheiten - HEALTH &amp; SAFETY EXPERTS<\/title>\n<meta name=\"robots\" content=\"index, follow, max-snippet:-1, max-image-preview:large, max-video-preview:-1\" \/>\n<link rel=\"canonical\" href=\"https:\/\/www.hs-experts.com\/gesundheitsschutz\/arbeitsunfalle-und-berufskrankheiten\/\" \/>\n<meta property=\"og:locale\" content=\"en_GB\" \/>\n<meta property=\"og:type\" content=\"article\" \/>\n<meta property=\"og:title\" content=\"Arbeitsunf\u00e4lle und Berufskrankheiten - HEALTH &amp; SAFETY EXPERTS\" \/>\n<meta property=\"og:description\" content=\"Bei Arbeitsunf\u00e4llen k\u00f6nnen Besch\u00e4ftigte gesundheitlich gesch\u00e4digt werden oder zu Tode kommen. F\u00e4llt ein Mitarbeiter nach einem Arbeitsunfall l\u00e4nger als drei Tage aus, ist der Unfall der Berufsgenossenschaft anzuzeigen. Dabei m\u00fcssen sich Arbeitgeber auch intensiv mit den Ursachen des Arbeitsunfalls auseinandersetzen. Durch eine umfassende Analyse von Arbeitsunf\u00e4llen k\u00f6nnen \u00e4hnliche Vorf\u00e4lle in der Zukunft vermieden, Risiken minimiert [&hellip;]\" \/>\n<meta property=\"og:url\" content=\"https:\/\/www.hs-experts.com\/gesundheitsschutz\/arbeitsunfalle-und-berufskrankheiten\/\" \/>\n<meta property=\"og:site_name\" content=\"HEALTH &amp; SAFETY EXPERTS\" \/>\n<meta name=\"twitter:card\" content=\"summary_large_image\" \/>\n<script type=\"application\/ld+json\" class=\"yoast-schema-graph\">{\"@context\":\"https:\\\/\\\/schema.org\",\"@graph\":[{\"@type\":\"WebPage\",\"@id\":\"https:\\\/\\\/www.hs-experts.com\\\/gesundheitsschutz\\\/arbeitsunfalle-und-berufskrankheiten\\\/\",\"url\":\"https:\\\/\\\/www.hs-experts.com\\\/gesundheitsschutz\\\/arbeitsunfalle-und-berufskrankheiten\\\/\",\"name\":\"Arbeitsunf\u00e4lle und Berufskrankheiten - HEALTH &amp; SAFETY EXPERTS\",\"isPartOf\":{\"@id\":\"https:\\\/\\\/hs-experts.com\\\/#website\"},\"datePublished\":\"2023-11-01T09:52:57+00:00\",\"breadcrumb\":{\"@id\":\"https:\\\/\\\/www.hs-experts.com\\\/gesundheitsschutz\\\/arbeitsunfalle-und-berufskrankheiten\\\/#breadcrumb\"},\"inLanguage\":\"en-GB\",\"potentialAction\":[{\"@type\":\"ReadAction\",\"target\":[\"https:\\\/\\\/www.hs-experts.com\\\/gesundheitsschutz\\\/arbeitsunfalle-und-berufskrankheiten\\\/\"]}]},{\"@type\":\"BreadcrumbList\",\"@id\":\"https:\\\/\\\/www.hs-experts.com\\\/gesundheitsschutz\\\/arbeitsunfalle-und-berufskrankheiten\\\/#breadcrumb\",\"itemListElement\":[{\"@type\":\"ListItem\",\"position\":1,\"name\":\"Home\",\"item\":\"https:\\\/\\\/hs-experts.com\\\/\"},{\"@type\":\"ListItem\",\"position\":2,\"name\":\"Gesundheitsschutz\",\"item\":\"https:\\\/\\\/hs-experts.com\\\/gesundheitsschutz\\\/\"},{\"@type\":\"ListItem\",\"position\":3,\"name\":\"Arbeitsunf\u00e4lle und Berufskrankheiten\"}]},{\"@type\":\"WebSite\",\"@id\":\"https:\\\/\\\/hs-experts.com\\\/#website\",\"url\":\"https:\\\/\\\/hs-experts.com\\\/\",\"name\":\"HEALTH &amp; SAFETY EXPERTS\",\"description\":\"\",\"potentialAction\":[{\"@type\":\"SearchAction\",\"target\":{\"@type\":\"EntryPoint\",\"urlTemplate\":\"https:\\\/\\\/hs-experts.com\\\/?s={search_term_string}\"},\"query-input\":{\"@type\":\"PropertyValueSpecification\",\"valueRequired\":true,\"valueName\":\"search_term_string\"}}],\"inLanguage\":\"en-GB\"}]}<\/script>\n<!-- \/ Yoast SEO plugin. -->","yoast_head_json":{"title":"Arbeitsunf\u00e4lle und Berufskrankheiten - HEALTH &amp; SAFETY EXPERTS","robots":{"index":"index","follow":"follow","max-snippet":"max-snippet:-1","max-image-preview":"max-image-preview:large","max-video-preview":"max-video-preview:-1"},"canonical":"https:\/\/www.hs-experts.com\/gesundheitsschutz\/arbeitsunfalle-und-berufskrankheiten\/","og_locale":"en_GB","og_type":"article","og_title":"Arbeitsunf\u00e4lle und Berufskrankheiten - HEALTH &amp; SAFETY EXPERTS","og_description":"Bei Arbeitsunf\u00e4llen k\u00f6nnen Besch\u00e4ftigte gesundheitlich gesch\u00e4digt werden oder zu Tode kommen. F\u00e4llt ein Mitarbeiter nach einem Arbeitsunfall l\u00e4nger als drei Tage aus, ist der Unfall der Berufsgenossenschaft anzuzeigen. Dabei m\u00fcssen sich Arbeitgeber auch intensiv mit den Ursachen des Arbeitsunfalls auseinandersetzen. Durch eine umfassende Analyse von Arbeitsunf\u00e4llen k\u00f6nnen \u00e4hnliche Vorf\u00e4lle in der Zukunft vermieden, Risiken minimiert [&hellip;]","og_url":"https:\/\/www.hs-experts.com\/gesundheitsschutz\/arbeitsunfalle-und-berufskrankheiten\/","og_site_name":"HEALTH &amp; SAFETY EXPERTS","twitter_card":"summary_large_image","schema":{"@context":"https:\/\/schema.org","@graph":[{"@type":"WebPage","@id":"https:\/\/www.hs-experts.com\/gesundheitsschutz\/arbeitsunfalle-und-berufskrankheiten\/","url":"https:\/\/www.hs-experts.com\/gesundheitsschutz\/arbeitsunfalle-und-berufskrankheiten\/","name":"Arbeitsunf\u00e4lle und Berufskrankheiten - HEALTH &amp; SAFETY EXPERTS","isPartOf":{"@id":"https:\/\/hs-experts.com\/#website"},"datePublished":"2023-11-01T09:52:57+00:00","breadcrumb":{"@id":"https:\/\/www.hs-experts.com\/gesundheitsschutz\/arbeitsunfalle-und-berufskrankheiten\/#breadcrumb"},"inLanguage":"en-GB","potentialAction":[{"@type":"ReadAction","target":["https:\/\/www.hs-experts.com\/gesundheitsschutz\/arbeitsunfalle-und-berufskrankheiten\/"]}]},{"@type":"BreadcrumbList","@id":"https:\/\/www.hs-experts.com\/gesundheitsschutz\/arbeitsunfalle-und-berufskrankheiten\/#breadcrumb","itemListElement":[{"@type":"ListItem","position":1,"name":"Home","item":"https:\/\/hs-experts.com\/"},{"@type":"ListItem","position":2,"name":"Gesundheitsschutz","item":"https:\/\/hs-experts.com\/gesundheitsschutz\/"},{"@type":"ListItem","position":3,"name":"Arbeitsunf\u00e4lle und Berufskrankheiten"}]},{"@type":"WebSite","@id":"https:\/\/hs-experts.com\/#website","url":"https:\/\/hs-experts.com\/","name":"HEALTH &amp; SAFETY EXPERTS","description":"","potentialAction":[{"@type":"SearchAction","target":{"@type":"EntryPoint","urlTemplate":"https:\/\/hs-experts.com\/?s={search_term_string}"},"query-input":{"@type":"PropertyValueSpecification","valueRequired":true,"valueName":"search_term_string"}}],"inLanguage":"en-GB"}]}},"_hostinger_reach_plugin_has_subscription_block":false,"_hostinger_reach_plugin_is_elementor":false,"_links":{"self":[{"href":"https:\/\/hs-experts.com\/en\/wp-json\/wp\/v2\/pages\/22081","targetHints":{"allow":["GET"]}}],"collection":[{"href":"https:\/\/hs-experts.com\/en\/wp-json\/wp\/v2\/pages"}],"about":[{"href":"https:\/\/hs-experts.com\/en\/wp-json\/wp\/v2\/types\/page"}],"author":[{"embeddable":true,"href":"https:\/\/hs-experts.com\/en\/wp-json\/wp\/v2\/users\/1"}],"replies":[{"embeddable":true,"href":"https:\/\/hs-experts.com\/en\/wp-json\/wp\/v2\/comments?post=22081"}],"version-history":[{"count":1,"href":"https:\/\/hs-experts.com\/en\/wp-json\/wp\/v2\/pages\/22081\/revisions"}],"predecessor-version":[{"id":22082,"href":"https:\/\/hs-experts.com\/en\/wp-json\/wp\/v2\/pages\/22081\/revisions\/22082"}],"up":[{"embeddable":true,"href":"https:\/\/hs-experts.com\/en\/wp-json\/wp\/v2\/pages\/22077"}],"wp:attachment":[{"href":"https:\/\/hs-experts.com\/en\/wp-json\/wp\/v2\/media?parent=22081"}],"curies":[{"name":"wp","href":"https:\/\/api.w.org\/{rel}","templated":true}]}}