{"id":22085,"date":"2023-11-01T09:54:10","date_gmt":"2023-11-01T09:54:10","guid":{"rendered":"https:\/\/hs-experts.com\/?page_id=22085"},"modified":"2023-11-01T09:54:10","modified_gmt":"2023-11-01T09:54:10","slug":"betriebliches-eingliederungsmanagement-bem","status":"publish","type":"page","link":"https:\/\/hs-experts.com\/en\/gesundheitsschutz\/betriebliches-eingliederungsmanagement-bem\/","title":{"rendered":"Company integration management (BEM)"},"content":{"rendered":"<p>If you have been repeatedly unable to work in the last 12 months, we will invite you to an interview. In this meeting, we will work with you to find individual solutions to improve your situation.<\/p>\n<p>The spectrum of possible measures is wide. It ranges from applying for a cure to transferring to another department. Ergonomic changes to the workplace, such as the provision of a standing desk or a special computer mouse, are also possible. Personal support programmes such as training courses, gradual reintegration or occupational and medical rehabilitation measures round off the options. In order to ensure that the agreed paths actually lead to the goal, success is reviewed at a later date.<\/p>","protected":false},"excerpt":{"rendered":"<p>If you have been repeatedly unable to work in the last 12 months, we will invite you to an interview. In this meeting, we will work with you to find individual solutions to improve your situation. There is a wide range of possible measures. It ranges from applying for a cure to a transfer to another department. [...]<\/p>","protected":false},"author":1,"featured_media":0,"parent":22077,"menu_order":0,"comment_status":"closed","ping_status":"closed","template":"","meta":{"inline_featured_image":false,"footnotes":""},"class_list":["post-22085","page","type-page","status-publish","hentry"],"yoast_head":"<!-- This site is optimized with the Yoast SEO plugin v25.3 - https:\/\/yoast.com\/wordpress\/plugins\/seo\/ -->\n<title>Betriebliches Eingliederungsmanagement (BEM) - HEALTH &amp; SAFETY EXPERTS<\/title>\n<meta name=\"robots\" content=\"index, follow, max-snippet:-1, max-image-preview:large, max-video-preview:-1\" \/>\n<link rel=\"canonical\" href=\"https:\/\/hs-experts.com\/en\/gesundheitsschutz\/betriebliches-eingliederungsmanagement-bem\/\" \/>\n<meta property=\"og:locale\" content=\"en_GB\" \/>\n<meta property=\"og:type\" content=\"article\" \/>\n<meta property=\"og:title\" content=\"Betriebliches Eingliederungsmanagement (BEM) - HEALTH &amp; SAFETY EXPERTS\" \/>\n<meta property=\"og:description\" content=\"Wer in den letzten 12 Monaten wiederholt arbeitsunf\u00e4hig war, erh\u00e4lt von uns die Einladung zu einem Gespr\u00e4ch. In diesem Gespr\u00e4ch wollen wir gemeinsam mit Ihnen nach individuellen L\u00f6sungen suchen, um Ihre Situation zu verbessern. Das Spektrum der m\u00f6glichen Ma\u00dfnahmen ist gro\u00df. Es reicht von der Beantragung einer Kur bis zur Versetzung in eine andere Abteilung. [&hellip;]\" \/>\n<meta property=\"og:url\" content=\"https:\/\/hs-experts.com\/en\/gesundheitsschutz\/betriebliches-eingliederungsmanagement-bem\/\" \/>\n<meta property=\"og:site_name\" content=\"HEALTH &amp; SAFETY EXPERTS\" \/>\n<meta name=\"twitter:card\" content=\"summary_large_image\" \/>\n<meta name=\"twitter:label1\" content=\"Estimated reading time\" \/>\n\t<meta name=\"twitter:data1\" content=\"1 minute\" \/>\n<script type=\"application\/ld+json\" class=\"yoast-schema-graph\">{\"@context\":\"https:\/\/schema.org\",\"@graph\":[{\"@type\":\"WebPage\",\"@id\":\"https:\/\/hs-experts.com\/gesundheitsschutz\/betriebliches-eingliederungsmanagement-bem\/\",\"url\":\"https:\/\/hs-experts.com\/gesundheitsschutz\/betriebliches-eingliederungsmanagement-bem\/\",\"name\":\"Betriebliches Eingliederungsmanagement (BEM) - HEALTH &amp; SAFETY EXPERTS\",\"isPartOf\":{\"@id\":\"https:\/\/hs-experts.com\/#website\"},\"datePublished\":\"2023-11-01T09:54:10+00:00\",\"breadcrumb\":{\"@id\":\"https:\/\/hs-experts.com\/gesundheitsschutz\/betriebliches-eingliederungsmanagement-bem\/#breadcrumb\"},\"inLanguage\":\"en-GB\",\"potentialAction\":[{\"@type\":\"ReadAction\",\"target\":[\"https:\/\/hs-experts.com\/gesundheitsschutz\/betriebliches-eingliederungsmanagement-bem\/\"]}]},{\"@type\":\"BreadcrumbList\",\"@id\":\"https:\/\/hs-experts.com\/gesundheitsschutz\/betriebliches-eingliederungsmanagement-bem\/#breadcrumb\",\"itemListElement\":[{\"@type\":\"ListItem\",\"position\":1,\"name\":\"Home\",\"item\":\"https:\/\/hs-experts.com\/\"},{\"@type\":\"ListItem\",\"position\":2,\"name\":\"Gesundheitsschutz\",\"item\":\"https:\/\/hs-experts.com\/gesundheitsschutz\/\"},{\"@type\":\"ListItem\",\"position\":3,\"name\":\"Betriebliches Eingliederungsmanagement (BEM)\"}]},{\"@type\":\"WebSite\",\"@id\":\"https:\/\/hs-experts.com\/#website\",\"url\":\"https:\/\/hs-experts.com\/\",\"name\":\"HEALTH &amp; SAFETY EXPERTS\",\"description\":\"\",\"potentialAction\":[{\"@type\":\"SearchAction\",\"target\":{\"@type\":\"EntryPoint\",\"urlTemplate\":\"https:\/\/hs-experts.com\/?s={search_term_string}\"},\"query-input\":{\"@type\":\"PropertyValueSpecification\",\"valueRequired\":true,\"valueName\":\"search_term_string\"}}],\"inLanguage\":\"en-GB\"}]}<\/script>\n<!-- \/ Yoast SEO plugin. -->","yoast_head_json":{"title":"Betriebliches Eingliederungsmanagement (BEM) - HEALTH &amp; SAFETY EXPERTS","robots":{"index":"index","follow":"follow","max-snippet":"max-snippet:-1","max-image-preview":"max-image-preview:large","max-video-preview":"max-video-preview:-1"},"canonical":"https:\/\/hs-experts.com\/en\/gesundheitsschutz\/betriebliches-eingliederungsmanagement-bem\/","og_locale":"en_GB","og_type":"article","og_title":"Betriebliches Eingliederungsmanagement (BEM) - HEALTH &amp; SAFETY EXPERTS","og_description":"Wer in den letzten 12 Monaten wiederholt arbeitsunf\u00e4hig war, erh\u00e4lt von uns die Einladung zu einem Gespr\u00e4ch. In diesem Gespr\u00e4ch wollen wir gemeinsam mit Ihnen nach individuellen L\u00f6sungen suchen, um Ihre Situation zu verbessern. Das Spektrum der m\u00f6glichen Ma\u00dfnahmen ist gro\u00df. Es reicht von der Beantragung einer Kur bis zur Versetzung in eine andere Abteilung. [&hellip;]","og_url":"https:\/\/hs-experts.com\/en\/gesundheitsschutz\/betriebliches-eingliederungsmanagement-bem\/","og_site_name":"HEALTH &amp; SAFETY EXPERTS","twitter_card":"summary_large_image","twitter_misc":{"Estimated reading time":"1 minute"},"schema":{"@context":"https:\/\/schema.org","@graph":[{"@type":"WebPage","@id":"https:\/\/hs-experts.com\/gesundheitsschutz\/betriebliches-eingliederungsmanagement-bem\/","url":"https:\/\/hs-experts.com\/gesundheitsschutz\/betriebliches-eingliederungsmanagement-bem\/","name":"Betriebliches Eingliederungsmanagement (BEM) - HEALTH &amp; SAFETY EXPERTS","isPartOf":{"@id":"https:\/\/hs-experts.com\/#website"},"datePublished":"2023-11-01T09:54:10+00:00","breadcrumb":{"@id":"https:\/\/hs-experts.com\/gesundheitsschutz\/betriebliches-eingliederungsmanagement-bem\/#breadcrumb"},"inLanguage":"en-GB","potentialAction":[{"@type":"ReadAction","target":["https:\/\/hs-experts.com\/gesundheitsschutz\/betriebliches-eingliederungsmanagement-bem\/"]}]},{"@type":"BreadcrumbList","@id":"https:\/\/hs-experts.com\/gesundheitsschutz\/betriebliches-eingliederungsmanagement-bem\/#breadcrumb","itemListElement":[{"@type":"ListItem","position":1,"name":"Home","item":"https:\/\/hs-experts.com\/"},{"@type":"ListItem","position":2,"name":"Gesundheitsschutz","item":"https:\/\/hs-experts.com\/gesundheitsschutz\/"},{"@type":"ListItem","position":3,"name":"Betriebliches Eingliederungsmanagement (BEM)"}]},{"@type":"WebSite","@id":"https:\/\/hs-experts.com\/#website","url":"https:\/\/hs-experts.com\/","name":"HEALTH &amp; SAFETY EXPERTS","description":"","potentialAction":[{"@type":"SearchAction","target":{"@type":"EntryPoint","urlTemplate":"https:\/\/hs-experts.com\/?s={search_term_string}"},"query-input":{"@type":"PropertyValueSpecification","valueRequired":true,"valueName":"search_term_string"}}],"inLanguage":"en-GB"}]}},"_links":{"self":[{"href":"https:\/\/hs-experts.com\/en\/wp-json\/wp\/v2\/pages\/22085","targetHints":{"allow":["GET"]}}],"collection":[{"href":"https:\/\/hs-experts.com\/en\/wp-json\/wp\/v2\/pages"}],"about":[{"href":"https:\/\/hs-experts.com\/en\/wp-json\/wp\/v2\/types\/page"}],"author":[{"embeddable":true,"href":"https:\/\/hs-experts.com\/en\/wp-json\/wp\/v2\/users\/1"}],"replies":[{"embeddable":true,"href":"https:\/\/hs-experts.com\/en\/wp-json\/wp\/v2\/comments?post=22085"}],"version-history":[{"count":1,"href":"https:\/\/hs-experts.com\/en\/wp-json\/wp\/v2\/pages\/22085\/revisions"}],"predecessor-version":[{"id":22086,"href":"https:\/\/hs-experts.com\/en\/wp-json\/wp\/v2\/pages\/22085\/revisions\/22086"}],"up":[{"embeddable":true,"href":"https:\/\/hs-experts.com\/en\/wp-json\/wp\/v2\/pages\/22077"}],"wp:attachment":[{"href":"https:\/\/hs-experts.com\/en\/wp-json\/wp\/v2\/media?parent=22085"}],"curies":[{"name":"wp","href":"https:\/\/api.w.org\/{rel}","templated":true}]}}