{"id":22089,"date":"2023-11-01T09:54:56","date_gmt":"2023-11-01T09:54:56","guid":{"rendered":"https:\/\/hs-experts.com\/?page_id=22089"},"modified":"2023-11-01T09:54:56","modified_gmt":"2023-11-01T09:54:56","slug":"bewegungsmanagement","status":"publish","type":"page","link":"https:\/\/hs-experts.com\/en\/gesundheitsschutz\/bewegungsmanagement\/","title":{"rendered":"Movement management"},"content":{"rendered":"<p>More exercise in everyday life as an investment in personal health. The right measures will not only keep you fit and slim, but also boost your mental performance.  We take your employees by the hand and work with them to implement a sensible exercise plan in their everyday lives.<\/p>","protected":false},"excerpt":{"rendered":"<p>More exercise in everyday life as an investment in personal health. The right measures will not only keep you fit and slim, but also boost your mental performance.  We take your employees by the hand and work with them to implement a sensible exercise plan in their everyday lives.<\/p>","protected":false},"author":1,"featured_media":0,"parent":22077,"menu_order":0,"comment_status":"closed","ping_status":"closed","template":"","meta":{"inline_featured_image":false,"footnotes":""},"class_list":["post-22089","page","type-page","status-publish","hentry"],"yoast_head":"<!-- This site is optimized with the Yoast SEO plugin v25.3 - https:\/\/yoast.com\/wordpress\/plugins\/seo\/ -->\n<title>Bewegungsmanagement - HEALTH &amp; SAFETY EXPERTS<\/title>\n<meta name=\"robots\" content=\"index, follow, max-snippet:-1, max-image-preview:large, max-video-preview:-1\" \/>\n<link rel=\"canonical\" href=\"https:\/\/hs-experts.com\/en\/gesundheitsschutz\/bewegungsmanagement\/\" \/>\n<meta property=\"og:locale\" content=\"en_GB\" \/>\n<meta property=\"og:type\" content=\"article\" \/>\n<meta property=\"og:title\" content=\"Bewegungsmanagement - HEALTH &amp; SAFETY EXPERTS\" \/>\n<meta property=\"og:description\" content=\"Mehr Bewegung im Alltag als Investition in die pers\u00f6nliche Gesundheit. Denn mit den richtigen Ma\u00dfnahmen halten Sie sich nicht nur fit und schlank, sondern st\u00e4rken auch Ihre geistige Leistungsf\u00e4higkeit.\u00a0 Wir nehmen Ihre Mitarbeiter an die Hand und implementieren gemeinsam einen sinnvollen Bewegungsplan in ihren Alltag.\" \/>\n<meta property=\"og:url\" content=\"https:\/\/hs-experts.com\/en\/gesundheitsschutz\/bewegungsmanagement\/\" \/>\n<meta property=\"og:site_name\" content=\"HEALTH &amp; SAFETY EXPERTS\" \/>\n<meta name=\"twitter:card\" content=\"summary_large_image\" \/>\n<script type=\"application\/ld+json\" class=\"yoast-schema-graph\">{\"@context\":\"https:\/\/schema.org\",\"@graph\":[{\"@type\":\"WebPage\",\"@id\":\"https:\/\/hs-experts.com\/gesundheitsschutz\/bewegungsmanagement\/\",\"url\":\"https:\/\/hs-experts.com\/gesundheitsschutz\/bewegungsmanagement\/\",\"name\":\"Bewegungsmanagement - HEALTH &amp; SAFETY EXPERTS\",\"isPartOf\":{\"@id\":\"https:\/\/hs-experts.com\/#website\"},\"datePublished\":\"2023-11-01T09:54:56+00:00\",\"breadcrumb\":{\"@id\":\"https:\/\/hs-experts.com\/gesundheitsschutz\/bewegungsmanagement\/#breadcrumb\"},\"inLanguage\":\"en-GB\",\"potentialAction\":[{\"@type\":\"ReadAction\",\"target\":[\"https:\/\/hs-experts.com\/gesundheitsschutz\/bewegungsmanagement\/\"]}]},{\"@type\":\"BreadcrumbList\",\"@id\":\"https:\/\/hs-experts.com\/gesundheitsschutz\/bewegungsmanagement\/#breadcrumb\",\"itemListElement\":[{\"@type\":\"ListItem\",\"position\":1,\"name\":\"Home\",\"item\":\"https:\/\/hs-experts.com\/\"},{\"@type\":\"ListItem\",\"position\":2,\"name\":\"Gesundheitsschutz\",\"item\":\"https:\/\/hs-experts.com\/gesundheitsschutz\/\"},{\"@type\":\"ListItem\",\"position\":3,\"name\":\"Bewegungsmanagement\"}]},{\"@type\":\"WebSite\",\"@id\":\"https:\/\/hs-experts.com\/#website\",\"url\":\"https:\/\/hs-experts.com\/\",\"name\":\"HEALTH &amp; SAFETY EXPERTS\",\"description\":\"\",\"potentialAction\":[{\"@type\":\"SearchAction\",\"target\":{\"@type\":\"EntryPoint\",\"urlTemplate\":\"https:\/\/hs-experts.com\/?s={search_term_string}\"},\"query-input\":{\"@type\":\"PropertyValueSpecification\",\"valueRequired\":true,\"valueName\":\"search_term_string\"}}],\"inLanguage\":\"en-GB\"}]}<\/script>\n<!-- \/ Yoast SEO plugin. -->","yoast_head_json":{"title":"Bewegungsmanagement - HEALTH &amp; SAFETY EXPERTS","robots":{"index":"index","follow":"follow","max-snippet":"max-snippet:-1","max-image-preview":"max-image-preview:large","max-video-preview":"max-video-preview:-1"},"canonical":"https:\/\/hs-experts.com\/en\/gesundheitsschutz\/bewegungsmanagement\/","og_locale":"en_GB","og_type":"article","og_title":"Bewegungsmanagement - HEALTH &amp; SAFETY EXPERTS","og_description":"Mehr Bewegung im Alltag als Investition in die pers\u00f6nliche Gesundheit. Denn mit den richtigen Ma\u00dfnahmen halten Sie sich nicht nur fit und schlank, sondern st\u00e4rken auch Ihre geistige Leistungsf\u00e4higkeit.\u00a0 Wir nehmen Ihre Mitarbeiter an die Hand und implementieren gemeinsam einen sinnvollen Bewegungsplan in ihren Alltag.","og_url":"https:\/\/hs-experts.com\/en\/gesundheitsschutz\/bewegungsmanagement\/","og_site_name":"HEALTH &amp; SAFETY EXPERTS","twitter_card":"summary_large_image","schema":{"@context":"https:\/\/schema.org","@graph":[{"@type":"WebPage","@id":"https:\/\/hs-experts.com\/gesundheitsschutz\/bewegungsmanagement\/","url":"https:\/\/hs-experts.com\/gesundheitsschutz\/bewegungsmanagement\/","name":"Bewegungsmanagement - HEALTH &amp; SAFETY EXPERTS","isPartOf":{"@id":"https:\/\/hs-experts.com\/#website"},"datePublished":"2023-11-01T09:54:56+00:00","breadcrumb":{"@id":"https:\/\/hs-experts.com\/gesundheitsschutz\/bewegungsmanagement\/#breadcrumb"},"inLanguage":"en-GB","potentialAction":[{"@type":"ReadAction","target":["https:\/\/hs-experts.com\/gesundheitsschutz\/bewegungsmanagement\/"]}]},{"@type":"BreadcrumbList","@id":"https:\/\/hs-experts.com\/gesundheitsschutz\/bewegungsmanagement\/#breadcrumb","itemListElement":[{"@type":"ListItem","position":1,"name":"Home","item":"https:\/\/hs-experts.com\/"},{"@type":"ListItem","position":2,"name":"Gesundheitsschutz","item":"https:\/\/hs-experts.com\/gesundheitsschutz\/"},{"@type":"ListItem","position":3,"name":"Bewegungsmanagement"}]},{"@type":"WebSite","@id":"https:\/\/hs-experts.com\/#website","url":"https:\/\/hs-experts.com\/","name":"HEALTH &amp; SAFETY EXPERTS","description":"","potentialAction":[{"@type":"SearchAction","target":{"@type":"EntryPoint","urlTemplate":"https:\/\/hs-experts.com\/?s={search_term_string}"},"query-input":{"@type":"PropertyValueSpecification","valueRequired":true,"valueName":"search_term_string"}}],"inLanguage":"en-GB"}]}},"_hostinger_reach_plugin_has_subscription_block":false,"_hostinger_reach_plugin_is_elementor":false,"_links":{"self":[{"href":"https:\/\/hs-experts.com\/en\/wp-json\/wp\/v2\/pages\/22089","targetHints":{"allow":["GET"]}}],"collection":[{"href":"https:\/\/hs-experts.com\/en\/wp-json\/wp\/v2\/pages"}],"about":[{"href":"https:\/\/hs-experts.com\/en\/wp-json\/wp\/v2\/types\/page"}],"author":[{"embeddable":true,"href":"https:\/\/hs-experts.com\/en\/wp-json\/wp\/v2\/users\/1"}],"replies":[{"embeddable":true,"href":"https:\/\/hs-experts.com\/en\/wp-json\/wp\/v2\/comments?post=22089"}],"version-history":[{"count":1,"href":"https:\/\/hs-experts.com\/en\/wp-json\/wp\/v2\/pages\/22089\/revisions"}],"predecessor-version":[{"id":22090,"href":"https:\/\/hs-experts.com\/en\/wp-json\/wp\/v2\/pages\/22089\/revisions\/22090"}],"up":[{"embeddable":true,"href":"https:\/\/hs-experts.com\/en\/wp-json\/wp\/v2\/pages\/22077"}],"wp:attachment":[{"href":"https:\/\/hs-experts.com\/en\/wp-json\/wp\/v2\/media?parent=22089"}],"curies":[{"name":"wp","href":"https:\/\/api.w.org\/{rel}","templated":true}]}}