{"id":22095,"date":"2023-11-01T09:57:10","date_gmt":"2023-11-01T09:57:10","guid":{"rendered":"https:\/\/hs-experts.com\/?page_id=22095"},"modified":"2023-11-01T09:57:10","modified_gmt":"2023-11-01T09:57:10","slug":"gefahrdungsbeurteilung-psychischer-belastungen","status":"publish","type":"page","link":"https:\/\/hs-experts.com\/en\/gesundheitsschutz\/gefahrdungsbeurteilung-psychischer-belastungen\/","title":{"rendered":"Risk assessment of mental stress"},"content":{"rendered":"<p>The risk assessment of mental stress (Mental Health Risk Assessment) helps you to recognise and prevent mental stress at an early stage - even in times of crisis. Five subject areas are analysed in detail for this purpose:<\/p>\n<ul>\n<li>Work task and content, e.g. scope for action, responsibility, qualification, emotional demands<\/li>\n<li>Work organisation, e.g. working hours, workflow, communication<\/li>\n<li>Social relationships with colleagues and superiors<\/li>\n<li>Working environment, e.g. noise, ergonomics<\/li>\n<li>Company-specific factors, e.g. values, job security<\/li>\n<\/ul>","protected":false},"excerpt":{"rendered":"<p>The risk assessment of mental stress (Mental Health Risk Assessment) helps you to recognise and prevent mental stress at an early stage - even in times of crisis. Five subject areas are analysed in detail: Work task and content, e.g. scope for action, responsibility, qualifications, emotional demands Work organisation, e.g. working hours, work processes, communication Social relationships with colleagues and superiors Working environment, e.g. noise, ergonomics Company-specific [...]<\/p>","protected":false},"author":1,"featured_media":0,"parent":22077,"menu_order":0,"comment_status":"closed","ping_status":"closed","template":"","meta":{"inline_featured_image":false,"footnotes":""},"class_list":["post-22095","page","type-page","status-publish","hentry"],"yoast_head":"<!-- This site is optimized with the Yoast SEO plugin v27.4 - https:\/\/yoast.com\/product\/yoast-seo-wordpress\/ -->\n<title>Gef\u00e4hrdungsbeurteilung psychischer Belastungen - HEALTH &amp; SAFETY EXPERTS<\/title>\n<meta name=\"robots\" content=\"index, follow, max-snippet:-1, max-image-preview:large, max-video-preview:-1\" \/>\n<link rel=\"canonical\" href=\"https:\/\/hs-experts.com\/en\/gesundheitsschutz\/gefahrdungsbeurteilung-psychischer-belastungen\/\" \/>\n<meta property=\"og:locale\" content=\"en_GB\" \/>\n<meta property=\"og:type\" content=\"article\" \/>\n<meta property=\"og:title\" content=\"Gef\u00e4hrdungsbeurteilung psychischer Belastungen - HEALTH &amp; SAFETY EXPERTS\" \/>\n<meta property=\"og:description\" content=\"Die Gef\u00e4hrdungsbeurteilung psychischer Belastungen (GB Psych) hilft Ihnen, psychische Belastungen fr\u00fchzeitig zu erkennen und vorzubeugen \u2013 auch in Zeiten der Krise. Dazu werden f\u00fcnf Themenbereiche genauer untersucht: Arbeitsaufgabe und -inhalte, z. B. Handlungsspielr\u00e4ume, Verantwortung, Qualifikation, emotionale Inanspruchnahme Arbeitsorganisation, z. B. Arbeitszeit, Arbeitsablauf, Kommunikation Soziale Beziehungen mit Kollegen und Vorgesetzten Arbeitsumgebung, z. B. L\u00e4rm, Ergonomie Unternehmensspezifische [&hellip;]\" \/>\n<meta property=\"og:url\" content=\"https:\/\/hs-experts.com\/en\/gesundheitsschutz\/gefahrdungsbeurteilung-psychischer-belastungen\/\" \/>\n<meta property=\"og:site_name\" content=\"HEALTH &amp; SAFETY EXPERTS\" \/>\n<meta name=\"twitter:card\" content=\"summary_large_image\" \/>\n<script type=\"application\/ld+json\" class=\"yoast-schema-graph\">{\"@context\":\"https:\\\/\\\/schema.org\",\"@graph\":[{\"@type\":\"WebPage\",\"@id\":\"https:\\\/\\\/hs-experts.com\\\/en\\\/gesundheitsschutz\\\/gefahrdungsbeurteilung-psychischer-belastungen\\\/\",\"url\":\"https:\\\/\\\/hs-experts.com\\\/en\\\/gesundheitsschutz\\\/gefahrdungsbeurteilung-psychischer-belastungen\\\/\",\"name\":\"Gef\u00e4hrdungsbeurteilung psychischer Belastungen - HEALTH &amp; SAFETY EXPERTS\",\"isPartOf\":{\"@id\":\"https:\\\/\\\/hs-experts.com\\\/#website\"},\"datePublished\":\"2023-11-01T09:57:10+00:00\",\"breadcrumb\":{\"@id\":\"https:\\\/\\\/hs-experts.com\\\/en\\\/gesundheitsschutz\\\/gefahrdungsbeurteilung-psychischer-belastungen\\\/#breadcrumb\"},\"inLanguage\":\"en-GB\",\"potentialAction\":[{\"@type\":\"ReadAction\",\"target\":[\"https:\\\/\\\/hs-experts.com\\\/en\\\/gesundheitsschutz\\\/gefahrdungsbeurteilung-psychischer-belastungen\\\/\"]}]},{\"@type\":\"BreadcrumbList\",\"@id\":\"https:\\\/\\\/hs-experts.com\\\/en\\\/gesundheitsschutz\\\/gefahrdungsbeurteilung-psychischer-belastungen\\\/#breadcrumb\",\"itemListElement\":[{\"@type\":\"ListItem\",\"position\":1,\"name\":\"Home\",\"item\":\"https:\\\/\\\/hs-experts.com\\\/\"},{\"@type\":\"ListItem\",\"position\":2,\"name\":\"Gesundheitsschutz\",\"item\":\"https:\\\/\\\/hs-experts.com\\\/gesundheitsschutz\\\/\"},{\"@type\":\"ListItem\",\"position\":3,\"name\":\"Gef\u00e4hrdungsbeurteilung psychischer Belastungen\"}]},{\"@type\":\"WebSite\",\"@id\":\"https:\\\/\\\/hs-experts.com\\\/#website\",\"url\":\"https:\\\/\\\/hs-experts.com\\\/\",\"name\":\"HEALTH &amp; SAFETY EXPERTS\",\"description\":\"\",\"potentialAction\":[{\"@type\":\"SearchAction\",\"target\":{\"@type\":\"EntryPoint\",\"urlTemplate\":\"https:\\\/\\\/hs-experts.com\\\/?s={search_term_string}\"},\"query-input\":{\"@type\":\"PropertyValueSpecification\",\"valueRequired\":true,\"valueName\":\"search_term_string\"}}],\"inLanguage\":\"en-GB\"}]}<\/script>\n<!-- \/ Yoast SEO plugin. -->","yoast_head_json":{"title":"Gef\u00e4hrdungsbeurteilung psychischer Belastungen - HEALTH &amp; SAFETY EXPERTS","robots":{"index":"index","follow":"follow","max-snippet":"max-snippet:-1","max-image-preview":"max-image-preview:large","max-video-preview":"max-video-preview:-1"},"canonical":"https:\/\/hs-experts.com\/en\/gesundheitsschutz\/gefahrdungsbeurteilung-psychischer-belastungen\/","og_locale":"en_GB","og_type":"article","og_title":"Gef\u00e4hrdungsbeurteilung psychischer Belastungen - HEALTH &amp; SAFETY EXPERTS","og_description":"Die Gef\u00e4hrdungsbeurteilung psychischer Belastungen (GB Psych) hilft Ihnen, psychische Belastungen fr\u00fchzeitig zu erkennen und vorzubeugen \u2013 auch in Zeiten der Krise. Dazu werden f\u00fcnf Themenbereiche genauer untersucht: Arbeitsaufgabe und -inhalte, z. B. Handlungsspielr\u00e4ume, Verantwortung, Qualifikation, emotionale Inanspruchnahme Arbeitsorganisation, z. B. Arbeitszeit, Arbeitsablauf, Kommunikation Soziale Beziehungen mit Kollegen und Vorgesetzten Arbeitsumgebung, z. B. L\u00e4rm, Ergonomie Unternehmensspezifische [&hellip;]","og_url":"https:\/\/hs-experts.com\/en\/gesundheitsschutz\/gefahrdungsbeurteilung-psychischer-belastungen\/","og_site_name":"HEALTH &amp; SAFETY EXPERTS","twitter_card":"summary_large_image","schema":{"@context":"https:\/\/schema.org","@graph":[{"@type":"WebPage","@id":"https:\/\/hs-experts.com\/en\/gesundheitsschutz\/gefahrdungsbeurteilung-psychischer-belastungen\/","url":"https:\/\/hs-experts.com\/en\/gesundheitsschutz\/gefahrdungsbeurteilung-psychischer-belastungen\/","name":"Gef\u00e4hrdungsbeurteilung psychischer Belastungen - HEALTH &amp; SAFETY EXPERTS","isPartOf":{"@id":"https:\/\/hs-experts.com\/#website"},"datePublished":"2023-11-01T09:57:10+00:00","breadcrumb":{"@id":"https:\/\/hs-experts.com\/en\/gesundheitsschutz\/gefahrdungsbeurteilung-psychischer-belastungen\/#breadcrumb"},"inLanguage":"en-GB","potentialAction":[{"@type":"ReadAction","target":["https:\/\/hs-experts.com\/en\/gesundheitsschutz\/gefahrdungsbeurteilung-psychischer-belastungen\/"]}]},{"@type":"BreadcrumbList","@id":"https:\/\/hs-experts.com\/en\/gesundheitsschutz\/gefahrdungsbeurteilung-psychischer-belastungen\/#breadcrumb","itemListElement":[{"@type":"ListItem","position":1,"name":"Home","item":"https:\/\/hs-experts.com\/"},{"@type":"ListItem","position":2,"name":"Gesundheitsschutz","item":"https:\/\/hs-experts.com\/gesundheitsschutz\/"},{"@type":"ListItem","position":3,"name":"Gef\u00e4hrdungsbeurteilung psychischer Belastungen"}]},{"@type":"WebSite","@id":"https:\/\/hs-experts.com\/#website","url":"https:\/\/hs-experts.com\/","name":"HEALTH &amp; SAFETY EXPERTS","description":"","potentialAction":[{"@type":"SearchAction","target":{"@type":"EntryPoint","urlTemplate":"https:\/\/hs-experts.com\/?s={search_term_string}"},"query-input":{"@type":"PropertyValueSpecification","valueRequired":true,"valueName":"search_term_string"}}],"inLanguage":"en-GB"}]}},"_hostinger_reach_plugin_has_subscription_block":false,"_hostinger_reach_plugin_is_elementor":false,"_links":{"self":[{"href":"https:\/\/hs-experts.com\/en\/wp-json\/wp\/v2\/pages\/22095","targetHints":{"allow":["GET"]}}],"collection":[{"href":"https:\/\/hs-experts.com\/en\/wp-json\/wp\/v2\/pages"}],"about":[{"href":"https:\/\/hs-experts.com\/en\/wp-json\/wp\/v2\/types\/page"}],"author":[{"embeddable":true,"href":"https:\/\/hs-experts.com\/en\/wp-json\/wp\/v2\/users\/1"}],"replies":[{"embeddable":true,"href":"https:\/\/hs-experts.com\/en\/wp-json\/wp\/v2\/comments?post=22095"}],"version-history":[{"count":1,"href":"https:\/\/hs-experts.com\/en\/wp-json\/wp\/v2\/pages\/22095\/revisions"}],"predecessor-version":[{"id":22096,"href":"https:\/\/hs-experts.com\/en\/wp-json\/wp\/v2\/pages\/22095\/revisions\/22096"}],"up":[{"embeddable":true,"href":"https:\/\/hs-experts.com\/en\/wp-json\/wp\/v2\/pages\/22077"}],"wp:attachment":[{"href":"https:\/\/hs-experts.com\/en\/wp-json\/wp\/v2\/media?parent=22095"}],"curies":[{"name":"wp","href":"https:\/\/api.w.org\/{rel}","templated":true}]}}