{"id":22117,"date":"2023-11-01T10:03:07","date_gmt":"2023-11-01T10:03:07","guid":{"rendered":"https:\/\/hs-experts.com\/?page_id=22117"},"modified":"2023-11-01T10:03:07","modified_gmt":"2023-11-01T10:03:07","slug":"stressmanagement","status":"publish","type":"page","link":"https:\/\/hs-experts.com\/en\/gesundheitsschutz\/stressmanagement\/","title":{"rendered":"Stress management"},"content":{"rendered":"<p>If employees seem listless and pessimistic, suddenly react irritably and the usual quality of work drops, psychological stress may be the reason. A heavy workload or the daily balancing act between work and family can sap your employees' performance and even make them ill in the long term.<\/p>\n<p>However, managers are often overwhelmed by the task of recognising possible signs of psychological stress and signalling support to their employees in good time. Our experts have the specialist knowledge and experience to identify the triggers of psychological stress and provide remedial action.<\/p>\n<p>Find out where your strengths and weaknesses lie in terms of your personal resources. The individual counselling module aims to optimally develop your personal potential.<\/p>","protected":false},"excerpt":{"rendered":"<p>If employees seem listless and pessimistic, suddenly react irritably and the usual quality of work drops, psychological stress may be the reason. A heavy workload or the daily balancing act between work and family can sap your employees' performance and even make them ill in the long term. However, managers are often overwhelmed by the task of recognising possible signs of [...]<\/p>","protected":false},"author":1,"featured_media":0,"parent":22077,"menu_order":0,"comment_status":"closed","ping_status":"closed","template":"","meta":{"inline_featured_image":false,"footnotes":""},"class_list":["post-22117","page","type-page","status-publish","hentry"],"yoast_head":"<!-- This site is optimized with the Yoast SEO plugin v25.3 - https:\/\/yoast.com\/wordpress\/plugins\/seo\/ -->\n<title>Stressmanagement - HEALTH &amp; SAFETY EXPERTS<\/title>\n<meta name=\"robots\" content=\"index, follow, max-snippet:-1, max-image-preview:large, max-video-preview:-1\" \/>\n<link rel=\"canonical\" href=\"https:\/\/hs-experts.com\/en\/gesundheitsschutz\/stressmanagement\/\" \/>\n<meta property=\"og:locale\" content=\"en_GB\" \/>\n<meta property=\"og:type\" content=\"article\" \/>\n<meta property=\"og:title\" content=\"Stressmanagement - HEALTH &amp; SAFETY EXPERTS\" \/>\n<meta property=\"og:description\" content=\"Wenn Mitarbeiter antriebslos und pessimistisch wirken, pl\u00f6tzlich gereizt reagieren und auch die gewohnte Arbeitsqualit\u00e4t sinkt, k\u00f6nnen psychische Belastungen der Grund sein. Ein hohes Arbeitspensum oder auch der t\u00e4gliche Spagat zwischen Beruf und Familie k\u00f6nnen an der Leistungsf\u00e4higkeit Ihrer Mitarbeiter zehren und auf Dauer sogar krank machen. F\u00fchrungskr\u00e4fte sind allerdings h\u00e4ufig damit \u00fcberfordert, m\u00f6gliche Anzeichen f\u00fcr [&hellip;]\" \/>\n<meta property=\"og:url\" content=\"https:\/\/hs-experts.com\/en\/gesundheitsschutz\/stressmanagement\/\" \/>\n<meta property=\"og:site_name\" content=\"HEALTH &amp; SAFETY EXPERTS\" \/>\n<meta name=\"twitter:card\" content=\"summary_large_image\" \/>\n<meta name=\"twitter:label1\" content=\"Estimated reading time\" \/>\n\t<meta name=\"twitter:data1\" content=\"1 minute\" \/>\n<script type=\"application\/ld+json\" class=\"yoast-schema-graph\">{\"@context\":\"https:\/\/schema.org\",\"@graph\":[{\"@type\":\"WebPage\",\"@id\":\"https:\/\/hs-experts.com\/gesundheitsschutz\/stressmanagement\/\",\"url\":\"https:\/\/hs-experts.com\/gesundheitsschutz\/stressmanagement\/\",\"name\":\"Stressmanagement - HEALTH &amp; SAFETY EXPERTS\",\"isPartOf\":{\"@id\":\"https:\/\/hs-experts.com\/#website\"},\"datePublished\":\"2023-11-01T10:03:07+00:00\",\"breadcrumb\":{\"@id\":\"https:\/\/hs-experts.com\/gesundheitsschutz\/stressmanagement\/#breadcrumb\"},\"inLanguage\":\"en-GB\",\"potentialAction\":[{\"@type\":\"ReadAction\",\"target\":[\"https:\/\/hs-experts.com\/gesundheitsschutz\/stressmanagement\/\"]}]},{\"@type\":\"BreadcrumbList\",\"@id\":\"https:\/\/hs-experts.com\/gesundheitsschutz\/stressmanagement\/#breadcrumb\",\"itemListElement\":[{\"@type\":\"ListItem\",\"position\":1,\"name\":\"Home\",\"item\":\"https:\/\/hs-experts.com\/\"},{\"@type\":\"ListItem\",\"position\":2,\"name\":\"Gesundheitsschutz\",\"item\":\"https:\/\/hs-experts.com\/gesundheitsschutz\/\"},{\"@type\":\"ListItem\",\"position\":3,\"name\":\"Stressmanagement\"}]},{\"@type\":\"WebSite\",\"@id\":\"https:\/\/hs-experts.com\/#website\",\"url\":\"https:\/\/hs-experts.com\/\",\"name\":\"HEALTH &amp; SAFETY EXPERTS\",\"description\":\"\",\"potentialAction\":[{\"@type\":\"SearchAction\",\"target\":{\"@type\":\"EntryPoint\",\"urlTemplate\":\"https:\/\/hs-experts.com\/?s={search_term_string}\"},\"query-input\":{\"@type\":\"PropertyValueSpecification\",\"valueRequired\":true,\"valueName\":\"search_term_string\"}}],\"inLanguage\":\"en-GB\"}]}<\/script>\n<!-- \/ Yoast SEO plugin. -->","yoast_head_json":{"title":"Stressmanagement - HEALTH &amp; SAFETY EXPERTS","robots":{"index":"index","follow":"follow","max-snippet":"max-snippet:-1","max-image-preview":"max-image-preview:large","max-video-preview":"max-video-preview:-1"},"canonical":"https:\/\/hs-experts.com\/en\/gesundheitsschutz\/stressmanagement\/","og_locale":"en_GB","og_type":"article","og_title":"Stressmanagement - HEALTH &amp; SAFETY EXPERTS","og_description":"Wenn Mitarbeiter antriebslos und pessimistisch wirken, pl\u00f6tzlich gereizt reagieren und auch die gewohnte Arbeitsqualit\u00e4t sinkt, k\u00f6nnen psychische Belastungen der Grund sein. Ein hohes Arbeitspensum oder auch der t\u00e4gliche Spagat zwischen Beruf und Familie k\u00f6nnen an der Leistungsf\u00e4higkeit Ihrer Mitarbeiter zehren und auf Dauer sogar krank machen. F\u00fchrungskr\u00e4fte sind allerdings h\u00e4ufig damit \u00fcberfordert, m\u00f6gliche Anzeichen f\u00fcr [&hellip;]","og_url":"https:\/\/hs-experts.com\/en\/gesundheitsschutz\/stressmanagement\/","og_site_name":"HEALTH &amp; SAFETY EXPERTS","twitter_card":"summary_large_image","twitter_misc":{"Estimated reading time":"1 minute"},"schema":{"@context":"https:\/\/schema.org","@graph":[{"@type":"WebPage","@id":"https:\/\/hs-experts.com\/gesundheitsschutz\/stressmanagement\/","url":"https:\/\/hs-experts.com\/gesundheitsschutz\/stressmanagement\/","name":"Stressmanagement - HEALTH &amp; SAFETY EXPERTS","isPartOf":{"@id":"https:\/\/hs-experts.com\/#website"},"datePublished":"2023-11-01T10:03:07+00:00","breadcrumb":{"@id":"https:\/\/hs-experts.com\/gesundheitsschutz\/stressmanagement\/#breadcrumb"},"inLanguage":"en-GB","potentialAction":[{"@type":"ReadAction","target":["https:\/\/hs-experts.com\/gesundheitsschutz\/stressmanagement\/"]}]},{"@type":"BreadcrumbList","@id":"https:\/\/hs-experts.com\/gesundheitsschutz\/stressmanagement\/#breadcrumb","itemListElement":[{"@type":"ListItem","position":1,"name":"Home","item":"https:\/\/hs-experts.com\/"},{"@type":"ListItem","position":2,"name":"Gesundheitsschutz","item":"https:\/\/hs-experts.com\/gesundheitsschutz\/"},{"@type":"ListItem","position":3,"name":"Stressmanagement"}]},{"@type":"WebSite","@id":"https:\/\/hs-experts.com\/#website","url":"https:\/\/hs-experts.com\/","name":"HEALTH &amp; SAFETY EXPERTS","description":"","potentialAction":[{"@type":"SearchAction","target":{"@type":"EntryPoint","urlTemplate":"https:\/\/hs-experts.com\/?s={search_term_string}"},"query-input":{"@type":"PropertyValueSpecification","valueRequired":true,"valueName":"search_term_string"}}],"inLanguage":"en-GB"}]}},"_hostinger_reach_plugin_has_subscription_block":false,"_hostinger_reach_plugin_is_elementor":false,"_links":{"self":[{"href":"https:\/\/hs-experts.com\/en\/wp-json\/wp\/v2\/pages\/22117","targetHints":{"allow":["GET"]}}],"collection":[{"href":"https:\/\/hs-experts.com\/en\/wp-json\/wp\/v2\/pages"}],"about":[{"href":"https:\/\/hs-experts.com\/en\/wp-json\/wp\/v2\/types\/page"}],"author":[{"embeddable":true,"href":"https:\/\/hs-experts.com\/en\/wp-json\/wp\/v2\/users\/1"}],"replies":[{"embeddable":true,"href":"https:\/\/hs-experts.com\/en\/wp-json\/wp\/v2\/comments?post=22117"}],"version-history":[{"count":1,"href":"https:\/\/hs-experts.com\/en\/wp-json\/wp\/v2\/pages\/22117\/revisions"}],"predecessor-version":[{"id":22118,"href":"https:\/\/hs-experts.com\/en\/wp-json\/wp\/v2\/pages\/22117\/revisions\/22118"}],"up":[{"embeddable":true,"href":"https:\/\/hs-experts.com\/en\/wp-json\/wp\/v2\/pages\/22077"}],"wp:attachment":[{"href":"https:\/\/hs-experts.com\/en\/wp-json\/wp\/v2\/media?parent=22117"}],"curies":[{"name":"wp","href":"https:\/\/api.w.org\/{rel}","templated":true}]}}