{"id":22123,"date":"2023-11-01T10:14:12","date_gmt":"2023-11-01T10:14:12","guid":{"rendered":"https:\/\/hs-experts.com\/?page_id=22123"},"modified":"2023-11-01T10:14:12","modified_gmt":"2023-11-01T10:14:12","slug":"abstimmung-mit-behorden","status":"publish","type":"page","link":"https:\/\/hs-experts.com\/en\/krisenmanagement\/abstimmung-mit-behorden\/","title":{"rendered":"Coordination with authorities"},"content":{"rendered":"<p>Partnerships with state and federal authorities are sometimes essential for excellent crisis communication. We support and advise you in establishing contacts and sharing information on best practices.<\/p>\n<p>We have extensive experience in the assessment, development and implementation of crisis or emergency management programmes in companies of all sizes, including public sector organisations. We can advise you on coordinated and sustainable crisis management.<\/p>","protected":false},"excerpt":{"rendered":"<p>Partnerships with state and federal authorities are sometimes essential for excellent crisis communication. We can assist and advise you in liaising and sharing information on best practices. We have extensive experience in assessing, developing and implementing crisis or emergency management programmes in companies of all sizes, including public sector organisations. We can advise you on a [...]<\/p>","protected":false},"author":1,"featured_media":0,"parent":22121,"menu_order":0,"comment_status":"closed","ping_status":"closed","template":"","meta":{"inline_featured_image":false,"footnotes":""},"class_list":["post-22123","page","type-page","status-publish","hentry"],"yoast_head":"<!-- This site is optimized with the Yoast SEO plugin v27.4 - https:\/\/yoast.com\/product\/yoast-seo-wordpress\/ -->\n<title>Abstimmung mit Beh\u00f6rden - HEALTH &amp; SAFETY EXPERTS<\/title>\n<meta name=\"robots\" content=\"index, follow, max-snippet:-1, max-image-preview:large, max-video-preview:-1\" \/>\n<link rel=\"canonical\" href=\"https:\/\/hs-experts.com\/en\/krisenmanagement\/abstimmung-mit-behorden\/\" \/>\n<meta property=\"og:locale\" content=\"en_GB\" \/>\n<meta property=\"og:type\" content=\"article\" \/>\n<meta property=\"og:title\" content=\"Abstimmung mit Beh\u00f6rden - HEALTH &amp; SAFETY EXPERTS\" \/>\n<meta property=\"og:description\" content=\"F\u00fcr eine ausgezeichnete Krisenkommunikation sind mitunter Partnerschaften mit staatlichen- und Bundes-Beh\u00f6rden unerl\u00e4sslich. Wir unterst\u00fctzen und beraten Sie bei der Kontaktaufnahme und dem Informationsaustausch \u00fcber bew\u00e4hrte Praktiken. Wir verf\u00fcgen \u00fcber umfassende Erfahrung bei der Bewertung, Entwicklung und Umsetzung von Krisen- oder Notfall-Managementprogrammen in Unternehmen aller Gr\u00f6\u00dfenordnungen, einschlie\u00dflich Einrichtungen des \u00f6ffentlichen Sektors. Wir beraten Sie f\u00fcr ein [&hellip;]\" \/>\n<meta property=\"og:url\" content=\"https:\/\/hs-experts.com\/en\/krisenmanagement\/abstimmung-mit-behorden\/\" \/>\n<meta property=\"og:site_name\" content=\"HEALTH &amp; SAFETY EXPERTS\" \/>\n<meta name=\"twitter:card\" content=\"summary_large_image\" \/>\n<script type=\"application\/ld+json\" class=\"yoast-schema-graph\">{\"@context\":\"https:\\\/\\\/schema.org\",\"@graph\":[{\"@type\":\"WebPage\",\"@id\":\"https:\\\/\\\/hs-experts.com\\\/krisenmanagement\\\/abstimmung-mit-behorden\\\/\",\"url\":\"https:\\\/\\\/hs-experts.com\\\/krisenmanagement\\\/abstimmung-mit-behorden\\\/\",\"name\":\"Abstimmung mit Beh\u00f6rden - HEALTH &amp; SAFETY EXPERTS\",\"isPartOf\":{\"@id\":\"https:\\\/\\\/hs-experts.com\\\/#website\"},\"datePublished\":\"2023-11-01T10:14:12+00:00\",\"breadcrumb\":{\"@id\":\"https:\\\/\\\/hs-experts.com\\\/krisenmanagement\\\/abstimmung-mit-behorden\\\/#breadcrumb\"},\"inLanguage\":\"en-GB\",\"potentialAction\":[{\"@type\":\"ReadAction\",\"target\":[\"https:\\\/\\\/hs-experts.com\\\/krisenmanagement\\\/abstimmung-mit-behorden\\\/\"]}]},{\"@type\":\"BreadcrumbList\",\"@id\":\"https:\\\/\\\/hs-experts.com\\\/krisenmanagement\\\/abstimmung-mit-behorden\\\/#breadcrumb\",\"itemListElement\":[{\"@type\":\"ListItem\",\"position\":1,\"name\":\"Home\",\"item\":\"https:\\\/\\\/hs-experts.com\\\/\"},{\"@type\":\"ListItem\",\"position\":2,\"name\":\"Krisenmanagement\",\"item\":\"https:\\\/\\\/hs-experts.com\\\/krisenmanagement\\\/\"},{\"@type\":\"ListItem\",\"position\":3,\"name\":\"Abstimmung mit Beh\u00f6rden\"}]},{\"@type\":\"WebSite\",\"@id\":\"https:\\\/\\\/hs-experts.com\\\/#website\",\"url\":\"https:\\\/\\\/hs-experts.com\\\/\",\"name\":\"HEALTH &amp; SAFETY EXPERTS\",\"description\":\"\",\"potentialAction\":[{\"@type\":\"SearchAction\",\"target\":{\"@type\":\"EntryPoint\",\"urlTemplate\":\"https:\\\/\\\/hs-experts.com\\\/?s={search_term_string}\"},\"query-input\":{\"@type\":\"PropertyValueSpecification\",\"valueRequired\":true,\"valueName\":\"search_term_string\"}}],\"inLanguage\":\"en-GB\"}]}<\/script>\n<!-- \/ Yoast SEO plugin. -->","yoast_head_json":{"title":"Abstimmung mit Beh\u00f6rden - HEALTH &amp; SAFETY EXPERTS","robots":{"index":"index","follow":"follow","max-snippet":"max-snippet:-1","max-image-preview":"max-image-preview:large","max-video-preview":"max-video-preview:-1"},"canonical":"https:\/\/hs-experts.com\/en\/krisenmanagement\/abstimmung-mit-behorden\/","og_locale":"en_GB","og_type":"article","og_title":"Abstimmung mit Beh\u00f6rden - HEALTH &amp; SAFETY EXPERTS","og_description":"F\u00fcr eine ausgezeichnete Krisenkommunikation sind mitunter Partnerschaften mit staatlichen- und Bundes-Beh\u00f6rden unerl\u00e4sslich. Wir unterst\u00fctzen und beraten Sie bei der Kontaktaufnahme und dem Informationsaustausch \u00fcber bew\u00e4hrte Praktiken. Wir verf\u00fcgen \u00fcber umfassende Erfahrung bei der Bewertung, Entwicklung und Umsetzung von Krisen- oder Notfall-Managementprogrammen in Unternehmen aller Gr\u00f6\u00dfenordnungen, einschlie\u00dflich Einrichtungen des \u00f6ffentlichen Sektors. Wir beraten Sie f\u00fcr ein [&hellip;]","og_url":"https:\/\/hs-experts.com\/en\/krisenmanagement\/abstimmung-mit-behorden\/","og_site_name":"HEALTH &amp; SAFETY EXPERTS","twitter_card":"summary_large_image","schema":{"@context":"https:\/\/schema.org","@graph":[{"@type":"WebPage","@id":"https:\/\/hs-experts.com\/krisenmanagement\/abstimmung-mit-behorden\/","url":"https:\/\/hs-experts.com\/krisenmanagement\/abstimmung-mit-behorden\/","name":"Abstimmung mit Beh\u00f6rden - HEALTH &amp; SAFETY EXPERTS","isPartOf":{"@id":"https:\/\/hs-experts.com\/#website"},"datePublished":"2023-11-01T10:14:12+00:00","breadcrumb":{"@id":"https:\/\/hs-experts.com\/krisenmanagement\/abstimmung-mit-behorden\/#breadcrumb"},"inLanguage":"en-GB","potentialAction":[{"@type":"ReadAction","target":["https:\/\/hs-experts.com\/krisenmanagement\/abstimmung-mit-behorden\/"]}]},{"@type":"BreadcrumbList","@id":"https:\/\/hs-experts.com\/krisenmanagement\/abstimmung-mit-behorden\/#breadcrumb","itemListElement":[{"@type":"ListItem","position":1,"name":"Home","item":"https:\/\/hs-experts.com\/"},{"@type":"ListItem","position":2,"name":"Krisenmanagement","item":"https:\/\/hs-experts.com\/krisenmanagement\/"},{"@type":"ListItem","position":3,"name":"Abstimmung mit Beh\u00f6rden"}]},{"@type":"WebSite","@id":"https:\/\/hs-experts.com\/#website","url":"https:\/\/hs-experts.com\/","name":"HEALTH &amp; SAFETY EXPERTS","description":"","potentialAction":[{"@type":"SearchAction","target":{"@type":"EntryPoint","urlTemplate":"https:\/\/hs-experts.com\/?s={search_term_string}"},"query-input":{"@type":"PropertyValueSpecification","valueRequired":true,"valueName":"search_term_string"}}],"inLanguage":"en-GB"}]}},"_hostinger_reach_plugin_has_subscription_block":false,"_hostinger_reach_plugin_is_elementor":false,"_links":{"self":[{"href":"https:\/\/hs-experts.com\/en\/wp-json\/wp\/v2\/pages\/22123","targetHints":{"allow":["GET"]}}],"collection":[{"href":"https:\/\/hs-experts.com\/en\/wp-json\/wp\/v2\/pages"}],"about":[{"href":"https:\/\/hs-experts.com\/en\/wp-json\/wp\/v2\/types\/page"}],"author":[{"embeddable":true,"href":"https:\/\/hs-experts.com\/en\/wp-json\/wp\/v2\/users\/1"}],"replies":[{"embeddable":true,"href":"https:\/\/hs-experts.com\/en\/wp-json\/wp\/v2\/comments?post=22123"}],"version-history":[{"count":1,"href":"https:\/\/hs-experts.com\/en\/wp-json\/wp\/v2\/pages\/22123\/revisions"}],"predecessor-version":[{"id":22124,"href":"https:\/\/hs-experts.com\/en\/wp-json\/wp\/v2\/pages\/22123\/revisions\/22124"}],"up":[{"embeddable":true,"href":"https:\/\/hs-experts.com\/en\/wp-json\/wp\/v2\/pages\/22121"}],"wp:attachment":[{"href":"https:\/\/hs-experts.com\/en\/wp-json\/wp\/v2\/media?parent=22123"}],"curies":[{"name":"wp","href":"https:\/\/api.w.org\/{rel}","templated":true}]}}