{"id":22147,"date":"2023-11-01T10:18:48","date_gmt":"2023-11-01T10:18:48","guid":{"rendered":"https:\/\/hs-experts.com\/?page_id=22147"},"modified":"2023-11-01T10:18:48","modified_gmt":"2023-11-01T10:18:48","slug":"feuerwehrplane","status":"publish","type":"page","link":"https:\/\/hs-experts.com\/en\/krisenmanagement\/feuerwehrplane\/","title":{"rendered":"Fire brigade plans"},"content":{"rendered":"<p>The fire service plan contains tactical information for the fire service. Firefighters must be able to quickly determine the best way to extinguish a fire on site. The information on the plans must therefore be technically correct in accordance with DIN 14095 and at the same time easy to understand.<\/p>\n<p>There are fire brigade plans for every property. The main access routes and emergency routes, the sources of danger - for example from explosive substances - the locations of fire alarm centres, key depots and hydrants as well as stairwells and fire doors are shown in colour and with symbols.<\/p>\n<p>Fire brigade plans are required on the basis of the SBauVO for the following properties, among others:<\/p>\n<ul>\n<li>Places of assembly \u00a7 42 Para. 3<\/li>\n<li>Lodging establishments (&gt; 60 guest beds) \u00a7 57 Para. 3<\/li>\n<li>Sales outlets \u00a7 86 para. 3<\/li>\n<li>High-rise buildings \u00a7 117 para. 2<\/li>\n<\/ul>\n<p>In addition, there may be an obligation to maintain a fire brigade plan:<\/p>\n<ul>\n<li>from section 5.14.2 IndBauR (industrial buildings &gt; 2,000 m\u00b2)<\/li>\n<li>from section 7.3 of the guideline on building inspectorate requirements for the construction and operation of facilities with nursing and care services<\/li>\n<li>on the basis of the Technical Connection Conditions (TAB) for fire alarm systems<\/li>\n<li>on the basis of Section 50 (1) BauO NRW (comparable regulations also in other federal states)<\/li>\n<\/ul>","protected":false},"excerpt":{"rendered":"<p>The fire service plan contains tactical information for the fire service. Firefighters must be able to quickly determine the best way to extinguish a fire on site. The information in the plans must therefore be technically correct in accordance with DIN 14095 and at the same time easy to understand. There are fire service plans for every property. The firefighting routes are shown in colour and with symbols [...]<\/p>","protected":false},"author":1,"featured_media":0,"parent":22121,"menu_order":0,"comment_status":"closed","ping_status":"closed","template":"","meta":{"inline_featured_image":false,"footnotes":""},"class_list":["post-22147","page","type-page","status-publish","hentry"],"yoast_head":"<!-- This site is optimized with the Yoast SEO plugin v25.3 - https:\/\/yoast.com\/wordpress\/plugins\/seo\/ -->\n<title>Feuerwehrpl\u00e4ne - HEALTH &amp; SAFETY EXPERTS<\/title>\n<meta name=\"robots\" content=\"index, follow, max-snippet:-1, max-image-preview:large, max-video-preview:-1\" \/>\n<link rel=\"canonical\" href=\"https:\/\/hs-experts.com\/en\/krisenmanagement\/feuerwehrplane\/\" \/>\n<meta property=\"og:locale\" content=\"en_GB\" \/>\n<meta property=\"og:type\" content=\"article\" \/>\n<meta property=\"og:title\" content=\"Feuerwehrpl\u00e4ne - HEALTH &amp; SAFETY EXPERTS\" \/>\n<meta property=\"og:description\" content=\"Der Feuerwehrplan enth\u00e4lt einsatztaktische Informationen f\u00fcr die Feuerwehr. Die Feuerwehreinsatzkr\u00e4fte m\u00fcssen vor Ort den besten Weg zur L\u00f6schung eines Brandes schnell erfassen k\u00f6nnen. Die Informationen der Pl\u00e4ne m\u00fcssen daher fachlich korrekt nach DIN 14095 und gleichzeitig auch leicht verst\u00e4ndlich dargestellt sein. Es gibt Feuerwehrpl\u00e4ne f\u00fcr jedes Objekt. Darauf sind jeweils farblich und mit Symbolen die [&hellip;]\" \/>\n<meta property=\"og:url\" content=\"https:\/\/hs-experts.com\/en\/krisenmanagement\/feuerwehrplane\/\" \/>\n<meta property=\"og:site_name\" content=\"HEALTH &amp; SAFETY EXPERTS\" \/>\n<meta name=\"twitter:card\" content=\"summary_large_image\" \/>\n<meta name=\"twitter:label1\" content=\"Estimated reading time\" \/>\n\t<meta name=\"twitter:data1\" content=\"1 minute\" \/>\n<script type=\"application\/ld+json\" class=\"yoast-schema-graph\">{\"@context\":\"https:\/\/schema.org\",\"@graph\":[{\"@type\":\"WebPage\",\"@id\":\"https:\/\/hs-experts.com\/krisenmanagement\/feuerwehrplane\/\",\"url\":\"https:\/\/hs-experts.com\/krisenmanagement\/feuerwehrplane\/\",\"name\":\"Feuerwehrpl\u00e4ne - HEALTH &amp; SAFETY EXPERTS\",\"isPartOf\":{\"@id\":\"https:\/\/hs-experts.com\/#website\"},\"datePublished\":\"2023-11-01T10:18:48+00:00\",\"breadcrumb\":{\"@id\":\"https:\/\/hs-experts.com\/krisenmanagement\/feuerwehrplane\/#breadcrumb\"},\"inLanguage\":\"en-GB\",\"potentialAction\":[{\"@type\":\"ReadAction\",\"target\":[\"https:\/\/hs-experts.com\/krisenmanagement\/feuerwehrplane\/\"]}]},{\"@type\":\"BreadcrumbList\",\"@id\":\"https:\/\/hs-experts.com\/krisenmanagement\/feuerwehrplane\/#breadcrumb\",\"itemListElement\":[{\"@type\":\"ListItem\",\"position\":1,\"name\":\"Home\",\"item\":\"https:\/\/hs-experts.com\/\"},{\"@type\":\"ListItem\",\"position\":2,\"name\":\"Krisenmanagement\",\"item\":\"https:\/\/hs-experts.com\/krisenmanagement\/\"},{\"@type\":\"ListItem\",\"position\":3,\"name\":\"Feuerwehrpl\u00e4ne\"}]},{\"@type\":\"WebSite\",\"@id\":\"https:\/\/hs-experts.com\/#website\",\"url\":\"https:\/\/hs-experts.com\/\",\"name\":\"HEALTH &amp; SAFETY EXPERTS\",\"description\":\"\",\"potentialAction\":[{\"@type\":\"SearchAction\",\"target\":{\"@type\":\"EntryPoint\",\"urlTemplate\":\"https:\/\/hs-experts.com\/?s={search_term_string}\"},\"query-input\":{\"@type\":\"PropertyValueSpecification\",\"valueRequired\":true,\"valueName\":\"search_term_string\"}}],\"inLanguage\":\"en-GB\"}]}<\/script>\n<!-- \/ Yoast SEO plugin. -->","yoast_head_json":{"title":"Feuerwehrpl\u00e4ne - HEALTH &amp; SAFETY EXPERTS","robots":{"index":"index","follow":"follow","max-snippet":"max-snippet:-1","max-image-preview":"max-image-preview:large","max-video-preview":"max-video-preview:-1"},"canonical":"https:\/\/hs-experts.com\/en\/krisenmanagement\/feuerwehrplane\/","og_locale":"en_GB","og_type":"article","og_title":"Feuerwehrpl\u00e4ne - HEALTH &amp; SAFETY EXPERTS","og_description":"Der Feuerwehrplan enth\u00e4lt einsatztaktische Informationen f\u00fcr die Feuerwehr. Die Feuerwehreinsatzkr\u00e4fte m\u00fcssen vor Ort den besten Weg zur L\u00f6schung eines Brandes schnell erfassen k\u00f6nnen. Die Informationen der Pl\u00e4ne m\u00fcssen daher fachlich korrekt nach DIN 14095 und gleichzeitig auch leicht verst\u00e4ndlich dargestellt sein. Es gibt Feuerwehrpl\u00e4ne f\u00fcr jedes Objekt. Darauf sind jeweils farblich und mit Symbolen die [&hellip;]","og_url":"https:\/\/hs-experts.com\/en\/krisenmanagement\/feuerwehrplane\/","og_site_name":"HEALTH &amp; SAFETY EXPERTS","twitter_card":"summary_large_image","twitter_misc":{"Estimated reading time":"1 minute"},"schema":{"@context":"https:\/\/schema.org","@graph":[{"@type":"WebPage","@id":"https:\/\/hs-experts.com\/krisenmanagement\/feuerwehrplane\/","url":"https:\/\/hs-experts.com\/krisenmanagement\/feuerwehrplane\/","name":"Feuerwehrpl\u00e4ne - HEALTH &amp; SAFETY EXPERTS","isPartOf":{"@id":"https:\/\/hs-experts.com\/#website"},"datePublished":"2023-11-01T10:18:48+00:00","breadcrumb":{"@id":"https:\/\/hs-experts.com\/krisenmanagement\/feuerwehrplane\/#breadcrumb"},"inLanguage":"en-GB","potentialAction":[{"@type":"ReadAction","target":["https:\/\/hs-experts.com\/krisenmanagement\/feuerwehrplane\/"]}]},{"@type":"BreadcrumbList","@id":"https:\/\/hs-experts.com\/krisenmanagement\/feuerwehrplane\/#breadcrumb","itemListElement":[{"@type":"ListItem","position":1,"name":"Home","item":"https:\/\/hs-experts.com\/"},{"@type":"ListItem","position":2,"name":"Krisenmanagement","item":"https:\/\/hs-experts.com\/krisenmanagement\/"},{"@type":"ListItem","position":3,"name":"Feuerwehrpl\u00e4ne"}]},{"@type":"WebSite","@id":"https:\/\/hs-experts.com\/#website","url":"https:\/\/hs-experts.com\/","name":"HEALTH &amp; SAFETY EXPERTS","description":"","potentialAction":[{"@type":"SearchAction","target":{"@type":"EntryPoint","urlTemplate":"https:\/\/hs-experts.com\/?s={search_term_string}"},"query-input":{"@type":"PropertyValueSpecification","valueRequired":true,"valueName":"search_term_string"}}],"inLanguage":"en-GB"}]}},"_links":{"self":[{"href":"https:\/\/hs-experts.com\/en\/wp-json\/wp\/v2\/pages\/22147","targetHints":{"allow":["GET"]}}],"collection":[{"href":"https:\/\/hs-experts.com\/en\/wp-json\/wp\/v2\/pages"}],"about":[{"href":"https:\/\/hs-experts.com\/en\/wp-json\/wp\/v2\/types\/page"}],"author":[{"embeddable":true,"href":"https:\/\/hs-experts.com\/en\/wp-json\/wp\/v2\/users\/1"}],"replies":[{"embeddable":true,"href":"https:\/\/hs-experts.com\/en\/wp-json\/wp\/v2\/comments?post=22147"}],"version-history":[{"count":1,"href":"https:\/\/hs-experts.com\/en\/wp-json\/wp\/v2\/pages\/22147\/revisions"}],"predecessor-version":[{"id":22148,"href":"https:\/\/hs-experts.com\/en\/wp-json\/wp\/v2\/pages\/22147\/revisions\/22148"}],"up":[{"embeddable":true,"href":"https:\/\/hs-experts.com\/en\/wp-json\/wp\/v2\/pages\/22121"}],"wp:attachment":[{"href":"https:\/\/hs-experts.com\/en\/wp-json\/wp\/v2\/media?parent=22147"}],"curies":[{"name":"wp","href":"https:\/\/api.w.org\/{rel}","templated":true}]}}