{"id":22157,"date":"2023-11-01T10:20:49","date_gmt":"2023-11-01T10:20:49","guid":{"rendered":"https:\/\/hs-experts.com\/?page_id=22157"},"modified":"2023-11-01T10:20:49","modified_gmt":"2023-11-01T10:20:49","slug":"raumungs-und-evakuierungsubung","status":"publish","type":"page","link":"https:\/\/hs-experts.com\/en\/krisenmanagement\/raumungs-und-evakuierungsubung\/","title":{"rendered":"Evacuation and evacuation exercise"},"content":{"rendered":"<p>The need to carry out evacuation drills for operational reasons arises from, among other things<\/p>\n<ul>\n<li>\u00a7 Section 10 of the Occupational Health and Safety Act,<\/li>\n<li>\u00a7 Section 4 (4) of the Workplace Ordinance,<\/li>\n<li>\u00a7 13 (1) of the Hazardous Substances Ordinance,<\/li>\n<\/ul>\n<p>or from other regulations (e.g. the Hazardous Incident Ordinance, Technical Rules for Workplaces).<\/p>\n<p>In accordance with Section 4 (4) of the Workplace Ordinance, the employer must draw up an escape and rescue plan if the location, extent and type of use of the workplace make this necessary.<\/p>\n<p>The plan must be displayed or posted in suitable places in the workplace. Drills must be carried out at appropriate intervals in accordance with this plan.<\/p>\n<p>This is specified in the Technical Rules for Workplaces - ASR A2.3 \"Escape routes, emergency exits, escape and rescue plans\" According to point 9 (7) of the ASR, evacuation drills must be carried out on the basis of the escape and rescue plans.<\/p>\n<p>After careful planning, we will be happy to carry out an evacuation exercise for your company. Of course, this exercise also includes detailed documentation and solution-orientated preparation of improvement measures.<\/p>","protected":false},"excerpt":{"rendered":"<p>The need to carry out evacuation drills for operational reasons arises, among other things, from Section 10 of the Occupational Health and Safety Act, Section 4 (4) of the Workplace Ordinance, Section 13 (1) of the Hazardous Substances Ordinance, or from other regulations (e.g. the Hazardous Incident Ordinance, Technical Rules for Workplaces). According to \u00a7 4 (4) of the Workplace Ordinance, the employer must draw up an escape and rescue plan, [...]<\/p>","protected":false},"author":1,"featured_media":0,"parent":22121,"menu_order":0,"comment_status":"closed","ping_status":"closed","template":"","meta":{"inline_featured_image":false,"footnotes":""},"class_list":["post-22157","page","type-page","status-publish","hentry"],"yoast_head":"<!-- This site is optimized with the Yoast SEO plugin v25.3 - https:\/\/yoast.com\/wordpress\/plugins\/seo\/ -->\n<title>R\u00e4umungs- und Evakuierungs\u00fcbung - HEALTH &amp; SAFETY EXPERTS<\/title>\n<meta name=\"robots\" content=\"index, follow, max-snippet:-1, max-image-preview:large, max-video-preview:-1\" \/>\n<link rel=\"canonical\" href=\"https:\/\/hs-experts.com\/en\/krisenmanagement\/raumungs-und-evakuierungsubung\/\" \/>\n<meta property=\"og:locale\" content=\"en_GB\" \/>\n<meta property=\"og:type\" content=\"article\" \/>\n<meta property=\"og:title\" content=\"R\u00e4umungs- und Evakuierungs\u00fcbung - HEALTH &amp; SAFETY EXPERTS\" \/>\n<meta property=\"og:description\" content=\"Die Notwendigkeit, aus betrieblichen Gr\u00fcnden R\u00e4umungs- bzw. Evakuierungs\u00fcbungen durchzuf\u00fchren, ergeben sich u. a. aus \u00a7 10 des Arbeitsschutzgesetzes, \u00a7 4 (4) der Arbeitsst\u00e4ttenverordnung, \u00a7 13 (1) der Gefahrstoffverordnung, oder aus weiteren Regelwerken (z. B. der St\u00f6rfall-Verordnung, Technische Regeln f\u00fcr Arbeitsst\u00e4tten). Gem\u00e4\u00df \u00a7 4 Abs. 4 der Arbeitsst\u00e4ttenverordnung hat der Arbeitgeber einen Flucht- und Rettungsplan aufzustellen, [&hellip;]\" \/>\n<meta property=\"og:url\" content=\"https:\/\/hs-experts.com\/en\/krisenmanagement\/raumungs-und-evakuierungsubung\/\" \/>\n<meta property=\"og:site_name\" content=\"HEALTH &amp; SAFETY EXPERTS\" \/>\n<meta name=\"twitter:card\" content=\"summary_large_image\" \/>\n<meta name=\"twitter:label1\" content=\"Estimated reading time\" \/>\n\t<meta name=\"twitter:data1\" content=\"1 minute\" \/>\n<script type=\"application\/ld+json\" class=\"yoast-schema-graph\">{\"@context\":\"https:\/\/schema.org\",\"@graph\":[{\"@type\":\"WebPage\",\"@id\":\"https:\/\/hs-experts.com\/krisenmanagement\/raumungs-und-evakuierungsubung\/\",\"url\":\"https:\/\/hs-experts.com\/krisenmanagement\/raumungs-und-evakuierungsubung\/\",\"name\":\"R\u00e4umungs- und Evakuierungs\u00fcbung - HEALTH &amp; SAFETY EXPERTS\",\"isPartOf\":{\"@id\":\"https:\/\/hs-experts.com\/#website\"},\"datePublished\":\"2023-11-01T10:20:49+00:00\",\"breadcrumb\":{\"@id\":\"https:\/\/hs-experts.com\/krisenmanagement\/raumungs-und-evakuierungsubung\/#breadcrumb\"},\"inLanguage\":\"en-GB\",\"potentialAction\":[{\"@type\":\"ReadAction\",\"target\":[\"https:\/\/hs-experts.com\/krisenmanagement\/raumungs-und-evakuierungsubung\/\"]}]},{\"@type\":\"BreadcrumbList\",\"@id\":\"https:\/\/hs-experts.com\/krisenmanagement\/raumungs-und-evakuierungsubung\/#breadcrumb\",\"itemListElement\":[{\"@type\":\"ListItem\",\"position\":1,\"name\":\"Home\",\"item\":\"https:\/\/hs-experts.com\/\"},{\"@type\":\"ListItem\",\"position\":2,\"name\":\"Krisenmanagement\",\"item\":\"https:\/\/hs-experts.com\/krisenmanagement\/\"},{\"@type\":\"ListItem\",\"position\":3,\"name\":\"R\u00e4umungs- und Evakuierungs\u00fcbung\"}]},{\"@type\":\"WebSite\",\"@id\":\"https:\/\/hs-experts.com\/#website\",\"url\":\"https:\/\/hs-experts.com\/\",\"name\":\"HEALTH &amp; SAFETY EXPERTS\",\"description\":\"\",\"potentialAction\":[{\"@type\":\"SearchAction\",\"target\":{\"@type\":\"EntryPoint\",\"urlTemplate\":\"https:\/\/hs-experts.com\/?s={search_term_string}\"},\"query-input\":{\"@type\":\"PropertyValueSpecification\",\"valueRequired\":true,\"valueName\":\"search_term_string\"}}],\"inLanguage\":\"en-GB\"}]}<\/script>\n<!-- \/ Yoast SEO plugin. -->","yoast_head_json":{"title":"R\u00e4umungs- und Evakuierungs\u00fcbung - HEALTH &amp; SAFETY EXPERTS","robots":{"index":"index","follow":"follow","max-snippet":"max-snippet:-1","max-image-preview":"max-image-preview:large","max-video-preview":"max-video-preview:-1"},"canonical":"https:\/\/hs-experts.com\/en\/krisenmanagement\/raumungs-und-evakuierungsubung\/","og_locale":"en_GB","og_type":"article","og_title":"R\u00e4umungs- und Evakuierungs\u00fcbung - HEALTH &amp; SAFETY EXPERTS","og_description":"Die Notwendigkeit, aus betrieblichen Gr\u00fcnden R\u00e4umungs- bzw. Evakuierungs\u00fcbungen durchzuf\u00fchren, ergeben sich u. a. aus \u00a7 10 des Arbeitsschutzgesetzes, \u00a7 4 (4) der Arbeitsst\u00e4ttenverordnung, \u00a7 13 (1) der Gefahrstoffverordnung, oder aus weiteren Regelwerken (z. B. der St\u00f6rfall-Verordnung, Technische Regeln f\u00fcr Arbeitsst\u00e4tten). Gem\u00e4\u00df \u00a7 4 Abs. 4 der Arbeitsst\u00e4ttenverordnung hat der Arbeitgeber einen Flucht- und Rettungsplan aufzustellen, [&hellip;]","og_url":"https:\/\/hs-experts.com\/en\/krisenmanagement\/raumungs-und-evakuierungsubung\/","og_site_name":"HEALTH &amp; SAFETY EXPERTS","twitter_card":"summary_large_image","twitter_misc":{"Estimated reading time":"1 minute"},"schema":{"@context":"https:\/\/schema.org","@graph":[{"@type":"WebPage","@id":"https:\/\/hs-experts.com\/krisenmanagement\/raumungs-und-evakuierungsubung\/","url":"https:\/\/hs-experts.com\/krisenmanagement\/raumungs-und-evakuierungsubung\/","name":"R\u00e4umungs- und Evakuierungs\u00fcbung - HEALTH &amp; SAFETY EXPERTS","isPartOf":{"@id":"https:\/\/hs-experts.com\/#website"},"datePublished":"2023-11-01T10:20:49+00:00","breadcrumb":{"@id":"https:\/\/hs-experts.com\/krisenmanagement\/raumungs-und-evakuierungsubung\/#breadcrumb"},"inLanguage":"en-GB","potentialAction":[{"@type":"ReadAction","target":["https:\/\/hs-experts.com\/krisenmanagement\/raumungs-und-evakuierungsubung\/"]}]},{"@type":"BreadcrumbList","@id":"https:\/\/hs-experts.com\/krisenmanagement\/raumungs-und-evakuierungsubung\/#breadcrumb","itemListElement":[{"@type":"ListItem","position":1,"name":"Home","item":"https:\/\/hs-experts.com\/"},{"@type":"ListItem","position":2,"name":"Krisenmanagement","item":"https:\/\/hs-experts.com\/krisenmanagement\/"},{"@type":"ListItem","position":3,"name":"R\u00e4umungs- und Evakuierungs\u00fcbung"}]},{"@type":"WebSite","@id":"https:\/\/hs-experts.com\/#website","url":"https:\/\/hs-experts.com\/","name":"HEALTH &amp; SAFETY EXPERTS","description":"","potentialAction":[{"@type":"SearchAction","target":{"@type":"EntryPoint","urlTemplate":"https:\/\/hs-experts.com\/?s={search_term_string}"},"query-input":{"@type":"PropertyValueSpecification","valueRequired":true,"valueName":"search_term_string"}}],"inLanguage":"en-GB"}]}},"_hostinger_reach_plugin_has_subscription_block":false,"_hostinger_reach_plugin_is_elementor":false,"_links":{"self":[{"href":"https:\/\/hs-experts.com\/en\/wp-json\/wp\/v2\/pages\/22157","targetHints":{"allow":["GET"]}}],"collection":[{"href":"https:\/\/hs-experts.com\/en\/wp-json\/wp\/v2\/pages"}],"about":[{"href":"https:\/\/hs-experts.com\/en\/wp-json\/wp\/v2\/types\/page"}],"author":[{"embeddable":true,"href":"https:\/\/hs-experts.com\/en\/wp-json\/wp\/v2\/users\/1"}],"replies":[{"embeddable":true,"href":"https:\/\/hs-experts.com\/en\/wp-json\/wp\/v2\/comments?post=22157"}],"version-history":[{"count":1,"href":"https:\/\/hs-experts.com\/en\/wp-json\/wp\/v2\/pages\/22157\/revisions"}],"predecessor-version":[{"id":22158,"href":"https:\/\/hs-experts.com\/en\/wp-json\/wp\/v2\/pages\/22157\/revisions\/22158"}],"up":[{"embeddable":true,"href":"https:\/\/hs-experts.com\/en\/wp-json\/wp\/v2\/pages\/22121"}],"wp:attachment":[{"href":"https:\/\/hs-experts.com\/en\/wp-json\/wp\/v2\/media?parent=22157"}],"curies":[{"name":"wp","href":"https:\/\/api.w.org\/{rel}","templated":true}]}}