{"id":22814,"date":"2023-11-04T10:03:59","date_gmt":"2023-11-04T10:03:59","guid":{"rendered":"https:\/\/hs-experts.com\/?page_id=22814"},"modified":"2023-11-04T10:15:24","modified_gmt":"2023-11-04T10:15:24","slug":"vision-purpose","status":"publish","type":"page","link":"https:\/\/hs-experts.com\/en\/vision-purpose\/","title":{"rendered":"Vision &amp; Purpose"},"content":{"rendered":"<div data-elementor-type=\"wp-page\" data-elementor-id=\"22814\" class=\"elementor elementor-22814\" data-elementor-post-type=\"page\">\n\t\t\t\t<div class=\"elementor-element elementor-element-6427445 e-flex e-con-boxed e-con e-parent\" data-id=\"6427445\" data-element_type=\"container\" data-e-type=\"container\" data-settings=\"{&quot;background_background&quot;:&quot;classic&quot;}\">\n\t\t\t\t\t<div class=\"e-con-inner\">\n\t\t\t\t\t<\/div>\n\t\t\t\t<\/div>\n\t\t<div class=\"elementor-element elementor-element-67da184 e-flex e-con-boxed e-con e-parent\" data-id=\"67da184\" data-element_type=\"container\" data-e-type=\"container\">\n\t\t\t\t\t<div class=\"e-con-inner\">\n\t\t<div class=\"elementor-element elementor-element-45262a6 e-con-full e-flex e-con e-child\" data-id=\"45262a6\" data-element_type=\"container\" data-e-type=\"container\" data-settings=\"{&quot;background_background&quot;:&quot;classic&quot;}\">\n\t\t\t\t<\/div>\n\t\t<div class=\"elementor-element elementor-element-985d677 e-con-full e-flex e-con e-child\" data-id=\"985d677\" data-element_type=\"container\" data-e-type=\"container\">\n\t\t\t\t<div class=\"elementor-element elementor-element-21864f1 elementor-widget elementor-widget-heading\" data-id=\"21864f1\" data-element_type=\"widget\" data-e-type=\"widget\" data-widget_type=\"heading.default\">\n\t\t\t\t<div class=\"elementor-widget-container\">\n\t\t\t\t\t<h2 class=\"elementor-heading-title elementor-size-default\">VISION &amp; PURPOSE<\/h2>\t\t\t\t<\/div>\n\t\t\t\t<\/div>\n\t\t\t\t<div class=\"elementor-element elementor-element-8fb3453 elementor-widget elementor-widget-text-editor\" data-id=\"8fb3453\" data-element_type=\"widget\" data-e-type=\"widget\" data-widget_type=\"text-editor.default\">\n\t\t\t\t<div class=\"elementor-widget-container\">\n\t\t\t\t\t\t\t\t\t<div id=\"boxed-wrapper\"><div id=\"wrapper\" class=\"fusion-wrapper\"><main id=\"main\" class=\"clearfix width-100\"><div class=\"fusion-row\"><section id=\"content\" class=\"full-width\"><div id=\"post-4399\" class=\"post-4399 page type-page status-publish has-post-thumbnail hentry\"><div class=\"post-content\"><div class=\"fusion-fullwidth fullwidth-box nonhundred-percent-fullwidth non-hundred-percent-height-scrolling\"><div class=\"fusion-builder-row fusion-row\"><div class=\"fusion-layout-column fusion_builder_column fusion_builder_column_1_2 fusion-builder-column-2 fusion-one-half fusion-column-last 1_2\"><div class=\"fusion-column-wrapper\" data-bg-url=\"\"><div class=\"fusion-text\"><p>Our vision is to work together with our customers to prevent accidents and fire and rescue incidents and to create a safer world for the company and its employees.<\/p><p>We guarantee this through<\/p><ul><li aria-level=\"1\">the latest safety standards from Europe and around the world<\/li><li aria-level=\"1\">Innovation, use of new technologies and approaches to reduce or eliminate risks<\/li><li aria-level=\"1\">Influencing behaviour, design and legislation to make working environments safer<\/li><\/ul><\/div><\/div><\/div><\/div><\/div><\/div><\/div><\/section><\/div><\/main><\/div><\/div>\t\t\t\t\t\t\t\t<\/div>\n\t\t\t\t<\/div>\n\t\t\t\t<\/div>\n\t\t\t\t\t<\/div>\n\t\t\t\t<\/div>\n\t\t<div class=\"elementor-element elementor-element-2b62381 e-flex e-con-boxed e-con e-parent\" data-id=\"2b62381\" data-element_type=\"container\" data-e-type=\"container\" data-settings=\"{&quot;background_background&quot;:&quot;classic&quot;}\">\n\t\t\t\t\t<div class=\"e-con-inner\">\n\t\t\t\t<div class=\"elementor-element elementor-element-5bbc368 elementor-widget elementor-widget-heading\" data-id=\"5bbc368\" data-element_type=\"widget\" data-e-type=\"widget\" data-widget_type=\"heading.default\">\n\t\t\t\t<div class=\"elementor-widget-container\">\n\t\t\t\t\t<h2 class=\"elementor-heading-title elementor-size-default\">The company medical and safety support provided by HSE Health &amp; Safety Experts GmbH is subject to the following basic principles:\n<\/h2>\t\t\t\t<\/div>\n\t\t\t\t<\/div>\n\t\t\t\t<div class=\"elementor-element elementor-element-f41e661 elementor-widget elementor-widget-text-editor\" data-id=\"f41e661\" data-element_type=\"widget\" data-e-type=\"widget\" data-widget_type=\"text-editor.default\">\n\t\t\t\t<div class=\"elementor-widget-container\">\n\t\t\t\t\t\t\t\t\t<h5 data-fontsize=\"18\" data-lineheight=\"21\">\u25cf\u00a0<span class=\"elementor-icon-list-text\"><b>Provision of services\u00a0<\/b>- We provide the best possible prevention, protection and response services to ensure the safety of our customers.<\/span><br \/>\u25cf\u00a0<span class=\"elementor-icon-list-text\"><b>Employees<\/b>\u00a0- We ensure that we recruit, retain, support and develop the best employees.<\/span><br \/>\u25cf\u00a0<span class=\"elementor-icon-list-text\"><b>Value for money and resource utilisation<\/b>\u00a0- We ensure that we offer good value for money, make the most of our resources, invest in improvements and plan for a sustainable future.<\/span><br \/>\u25cf\u00a0<span class=\"elementor-icon-list-text\"><b>Governance<\/b>\u00a0- We guarantee that we provide the right information, processes and employees to make the right decisions.<\/span><br \/>\u25cf\u00a0<span class=\"elementor-icon-list-text\"><b>Co-operation<\/b>\u00a0- We work closely and trustfully with other service providers to offer a better service for our customers.<\/span><br \/>\u25cf\u00a0<span class=\"elementor-icon-list-text\"><b>Digital transformation<\/b>\u00a0- We use the latest technology to provide the information we need in the best possible and most effective way and to develop smarter ways of working and thinking.<\/span><\/h5>\t\t\t\t\t\t\t\t<\/div>\n\t\t\t\t<\/div>\n\t\t\t\t\t<\/div>\n\t\t\t\t<\/div>\n\t\t\t\t<\/div>","protected":false},"excerpt":{"rendered":"<p>VISION &amp; PURPOSE Our vision is to work with our customers to prevent accidents and fire and rescue incidents and to create a safer world for the organisation and its employees. We ensure this through the latest safety standards from Europe and around the world, innovation, use of new technologies and approaches to reduce or [...]<\/p>","protected":false},"author":2,"featured_media":0,"parent":0,"menu_order":0,"comment_status":"closed","ping_status":"closed","template":"","meta":{"inline_featured_image":false,"footnotes":""},"class_list":["post-22814","page","type-page","status-publish","hentry"],"yoast_head":"<!-- This site is optimized with the Yoast SEO plugin v27.4 - https:\/\/yoast.com\/product\/yoast-seo-wordpress\/ -->\n<title>Vision &amp; Purpose - HEALTH &amp; SAFETY EXPERTS<\/title>\n<meta name=\"robots\" content=\"index, follow, max-snippet:-1, max-image-preview:large, max-video-preview:-1\" \/>\n<link rel=\"canonical\" href=\"https:\/\/hs-experts.com\/en\/vision-purpose\/\" \/>\n<meta property=\"og:locale\" content=\"en_GB\" \/>\n<meta property=\"og:type\" content=\"article\" \/>\n<meta property=\"og:title\" content=\"Vision &amp; Purpose - HEALTH &amp; SAFETY EXPERTS\" \/>\n<meta property=\"og:description\" content=\"VISION &#038; PURPOSE Unsere Vision ist es, gemeinsam mit unseren Kunden daran zu arbeiten, Unf\u00e4lle und Brand- und Rettungseins\u00e4tze zu vermeiden und eine sicherere Welt f\u00fcr das Unternehmen und die Mitarbeiter zu schaffen. Wir gew\u00e4hrleisten dies durch die neuesten Sicherheitsstandards aus Europa und der ganzen Welt Innovation, Einsatz neuer Technologien und Ans\u00e4tze zur Reduzierung oder [&hellip;]\" \/>\n<meta property=\"og:url\" content=\"https:\/\/hs-experts.com\/en\/vision-purpose\/\" \/>\n<meta property=\"og:site_name\" content=\"HEALTH &amp; SAFETY EXPERTS\" \/>\n<meta property=\"article:modified_time\" content=\"2023-11-04T10:15:24+00:00\" \/>\n<meta name=\"twitter:card\" content=\"summary_large_image\" \/>\n<meta name=\"twitter:label1\" content=\"Estimated reading time\" \/>\n\t<meta name=\"twitter:data1\" content=\"1 minute\" \/>\n<script type=\"application\/ld+json\" class=\"yoast-schema-graph\">{\"@context\":\"https:\\\/\\\/schema.org\",\"@graph\":[{\"@type\":\"WebPage\",\"@id\":\"https:\\\/\\\/hs-experts.com\\\/vision-purpose\\\/\",\"url\":\"https:\\\/\\\/hs-experts.com\\\/vision-purpose\\\/\",\"name\":\"Vision & Purpose - HEALTH &amp; SAFETY EXPERTS\",\"isPartOf\":{\"@id\":\"https:\\\/\\\/hs-experts.com\\\/#website\"},\"datePublished\":\"2023-11-04T10:03:59+00:00\",\"dateModified\":\"2023-11-04T10:15:24+00:00\",\"breadcrumb\":{\"@id\":\"https:\\\/\\\/hs-experts.com\\\/vision-purpose\\\/#breadcrumb\"},\"inLanguage\":\"en-GB\",\"potentialAction\":[{\"@type\":\"ReadAction\",\"target\":[\"https:\\\/\\\/hs-experts.com\\\/vision-purpose\\\/\"]}]},{\"@type\":\"BreadcrumbList\",\"@id\":\"https:\\\/\\\/hs-experts.com\\\/vision-purpose\\\/#breadcrumb\",\"itemListElement\":[{\"@type\":\"ListItem\",\"position\":1,\"name\":\"Home\",\"item\":\"https:\\\/\\\/hs-experts.com\\\/\"},{\"@type\":\"ListItem\",\"position\":2,\"name\":\"Vision &#038; Purpose\"}]},{\"@type\":\"WebSite\",\"@id\":\"https:\\\/\\\/hs-experts.com\\\/#website\",\"url\":\"https:\\\/\\\/hs-experts.com\\\/\",\"name\":\"HEALTH &amp; SAFETY EXPERTS\",\"description\":\"\",\"potentialAction\":[{\"@type\":\"SearchAction\",\"target\":{\"@type\":\"EntryPoint\",\"urlTemplate\":\"https:\\\/\\\/hs-experts.com\\\/?s={search_term_string}\"},\"query-input\":{\"@type\":\"PropertyValueSpecification\",\"valueRequired\":true,\"valueName\":\"search_term_string\"}}],\"inLanguage\":\"en-GB\"}]}<\/script>\n<!-- \/ Yoast SEO plugin. -->","yoast_head_json":{"title":"Vision & Purpose - HEALTH &amp; SAFETY EXPERTS","robots":{"index":"index","follow":"follow","max-snippet":"max-snippet:-1","max-image-preview":"max-image-preview:large","max-video-preview":"max-video-preview:-1"},"canonical":"https:\/\/hs-experts.com\/en\/vision-purpose\/","og_locale":"en_GB","og_type":"article","og_title":"Vision & Purpose - HEALTH &amp; SAFETY EXPERTS","og_description":"VISION &#038; PURPOSE Unsere Vision ist es, gemeinsam mit unseren Kunden daran zu arbeiten, Unf\u00e4lle und Brand- und Rettungseins\u00e4tze zu vermeiden und eine sicherere Welt f\u00fcr das Unternehmen und die Mitarbeiter zu schaffen. Wir gew\u00e4hrleisten dies durch die neuesten Sicherheitsstandards aus Europa und der ganzen Welt Innovation, Einsatz neuer Technologien und Ans\u00e4tze zur Reduzierung oder [&hellip;]","og_url":"https:\/\/hs-experts.com\/en\/vision-purpose\/","og_site_name":"HEALTH &amp; SAFETY EXPERTS","article_modified_time":"2023-11-04T10:15:24+00:00","twitter_card":"summary_large_image","twitter_misc":{"Estimated reading time":"1 minute"},"schema":{"@context":"https:\/\/schema.org","@graph":[{"@type":"WebPage","@id":"https:\/\/hs-experts.com\/vision-purpose\/","url":"https:\/\/hs-experts.com\/vision-purpose\/","name":"Vision & Purpose - HEALTH &amp; SAFETY EXPERTS","isPartOf":{"@id":"https:\/\/hs-experts.com\/#website"},"datePublished":"2023-11-04T10:03:59+00:00","dateModified":"2023-11-04T10:15:24+00:00","breadcrumb":{"@id":"https:\/\/hs-experts.com\/vision-purpose\/#breadcrumb"},"inLanguage":"en-GB","potentialAction":[{"@type":"ReadAction","target":["https:\/\/hs-experts.com\/vision-purpose\/"]}]},{"@type":"BreadcrumbList","@id":"https:\/\/hs-experts.com\/vision-purpose\/#breadcrumb","itemListElement":[{"@type":"ListItem","position":1,"name":"Home","item":"https:\/\/hs-experts.com\/"},{"@type":"ListItem","position":2,"name":"Vision &#038; Purpose"}]},{"@type":"WebSite","@id":"https:\/\/hs-experts.com\/#website","url":"https:\/\/hs-experts.com\/","name":"HEALTH &amp; SAFETY EXPERTS","description":"","potentialAction":[{"@type":"SearchAction","target":{"@type":"EntryPoint","urlTemplate":"https:\/\/hs-experts.com\/?s={search_term_string}"},"query-input":{"@type":"PropertyValueSpecification","valueRequired":true,"valueName":"search_term_string"}}],"inLanguage":"en-GB"}]}},"_hostinger_reach_plugin_has_subscription_block":false,"_hostinger_reach_plugin_is_elementor":false,"_links":{"self":[{"href":"https:\/\/hs-experts.com\/en\/wp-json\/wp\/v2\/pages\/22814","targetHints":{"allow":["GET"]}}],"collection":[{"href":"https:\/\/hs-experts.com\/en\/wp-json\/wp\/v2\/pages"}],"about":[{"href":"https:\/\/hs-experts.com\/en\/wp-json\/wp\/v2\/types\/page"}],"author":[{"embeddable":true,"href":"https:\/\/hs-experts.com\/en\/wp-json\/wp\/v2\/users\/2"}],"replies":[{"embeddable":true,"href":"https:\/\/hs-experts.com\/en\/wp-json\/wp\/v2\/comments?post=22814"}],"version-history":[{"count":19,"href":"https:\/\/hs-experts.com\/en\/wp-json\/wp\/v2\/pages\/22814\/revisions"}],"predecessor-version":[{"id":22837,"href":"https:\/\/hs-experts.com\/en\/wp-json\/wp\/v2\/pages\/22814\/revisions\/22837"}],"wp:attachment":[{"href":"https:\/\/hs-experts.com\/en\/wp-json\/wp\/v2\/media?parent=22814"}],"curies":[{"name":"wp","href":"https:\/\/api.w.org\/{rel}","templated":true}]}}