{"id":22838,"date":"2023-11-04T10:17:56","date_gmt":"2023-11-04T10:17:56","guid":{"rendered":"https:\/\/hs-experts.com\/?page_id=22838"},"modified":"2025-12-02T13:02:33","modified_gmt":"2025-12-02T13:02:33","slug":"tech","status":"publish","type":"page","link":"https:\/\/hs-experts.com\/en\/tech\/","title":{"rendered":"Tech"},"content":{"rendered":"<div data-elementor-type=\"wp-page\" data-elementor-id=\"22838\" class=\"elementor elementor-22838\" data-elementor-post-type=\"page\">\n\t\t\t\t<div class=\"elementor-element elementor-element-5ee9850 e-flex e-con-boxed e-con e-parent\" data-id=\"5ee9850\" data-element_type=\"container\" data-e-type=\"container\" data-settings=\"{&quot;background_background&quot;:&quot;classic&quot;}\">\n\t\t\t\t\t<div class=\"e-con-inner\">\n\t\t\t\t\t<\/div>\n\t\t\t\t<\/div>\n\t\t<div class=\"elementor-element elementor-element-d48d61d e-flex e-con-boxed e-con e-parent\" data-id=\"d48d61d\" data-element_type=\"container\" data-e-type=\"container\" data-settings=\"{&quot;background_background&quot;:&quot;classic&quot;}\">\n\t\t\t\t\t<div class=\"e-con-inner\">\n\t\t\t\t<div class=\"elementor-element elementor-element-fc38566 elementor-widget elementor-widget-heading\" data-id=\"fc38566\" data-element_type=\"widget\" data-e-type=\"widget\" data-widget_type=\"heading.default\">\n\t\t\t\t<div class=\"elementor-widget-container\">\n\t\t\t\t\t<h2 class=\"elementor-heading-title elementor-size-default\">Welcome to HSE Health &amp; Safety Experts,\nyour trusted partner for all health and safety consulting needs in Berlin, Germany.\nOur commitment to the safety and efficiency of your business is based on the expertise and dedication of our talented team.<\/h2>\t\t\t\t<\/div>\n\t\t\t\t<\/div>\n\t\t\t\t<div class=\"elementor-element elementor-element-29b24c4 elementor-widget elementor-widget-heading\" data-id=\"29b24c4\" data-element_type=\"widget\" data-e-type=\"widget\" data-widget_type=\"heading.default\">\n\t\t\t\t<div class=\"elementor-widget-container\">\n\t\t\t\t\t<h3 class=\"elementor-heading-title elementor-size-default\">Lerne unser Team kennen<\/h3>\t\t\t\t<\/div>\n\t\t\t\t<\/div>\n\t\t\t\t\t<\/div>\n\t\t\t\t<\/div>\n\t\t<div class=\"elementor-element elementor-element-cf59545 e-flex e-con-boxed e-con e-parent\" data-id=\"cf59545\" data-element_type=\"container\" data-e-type=\"container\" data-settings=\"{&quot;background_background&quot;:&quot;classic&quot;}\">\n\t\t\t\t\t<div class=\"e-con-inner\">\n\t\t<div class=\"elementor-element elementor-element-74c9423 e-con-full e-flex e-con e-child\" data-id=\"74c9423\" data-element_type=\"container\" data-e-type=\"container\">\n\t\t\t\t<div class=\"elementor-element elementor-element-0b494aa elementor-widget elementor-widget-heading\" data-id=\"0b494aa\" data-element_type=\"widget\" data-e-type=\"widget\" data-widget_type=\"heading.default\">\n\t\t\t\t<div class=\"elementor-widget-container\">\n\t\t\t\t\t<h2 class=\"elementor-heading-title elementor-size-default\">Team Tech\n<\/h2>\t\t\t\t<\/div>\n\t\t\t\t<\/div>\n\t\t\t\t<\/div>\n\t\t<div class=\"elementor-element elementor-element-ae41a02 e-con-full e-flex e-con e-child\" data-id=\"ae41a02\" data-element_type=\"container\" data-e-type=\"container\">\n\t\t\t\t<div class=\"elementor-element elementor-element-531adc1 elementor-widget elementor-widget-image\" data-id=\"531adc1\" data-element_type=\"widget\" data-e-type=\"widget\" data-widget_type=\"image.default\">\n\t\t\t\t<div class=\"elementor-widget-container\">\n\t\t\t\t\t\t\t\t\t\t\t\t\t\t\t<img decoding=\"async\" src=\"https:\/\/hs-experts.com\/wp-content\/uploads\/elementor\/thumbs\/PTB_BE_018_19_M_53932-2-scaled-1-e1697621745980-300x281-1-r2maa729y7pl6mj87e5ut7g723n86scvjl1f1ht21u.webp\" title=\"PTB_BE_018_19_M_53932-2-scaled-1-e1697621745980-300\u00d7281\" alt=\"Health&amp;Safety Expert Tech Hitul\" loading=\"lazy\" \/>\t\t\t\t\t\t\t\t\t\t\t\t\t\t\t<\/div>\n\t\t\t\t<\/div>\n\t\t\t\t<\/div>\n\t\t<div class=\"elementor-element elementor-element-6917196 e-con-full e-flex e-con e-child\" data-id=\"6917196\" data-element_type=\"container\" data-e-type=\"container\">\n\t\t\t\t<div class=\"elementor-element elementor-element-231c4a1 elementor-widget elementor-widget-image\" data-id=\"231c4a1\" data-element_type=\"widget\" data-e-type=\"widget\" data-widget_type=\"image.default\">\n\t\t\t\t<div class=\"elementor-widget-container\">\n\t\t\t\t\t\t\t\t\t\t\t\t\t\t\t<img decoding=\"async\" src=\"https:\/\/hs-experts.com\/wp-content\/uploads\/elementor\/thumbs\/Individ.Mercedes-scaled-e1697621806844-400x369-1-r2maaja6f26bdk1h81g07md6s3yzyupdx9iqa3axsy.jpg\" title=\"Individ.Mercedes-scaled-e1697621806844-400\u00d7369\" alt=\"Health&amp;Safety Experts Tech Team Lead Mercedes\" loading=\"lazy\" \/>\t\t\t\t\t\t\t\t\t\t\t\t\t\t\t<\/div>\n\t\t\t\t<\/div>\n\t\t\t\t<\/div>\n\t\t\t\t\t<\/div>\n\t\t\t\t<\/div>\n\t\t<div class=\"elementor-element elementor-element-49d5531 e-flex e-con-boxed e-con e-parent\" data-id=\"49d5531\" data-element_type=\"container\" data-e-type=\"container\">\n\t\t\t\t\t<div class=\"e-con-inner\">\n\t\t<div class=\"elementor-element elementor-element-bb1386a e-con-full e-flex e-con e-child\" data-id=\"bb1386a\" data-element_type=\"container\" data-e-type=\"container\">\n\t\t\t\t<div class=\"elementor-element elementor-element-156cd15 elementor-widget elementor-widget-image\" data-id=\"156cd15\" data-element_type=\"widget\" data-e-type=\"widget\" data-widget_type=\"image.default\">\n\t\t\t\t<div class=\"elementor-widget-container\">\n\t\t\t\t\t\t\t\t\t\t\t\t\t\t\t<img decoding=\"async\" src=\"https:\/\/hs-experts.com\/wp-content\/uploads\/elementor\/thumbs\/Website-Icons-Design-_Canva_Team-Tech-400x400-1-r2mab154bvjzwp6ba7w1tz950eu7djb9yu2kky8248.png\" title=\"Website-Icons-Design-_Canva_Team-Tech-400\u00d7400\" alt=\"Tech Team Icon\" loading=\"lazy\" \/>\t\t\t\t\t\t\t\t\t\t\t\t\t\t\t<\/div>\n\t\t\t\t<\/div>\n\t\t\t\t<\/div>\n\t\t<div class=\"elementor-element elementor-element-50333f4 e-con-full e-flex e-con e-child\" data-id=\"50333f4\" data-element_type=\"container\" data-e-type=\"container\">\n\t\t\t\t<div class=\"elementor-element elementor-element-98ea85e elementor-widget elementor-widget-text-editor\" data-id=\"98ea85e\" data-element_type=\"widget\" data-e-type=\"widget\" data-widget_type=\"text-editor.default\">\n\t\t\t\t<div class=\"elementor-widget-container\">\n\t\t\t\t\t\t\t\t\t<div class=\"fusion-text\"><p><em><b>Hitul - Data Analyst<\/b><\/em><\/p><p>Hitul acts as our point of contact for all matters related to data. His keen attention to detail and unwavering commitment to executing tasks at the highest level of quality are fundamental to the success of our team. Hitul's skills extend far beyond his specialised field, enabling him to tackle a wide range of challenges from programming to software setup and research.<\/p><\/div><div class=\"fusion-text\"><p><em><b>Mercedes - Digital Project Manager<\/b><\/em><\/p><p>Mercedes, the head of our tech team, brings a wealth of expertise from various fields. She manages everything digital in our company with a particular passion for the development of artificial intelligence (AI) and an exceptional talent for organisation and project management. This includes software, our digital learning platform, websites and social media. She ensures that we realise our founder's vision and continuously develop digital products both internally and externally. Mercedes uses her diverse experience to design digital solutions with outstanding usability to tailor our service to our customers.<\/p><\/div>\t\t\t\t\t\t\t\t<\/div>\n\t\t\t\t<\/div>\n\t\t\t\t<\/div>\n\t\t\t\t\t<\/div>\n\t\t\t\t<\/div>\n\t\t<div class=\"elementor-element elementor-element-acbc951 e-flex e-con-boxed e-con e-parent\" data-id=\"acbc951\" data-element_type=\"container\" data-e-type=\"container\" data-settings=\"{&quot;background_background&quot;:&quot;classic&quot;}\">\n\t\t\t\t\t<div class=\"e-con-inner\">\n\t\t\t\t<div class=\"elementor-element elementor-element-dba4138 elementor-widget elementor-widget-text-editor\" data-id=\"dba4138\" data-element_type=\"widget\" data-e-type=\"widget\" data-widget_type=\"text-editor.default\">\n\t\t\t\t<div class=\"elementor-widget-container\">\n\t\t\t\t\t\t\t\t\t<p><strong>Our dedicated tech team knows no boundaries and sees no problem as unsolvable. We constantly strive for excellence to find optimal solutions for our clients and the health and safety needs of various industries. In the digital era, digital innovation is critical to our success at HSE Health &amp; Safety Experts.<\/strong><\/p><p><strong>Contact us today to find out how our experienced team can work with your organisation. We offer the expertise and support needed to create a safer, more efficient and compliant workplace. Your prosperity and safety are our top priority.<\/strong><\/p><p><strong>Are you interested in becoming part of our tech team? Take a look at our open <a href=\"https:\/\/hs-experts.com\/en\/jobs\/jobs-overview\/\">Jobs<\/a> or send us a speculative application. You can also take a look at our <a href=\"https:\/\/www.linkedin.com\/company\/health-safety-experts\">LinkedIn<\/a> profile to find out more about us. We look forward to receiving your applications.<\/strong><\/p>\t\t\t\t\t\t\t\t<\/div>\n\t\t\t\t<\/div>\n\t\t\t\t\t<\/div>\n\t\t\t\t<\/div>\n\t\t\t\t<\/div>","protected":false},"excerpt":{"rendered":"<p>Herzlich willkommen bei HSE Health &amp; Safety Experts, Deinem vertrauensw\u00fcrdigen Partner f\u00fcr alle Gesundheits- und Sicherheitsberatungsbed\u00fcrfnisse in Berlin, Deutschland. Unser Engagement f\u00fcr die Sicherheit und Effizienz Deines Unternehmens basiert auf der Expertise und Hingabe unseres talentierten Teams. Lerne unser Team kennen Team Tech Hitul \u2013 Datenanalyst Hitul fungiert als unser Ansprechpartner f\u00fcr alle Angelegenheiten im [&hellip;]<\/p>","protected":false},"author":2,"featured_media":0,"parent":0,"menu_order":0,"comment_status":"closed","ping_status":"closed","template":"","meta":{"inline_featured_image":false,"footnotes":""},"class_list":["post-22838","page","type-page","status-publish","hentry"],"yoast_head":"<!-- This site is optimized with the Yoast SEO plugin v27.4 - https:\/\/yoast.com\/product\/yoast-seo-wordpress\/ -->\n<title>Tech - HEALTH &amp; SAFETY EXPERTS<\/title>\n<meta name=\"robots\" content=\"index, follow, max-snippet:-1, max-image-preview:large, max-video-preview:-1\" \/>\n<link rel=\"canonical\" href=\"https:\/\/hs-experts.com\/en\/tech\/\" \/>\n<meta property=\"og:locale\" content=\"en_GB\" \/>\n<meta property=\"og:type\" content=\"article\" \/>\n<meta property=\"og:title\" content=\"Tech - HEALTH &amp; SAFETY EXPERTS\" \/>\n<meta property=\"og:description\" content=\"Herzlich willkommen bei HSE Health &amp; Safety Experts, Deinem vertrauensw\u00fcrdigen Partner f\u00fcr alle Gesundheits- und Sicherheitsberatungsbed\u00fcrfnisse in Berlin, Deutschland. Unser Engagement f\u00fcr die Sicherheit und Effizienz Deines Unternehmens basiert auf der Expertise und Hingabe unseres talentierten Teams. Lerne unser Team kennen Team Tech Hitul \u2013 Datenanalyst Hitul fungiert als unser Ansprechpartner f\u00fcr alle Angelegenheiten im [&hellip;]\" \/>\n<meta property=\"og:url\" content=\"https:\/\/hs-experts.com\/en\/tech\/\" \/>\n<meta property=\"og:site_name\" content=\"HEALTH &amp; SAFETY EXPERTS\" \/>\n<meta property=\"article:modified_time\" content=\"2025-12-02T13:02:33+00:00\" \/>\n<meta property=\"og:image\" content=\"https:\/\/hs-experts.com\/wp-content\/uploads\/elementor\/thumbs\/PTB_BE_018_19_M_53932-2-scaled-1-e1697621745980-300x281-1-r2maa729y7pl6mj87e5ut7g723n86scvjl1f1ht21u.webp\" \/>\n<meta name=\"twitter:card\" content=\"summary_large_image\" \/>\n<meta name=\"twitter:label1\" content=\"Estimated reading time\" \/>\n\t<meta name=\"twitter:data1\" content=\"3 minutes\" \/>\n<script type=\"application\/ld+json\" class=\"yoast-schema-graph\">{\"@context\":\"https:\\\/\\\/schema.org\",\"@graph\":[{\"@type\":\"WebPage\",\"@id\":\"https:\\\/\\\/hs-experts.com\\\/tech\\\/\",\"url\":\"https:\\\/\\\/hs-experts.com\\\/tech\\\/\",\"name\":\"Tech - HEALTH &amp; SAFETY EXPERTS\",\"isPartOf\":{\"@id\":\"https:\\\/\\\/hs-experts.com\\\/#website\"},\"primaryImageOfPage\":{\"@id\":\"https:\\\/\\\/hs-experts.com\\\/tech\\\/#primaryimage\"},\"image\":{\"@id\":\"https:\\\/\\\/hs-experts.com\\\/tech\\\/#primaryimage\"},\"thumbnailUrl\":\"https:\\\/\\\/hs-experts.com\\\/wp-content\\\/uploads\\\/elementor\\\/thumbs\\\/PTB_BE_018_19_M_53932-2-scaled-1-e1697621745980-300x281-1-r2maa729y7pl6mj87e5ut7g723n86scvjl1f1ht21u.webp\",\"datePublished\":\"2023-11-04T10:17:56+00:00\",\"dateModified\":\"2025-12-02T13:02:33+00:00\",\"breadcrumb\":{\"@id\":\"https:\\\/\\\/hs-experts.com\\\/tech\\\/#breadcrumb\"},\"inLanguage\":\"en-GB\",\"potentialAction\":[{\"@type\":\"ReadAction\",\"target\":[\"https:\\\/\\\/hs-experts.com\\\/tech\\\/\"]}]},{\"@type\":\"ImageObject\",\"inLanguage\":\"en-GB\",\"@id\":\"https:\\\/\\\/hs-experts.com\\\/tech\\\/#primaryimage\",\"url\":\"https:\\\/\\\/hs-experts.com\\\/wp-content\\\/uploads\\\/elementor\\\/thumbs\\\/PTB_BE_018_19_M_53932-2-scaled-1-e1697621745980-300x281-1-r2maa729y7pl6mj87e5ut7g723n86scvjl1f1ht21u.webp\",\"contentUrl\":\"https:\\\/\\\/hs-experts.com\\\/wp-content\\\/uploads\\\/elementor\\\/thumbs\\\/PTB_BE_018_19_M_53932-2-scaled-1-e1697621745980-300x281-1-r2maa729y7pl6mj87e5ut7g723n86scvjl1f1ht21u.webp\"},{\"@type\":\"BreadcrumbList\",\"@id\":\"https:\\\/\\\/hs-experts.com\\\/tech\\\/#breadcrumb\",\"itemListElement\":[{\"@type\":\"ListItem\",\"position\":1,\"name\":\"Home\",\"item\":\"https:\\\/\\\/hs-experts.com\\\/\"},{\"@type\":\"ListItem\",\"position\":2,\"name\":\"Tech\"}]},{\"@type\":\"WebSite\",\"@id\":\"https:\\\/\\\/hs-experts.com\\\/#website\",\"url\":\"https:\\\/\\\/hs-experts.com\\\/\",\"name\":\"HEALTH &amp; SAFETY EXPERTS\",\"description\":\"\",\"potentialAction\":[{\"@type\":\"SearchAction\",\"target\":{\"@type\":\"EntryPoint\",\"urlTemplate\":\"https:\\\/\\\/hs-experts.com\\\/?s={search_term_string}\"},\"query-input\":{\"@type\":\"PropertyValueSpecification\",\"valueRequired\":true,\"valueName\":\"search_term_string\"}}],\"inLanguage\":\"en-GB\"}]}<\/script>\n<!-- \/ Yoast SEO plugin. -->","yoast_head_json":{"title":"Tech - HEALTH &amp; SAFETY EXPERTS","robots":{"index":"index","follow":"follow","max-snippet":"max-snippet:-1","max-image-preview":"max-image-preview:large","max-video-preview":"max-video-preview:-1"},"canonical":"https:\/\/hs-experts.com\/en\/tech\/","og_locale":"en_GB","og_type":"article","og_title":"Tech - HEALTH &amp; SAFETY EXPERTS","og_description":"Herzlich willkommen bei HSE Health &amp; Safety Experts, Deinem vertrauensw\u00fcrdigen Partner f\u00fcr alle Gesundheits- und Sicherheitsberatungsbed\u00fcrfnisse in Berlin, Deutschland. Unser Engagement f\u00fcr die Sicherheit und Effizienz Deines Unternehmens basiert auf der Expertise und Hingabe unseres talentierten Teams. Lerne unser Team kennen Team Tech Hitul \u2013 Datenanalyst Hitul fungiert als unser Ansprechpartner f\u00fcr alle Angelegenheiten im [&hellip;]","og_url":"https:\/\/hs-experts.com\/en\/tech\/","og_site_name":"HEALTH &amp; SAFETY EXPERTS","article_modified_time":"2025-12-02T13:02:33+00:00","og_image":[{"url":"https:\/\/hs-experts.com\/wp-content\/uploads\/elementor\/thumbs\/PTB_BE_018_19_M_53932-2-scaled-1-e1697621745980-300x281-1-r2maa729y7pl6mj87e5ut7g723n86scvjl1f1ht21u.webp","type":"","width":"","height":""}],"twitter_card":"summary_large_image","twitter_misc":{"Estimated reading time":"3 minutes"},"schema":{"@context":"https:\/\/schema.org","@graph":[{"@type":"WebPage","@id":"https:\/\/hs-experts.com\/tech\/","url":"https:\/\/hs-experts.com\/tech\/","name":"Tech - HEALTH &amp; SAFETY EXPERTS","isPartOf":{"@id":"https:\/\/hs-experts.com\/#website"},"primaryImageOfPage":{"@id":"https:\/\/hs-experts.com\/tech\/#primaryimage"},"image":{"@id":"https:\/\/hs-experts.com\/tech\/#primaryimage"},"thumbnailUrl":"https:\/\/hs-experts.com\/wp-content\/uploads\/elementor\/thumbs\/PTB_BE_018_19_M_53932-2-scaled-1-e1697621745980-300x281-1-r2maa729y7pl6mj87e5ut7g723n86scvjl1f1ht21u.webp","datePublished":"2023-11-04T10:17:56+00:00","dateModified":"2025-12-02T13:02:33+00:00","breadcrumb":{"@id":"https:\/\/hs-experts.com\/tech\/#breadcrumb"},"inLanguage":"en-GB","potentialAction":[{"@type":"ReadAction","target":["https:\/\/hs-experts.com\/tech\/"]}]},{"@type":"ImageObject","inLanguage":"en-GB","@id":"https:\/\/hs-experts.com\/tech\/#primaryimage","url":"https:\/\/hs-experts.com\/wp-content\/uploads\/elementor\/thumbs\/PTB_BE_018_19_M_53932-2-scaled-1-e1697621745980-300x281-1-r2maa729y7pl6mj87e5ut7g723n86scvjl1f1ht21u.webp","contentUrl":"https:\/\/hs-experts.com\/wp-content\/uploads\/elementor\/thumbs\/PTB_BE_018_19_M_53932-2-scaled-1-e1697621745980-300x281-1-r2maa729y7pl6mj87e5ut7g723n86scvjl1f1ht21u.webp"},{"@type":"BreadcrumbList","@id":"https:\/\/hs-experts.com\/tech\/#breadcrumb","itemListElement":[{"@type":"ListItem","position":1,"name":"Home","item":"https:\/\/hs-experts.com\/"},{"@type":"ListItem","position":2,"name":"Tech"}]},{"@type":"WebSite","@id":"https:\/\/hs-experts.com\/#website","url":"https:\/\/hs-experts.com\/","name":"HEALTH &amp; SAFETY EXPERTS","description":"","potentialAction":[{"@type":"SearchAction","target":{"@type":"EntryPoint","urlTemplate":"https:\/\/hs-experts.com\/?s={search_term_string}"},"query-input":{"@type":"PropertyValueSpecification","valueRequired":true,"valueName":"search_term_string"}}],"inLanguage":"en-GB"}]}},"_hostinger_reach_plugin_has_subscription_block":false,"_hostinger_reach_plugin_is_elementor":false,"_links":{"self":[{"href":"https:\/\/hs-experts.com\/en\/wp-json\/wp\/v2\/pages\/22838","targetHints":{"allow":["GET"]}}],"collection":[{"href":"https:\/\/hs-experts.com\/en\/wp-json\/wp\/v2\/pages"}],"about":[{"href":"https:\/\/hs-experts.com\/en\/wp-json\/wp\/v2\/types\/page"}],"author":[{"embeddable":true,"href":"https:\/\/hs-experts.com\/en\/wp-json\/wp\/v2\/users\/2"}],"replies":[{"embeddable":true,"href":"https:\/\/hs-experts.com\/en\/wp-json\/wp\/v2\/comments?post=22838"}],"version-history":[{"count":58,"href":"https:\/\/hs-experts.com\/en\/wp-json\/wp\/v2\/pages\/22838\/revisions"}],"predecessor-version":[{"id":29701,"href":"https:\/\/hs-experts.com\/en\/wp-json\/wp\/v2\/pages\/22838\/revisions\/29701"}],"wp:attachment":[{"href":"https:\/\/hs-experts.com\/en\/wp-json\/wp\/v2\/media?parent=22838"}],"curies":[{"name":"wp","href":"https:\/\/api.w.org\/{rel}","templated":true}]}}