{"id":22966,"date":"2023-11-04T12:59:31","date_gmt":"2023-11-04T12:59:31","guid":{"rendered":"https:\/\/hs-experts.com\/?page_id=22966"},"modified":"2023-12-11T05:01:12","modified_gmt":"2023-12-11T05:01:12","slug":"kontaktieren-sie-uns","status":"publish","type":"page","link":"https:\/\/hs-experts.com\/en\/kontaktieren-sie-uns\/","title":{"rendered":"Contact us"},"content":{"rendered":"<div data-elementor-type=\"wp-page\" data-elementor-id=\"22966\" class=\"elementor elementor-22966\" data-elementor-post-type=\"page\">\n\t\t\t\t<div class=\"elementor-element elementor-element-eae3321 e-flex e-con-boxed e-con e-parent\" data-id=\"eae3321\" data-element_type=\"container\" data-settings=\"{&quot;background_background&quot;:&quot;classic&quot;}\">\n\t\t\t\t\t<div class=\"e-con-inner\">\n\t\t\t\t\t<\/div>\n\t\t\t\t<\/div>\n\t\t<div class=\"elementor-element elementor-element-e30ed7a e-flex e-con-boxed e-con e-parent\" data-id=\"e30ed7a\" data-element_type=\"container\">\n\t\t\t\t\t<div class=\"e-con-inner\">\n\t\t<div class=\"elementor-element elementor-element-601ab77 e-con-full e-flex e-con e-child\" data-id=\"601ab77\" data-element_type=\"container\">\n\t\t\t\t<div class=\"elementor-element elementor-element-240707a elementor-widget elementor-widget-image\" data-id=\"240707a\" data-element_type=\"widget\" data-widget_type=\"image.default\">\n\t\t\t\t<div class=\"elementor-widget-container\">\n\t\t\t\t\t\t\t\t\t\t\t\t\t\t\t<img decoding=\"async\" src=\"https:\/\/hs-experts.com\/wp-content\/uploads\/elementor\/thumbs\/WhatsApp-Image-2021-05-01-at-1.56.12-PM-r2maa72b89fnmgdmt5b2m57kmc6g9dzagpud139776.webp\" title=\"WhatsApp-Image-2021-05-01-at-1.56.12-PM\" alt=\"Bj\u00f6rn Sch\u00f6nemann\" loading=\"lazy\" \/>\t\t\t\t\t\t\t\t\t\t\t\t\t\t\t<\/div>\n\t\t\t\t<\/div>\n\t\t\t\t<\/div>\n\t\t<div class=\"elementor-element elementor-element-9bb4fc3 e-con-full e-flex e-con e-child\" data-id=\"9bb4fc3\" data-element_type=\"container\">\n\t\t\t\t<div class=\"elementor-element elementor-element-5f90e94 elementor-widget elementor-widget-heading\" data-id=\"5f90e94\" data-element_type=\"widget\" data-widget_type=\"heading.default\">\n\t\t\t\t<div class=\"elementor-widget-container\">\n\t\t\t\t\t<h2 class=\"elementor-heading-title elementor-size-default\">We believe that every great business relationship starts with a good conversation.\nContact us to clarify your needs on the relevant security topics<\/h2>\t\t\t\t<\/div>\n\t\t\t\t<\/div>\n\t\t\t\t<div class=\"elementor-element elementor-element-7cf17c2 elementor-widget elementor-widget-text-editor\" data-id=\"7cf17c2\" data-element_type=\"widget\" data-widget_type=\"text-editor.default\">\n\t\t\t\t<div class=\"elementor-widget-container\">\n\t\t\t\t\t\t\t\t\t<p><a href=\"http:\/\/+49%2030%20231%2031%20523\/\">Would you like to speak to one of our experts by phone?<br \/>Give us a call:<br \/>+49 30 231 31 523<br \/><\/a><\/p><p><a href=\"https:\/\/info@hs-experts.com\/en\/\">Write us an email<br \/>Email: info@hs-experts.com<\/a><\/p>\t\t\t\t\t\t\t\t<\/div>\n\t\t\t\t<\/div>\n\t\t\t\t<\/div>\n\t\t\t\t\t<\/div>\n\t\t\t\t<\/div>\n\t\t\t\t<\/div>","protected":false},"excerpt":{"rendered":"<p>We believe that every great business relationship starts with a good conversation. Contact us to discuss your security needs Would you like to speak to one of our experts over the phone? call us:+49 30 231 31 523 email us: info@hs-experts.com<\/p>","protected":false},"author":2,"featured_media":0,"parent":0,"menu_order":0,"comment_status":"closed","ping_status":"closed","template":"","meta":{"inline_featured_image":false,"footnotes":""},"class_list":["post-22966","page","type-page","status-publish","hentry"],"yoast_head":"<!-- This site is optimized with the Yoast SEO plugin v25.3 - https:\/\/yoast.com\/wordpress\/plugins\/seo\/ -->\n<title>Kontaktieren sie Uns - HEALTH &amp; SAFETY EXPERTS<\/title>\n<meta name=\"robots\" content=\"index, follow, max-snippet:-1, max-image-preview:large, max-video-preview:-1\" \/>\n<link rel=\"canonical\" href=\"https:\/\/hs-experts.com\/en\/kontaktieren-sie-uns\/\" \/>\n<meta property=\"og:locale\" content=\"en_GB\" \/>\n<meta property=\"og:type\" content=\"article\" \/>\n<meta property=\"og:title\" content=\"Kontaktieren sie Uns - HEALTH &amp; SAFETY EXPERTS\" \/>\n<meta property=\"og:description\" content=\"Wir glauben, dass jeder gro\u00dfe Aufbau von Gesch\u00e4ftsbeziehung mit einem guten Gespr\u00e4ch beginnt. Kontaktieren Sie uns, um ihre Bed\u00fcrfnisse zu den relevanten Sicherheitsthemen zu kl\u00e4ren\u200b M\u00f6chten Sie telefonisch mit einem unserer Experten sprechen?Rufen Sie uns an:+49 30 231 31 523 Schreiben Sie uns eine EmailEmail:\u00a0info@hs-experts.com\" \/>\n<meta property=\"og:url\" content=\"https:\/\/hs-experts.com\/en\/kontaktieren-sie-uns\/\" \/>\n<meta property=\"og:site_name\" content=\"HEALTH &amp; SAFETY EXPERTS\" \/>\n<meta property=\"article:modified_time\" content=\"2023-12-11T05:01:12+00:00\" \/>\n<meta property=\"og:image\" content=\"https:\/\/hs-experts.com\/wp-content\/uploads\/elementor\/thumbs\/WhatsApp-Image-2021-05-01-at-1.56.12-PM-qftp8yxm4taaj4duv9kbux267o27473zx5wrsjjelu.webp\" \/>\n<meta name=\"twitter:card\" content=\"summary_large_image\" \/>\n<meta name=\"twitter:label1\" content=\"Estimated reading time\" \/>\n\t<meta name=\"twitter:data1\" content=\"1 minute\" \/>\n<script type=\"application\/ld+json\" class=\"yoast-schema-graph\">{\"@context\":\"https:\/\/schema.org\",\"@graph\":[{\"@type\":\"WebPage\",\"@id\":\"https:\/\/hs-experts.com\/kontaktieren-sie-uns\/\",\"url\":\"https:\/\/hs-experts.com\/kontaktieren-sie-uns\/\",\"name\":\"Kontaktieren sie Uns - HEALTH &amp; SAFETY EXPERTS\",\"isPartOf\":{\"@id\":\"https:\/\/hs-experts.com\/#website\"},\"primaryImageOfPage\":{\"@id\":\"https:\/\/hs-experts.com\/kontaktieren-sie-uns\/#primaryimage\"},\"image\":{\"@id\":\"https:\/\/hs-experts.com\/kontaktieren-sie-uns\/#primaryimage\"},\"thumbnailUrl\":\"https:\/\/hs-experts.com\/wp-content\/uploads\/elementor\/thumbs\/WhatsApp-Image-2021-05-01-at-1.56.12-PM-qftp8yxm4taaj4duv9kbux267o27473zx5wrsjjelu.webp\",\"datePublished\":\"2023-11-04T12:59:31+00:00\",\"dateModified\":\"2023-12-11T05:01:12+00:00\",\"breadcrumb\":{\"@id\":\"https:\/\/hs-experts.com\/kontaktieren-sie-uns\/#breadcrumb\"},\"inLanguage\":\"en-GB\",\"potentialAction\":[{\"@type\":\"ReadAction\",\"target\":[\"https:\/\/hs-experts.com\/kontaktieren-sie-uns\/\"]}]},{\"@type\":\"ImageObject\",\"inLanguage\":\"en-GB\",\"@id\":\"https:\/\/hs-experts.com\/kontaktieren-sie-uns\/#primaryimage\",\"url\":\"https:\/\/hs-experts.com\/wp-content\/uploads\/elementor\/thumbs\/WhatsApp-Image-2021-05-01-at-1.56.12-PM-qftp8yxm4taaj4duv9kbux267o27473zx5wrsjjelu.webp\",\"contentUrl\":\"https:\/\/hs-experts.com\/wp-content\/uploads\/elementor\/thumbs\/WhatsApp-Image-2021-05-01-at-1.56.12-PM-qftp8yxm4taaj4duv9kbux267o27473zx5wrsjjelu.webp\"},{\"@type\":\"BreadcrumbList\",\"@id\":\"https:\/\/hs-experts.com\/kontaktieren-sie-uns\/#breadcrumb\",\"itemListElement\":[{\"@type\":\"ListItem\",\"position\":1,\"name\":\"Home\",\"item\":\"https:\/\/hs-experts.com\/\"},{\"@type\":\"ListItem\",\"position\":2,\"name\":\"Kontaktieren sie Uns\"}]},{\"@type\":\"WebSite\",\"@id\":\"https:\/\/hs-experts.com\/#website\",\"url\":\"https:\/\/hs-experts.com\/\",\"name\":\"HEALTH &amp; SAFETY EXPERTS\",\"description\":\"\",\"potentialAction\":[{\"@type\":\"SearchAction\",\"target\":{\"@type\":\"EntryPoint\",\"urlTemplate\":\"https:\/\/hs-experts.com\/?s={search_term_string}\"},\"query-input\":{\"@type\":\"PropertyValueSpecification\",\"valueRequired\":true,\"valueName\":\"search_term_string\"}}],\"inLanguage\":\"en-GB\"}]}<\/script>\n<!-- \/ Yoast SEO plugin. -->","yoast_head_json":{"title":"Kontaktieren sie Uns - HEALTH &amp; SAFETY EXPERTS","robots":{"index":"index","follow":"follow","max-snippet":"max-snippet:-1","max-image-preview":"max-image-preview:large","max-video-preview":"max-video-preview:-1"},"canonical":"https:\/\/hs-experts.com\/en\/kontaktieren-sie-uns\/","og_locale":"en_GB","og_type":"article","og_title":"Kontaktieren sie Uns - HEALTH &amp; SAFETY EXPERTS","og_description":"Wir glauben, dass jeder gro\u00dfe Aufbau von Gesch\u00e4ftsbeziehung mit einem guten Gespr\u00e4ch beginnt. Kontaktieren Sie uns, um ihre Bed\u00fcrfnisse zu den relevanten Sicherheitsthemen zu kl\u00e4ren\u200b M\u00f6chten Sie telefonisch mit einem unserer Experten sprechen?Rufen Sie uns an:+49 30 231 31 523 Schreiben Sie uns eine EmailEmail:\u00a0info@hs-experts.com","og_url":"https:\/\/hs-experts.com\/en\/kontaktieren-sie-uns\/","og_site_name":"HEALTH &amp; SAFETY EXPERTS","article_modified_time":"2023-12-11T05:01:12+00:00","og_image":[{"url":"https:\/\/hs-experts.com\/wp-content\/uploads\/elementor\/thumbs\/WhatsApp-Image-2021-05-01-at-1.56.12-PM-qftp8yxm4taaj4duv9kbux267o27473zx5wrsjjelu.webp","type":"","width":"","height":""}],"twitter_card":"summary_large_image","twitter_misc":{"Estimated reading time":"1 minute"},"schema":{"@context":"https:\/\/schema.org","@graph":[{"@type":"WebPage","@id":"https:\/\/hs-experts.com\/kontaktieren-sie-uns\/","url":"https:\/\/hs-experts.com\/kontaktieren-sie-uns\/","name":"Kontaktieren sie Uns - HEALTH &amp; SAFETY EXPERTS","isPartOf":{"@id":"https:\/\/hs-experts.com\/#website"},"primaryImageOfPage":{"@id":"https:\/\/hs-experts.com\/kontaktieren-sie-uns\/#primaryimage"},"image":{"@id":"https:\/\/hs-experts.com\/kontaktieren-sie-uns\/#primaryimage"},"thumbnailUrl":"https:\/\/hs-experts.com\/wp-content\/uploads\/elementor\/thumbs\/WhatsApp-Image-2021-05-01-at-1.56.12-PM-qftp8yxm4taaj4duv9kbux267o27473zx5wrsjjelu.webp","datePublished":"2023-11-04T12:59:31+00:00","dateModified":"2023-12-11T05:01:12+00:00","breadcrumb":{"@id":"https:\/\/hs-experts.com\/kontaktieren-sie-uns\/#breadcrumb"},"inLanguage":"en-GB","potentialAction":[{"@type":"ReadAction","target":["https:\/\/hs-experts.com\/kontaktieren-sie-uns\/"]}]},{"@type":"ImageObject","inLanguage":"en-GB","@id":"https:\/\/hs-experts.com\/kontaktieren-sie-uns\/#primaryimage","url":"https:\/\/hs-experts.com\/wp-content\/uploads\/elementor\/thumbs\/WhatsApp-Image-2021-05-01-at-1.56.12-PM-qftp8yxm4taaj4duv9kbux267o27473zx5wrsjjelu.webp","contentUrl":"https:\/\/hs-experts.com\/wp-content\/uploads\/elementor\/thumbs\/WhatsApp-Image-2021-05-01-at-1.56.12-PM-qftp8yxm4taaj4duv9kbux267o27473zx5wrsjjelu.webp"},{"@type":"BreadcrumbList","@id":"https:\/\/hs-experts.com\/kontaktieren-sie-uns\/#breadcrumb","itemListElement":[{"@type":"ListItem","position":1,"name":"Home","item":"https:\/\/hs-experts.com\/"},{"@type":"ListItem","position":2,"name":"Kontaktieren sie Uns"}]},{"@type":"WebSite","@id":"https:\/\/hs-experts.com\/#website","url":"https:\/\/hs-experts.com\/","name":"HEALTH &amp; SAFETY EXPERTS","description":"","potentialAction":[{"@type":"SearchAction","target":{"@type":"EntryPoint","urlTemplate":"https:\/\/hs-experts.com\/?s={search_term_string}"},"query-input":{"@type":"PropertyValueSpecification","valueRequired":true,"valueName":"search_term_string"}}],"inLanguage":"en-GB"}]}},"_links":{"self":[{"href":"https:\/\/hs-experts.com\/en\/wp-json\/wp\/v2\/pages\/22966","targetHints":{"allow":["GET"]}}],"collection":[{"href":"https:\/\/hs-experts.com\/en\/wp-json\/wp\/v2\/pages"}],"about":[{"href":"https:\/\/hs-experts.com\/en\/wp-json\/wp\/v2\/types\/page"}],"author":[{"embeddable":true,"href":"https:\/\/hs-experts.com\/en\/wp-json\/wp\/v2\/users\/2"}],"replies":[{"embeddable":true,"href":"https:\/\/hs-experts.com\/en\/wp-json\/wp\/v2\/comments?post=22966"}],"version-history":[{"count":31,"href":"https:\/\/hs-experts.com\/en\/wp-json\/wp\/v2\/pages\/22966\/revisions"}],"predecessor-version":[{"id":23958,"href":"https:\/\/hs-experts.com\/en\/wp-json\/wp\/v2\/pages\/22966\/revisions\/23958"}],"wp:attachment":[{"href":"https:\/\/hs-experts.com\/en\/wp-json\/wp\/v2\/media?parent=22966"}],"curies":[{"name":"wp","href":"https:\/\/api.w.org\/{rel}","templated":true}]}}