{"id":23098,"date":"2023-11-04T14:23:51","date_gmt":"2023-11-04T14:23:51","guid":{"rendered":"https:\/\/hs-experts.com\/?page_id=23098"},"modified":"2024-07-30T04:14:32","modified_gmt":"2024-07-30T04:14:32","slug":"jobs","status":"publish","type":"page","link":"https:\/\/hs-experts.com\/en\/jobs\/","title":{"rendered":"Jobs"},"content":{"rendered":"<div data-elementor-type=\"wp-page\" data-elementor-id=\"23098\" class=\"elementor elementor-23098\" data-elementor-post-type=\"page\">\n\t\t\t\t<div class=\"elementor-element elementor-element-195bacc e-flex e-con-boxed e-con e-parent\" data-id=\"195bacc\" data-element_type=\"container\" data-settings=\"{&quot;background_background&quot;:&quot;classic&quot;}\">\n\t\t\t\t\t<div class=\"e-con-inner\">\n\t\t\t\t\t<\/div>\n\t\t\t\t<\/div>\n\t\t<div class=\"elementor-element elementor-element-ecccbc2 e-flex e-con-boxed e-con e-parent\" data-id=\"ecccbc2\" data-element_type=\"container\" data-settings=\"{&quot;background_background&quot;:&quot;classic&quot;}\">\n\t\t\t\t\t<div class=\"e-con-inner\">\n\t\t\t\t<div class=\"elementor-element elementor-element-37632e8 elementor-widget__width-initial elementor-widget-mobile__width-initial elementor-widget elementor-widget-heading\" data-id=\"37632e8\" data-element_type=\"widget\" data-widget_type=\"heading.default\">\n\t\t\t\t<div class=\"elementor-widget-container\">\n\t\t\t\t\t<h2 class=\"elementor-heading-title elementor-size-medium\">Join Health &amp; Safety Experts - Vacancies<\/h2>\t\t\t\t<\/div>\n\t\t\t\t<\/div>\n\t\t\t\t<div class=\"elementor-element elementor-element-15d374f elementor-align-justify elementor-widget__width-initial elementor-widget-tablet__width-initial elementor-widget-mobile__width-initial elementor-widget elementor-widget-button\" data-id=\"15d374f\" data-element_type=\"widget\" data-widget_type=\"button.default\">\n\t\t\t\t<div class=\"elementor-widget-container\">\n\t\t\t\t\t\t\t\t\t<div class=\"elementor-button-wrapper\">\n\t\t\t\t\t<a class=\"elementor-button elementor-button-link elementor-size-md\" href=\"https:\/\/hs-experts.com\/en\/jobs\/jobs-overview\/\">\n\t\t\t\t\t\t<span class=\"elementor-button-content-wrapper\">\n\t\t\t\t\t\t\t\t\t<span class=\"elementor-button-text\">Jobs<\/span>\n\t\t\t\t\t<\/span>\n\t\t\t\t\t<\/a>\n\t\t\t\t<\/div>\n\t\t\t\t\t\t\t\t<\/div>\n\t\t\t\t<\/div>\n\t\t\t\t<div class=\"elementor-element elementor-element-1d1fcc6 elementor-widget__width-initial elementor-widget-mobile__width-initial elementor-search-form--skin-classic elementor-search-form--button-type-icon elementor-widget elementor-widget-search-form\" data-id=\"1d1fcc6\" data-element_type=\"widget\" data-settings=\"{&quot;skin&quot;:&quot;classic&quot;}\" data-widget_type=\"search-form.default\">\n\t\t\t\t<div class=\"elementor-widget-container\">\n\t\t\t\t\t\t\t<search role=\"search\">\n\t\t\t<form class=\"elementor-search-form\" action=\"https:\/\/hs-experts.com\/en\/\" method=\"get\" data-trp-original-action=\"https:\/\/hs-experts.com\/en\">\n\t\t\t\t\t\t\t\t\t\t\t\t<div class=\"elementor-search-form__container\">\n\t\t\t\t\t<label class=\"elementor-screen-only\" for=\"elementor-search-form-1d1fcc6\">Search<\/label>\n\n\t\t\t\t\t\n\t\t\t\t\t<input id=\"elementor-search-form-1d1fcc6\" placeholder=\"Search here...\" class=\"elementor-search-form__input\" type=\"search\" name=\"s\" value=\"\">\n\t\t\t\t\t\n\t\t\t\t\t\t\t\t\t\t\t<button class=\"elementor-search-form__submit\" type=\"submit\" aria-label=\"Search\">\n\t\t\t\t\t\t\t\t\t\t\t\t\t\t\t<i aria-hidden=\"true\" class=\"fas fa-search\"><\/i>\t\t\t\t\t\t\t\t\t\t\t\t\t<\/button>\n\t\t\t\t\t\n\t\t\t\t\t\t\t\t\t<\/div>\n\t\t\t<input type=\"hidden\" name=\"trp-form-language\" value=\"en\"\/><\/form>\n\t\t<\/search>\n\t\t\t\t\t\t<\/div>\n\t\t\t\t<\/div>\n\t\t\t\t\t<\/div>\n\t\t\t\t<\/div>\n\t\t<div class=\"elementor-element elementor-element-462e7a1 e-flex e-con-boxed e-con e-parent\" data-id=\"462e7a1\" data-element_type=\"container\" data-settings=\"{&quot;background_background&quot;:&quot;classic&quot;}\">\n\t\t\t\t\t<div class=\"e-con-inner\">\n\t\t<div class=\"elementor-element elementor-element-373f785 e-con-full e-flex e-con e-child\" data-id=\"373f785\" data-element_type=\"container\">\n\t\t\t\t<div class=\"elementor-element elementor-element-1929180 elementor-widget elementor-widget-heading\" data-id=\"1929180\" data-element_type=\"widget\" data-widget_type=\"heading.default\">\n\t\t\t\t<div class=\"elementor-widget-container\">\n\t\t\t\t\t<h2 class=\"elementor-heading-title elementor-size-default\">Find your job @ HSE<\/h2>\t\t\t\t<\/div>\n\t\t\t\t<\/div>\n\t\t\t\t<\/div>\n\t\t<a class=\"elementor-element elementor-element-d4105b4 e-con-full e-transform e-flex e-con e-child\" data-id=\"d4105b4\" data-element_type=\"container\" data-settings=\"{&quot;background_background&quot;:&quot;classic&quot;,&quot;_transform_scale_effect_hover&quot;:{&quot;unit&quot;:&quot;px&quot;,&quot;size&quot;:1.05,&quot;sizes&quot;:[]},&quot;_transform_scale_effect_hover_tablet&quot;:{&quot;unit&quot;:&quot;px&quot;,&quot;size&quot;:&quot;&quot;,&quot;sizes&quot;:[]},&quot;_transform_scale_effect_hover_mobile&quot;:{&quot;unit&quot;:&quot;px&quot;,&quot;size&quot;:&quot;&quot;,&quot;sizes&quot;:[]}}\" href=\"https:\/\/hs-experts.com\/en\/orga-team-orga-organisation-bei-hse\/\">\n\t\t\t\t<div class=\"elementor-element elementor-element-035019f elementor-widget elementor-widget-image\" data-id=\"035019f\" data-element_type=\"widget\" data-widget_type=\"image.default\">\n\t\t\t\t<div class=\"elementor-widget-container\">\n\t\t\t\t\t\t\t\t\t\t\t\t\t\t\t<img decoding=\"async\" src=\"https:\/\/hs-experts.com\/wp-content\/uploads\/elementor\/thumbs\/Website-Icons-Design-_Canva_Team-Orga-r2mac3ogaau3ppdqet90039ht78t5hqoyfxq16x2zg.png\" title=\"Website-Icons-Design-_Canva_Team-Orga\" alt=\"Organization Icon\" loading=\"lazy\" \/>\t\t\t\t\t\t\t\t\t\t\t\t\t\t\t<\/div>\n\t\t\t\t<\/div>\n\t\t\t\t<div class=\"elementor-element elementor-element-6952197 elementor-widget elementor-widget-heading\" data-id=\"6952197\" data-element_type=\"widget\" data-widget_type=\"heading.default\">\n\t\t\t\t<div class=\"elementor-widget-container\">\n\t\t\t\t\t<h3 class=\"elementor-heading-title elementor-size-default\">Orga<\/h3>\t\t\t\t<\/div>\n\t\t\t\t<\/div>\n\t\t\t\t<div class=\"elementor-element elementor-element-8387bef elementor-widget elementor-widget-text-editor\" data-id=\"8387bef\" data-element_type=\"widget\" data-widget_type=\"text-editor.default\">\n\t\t\t\t<div class=\"elementor-widget-container\">\n\t\t\t\t\t\t\t\t\t<p>In addition to overseeing all administrative matters for our operations team and the company as a whole, Team ORGA is the friendly face of HSE Health &amp; Safety Experts. From dealing with commercial enquiries to managing the logistics of our operations, Team ORGA is at the forefront of ensuring our customers' needs are met.<\/p>\t\t\t\t\t\t\t\t<\/div>\n\t\t\t\t<\/div>\n\t\t\t\t<\/a>\n\t\t<a class=\"elementor-element elementor-element-274f6ad e-con-full e-transform e-flex e-con e-child\" data-id=\"274f6ad\" data-element_type=\"container\" data-settings=\"{&quot;background_background&quot;:&quot;classic&quot;,&quot;_transform_scale_effect_hover&quot;:{&quot;unit&quot;:&quot;px&quot;,&quot;size&quot;:1.05,&quot;sizes&quot;:[]},&quot;_transform_scale_effect_hover_tablet&quot;:{&quot;unit&quot;:&quot;px&quot;,&quot;size&quot;:&quot;&quot;,&quot;sizes&quot;:[]},&quot;_transform_scale_effect_hover_mobile&quot;:{&quot;unit&quot;:&quot;px&quot;,&quot;size&quot;:&quot;&quot;,&quot;sizes&quot;:[]}}\" href=\"https:\/\/hs-experts.com\/en\/operation\/\">\n\t\t\t\t<div class=\"elementor-element elementor-element-2c2b786 elementor-widget elementor-widget-image\" data-id=\"2c2b786\" data-element_type=\"widget\" data-widget_type=\"image.default\">\n\t\t\t\t<div class=\"elementor-widget-container\">\n\t\t\t\t\t\t\t\t\t\t\t\t\t\t\t<img decoding=\"async\" src=\"https:\/\/hs-experts.com\/wp-content\/uploads\/elementor\/thumbs\/Website-Icons-Design-_Canva_Team-Operations-1-r2maa802m89ghs41dzzv0kcb1gidraa0p4yrh9pffg.png\" title=\"Website-Icons-Design-_Canva_Team-Operations (1)\" alt=\"HSE Engineers Icon\" loading=\"lazy\" \/>\t\t\t\t\t\t\t\t\t\t\t\t\t\t\t<\/div>\n\t\t\t\t<\/div>\n\t\t\t\t<div class=\"elementor-element elementor-element-838c751 elementor-widget elementor-widget-heading\" data-id=\"838c751\" data-element_type=\"widget\" data-widget_type=\"heading.default\">\n\t\t\t\t<div class=\"elementor-widget-container\">\n\t\t\t\t\t<h3 class=\"elementor-heading-title elementor-size-default\">Operations<\/h3>\t\t\t\t<\/div>\n\t\t\t\t<\/div>\n\t\t\t\t<div class=\"elementor-element elementor-element-2d95990 elementor-widget elementor-widget-text-editor\" data-id=\"2d95990\" data-element_type=\"widget\" data-widget_type=\"text-editor.default\">\n\t\t\t\t<div class=\"elementor-widget-container\">\n\t\t\t\t\t\t\t\t\t<p>Our dedicated operations team is on hand to offer advice and support to our clients. We understand that safety and compliance are of paramount importance in today's business world and we are committed to helping fulfil the complex health and safety regulations both nationally and internationally.<\/p>\t\t\t\t\t\t\t\t<\/div>\n\t\t\t\t<\/div>\n\t\t\t\t<\/a>\n\t\t<a class=\"elementor-element elementor-element-defbad9 e-con-full e-transform e-flex e-con e-child\" data-id=\"defbad9\" data-element_type=\"container\" data-settings=\"{&quot;background_background&quot;:&quot;classic&quot;,&quot;_transform_scale_effect_hover&quot;:{&quot;unit&quot;:&quot;px&quot;,&quot;size&quot;:1.05,&quot;sizes&quot;:[]},&quot;_transform_scale_effect_hover_tablet&quot;:{&quot;unit&quot;:&quot;px&quot;,&quot;size&quot;:&quot;&quot;,&quot;sizes&quot;:[]},&quot;_transform_scale_effect_hover_mobile&quot;:{&quot;unit&quot;:&quot;px&quot;,&quot;size&quot;:&quot;&quot;,&quot;sizes&quot;:[]}}\" href=\"https:\/\/hs-experts.com\/en\/tech\/\">\n\t\t\t\t<div class=\"elementor-element elementor-element-40e2e74 elementor-widget elementor-widget-image\" data-id=\"40e2e74\" data-element_type=\"widget\" data-widget_type=\"image.default\">\n\t\t\t\t<div class=\"elementor-widget-container\">\n\t\t\t\t\t\t\t\t\t\t\t\t\t\t\t<img decoding=\"async\" src=\"https:\/\/hs-experts.com\/wp-content\/uploads\/elementor\/thumbs\/Remote-work-icon-200x200-1-r2mab078b9c262z2tc6o3d84v0ne67dyt0jbvkjm8s.png\" title=\"Remote-work-icon-200\u00d7200\" alt=\"Remote-work-icon-200x200\" loading=\"lazy\" \/>\t\t\t\t\t\t\t\t\t\t\t\t\t\t\t<\/div>\n\t\t\t\t<\/div>\n\t\t\t\t<div class=\"elementor-element elementor-element-22de6f7 elementor-widget elementor-widget-heading\" data-id=\"22de6f7\" data-element_type=\"widget\" data-widget_type=\"heading.default\">\n\t\t\t\t<div class=\"elementor-widget-container\">\n\t\t\t\t\t<h3 class=\"elementor-heading-title elementor-size-default\">Tech<\/h3>\t\t\t\t<\/div>\n\t\t\t\t<\/div>\n\t\t\t\t<div class=\"elementor-element elementor-element-6f51421 elementor-widget elementor-widget-text-editor\" data-id=\"6f51421\" data-element_type=\"widget\" data-widget_type=\"text-editor.default\">\n\t\t\t\t<div class=\"elementor-widget-container\">\n\t\t\t\t\t\t\t\t\t<p>Our dedicated tech team knows no boundaries and sees no problem as unsolvable. We constantly strive for excellence to find optimal solutions for our clients and the health and safety needs of various industries. In the digital era, digital innovation is critical to our success at HSE Health &amp; Safety Experts.<\/p>\t\t\t\t\t\t\t\t<\/div>\n\t\t\t\t<\/div>\n\t\t\t\t<\/a>\n\t\t\t\t\t<\/div>\n\t\t\t\t<\/div>\n\t\t<div class=\"elementor-element elementor-element-453ab6c e-flex e-con-boxed e-con e-parent\" data-id=\"453ab6c\" data-element_type=\"container\" data-settings=\"{&quot;background_background&quot;:&quot;classic&quot;}\">\n\t\t\t\t\t<div class=\"e-con-inner\">\n\t\t<div class=\"elementor-element elementor-element-56d5afc e-con-full e-flex e-con e-child\" data-id=\"56d5afc\" data-element_type=\"container\">\n\t\t\t\t<div class=\"elementor-element elementor-element-cbb8ac6 elementor-widget elementor-widget-image\" data-id=\"cbb8ac6\" data-element_type=\"widget\" data-widget_type=\"image.default\">\n\t\t\t\t<div class=\"elementor-widget-container\">\n\t\t\t\t\t\t\t\t\t\t\t\t\t\t\t<img decoding=\"async\" src=\"https:\/\/hs-experts.com\/wp-content\/uploads\/elementor\/thumbs\/Copy-of-3-e1697710183917-1018x1024-1-r2ma9ylrki9un6cvdwjnjxd5ximysohebktzhpof0q.webp\" title=\"Health &amp; Safety Experts\" alt=\"Health&amp;Safety Experts Team\" loading=\"lazy\" \/>\t\t\t\t\t\t\t\t\t\t\t\t\t\t\t<\/div>\n\t\t\t\t<\/div>\n\t\t\t\t<\/div>\n\t\t\t\t\t<\/div>\n\t\t\t\t<\/div>\n\t\t\t\t<\/div>","protected":false},"excerpt":{"rendered":"<p>Join Health &amp; Safety Experts - Vacancies Jobs Find your job @ HSE Orga In addition to overseeing all administrative matters for our operations team and the wider organisation, Team ORGA is the friendly face of HSE Health &amp; Safety Experts. From dealing with commercial enquiries to managing the logistics of our operations, Team ORGA is [...]<\/p>","protected":false},"author":2,"featured_media":0,"parent":0,"menu_order":0,"comment_status":"closed","ping_status":"closed","template":"","meta":{"inline_featured_image":false,"footnotes":""},"class_list":["post-23098","page","type-page","status-publish","hentry"],"yoast_head":"<!-- This site is optimized with the Yoast SEO plugin v25.3 - https:\/\/yoast.com\/wordpress\/plugins\/seo\/ -->\n<title>Jobs - HEALTH &amp; SAFETY EXPERTS<\/title>\n<meta name=\"robots\" content=\"index, follow, max-snippet:-1, max-image-preview:large, max-video-preview:-1\" \/>\n<link rel=\"canonical\" href=\"https:\/\/hs-experts.com\/en\/jobs\/\" \/>\n<meta property=\"og:locale\" content=\"en_GB\" \/>\n<meta property=\"og:type\" content=\"article\" \/>\n<meta property=\"og:title\" content=\"Jobs - HEALTH &amp; SAFETY EXPERTS\" \/>\n<meta property=\"og:description\" content=\"Join Health &amp; Safety Experts \u2013 Offene Stellen Jobs Finde deinen Job @ HSE Orga Zus\u00e4tzlich zur \u00dcberwachung aller administrativen Angelegenheiten f\u00fcr unser Betriebsteam und das gesamte Unternehmen ist Team ORGA das freundliche Gesicht von HSE Health &amp; Safety Experts. Vom Umgang mit kommerziellen Anfragen bis zur Verwaltung der Logistik unserer Operationen steht Team ORGA [&hellip;]\" \/>\n<meta property=\"og:url\" content=\"https:\/\/hs-experts.com\/en\/jobs\/\" \/>\n<meta property=\"og:site_name\" content=\"HEALTH &amp; SAFETY EXPERTS\" \/>\n<meta property=\"article:modified_time\" content=\"2024-07-30T04:14:32+00:00\" \/>\n<meta property=\"og:image\" content=\"https:\/\/hs-experts.com\/wp-content\/uploads\/elementor\/thumbs\/Website-Icons-Design-_Canva_Team-Orga-qftp8yxjby2t2u5mlluhoufg1eireeaztgdorg110c.png\" \/>\n<meta name=\"twitter:card\" content=\"summary_large_image\" \/>\n<meta name=\"twitter:label1\" content=\"Estimated reading time\" \/>\n\t<meta name=\"twitter:data1\" content=\"2 minutes\" \/>\n<script type=\"application\/ld+json\" class=\"yoast-schema-graph\">{\"@context\":\"https:\/\/schema.org\",\"@graph\":[{\"@type\":\"WebPage\",\"@id\":\"https:\/\/hs-experts.com\/jobs\/\",\"url\":\"https:\/\/hs-experts.com\/jobs\/\",\"name\":\"Jobs - HEALTH &amp; SAFETY EXPERTS\",\"isPartOf\":{\"@id\":\"https:\/\/hs-experts.com\/#website\"},\"primaryImageOfPage\":{\"@id\":\"https:\/\/hs-experts.com\/jobs\/#primaryimage\"},\"image\":{\"@id\":\"https:\/\/hs-experts.com\/jobs\/#primaryimage\"},\"thumbnailUrl\":\"https:\/\/hs-experts.com\/wp-content\/uploads\/elementor\/thumbs\/Website-Icons-Design-_Canva_Team-Orga-qftp8yxjby2t2u5mlluhoufg1eireeaztgdorg110c.png\",\"datePublished\":\"2023-11-04T14:23:51+00:00\",\"dateModified\":\"2024-07-30T04:14:32+00:00\",\"breadcrumb\":{\"@id\":\"https:\/\/hs-experts.com\/jobs\/#breadcrumb\"},\"inLanguage\":\"en-GB\",\"potentialAction\":[{\"@type\":\"ReadAction\",\"target\":[\"https:\/\/hs-experts.com\/jobs\/\"]}]},{\"@type\":\"ImageObject\",\"inLanguage\":\"en-GB\",\"@id\":\"https:\/\/hs-experts.com\/jobs\/#primaryimage\",\"url\":\"https:\/\/hs-experts.com\/wp-content\/uploads\/elementor\/thumbs\/Website-Icons-Design-_Canva_Team-Orga-qftp8yxjby2t2u5mlluhoufg1eireeaztgdorg110c.png\",\"contentUrl\":\"https:\/\/hs-experts.com\/wp-content\/uploads\/elementor\/thumbs\/Website-Icons-Design-_Canva_Team-Orga-qftp8yxjby2t2u5mlluhoufg1eireeaztgdorg110c.png\"},{\"@type\":\"BreadcrumbList\",\"@id\":\"https:\/\/hs-experts.com\/jobs\/#breadcrumb\",\"itemListElement\":[{\"@type\":\"ListItem\",\"position\":1,\"name\":\"Home\",\"item\":\"https:\/\/hs-experts.com\/\"},{\"@type\":\"ListItem\",\"position\":2,\"name\":\"Jobs\"}]},{\"@type\":\"WebSite\",\"@id\":\"https:\/\/hs-experts.com\/#website\",\"url\":\"https:\/\/hs-experts.com\/\",\"name\":\"HEALTH &amp; SAFETY EXPERTS\",\"description\":\"\",\"potentialAction\":[{\"@type\":\"SearchAction\",\"target\":{\"@type\":\"EntryPoint\",\"urlTemplate\":\"https:\/\/hs-experts.com\/?s={search_term_string}\"},\"query-input\":{\"@type\":\"PropertyValueSpecification\",\"valueRequired\":true,\"valueName\":\"search_term_string\"}}],\"inLanguage\":\"en-GB\"}]}<\/script>\n<!-- \/ Yoast SEO plugin. -->","yoast_head_json":{"title":"Jobs - HEALTH &amp; SAFETY EXPERTS","robots":{"index":"index","follow":"follow","max-snippet":"max-snippet:-1","max-image-preview":"max-image-preview:large","max-video-preview":"max-video-preview:-1"},"canonical":"https:\/\/hs-experts.com\/en\/jobs\/","og_locale":"en_GB","og_type":"article","og_title":"Jobs - HEALTH &amp; SAFETY EXPERTS","og_description":"Join Health &amp; Safety Experts \u2013 Offene Stellen Jobs Finde deinen Job @ HSE Orga Zus\u00e4tzlich zur \u00dcberwachung aller administrativen Angelegenheiten f\u00fcr unser Betriebsteam und das gesamte Unternehmen ist Team ORGA das freundliche Gesicht von HSE Health &amp; Safety Experts. Vom Umgang mit kommerziellen Anfragen bis zur Verwaltung der Logistik unserer Operationen steht Team ORGA [&hellip;]","og_url":"https:\/\/hs-experts.com\/en\/jobs\/","og_site_name":"HEALTH &amp; SAFETY EXPERTS","article_modified_time":"2024-07-30T04:14:32+00:00","og_image":[{"url":"https:\/\/hs-experts.com\/wp-content\/uploads\/elementor\/thumbs\/Website-Icons-Design-_Canva_Team-Orga-qftp8yxjby2t2u5mlluhoufg1eireeaztgdorg110c.png","type":"","width":"","height":""}],"twitter_card":"summary_large_image","twitter_misc":{"Estimated reading time":"2 minutes"},"schema":{"@context":"https:\/\/schema.org","@graph":[{"@type":"WebPage","@id":"https:\/\/hs-experts.com\/jobs\/","url":"https:\/\/hs-experts.com\/jobs\/","name":"Jobs - HEALTH &amp; SAFETY EXPERTS","isPartOf":{"@id":"https:\/\/hs-experts.com\/#website"},"primaryImageOfPage":{"@id":"https:\/\/hs-experts.com\/jobs\/#primaryimage"},"image":{"@id":"https:\/\/hs-experts.com\/jobs\/#primaryimage"},"thumbnailUrl":"https:\/\/hs-experts.com\/wp-content\/uploads\/elementor\/thumbs\/Website-Icons-Design-_Canva_Team-Orga-qftp8yxjby2t2u5mlluhoufg1eireeaztgdorg110c.png","datePublished":"2023-11-04T14:23:51+00:00","dateModified":"2024-07-30T04:14:32+00:00","breadcrumb":{"@id":"https:\/\/hs-experts.com\/jobs\/#breadcrumb"},"inLanguage":"en-GB","potentialAction":[{"@type":"ReadAction","target":["https:\/\/hs-experts.com\/jobs\/"]}]},{"@type":"ImageObject","inLanguage":"en-GB","@id":"https:\/\/hs-experts.com\/jobs\/#primaryimage","url":"https:\/\/hs-experts.com\/wp-content\/uploads\/elementor\/thumbs\/Website-Icons-Design-_Canva_Team-Orga-qftp8yxjby2t2u5mlluhoufg1eireeaztgdorg110c.png","contentUrl":"https:\/\/hs-experts.com\/wp-content\/uploads\/elementor\/thumbs\/Website-Icons-Design-_Canva_Team-Orga-qftp8yxjby2t2u5mlluhoufg1eireeaztgdorg110c.png"},{"@type":"BreadcrumbList","@id":"https:\/\/hs-experts.com\/jobs\/#breadcrumb","itemListElement":[{"@type":"ListItem","position":1,"name":"Home","item":"https:\/\/hs-experts.com\/"},{"@type":"ListItem","position":2,"name":"Jobs"}]},{"@type":"WebSite","@id":"https:\/\/hs-experts.com\/#website","url":"https:\/\/hs-experts.com\/","name":"HEALTH &amp; SAFETY EXPERTS","description":"","potentialAction":[{"@type":"SearchAction","target":{"@type":"EntryPoint","urlTemplate":"https:\/\/hs-experts.com\/?s={search_term_string}"},"query-input":{"@type":"PropertyValueSpecification","valueRequired":true,"valueName":"search_term_string"}}],"inLanguage":"en-GB"}]}},"_hostinger_reach_plugin_has_subscription_block":false,"_hostinger_reach_plugin_is_elementor":false,"_links":{"self":[{"href":"https:\/\/hs-experts.com\/en\/wp-json\/wp\/v2\/pages\/23098","targetHints":{"allow":["GET"]}}],"collection":[{"href":"https:\/\/hs-experts.com\/en\/wp-json\/wp\/v2\/pages"}],"about":[{"href":"https:\/\/hs-experts.com\/en\/wp-json\/wp\/v2\/types\/page"}],"author":[{"embeddable":true,"href":"https:\/\/hs-experts.com\/en\/wp-json\/wp\/v2\/users\/2"}],"replies":[{"embeddable":true,"href":"https:\/\/hs-experts.com\/en\/wp-json\/wp\/v2\/comments?post=23098"}],"version-history":[{"count":164,"href":"https:\/\/hs-experts.com\/en\/wp-json\/wp\/v2\/pages\/23098\/revisions"}],"predecessor-version":[{"id":26966,"href":"https:\/\/hs-experts.com\/en\/wp-json\/wp\/v2\/pages\/23098\/revisions\/26966"}],"wp:attachment":[{"href":"https:\/\/hs-experts.com\/en\/wp-json\/wp\/v2\/media?parent=23098"}],"curies":[{"name":"wp","href":"https:\/\/api.w.org\/{rel}","templated":true}]}}