{"id":27139,"date":"2025-05-26T14:21:28","date_gmt":"2025-05-26T14:21:28","guid":{"rendered":"https:\/\/hs-experts.com\/?page_id=27139"},"modified":"2025-07-09T07:56:14","modified_gmt":"2025-07-09T07:56:14","slug":"manuelle-lastenhandhabung-schulung","status":"publish","type":"page","link":"https:\/\/hs-experts.com\/en\/manuelle-lastenhandhabung-schulung\/","title":{"rendered":"Load handling"},"content":{"rendered":"<div data-elementor-type=\"wp-page\" data-elementor-id=\"27139\" class=\"elementor elementor-27139\" data-elementor-post-type=\"page\">\n\t\t\t\t<div class=\"elementor-element elementor-element-6c0013 e-flex e-con-boxed e-con e-parent\" data-id=\"6c0013\" data-element_type=\"container\" data-settings=\"{&quot;background_background&quot;:&quot;classic&quot;}\">\n\t\t\t\t\t<div class=\"e-con-inner\">\n\t\t\t\t\t<\/div>\n\t\t\t\t<\/div>\n\t\t<div class=\"elementor-element elementor-element-1b2706a8 e-flex e-con-boxed e-con e-parent\" data-id=\"1b2706a8\" data-element_type=\"container\">\n\t\t\t\t\t<div class=\"e-con-inner\">\n\t\t<div class=\"elementor-element elementor-element-38bbb406 e-con-full e-flex e-con e-child\" data-id=\"38bbb406\" data-element_type=\"container\">\n\t\t\t\t<div class=\"elementor-element elementor-element-6b8ff658 elementor-widget elementor-widget-heading\" data-id=\"6b8ff658\" data-element_type=\"widget\" data-widget_type=\"heading.default\">\n\t\t\t\t<div class=\"elementor-widget-container\">\n\t\t\t\t\t<h2 class=\"elementor-heading-title elementor-size-default\">Would you like to support your employees in an appreciative and preventative way?<\/h2>\t\t\t\t<\/div>\n\t\t\t\t<\/div>\n\t\t\t\t<div class=\"elementor-element elementor-element-31ce4acf elementor-widget elementor-widget-text-editor\" data-id=\"31ce4acf\" data-element_type=\"widget\" data-widget_type=\"text-editor.default\">\n\t\t\t\t<div class=\"elementor-widget-container\">\n\t\t\t\t\t\t\t\t\t<h6><span style=\"color: #000000;\"><span style=\"font-weight: 400;\">Are you looking for a modern and sustainable <\/span><b>Training for ergonomic working<\/b><span style=\"font-weight: 400;\">to raise awareness of the need to work in a physically healthy way and <\/span><b>prevent stress-related illnesses<\/b><span style=\"font-weight: 400;\">? Then you've come to the right place!<\/span><\/span><\/h6>\n<\/b>\n<p>\n<span style=\"font-size: 24pt; font-family: Roboto, sans-serif; color: #000000; background-color: transparent; font-weight: bold; font-variant-numeric: normal; font-variant-east-asian: normal; font-variant-alternates: normal; font-variant-position: normal; font-variant-emoji: normal; vertical-align: baseline; white-space-collapse: preserve;\">Our \"Manual load handling\" training course<\/span>\n<h6><span style=\"color: #000000;\"><span style=\"font-weight: 400;\">Our <\/span><b>Training for manual load handling<\/b><span style=\"font-weight: 400;\"> is specially designed to prepare your employees in a practical and competent manner for the manual movement of loads and to provide new impetus. In particular, the <\/span><b>Prevention of stress-related illnesses<\/b><span style=\"font-weight: 400;\"> as well as the development of (new) strategies to combat stress-related damage to the skeletal and muscular apparatus.<\/span><\/span><\/h6>\n<h4><\/h4><\/p>\n<h4><span style=\"color: #000000;\"><b>Flexible training options<\/b><\/span><\/h4>\n<h6><span style=\"color: #000000;\"><span style=\"font-weight: 400;\">Our <\/span><b>Health experts<\/b><span style=\"font-weight: 400;\"> are qualified to provide training at our training centre in Berlin or directly at your company. We attach particular importance to a personalised approach and up-to-date training. We are orientated towards you - even a <\/span><b>Hybrid training Health<\/b><span style=\"font-weight: 400;\"> with digital theory part and practical training on site is possible.<\/span><\/span><\/h6>\n<h4><\/h4>\n<h4><span style=\"color: #000000;\"><b>Practical training<\/b><\/span><\/h4>\n<h6><span style=\"font-weight: 400; color: #000000;\">However, our training is not only useful for the actual handling of loads, but also in advance. Thanks to their training, employees are able to think through and effectively plan a manual transport process in advance and thus become active in a resource-orientated manner.<\/span><\/h6>\n<h6><span style=\"color: #000000;\"><b>Practical relevance:<\/b><span style=\"font-weight: 400;\"> Together with the participants, we look at lifting and transport processes on site and develop skills for specific activities in your company.<\/span><\/span><\/h6>\t\t\t\t\t\t\t\t<\/div>\n\t\t\t\t<\/div>\n\t\t\t\t<\/div>\n\t\t\t\t\t<\/div>\n\t\t\t\t<\/div>\n\t\t<div class=\"elementor-element elementor-element-4a3aa00 e-flex e-con-boxed e-con e-parent\" data-id=\"4a3aa00\" data-element_type=\"container\">\n\t\t\t\t\t<div class=\"e-con-inner\">\n\t\t<div class=\"elementor-element elementor-element-ea254b1 e-con-full e-flex e-con e-child\" data-id=\"ea254b1\" data-element_type=\"container\" data-settings=\"{&quot;background_background&quot;:&quot;classic&quot;,&quot;shape_divider_top&quot;:&quot;tilt&quot;,&quot;shape_divider_bottom&quot;:&quot;tilt&quot;}\">\n\t\t\t\t<div class=\"elementor-shape elementor-shape-top\" aria-hidden=\"true\" data-negative=\"false\">\n\t\t\t<svg xmlns=\"http:\/\/www.w3.org\/2000\/svg\" viewbox=\"0 0 1000 100\" preserveaspectratio=\"none\">\n\t<path class=\"elementor-shape-fill\" d=\"M0,6V0h1000v100L0,6z\"\/>\n<\/svg>\t\t<\/div>\n\t\t\t\t<div class=\"elementor-shape elementor-shape-bottom\" aria-hidden=\"true\" data-negative=\"false\">\n\t\t\t<svg xmlns=\"http:\/\/www.w3.org\/2000\/svg\" viewbox=\"0 0 1000 100\" preserveaspectratio=\"none\">\n\t<path class=\"elementor-shape-fill\" d=\"M0,6V0h1000v100L0,6z\"\/>\n<\/svg>\t\t<\/div>\n\t\t<div class=\"elementor-element elementor-element-d9498d7 e-con-full e-flex e-con e-child\" data-id=\"d9498d7\" data-element_type=\"container\">\n\t\t\t\t<div class=\"elementor-element elementor-element-51fcfcc elementor-widget elementor-widget-heading\" data-id=\"51fcfcc\" data-element_type=\"widget\" data-widget_type=\"heading.default\">\n\t\t\t\t<div class=\"elementor-widget-container\">\n\t\t\t\t\t<h3 class=\"elementor-heading-title elementor-size-default\">Basics of the training<\/h3>\t\t\t\t<\/div>\n\t\t\t\t<\/div>\n\t\t\t\t<div class=\"elementor-element elementor-element-0698e11 elementor-widget elementor-widget-text-editor\" data-id=\"0698e11\" data-element_type=\"widget\" data-widget_type=\"text-editor.default\">\n\t\t\t\t<div class=\"elementor-widget-container\">\n\t\t\t\t\t\t\t\t\t<div class=\"fusion-fullwidth fullwidth-box nonhundred-percent-fullwidth non-hundred-percent-height-scrolling fusion-equal-height-columns\"><div class=\"fusion-builder-row fusion-row\"><div class=\"fusion-layout-column fusion_builder_column fusion_builder_column_1_3 fusion-builder-column-17 fusion-one-third fusion-column-first 1_3\"><div class=\"fusion-column-wrapper\" data-bg-url=\"\"><div class=\"fusion-column-content-centered\"><div class=\"fusion-column-content\"><ul><li style=\"font-weight: 400;\" aria-level=\"1\"><h6><b>Load Handling Ordinance<\/b><\/h6><\/li><li style=\"font-weight: 400;\" aria-level=\"1\"><h6><span style=\"font-weight: 400;\">Anatomy and physiology of the skeleton and musculature<\/span><\/h6><\/li><li style=\"font-weight: 400;\" aria-level=\"1\"><h6><span style=\"font-weight: 400;\">Hazards due to (incorrect) load handling<\/span><\/h6><\/li><li style=\"font-weight: 400;\" aria-level=\"1\"><h6><span style=\"font-weight: 400;\">Creating an awareness of one's own health<\/span><\/h6><\/li><\/ul><\/div><\/div><\/div><\/div><\/div><\/div>\t\t\t\t\t\t\t\t<\/div>\n\t\t\t\t<\/div>\n\t\t\t\t<\/div>\n\t\t<div class=\"elementor-element elementor-element-cd42873 e-con-full e-flex e-con e-child\" data-id=\"cd42873\" data-element_type=\"container\">\n\t\t\t\t<div class=\"elementor-element elementor-element-5391cb3 elementor-view-stacked elementor-shape-circle elementor-widget elementor-widget-icon\" data-id=\"5391cb3\" data-element_type=\"widget\" data-widget_type=\"icon.default\">\n\t\t\t\t<div class=\"elementor-widget-container\">\n\t\t\t\t\t\t\t<div class=\"elementor-icon-wrapper\">\n\t\t\t<div class=\"elementor-icon\">\n\t\t\t<i aria-hidden=\"true\" class=\"fas fa-chalkboard-teacher\"><\/i>\t\t\t<\/div>\n\t\t<\/div>\n\t\t\t\t\t\t<\/div>\n\t\t\t\t<\/div>\n\t\t\t\t<\/div>\n\t\t<div class=\"elementor-element elementor-element-6acf9de e-con-full e-flex e-con e-child\" data-id=\"6acf9de\" data-element_type=\"container\">\n\t\t\t\t<div class=\"elementor-element elementor-element-5de574c elementor-widget elementor-widget-heading\" data-id=\"5de574c\" data-element_type=\"widget\" data-widget_type=\"heading.default\">\n\t\t\t\t<div class=\"elementor-widget-container\">\n\t\t\t\t\t<h3 class=\"elementor-heading-title elementor-size-default\">Practice:<\/h3>\t\t\t\t<\/div>\n\t\t\t\t<\/div>\n\t\t\t\t<div class=\"elementor-element elementor-element-b655edf elementor-widget elementor-widget-text-editor\" data-id=\"b655edf\" data-element_type=\"widget\" data-widget_type=\"text-editor.default\">\n\t\t\t\t<div class=\"elementor-widget-container\">\n\t\t\t\t\t\t\t\t\t<ul><li aria-level=\"1\"><h6>Status quo: How do we currently lift?<\/h6><\/li><li aria-level=\"1\"><h6>Update: How can we do it differently with existing resources?<\/h6><\/li><li aria-level=\"1\"><h6>Trying out new approaches<\/h6><\/li><\/ul>\t\t\t\t\t\t\t\t<\/div>\n\t\t\t\t<\/div>\n\t\t\t\t<\/div>\n\t\t\t\t<\/div>\n\t\t\t\t\t<\/div>\n\t\t\t\t<\/div>\n\t\t<div class=\"elementor-element elementor-element-0f69669 e-flex e-con-boxed e-con e-parent\" data-id=\"0f69669\" data-element_type=\"container\">\n\t\t\t\t\t<div class=\"e-con-inner\">\n\t\t\t\t<div class=\"elementor-element elementor-element-1960776 elementor-widget elementor-widget-text-editor\" data-id=\"1960776\" data-element_type=\"widget\" data-widget_type=\"text-editor.default\">\n\t\t\t\t<div class=\"elementor-widget-container\">\n\t\t\t\t\t\t\t\t\t<h4><span style=\"color: #000000;\">Essential for every company<\/span><\/h4>\n<p><span style=\"color: #000000;\">Essential for any company where loads are moved manually in order to improve employee health protection. Have your employees trained by our experienced **health experts**!<\/span><\/p>\n<h4><span style=\"color: #000000;\">Nationwide training courses<\/span><\/h4>\n<p><span style=\"color: #000000;\">We are at your service throughout Germany. Regardless of whether a company is in Hamburg, Frankfurt, Cologne, Berlin, Leipzig, Munich or Stuttgart, we will train you personally on site (also applies to locations not mentioned here).<br><\/span><\/p>\t\t\t\t\t\t\t\t<\/div>\n\t\t\t\t<\/div>\n\t\t\t\t\t<\/div>\n\t\t\t\t<\/div>\n\t\t<div class=\"elementor-element elementor-element-05013fc e-flex e-con-boxed e-con e-parent\" data-id=\"05013fc\" data-element_type=\"container\">\n\t\t\t\t\t<div class=\"e-con-inner\">\n\t\t\t\t<div class=\"elementor-element elementor-element-3e4e8fd elementor-widget elementor-widget-button\" data-id=\"3e4e8fd\" data-element_type=\"widget\" data-widget_type=\"button.default\">\n\t\t\t\t<div class=\"elementor-widget-container\">\n\t\t\t\t\t\t\t\t\t<div class=\"elementor-button-wrapper\">\n\t\t\t\t\t<a class=\"elementor-button elementor-button-link elementor-size-sm\" href=\"https:\/\/hs-experts.com\/en\/angebot-anfordern\/?utm_source=headerbutton&#038;utm_medium=headerbutton&#038;utm_campaign=headerbutton&#038;utm_id=headerbutton\" id=\"AngebotLastenhandhabung\">\n\t\t\t\t\t\t<span class=\"elementor-button-content-wrapper\">\n\t\t\t\t\t\t<span class=\"elementor-button-icon\">\n\t\t\t\t<i aria-hidden=\"true\" class=\"fas fa-paper-plane\"><\/i>\t\t\t<\/span>\n\t\t\t\t\t\t\t\t\t<span class=\"elementor-button-text\">Request a quote<\/span>\n\t\t\t\t\t<\/span>\n\t\t\t\t\t<\/a>\n\t\t\t\t<\/div>\n\t\t\t\t\t\t\t\t<\/div>\n\t\t\t\t<\/div>\n\t\t\t\t\t<\/div>\n\t\t\t\t<\/div>\n\t\t\t\t<\/div>","protected":false},"excerpt":{"rendered":"<p>Would you like to support your employees in an appreciative and preventative way? Are you looking for a modern and sustainable training programme for physically fit work to raise awareness of physically fit work and prevent stress-related illnesses? Then you've come to the right place! Our \"Manual load handling\" training course Our manual load handling training course is specially designed to provide your employees with practical and [...]<\/p>","protected":false},"author":4,"featured_media":0,"parent":0,"menu_order":0,"comment_status":"closed","ping_status":"closed","template":"elementor_header_footer","meta":{"inline_featured_image":false,"footnotes":""},"class_list":["post-27139","page","type-page","status-publish","hentry"],"yoast_head":"<!-- This site is optimized with the Yoast SEO plugin v25.3 - https:\/\/yoast.com\/wordpress\/plugins\/seo\/ -->\n<title>Lastenhandhabung - HEALTH &amp; SAFETY EXPERTS<\/title>\n<meta name=\"description\" content=\"Entdecke unsere Schulung zur manuellen Lastenhandhabung und f\u00f6rdere pr\u00e4ventiv deine Mitarbeiter*innen. Erlerne k\u00f6rpergerechtes Arbeiten &amp; beuge belastungsbedingten Erkrankungen vor. Jetzt informieren!\" \/>\n<meta name=\"robots\" content=\"index, follow, max-snippet:-1, max-image-preview:large, max-video-preview:-1\" \/>\n<link rel=\"canonical\" href=\"https:\/\/hs-experts.com\/en\/manuelle-lastenhandhabung-schulung\/\" \/>\n<meta property=\"og:locale\" content=\"en_GB\" \/>\n<meta property=\"og:type\" content=\"article\" \/>\n<meta property=\"og:title\" content=\"Lastenhandhabung - HEALTH &amp; SAFETY EXPERTS\" \/>\n<meta property=\"og:description\" content=\"Entdecke unsere Schulung zur manuellen Lastenhandhabung und f\u00f6rdere pr\u00e4ventiv deine Mitarbeiter*innen. Erlerne k\u00f6rpergerechtes Arbeiten &amp; beuge belastungsbedingten Erkrankungen vor. Jetzt informieren!\" \/>\n<meta property=\"og:url\" content=\"https:\/\/hs-experts.com\/en\/manuelle-lastenhandhabung-schulung\/\" \/>\n<meta property=\"og:site_name\" content=\"HEALTH &amp; SAFETY EXPERTS\" \/>\n<meta property=\"article:modified_time\" content=\"2025-07-09T07:56:14+00:00\" \/>\n<meta name=\"twitter:card\" content=\"summary_large_image\" \/>\n<meta name=\"twitter:label1\" content=\"Estimated reading time\" \/>\n\t<meta name=\"twitter:data1\" content=\"2 minutes\" \/>\n<script type=\"application\/ld+json\" class=\"yoast-schema-graph\">{\"@context\":\"https:\/\/schema.org\",\"@graph\":[{\"@type\":\"WebPage\",\"@id\":\"https:\/\/hs-experts.com\/manuelle-lastenhandhabung-schulung\/\",\"url\":\"https:\/\/hs-experts.com\/manuelle-lastenhandhabung-schulung\/\",\"name\":\"Lastenhandhabung - HEALTH &amp; SAFETY EXPERTS\",\"isPartOf\":{\"@id\":\"https:\/\/hs-experts.com\/#website\"},\"datePublished\":\"2025-05-26T14:21:28+00:00\",\"dateModified\":\"2025-07-09T07:56:14+00:00\",\"description\":\"Entdecke unsere Schulung zur manuellen Lastenhandhabung und f\u00f6rdere pr\u00e4ventiv deine Mitarbeiter*innen. Erlerne k\u00f6rpergerechtes Arbeiten & beuge belastungsbedingten Erkrankungen vor. Jetzt informieren!\",\"breadcrumb\":{\"@id\":\"https:\/\/hs-experts.com\/manuelle-lastenhandhabung-schulung\/#breadcrumb\"},\"inLanguage\":\"en-GB\",\"potentialAction\":[{\"@type\":\"ReadAction\",\"target\":[\"https:\/\/hs-experts.com\/manuelle-lastenhandhabung-schulung\/\"]}]},{\"@type\":\"BreadcrumbList\",\"@id\":\"https:\/\/hs-experts.com\/manuelle-lastenhandhabung-schulung\/#breadcrumb\",\"itemListElement\":[{\"@type\":\"ListItem\",\"position\":1,\"name\":\"Home\",\"item\":\"https:\/\/hs-experts.com\/\"},{\"@type\":\"ListItem\",\"position\":2,\"name\":\"Lastenhandhabung\"}]},{\"@type\":\"WebSite\",\"@id\":\"https:\/\/hs-experts.com\/#website\",\"url\":\"https:\/\/hs-experts.com\/\",\"name\":\"HEALTH &amp; SAFETY EXPERTS\",\"description\":\"\",\"potentialAction\":[{\"@type\":\"SearchAction\",\"target\":{\"@type\":\"EntryPoint\",\"urlTemplate\":\"https:\/\/hs-experts.com\/?s={search_term_string}\"},\"query-input\":{\"@type\":\"PropertyValueSpecification\",\"valueRequired\":true,\"valueName\":\"search_term_string\"}}],\"inLanguage\":\"en-GB\"}]}<\/script>\n<!-- \/ Yoast SEO plugin. -->","yoast_head_json":{"title":"Lastenhandhabung - HEALTH &amp; SAFETY EXPERTS","description":"Entdecke unsere Schulung zur manuellen Lastenhandhabung und f\u00f6rdere pr\u00e4ventiv deine Mitarbeiter*innen. Erlerne k\u00f6rpergerechtes Arbeiten & beuge belastungsbedingten Erkrankungen vor. Jetzt informieren!","robots":{"index":"index","follow":"follow","max-snippet":"max-snippet:-1","max-image-preview":"max-image-preview:large","max-video-preview":"max-video-preview:-1"},"canonical":"https:\/\/hs-experts.com\/en\/manuelle-lastenhandhabung-schulung\/","og_locale":"en_GB","og_type":"article","og_title":"Lastenhandhabung - HEALTH &amp; SAFETY EXPERTS","og_description":"Entdecke unsere Schulung zur manuellen Lastenhandhabung und f\u00f6rdere pr\u00e4ventiv deine Mitarbeiter*innen. Erlerne k\u00f6rpergerechtes Arbeiten & beuge belastungsbedingten Erkrankungen vor. Jetzt informieren!","og_url":"https:\/\/hs-experts.com\/en\/manuelle-lastenhandhabung-schulung\/","og_site_name":"HEALTH &amp; SAFETY EXPERTS","article_modified_time":"2025-07-09T07:56:14+00:00","twitter_card":"summary_large_image","twitter_misc":{"Estimated reading time":"2 minutes"},"schema":{"@context":"https:\/\/schema.org","@graph":[{"@type":"WebPage","@id":"https:\/\/hs-experts.com\/manuelle-lastenhandhabung-schulung\/","url":"https:\/\/hs-experts.com\/manuelle-lastenhandhabung-schulung\/","name":"Lastenhandhabung - HEALTH &amp; SAFETY EXPERTS","isPartOf":{"@id":"https:\/\/hs-experts.com\/#website"},"datePublished":"2025-05-26T14:21:28+00:00","dateModified":"2025-07-09T07:56:14+00:00","description":"Entdecke unsere Schulung zur manuellen Lastenhandhabung und f\u00f6rdere pr\u00e4ventiv deine Mitarbeiter*innen. Erlerne k\u00f6rpergerechtes Arbeiten & beuge belastungsbedingten Erkrankungen vor. Jetzt informieren!","breadcrumb":{"@id":"https:\/\/hs-experts.com\/manuelle-lastenhandhabung-schulung\/#breadcrumb"},"inLanguage":"en-GB","potentialAction":[{"@type":"ReadAction","target":["https:\/\/hs-experts.com\/manuelle-lastenhandhabung-schulung\/"]}]},{"@type":"BreadcrumbList","@id":"https:\/\/hs-experts.com\/manuelle-lastenhandhabung-schulung\/#breadcrumb","itemListElement":[{"@type":"ListItem","position":1,"name":"Home","item":"https:\/\/hs-experts.com\/"},{"@type":"ListItem","position":2,"name":"Lastenhandhabung"}]},{"@type":"WebSite","@id":"https:\/\/hs-experts.com\/#website","url":"https:\/\/hs-experts.com\/","name":"HEALTH &amp; SAFETY EXPERTS","description":"","potentialAction":[{"@type":"SearchAction","target":{"@type":"EntryPoint","urlTemplate":"https:\/\/hs-experts.com\/?s={search_term_string}"},"query-input":{"@type":"PropertyValueSpecification","valueRequired":true,"valueName":"search_term_string"}}],"inLanguage":"en-GB"}]}},"_hostinger_reach_plugin_has_subscription_block":false,"_hostinger_reach_plugin_is_elementor":false,"_links":{"self":[{"href":"https:\/\/hs-experts.com\/en\/wp-json\/wp\/v2\/pages\/27139","targetHints":{"allow":["GET"]}}],"collection":[{"href":"https:\/\/hs-experts.com\/en\/wp-json\/wp\/v2\/pages"}],"about":[{"href":"https:\/\/hs-experts.com\/en\/wp-json\/wp\/v2\/types\/page"}],"author":[{"embeddable":true,"href":"https:\/\/hs-experts.com\/en\/wp-json\/wp\/v2\/users\/4"}],"replies":[{"embeddable":true,"href":"https:\/\/hs-experts.com\/en\/wp-json\/wp\/v2\/comments?post=27139"}],"version-history":[{"count":70,"href":"https:\/\/hs-experts.com\/en\/wp-json\/wp\/v2\/pages\/27139\/revisions"}],"predecessor-version":[{"id":28978,"href":"https:\/\/hs-experts.com\/en\/wp-json\/wp\/v2\/pages\/27139\/revisions\/28978"}],"wp:attachment":[{"href":"https:\/\/hs-experts.com\/en\/wp-json\/wp\/v2\/media?parent=27139"}],"curies":[{"name":"wp","href":"https:\/\/api.w.org\/{rel}","templated":true}]}}