{"id":28443,"date":"2025-05-26T15:04:36","date_gmt":"2025-05-26T15:04:36","guid":{"rendered":"https:\/\/hs-experts.com\/?page_id=28443"},"modified":"2025-07-15T10:32:43","modified_gmt":"2025-07-15T10:32:43","slug":"krisenmanagement-arbeitsunfall","status":"publish","type":"page","link":"https:\/\/hs-experts.com\/en\/krisenmanagement-arbeitsunfall\/","title":{"rendered":"Crisis management"},"content":{"rendered":"<div data-elementor-type=\"wp-page\" data-elementor-id=\"28443\" class=\"elementor elementor-28443\" data-elementor-post-type=\"page\">\n\t\t\t\t<div class=\"elementor-element elementor-element-6c0013 e-flex e-con-boxed e-con e-parent\" data-id=\"6c0013\" data-element_type=\"container\" data-settings=\"{&quot;background_background&quot;:&quot;classic&quot;}\">\n\t\t\t\t\t<div class=\"e-con-inner\">\n\t\t\t\t\t<\/div>\n\t\t\t\t<\/div>\n\t\t<div class=\"elementor-element elementor-element-1b2706a8 e-flex e-con-boxed e-con e-parent\" data-id=\"1b2706a8\" data-element_type=\"container\">\n\t\t\t\t\t<div class=\"e-con-inner\">\n\t\t<div class=\"elementor-element elementor-element-38bbb406 e-con-full e-flex e-con e-child\" data-id=\"38bbb406\" data-element_type=\"container\">\n\t\t\t\t<div class=\"elementor-element elementor-element-6b8ff658 elementor-widget elementor-widget-heading\" data-id=\"6b8ff658\" data-element_type=\"widget\" data-widget_type=\"heading.default\">\n\t\t\t\t<div class=\"elementor-widget-container\">\n\t\t\t\t\t<h2 class=\"elementor-heading-title elementor-size-default\">Crisis management in the event of serious or fatal accidents at work \n<\/h2>\t\t\t\t<\/div>\n\t\t\t\t<\/div>\n\t\t\t\t<div class=\"elementor-element elementor-element-31ce4acf elementor-widget elementor-widget-text-editor\" data-id=\"31ce4acf\" data-element_type=\"widget\" data-widget_type=\"text-editor.default\">\n\t\t\t\t<div class=\"elementor-widget-container\">\n\t\t\t\t\t\t\t\t\t<h6><span style=\"color: #000000;\"><span style=\"font-weight: 400;\">A serious or fatal accident at work is an absolutely exceptional situation for any company. In addition to the emotional stress for colleagues<\/span><i><span style=\"font-weight: 400;\">, <\/span><\/i><span style=\"font-weight: 400;\">Supervisors and family members face numerous organisational, legal and medical\/psychological challenges. Effective crisis management is essential in this critical phase - ideally in close cooperation with experienced experts, safety engineers, company doctors and psychological specialists.<br \/><\/span><\/span><\/h6><h6><span style=\"color: #000000;\"><b>HSE Health &amp; Safety Experts GmbH Berlin is a strong partner at your side - fast, experienced and solution-orientated.<\/b><\/span><\/h6>\t\t\t\t\t\t\t\t<\/div>\n\t\t\t\t<\/div>\n\t\t\t\t<\/div>\n\t\t\t\t\t<\/div>\n\t\t\t\t<\/div>\n\t\t<div class=\"elementor-element elementor-element-e6b65dc e-grid e-con-boxed e-con e-parent\" data-id=\"e6b65dc\" data-element_type=\"container\">\n\t\t\t\t\t<div class=\"e-con-inner\">\n\t\t\t\t<div class=\"elementor-element elementor-element-e665b53 elementor-widget elementor-widget-text-editor\" data-id=\"e665b53\" data-element_type=\"widget\" data-widget_type=\"text-editor.default\">\n\t\t\t\t<div class=\"elementor-widget-container\">\n\t\t\t\t\t\t\t\t\t<h3><span style=\"font-weight: 400;\">Why is professional crisis management so important?<\/span><\/h3><p><span style=\"font-weight: 400;\">A serious accident at work can have serious consequences:<\/span><\/p><ul><li style=\"font-weight: 400;\" aria-level=\"1\"><span style=\"font-weight: 400;\">Investigations by the police, employers' liability insurance association and labour inspectorate<\/span><\/li><li style=\"font-weight: 400;\" aria-level=\"1\"><span style=\"font-weight: 400;\">Decommissioning of machines, systems or construction sites<\/span><\/li><li style=\"font-weight: 400;\" aria-level=\"1\"><span style=\"font-weight: 400;\">Mental stress and uncertainty among the workforce<\/span><\/li><li style=\"font-weight: 400;\" aria-level=\"1\"><span style=\"font-weight: 400;\"><span style=\"font-weight: 400;\">High costs due to production losses, recourse claims or legal proceedings<\/span><\/span><p>\u00a0<\/p><\/li><\/ul><p><b>In moments like these, it's not chance that counts - but a reliable partner:<\/b><\/p><p><b>HSE Health &amp; Safety Experts GmbH from Berlin<\/b><span style=\"font-weight: 400;\"> provides support from the very first minute with structured, legally compliant and medically sound crisis management.<\/span><\/p>\t\t\t\t\t\t\t\t<\/div>\n\t\t\t\t<\/div>\n\t\t\t\t<div class=\"elementor-element elementor-element-e04aee5 elementor-view-stacked elementor-shape-circle elementor-widget elementor-widget-icon\" data-id=\"e04aee5\" data-element_type=\"widget\" data-widget_type=\"icon.default\">\n\t\t\t\t<div class=\"elementor-widget-container\">\n\t\t\t\t\t\t\t<div class=\"elementor-icon-wrapper\">\n\t\t\t<div class=\"elementor-icon\">\n\t\t\t<i aria-hidden=\"true\" class=\"fas fa-exclamation-triangle\"><\/i>\t\t\t<\/div>\n\t\t<\/div>\n\t\t\t\t\t\t<\/div>\n\t\t\t\t<\/div>\n\t\t\t\t<div class=\"elementor-element elementor-element-89b975a elementor-widget elementor-widget-text-editor\" data-id=\"89b975a\" data-element_type=\"widget\" data-widget_type=\"text-editor.default\">\n\t\t\t\t<div class=\"elementor-widget-container\">\n\t\t\t\t\t\t\t\t\t<h3><span style=\"font-weight: 400;\">Advantages of working with the Health &amp; Safety Experts\u00a0<\/span><\/h3>\n<ul>\n \t<li style=\"font-weight: 400;\" aria-level=\"1\"><b>Proximity &amp; availability<\/b><span style=\"font-weight: 400;\">: Fast response time thanks to a strong network of experts in your area<\/span><\/li>\n\n<br>\n \t<li style=\"font-weight: 400;\" aria-level=\"1\"><b>Multidisciplinary team of experts<\/b><span style=\"font-weight: 400;\">Safety engineers, company doctors, psychologists and other HSE specialists<\/span><\/li>\n<br>\n \t<li style=\"font-weight: 400;\" aria-level=\"1\"><b>Experience from over 200 crisis operations<\/b><span style=\"font-weight: 400;\"> in Industry, Construction, Administration &amp; Services<\/span><\/li>\n<br>\n \t<li style=\"font-weight: 400;\" aria-level=\"1\"><b>State-of-the-art support solutions<\/b><span style=\"font-weight: 400;\"> incl. telemedicine &amp; digital crisis management<\/span><\/li>\n<br>\n<li style=\"font-weight: 400;\" aria-level=\"1\">\n<b>Legal certainty<\/b><span style=\"font-weight: 400;\">Support with communication with authorities and employers' liability insurance associations<\/span><span style=\"font-weight: 400;\">\n<\/span>\n<\/ul>\n\t\t\t\t\t\t\t\t<\/div>\n\t\t\t\t<\/div>\n\t\t\t\t\t<\/div>\n\t\t\t\t<\/div>\n\t\t<div class=\"elementor-element elementor-element-b168dff e-flex e-con-boxed e-con e-parent\" data-id=\"b168dff\" data-element_type=\"container\">\n\t\t\t\t\t<div class=\"e-con-inner\">\n\t\t\t\t<div class=\"elementor-element elementor-element-a829334 elementor-widget elementor-widget-text-editor\" data-id=\"a829334\" data-element_type=\"widget\" data-widget_type=\"text-editor.default\">\n\t\t\t\t<div class=\"elementor-widget-container\">\n\t\t\t\t\t\t\t\t\t<h3><span style=\"font-weight: 400;\">Our services at a glance - Crisis management by HSE Berlin<\/span><\/h3>\t\t\t\t\t\t\t\t<\/div>\n\t\t\t\t<\/div>\n\t\t\t\t\t<\/div>\n\t\t\t\t<\/div>\n\t\t<div class=\"elementor-element elementor-element-8b12768 e-grid e-con-boxed e-con e-parent\" data-id=\"8b12768\" data-element_type=\"container\">\n\t\t\t\t\t<div class=\"e-con-inner\">\n\t\t\t\t<div class=\"elementor-element elementor-element-d01b13d elementor-widget elementor-widget-text-editor\" data-id=\"d01b13d\" data-element_type=\"widget\" data-widget_type=\"text-editor.default\">\n\t\t\t\t<div class=\"elementor-widget-container\">\n\t\t\t\t\t\t\t\t\t<h4><span style=\"font-weight: 400;\">1. acute measures after the accident<\/span><\/h4>\n<ul>\n \t<li style=\"font-weight: 400;\" aria-level=\"1\"><span style=\"font-weight: 400;\">Securing the scene of the accident<\/span><\/li>\n<br>\n \t<li style=\"font-weight: 400;\" aria-level=\"1\"><span style=\"font-weight: 400;\">Coordination with authorities, police, BG &amp; experts<\/span><\/li>\n<br>\n \t<li style=\"font-weight: 400;\" aria-level=\"1\"><span style=\"font-weight: 400;\">Compliance with all statutory reporting obligations<\/span><\/li>\n<\/ul>\t\t\t\t\t\t\t\t<\/div>\n\t\t\t\t<\/div>\n\t\t\t\t<div class=\"elementor-element elementor-element-2bc03ee elementor-widget elementor-widget-text-editor\" data-id=\"2bc03ee\" data-element_type=\"widget\" data-widget_type=\"text-editor.default\">\n\t\t\t\t<div class=\"elementor-widget-container\">\n\t\t\t\t\t\t\t\t\t<h4><span style=\"font-weight: 400;\">2. analysis &amp; documentation<\/span><\/h4>\n<ul>\n \t<li style=\"font-weight: 400;\" aria-level=\"1\"><span style=\"font-weight: 400;\">Complete clarification of the course of the accident<\/span>&nbsp;<\/li>\n<br>\n \t<li style=\"font-weight: 400;\" aria-level=\"1\"><span style=\"font-weight: 400;\">GAP analysis: Checking legally compliant documentation<\/span>&nbsp;<\/li>\n<br>\n     <li style=\"font-weight: 400;\" aria-level=\"1\"><span style=\"font-weight: 400;\">Derivation of specific preventive measures<\/span>&nbsp;<\/li>\n<\/ul>\t\t\t\t\t\t\t\t<\/div>\n\t\t\t\t<\/div>\n\t\t\t\t<div class=\"elementor-element elementor-element-4f015d7 elementor-widget elementor-widget-text-editor\" data-id=\"4f015d7\" data-element_type=\"widget\" data-widget_type=\"text-editor.default\">\n\t\t\t\t<div class=\"elementor-widget-container\">\n\t\t\t\t\t\t\t\t\t<h4><span style=\"font-weight: 400;\">3. psychological and psychosomatic care<\/span><\/h4><ul><li style=\"font-weight: 400;\" aria-level=\"1\"><span style=\"font-weight: 400;\">Organisation of psychological first aid<\/span><p>\u00a0<\/p><\/li><li style=\"font-weight: 400;\" aria-level=\"1\"><span style=\"font-weight: 400;\">Telemedical connection to a specialist in psychiatry<\/span><p>\u00a0<\/p><\/li><li style=\"font-weight: 400;\" aria-level=\"1\"><span style=\"font-weight: 400;\">Support from the company doctor and medical network<\/span><\/li><\/ul>\t\t\t\t\t\t\t\t<\/div>\n\t\t\t\t<\/div>\n\t\t\t\t<div class=\"elementor-element elementor-element-339b88e elementor-widget elementor-widget-text-editor\" data-id=\"339b88e\" data-element_type=\"widget\" data-widget_type=\"text-editor.default\">\n\t\t\t\t<div class=\"elementor-widget-container\">\n\t\t\t\t\t\t\t\t\t<h4><span style=\"font-weight: 400;\">4. prevention &amp; re-entry<\/span><\/h4><ul><li style=\"font-weight: 400;\" aria-level=\"1\"><span style=\"font-weight: 400;\">Creation or optimisation of your emergency and crisis plans<\/span><span style=\"font-weight: 400;\"><br \/><br \/><\/span><\/li><li style=\"font-weight: 400;\" aria-level=\"1\"><span style=\"font-weight: 400;\">Implementation of instructions &amp; risk assessments<\/span><span style=\"font-weight: 400;\"><br \/><br \/><\/span><\/li><li style=\"font-weight: 400;\" aria-level=\"1\"><span style=\"font-weight: 400;\">Psychosocial support for reintegration into the company<\/span><\/li><\/ul>\t\t\t\t\t\t\t\t<\/div>\n\t\t\t\t<\/div>\n\t\t\t\t\t<\/div>\n\t\t\t\t<\/div>\n\t\t<div class=\"elementor-element elementor-element-a520285 e-flex e-con-boxed e-con e-parent\" data-id=\"a520285\" data-element_type=\"container\">\n\t\t\t\t\t<div class=\"e-con-inner\">\n\t\t<div class=\"elementor-element elementor-element-ca81115 e-con-full e-flex e-con e-child\" data-id=\"ca81115\" data-element_type=\"container\">\n\t\t\t\t<div class=\"elementor-element elementor-element-212b946 elementor-widget elementor-widget-text-editor\" data-id=\"212b946\" data-element_type=\"widget\" data-widget_type=\"text-editor.default\">\n\t\t\t\t<div class=\"elementor-widget-container\">\n\t\t\t\t\t\t\t\t\t<h3><b>Central role of company doctors in the care of employees in the event of a crisis<\/b><\/h3>\t\t\t\t\t\t\t\t<\/div>\n\t\t\t\t<\/div>\n\t\t\t\t<\/div>\n\t\t<div class=\"elementor-element elementor-element-101a0cf e-con-full e-flex e-con e-child\" data-id=\"101a0cf\" data-element_type=\"container\">\n\t\t\t\t<div class=\"elementor-element elementor-element-e474507 elementor-widget elementor-widget-text-editor\" data-id=\"e474507\" data-element_type=\"widget\" data-widget_type=\"text-editor.default\">\n\t\t\t\t<div class=\"elementor-widget-container\">\n\t\t\t\t\t\t\t\t\t<p><span style=\"font-weight: 400;\">The company doctor is a key pillar in the medical and psychosocial management of accidents at work:<\/span><\/p><ul><li style=\"font-weight: 400;\" aria-level=\"1\"><span style=\"font-weight: 400;\">Medical assessment and care of affected persons<\/span><\/li><li style=\"font-weight: 400;\" aria-level=\"1\"><span style=\"font-weight: 400;\">Psychological support for affected colleagues<\/span><\/li><li style=\"font-weight: 400;\" aria-level=\"1\"><span style=\"font-weight: 400;\">Support with reintegration<\/span><\/li><li style=\"font-weight: 400;\" aria-level=\"1\"><span style=\"font-weight: 400;\">Preventive counselling to avoid future risks<\/span><\/li><\/ul><p><span style=\"font-weight: 400;\">Our team of HSE experts works hand in hand with your company doctors - in a coordinated, empathetic and goal-orientated manner.<\/span><\/p>\t\t\t\t\t\t\t\t<\/div>\n\t\t\t\t<\/div>\n\t\t\t\t<\/div>\n\t\t\t\t\t<\/div>\n\t\t\t\t<\/div>\n\t\t<div class=\"elementor-element elementor-element-1737855 e-flex e-con-boxed e-con e-parent\" data-id=\"1737855\" data-element_type=\"container\">\n\t\t\t\t\t<div class=\"e-con-inner\">\n\t\t<div class=\"elementor-element elementor-element-715c1b0 e-con-full e-flex e-con e-child\" data-id=\"715c1b0\" data-element_type=\"container\">\n\t\t\t\t<div class=\"elementor-element elementor-element-35f1388 elementor-widget elementor-widget-text-editor\" data-id=\"35f1388\" data-element_type=\"widget\" data-widget_type=\"text-editor.default\">\n\t\t\t\t<div class=\"elementor-widget-container\">\n\t\t\t\t\t\t\t\t\t<p><span style=\"font-weight: 400;\">Many employees develop <\/span><b>only days or weeks after an accident<\/b><span style=\"font-weight: 400;\"> Psychosomatic complaints, e.g:<\/span><\/p><ul><li style=\"font-weight: 400;\" aria-level=\"1\"><p>Sleep disorders, anxiety, depressive episodes<\/p><\/li><li>Concentration problems or physical complaints without findings<\/li><\/ul>\t\t\t\t\t\t\t\t<\/div>\n\t\t\t\t<\/div>\n\t\t\t\t<\/div>\n\t\t<div class=\"elementor-element elementor-element-f6ba8c0 e-con-full e-flex e-con e-child\" data-id=\"f6ba8c0\" data-element_type=\"container\">\n\t\t\t\t<div class=\"elementor-element elementor-element-87bd03c elementor-widget elementor-widget-text-editor\" data-id=\"87bd03c\" data-element_type=\"widget\" data-widget_type=\"text-editor.default\">\n\t\t\t\t<div class=\"elementor-widget-container\">\n\t\t\t\t\t\t\t\t\t<h3><b>Psychosomatic care by psychiatrists and experienced carers - available immediately via telemedicine<\/b><\/h3>\t\t\t\t\t\t\t\t<\/div>\n\t\t\t\t<\/div>\n\t\t\t\t<\/div>\n\t\t\t\t\t<\/div>\n\t\t\t\t<\/div>\n\t\t<div class=\"elementor-element elementor-element-4ac4df7 e-flex e-con-boxed e-con e-parent\" data-id=\"4ac4df7\" data-element_type=\"container\">\n\t\t\t\t\t<div class=\"e-con-inner\">\n\t\t\t\t<div class=\"elementor-element elementor-element-79d85af elementor-widget elementor-widget-heading\" data-id=\"79d85af\" data-element_type=\"widget\" data-widget_type=\"heading.default\">\n\t\t\t\t<div class=\"elementor-widget-container\">\n\t\t\t\t\t<h3 class=\"elementor-heading-title elementor-size-default\">HSE Health &amp; Safety Experts GmbH Berlin offers<\/h3>\t\t\t\t<\/div>\n\t\t\t\t<\/div>\n\t\t\t\t\t<\/div>\n\t\t\t\t<\/div>\n\t\t<div class=\"elementor-element elementor-element-546c4e0 e-flex e-con-boxed e-con e-parent\" data-id=\"546c4e0\" data-element_type=\"container\">\n\t\t\t\t\t<div class=\"e-con-inner\">\n\t\t<div class=\"elementor-element elementor-element-5a12800 e-con-full e-flex e-con e-child\" data-id=\"5a12800\" data-element_type=\"container\">\n\t\t\t\t<div class=\"elementor-element elementor-element-7728d8f elementor-widget elementor-widget-text-editor\" data-id=\"7728d8f\" data-element_type=\"widget\" data-widget_type=\"text-editor.default\">\n\t\t\t\t<div class=\"elementor-widget-container\">\n\t\t\t\t\t\t\t\t\t<h3><b>Digital help with expertise:<\/b><\/h3>\t\t\t\t\t\t\t\t<\/div>\n\t\t\t\t<\/div>\n\t\t\t\t<\/div>\n\t\t<div class=\"elementor-element elementor-element-1128b27 e-con-full e-flex e-con e-child\" data-id=\"1128b27\" data-element_type=\"container\">\n\t\t\t\t<div class=\"elementor-element elementor-element-b48f41a elementor-widget elementor-widget-text-editor\" data-id=\"b48f41a\" data-element_type=\"widget\" data-widget_type=\"text-editor.default\">\n\t\t\t\t<div class=\"elementor-widget-container\">\n\t\t\t\t\t\t\t\t\t<ul>\n \t<li style=\"font-weight: 400;\" aria-level=\"1\"><b>Telemedical consultations with psychiatrists<\/b><span style=\"font-weight: 400;\"> - Fast and location-independent<\/span><\/li>\n \t<li style=\"font-weight: 400;\" aria-level=\"1\"><b>Anonymous and low-threshold help services<\/b><span style=\"font-weight: 400;\"> for affected employees<\/span><\/li>\n \t<li style=\"font-weight: 400;\" aria-level=\"1\"><b>Secure communication and data protection according to GDPR<\/b><\/li>\n \t<li style=\"font-weight: 400;\" aria-level=\"1\"><b>Feedback with the company doctor<\/b><span style=\"font-weight: 400;\"> for sustainable reintegration (on request)<\/span><\/li>\n<\/ul>\n<br>\n<span style=\"font-weight: 400;\">This means your employees receive support at an early stage - without long waiting times.<\/span>\t\t\t\t\t\t\t\t<\/div>\n\t\t\t\t<\/div>\n\t\t\t\t<\/div>\n\t\t\t\t\t<\/div>\n\t\t\t\t<\/div>\n\t\t<div class=\"elementor-element elementor-element-1757473 e-flex e-con-boxed e-con e-parent\" data-id=\"1757473\" data-element_type=\"container\">\n\t\t\t\t\t<div class=\"e-con-inner\">\n\t\t\t\t<div class=\"elementor-element elementor-element-08b6f45 elementor-widget elementor-widget-text-editor\" data-id=\"08b6f45\" data-element_type=\"widget\" data-widget_type=\"text-editor.default\">\n\t\t\t\t<div class=\"elementor-widget-container\">\n\t\t\t\t\t\t\t\t\t<h3><span style=\"font-weight: 400;\">With HSE confidently through the crisis<\/span><\/h3><p><span style=\"font-weight: 400;\">A serious accident at work brings many unknowns - but <\/span><b>with HSE Health &amp; Safety Experts GmbH Berlin<\/b><span style=\"font-weight: 400;\"> you stay in control at your side. We are available immediately, act with legal certainty, are medically sound and have a human touch. Together with the occupational physicians and a proven network of medical specialists and therapists, we ensure safety, stability and sustainable prevention.<\/span><\/p><p><b>Contact us now at HSE Health &amp; Safety Experts GmbH - your experts for crisis management in Berlin and nationwide.<\/b><\/p>\t\t\t\t\t\t\t\t<\/div>\n\t\t\t\t<\/div>\n\t\t\t\t\t<\/div>\n\t\t\t\t<\/div>\n\t\t\t\t<\/div>","protected":false},"excerpt":{"rendered":"<p>Crisis management in the event of serious or fatal accidents at work A serious or fatal accident at work is an absolutely exceptional situation for any company. In addition to the emotional stress for colleagues, superiors and relatives, there are numerous organisational, legal and medical-psychological challenges. In this critical phase, effective crisis management is essential - ideally in close cooperation with experienced experts, safety engineers, company doctors and [...]<\/p>","protected":false},"author":4,"featured_media":0,"parent":0,"menu_order":0,"comment_status":"closed","ping_status":"closed","template":"elementor_header_footer","meta":{"inline_featured_image":false,"footnotes":""},"class_list":["post-28443","page","type-page","status-publish","hentry"],"yoast_head":"<!-- This site is optimized with the Yoast SEO plugin v25.3 - https:\/\/yoast.com\/wordpress\/plugins\/seo\/ -->\n<title>Krisenmanagement - HEALTH &amp; SAFETY EXPERTS<\/title>\n<meta name=\"description\" content=\"Professionelles Krisenmanagement bei schweren Arbeitsunf\u00e4llen \u2013Dokumentenpr\u00fcfung, Unterst\u00fctzung des Unternehmens mit Betriebs\u00e4rzt*innen, Psycholog*innen &amp; Telemedizin. Schnell, rechtssicher &amp; menschlich\" \/>\n<meta name=\"robots\" content=\"index, follow, max-snippet:-1, max-image-preview:large, max-video-preview:-1\" \/>\n<link rel=\"canonical\" href=\"https:\/\/hs-experts.com\/en\/krisenmanagement-arbeitsunfall\/\" \/>\n<meta property=\"og:locale\" content=\"en_GB\" \/>\n<meta property=\"og:type\" content=\"article\" \/>\n<meta property=\"og:title\" content=\"Krisenmanagement - HEALTH &amp; SAFETY EXPERTS\" \/>\n<meta property=\"og:description\" content=\"Professionelles Krisenmanagement bei schweren Arbeitsunf\u00e4llen \u2013Dokumentenpr\u00fcfung, Unterst\u00fctzung des Unternehmens mit Betriebs\u00e4rzt*innen, Psycholog*innen &amp; Telemedizin. Schnell, rechtssicher &amp; menschlich\" \/>\n<meta property=\"og:url\" content=\"https:\/\/hs-experts.com\/en\/krisenmanagement-arbeitsunfall\/\" \/>\n<meta property=\"og:site_name\" content=\"HEALTH &amp; SAFETY EXPERTS\" \/>\n<meta property=\"article:modified_time\" content=\"2025-07-15T10:32:43+00:00\" \/>\n<meta name=\"twitter:card\" content=\"summary_large_image\" \/>\n<meta name=\"twitter:label1\" content=\"Estimated reading time\" \/>\n\t<meta name=\"twitter:data1\" content=\"3 minutes\" \/>\n<script type=\"application\/ld+json\" class=\"yoast-schema-graph\">{\"@context\":\"https:\/\/schema.org\",\"@graph\":[{\"@type\":\"WebPage\",\"@id\":\"https:\/\/hs-experts.com\/krisenmanagement-arbeitsunfall\/\",\"url\":\"https:\/\/hs-experts.com\/krisenmanagement-arbeitsunfall\/\",\"name\":\"Krisenmanagement - HEALTH &amp; SAFETY EXPERTS\",\"isPartOf\":{\"@id\":\"https:\/\/hs-experts.com\/#website\"},\"datePublished\":\"2025-05-26T15:04:36+00:00\",\"dateModified\":\"2025-07-15T10:32:43+00:00\",\"description\":\"Professionelles Krisenmanagement bei schweren Arbeitsunf\u00e4llen \u2013Dokumentenpr\u00fcfung, Unterst\u00fctzung des Unternehmens mit Betriebs\u00e4rzt*innen, Psycholog*innen & Telemedizin. Schnell, rechtssicher & menschlich\",\"breadcrumb\":{\"@id\":\"https:\/\/hs-experts.com\/krisenmanagement-arbeitsunfall\/#breadcrumb\"},\"inLanguage\":\"en-GB\",\"potentialAction\":[{\"@type\":\"ReadAction\",\"target\":[\"https:\/\/hs-experts.com\/krisenmanagement-arbeitsunfall\/\"]}]},{\"@type\":\"BreadcrumbList\",\"@id\":\"https:\/\/hs-experts.com\/krisenmanagement-arbeitsunfall\/#breadcrumb\",\"itemListElement\":[{\"@type\":\"ListItem\",\"position\":1,\"name\":\"Home\",\"item\":\"https:\/\/hs-experts.com\/\"},{\"@type\":\"ListItem\",\"position\":2,\"name\":\"Krisenmanagement\"}]},{\"@type\":\"WebSite\",\"@id\":\"https:\/\/hs-experts.com\/#website\",\"url\":\"https:\/\/hs-experts.com\/\",\"name\":\"HEALTH &amp; SAFETY EXPERTS\",\"description\":\"\",\"potentialAction\":[{\"@type\":\"SearchAction\",\"target\":{\"@type\":\"EntryPoint\",\"urlTemplate\":\"https:\/\/hs-experts.com\/?s={search_term_string}\"},\"query-input\":{\"@type\":\"PropertyValueSpecification\",\"valueRequired\":true,\"valueName\":\"search_term_string\"}}],\"inLanguage\":\"en-GB\"}]}<\/script>\n<!-- \/ Yoast SEO plugin. -->","yoast_head_json":{"title":"Krisenmanagement - HEALTH &amp; SAFETY EXPERTS","description":"Professionelles Krisenmanagement bei schweren Arbeitsunf\u00e4llen \u2013Dokumentenpr\u00fcfung, Unterst\u00fctzung des Unternehmens mit Betriebs\u00e4rzt*innen, Psycholog*innen & Telemedizin. Schnell, rechtssicher & menschlich","robots":{"index":"index","follow":"follow","max-snippet":"max-snippet:-1","max-image-preview":"max-image-preview:large","max-video-preview":"max-video-preview:-1"},"canonical":"https:\/\/hs-experts.com\/en\/krisenmanagement-arbeitsunfall\/","og_locale":"en_GB","og_type":"article","og_title":"Krisenmanagement - HEALTH &amp; SAFETY EXPERTS","og_description":"Professionelles Krisenmanagement bei schweren Arbeitsunf\u00e4llen \u2013Dokumentenpr\u00fcfung, Unterst\u00fctzung des Unternehmens mit Betriebs\u00e4rzt*innen, Psycholog*innen & Telemedizin. Schnell, rechtssicher & menschlich","og_url":"https:\/\/hs-experts.com\/en\/krisenmanagement-arbeitsunfall\/","og_site_name":"HEALTH &amp; SAFETY EXPERTS","article_modified_time":"2025-07-15T10:32:43+00:00","twitter_card":"summary_large_image","twitter_misc":{"Estimated reading time":"3 minutes"},"schema":{"@context":"https:\/\/schema.org","@graph":[{"@type":"WebPage","@id":"https:\/\/hs-experts.com\/krisenmanagement-arbeitsunfall\/","url":"https:\/\/hs-experts.com\/krisenmanagement-arbeitsunfall\/","name":"Krisenmanagement - HEALTH &amp; SAFETY EXPERTS","isPartOf":{"@id":"https:\/\/hs-experts.com\/#website"},"datePublished":"2025-05-26T15:04:36+00:00","dateModified":"2025-07-15T10:32:43+00:00","description":"Professionelles Krisenmanagement bei schweren Arbeitsunf\u00e4llen \u2013Dokumentenpr\u00fcfung, Unterst\u00fctzung des Unternehmens mit Betriebs\u00e4rzt*innen, Psycholog*innen & Telemedizin. Schnell, rechtssicher & menschlich","breadcrumb":{"@id":"https:\/\/hs-experts.com\/krisenmanagement-arbeitsunfall\/#breadcrumb"},"inLanguage":"en-GB","potentialAction":[{"@type":"ReadAction","target":["https:\/\/hs-experts.com\/krisenmanagement-arbeitsunfall\/"]}]},{"@type":"BreadcrumbList","@id":"https:\/\/hs-experts.com\/krisenmanagement-arbeitsunfall\/#breadcrumb","itemListElement":[{"@type":"ListItem","position":1,"name":"Home","item":"https:\/\/hs-experts.com\/"},{"@type":"ListItem","position":2,"name":"Krisenmanagement"}]},{"@type":"WebSite","@id":"https:\/\/hs-experts.com\/#website","url":"https:\/\/hs-experts.com\/","name":"HEALTH &amp; SAFETY EXPERTS","description":"","potentialAction":[{"@type":"SearchAction","target":{"@type":"EntryPoint","urlTemplate":"https:\/\/hs-experts.com\/?s={search_term_string}"},"query-input":{"@type":"PropertyValueSpecification","valueRequired":true,"valueName":"search_term_string"}}],"inLanguage":"en-GB"}]}},"_hostinger_reach_plugin_has_subscription_block":false,"_hostinger_reach_plugin_is_elementor":false,"_links":{"self":[{"href":"https:\/\/hs-experts.com\/en\/wp-json\/wp\/v2\/pages\/28443","targetHints":{"allow":["GET"]}}],"collection":[{"href":"https:\/\/hs-experts.com\/en\/wp-json\/wp\/v2\/pages"}],"about":[{"href":"https:\/\/hs-experts.com\/en\/wp-json\/wp\/v2\/types\/page"}],"author":[{"embeddable":true,"href":"https:\/\/hs-experts.com\/en\/wp-json\/wp\/v2\/users\/4"}],"replies":[{"embeddable":true,"href":"https:\/\/hs-experts.com\/en\/wp-json\/wp\/v2\/comments?post=28443"}],"version-history":[{"count":67,"href":"https:\/\/hs-experts.com\/en\/wp-json\/wp\/v2\/pages\/28443\/revisions"}],"predecessor-version":[{"id":29041,"href":"https:\/\/hs-experts.com\/en\/wp-json\/wp\/v2\/pages\/28443\/revisions\/29041"}],"wp:attachment":[{"href":"https:\/\/hs-experts.com\/en\/wp-json\/wp\/v2\/media?parent=28443"}],"curies":[{"name":"wp","href":"https:\/\/api.w.org\/{rel}","templated":true}]}}