{"id":28562,"date":"2025-06-04T13:28:40","date_gmt":"2025-06-04T13:28:40","guid":{"rendered":"https:\/\/hs-experts.com\/?page_id=28562"},"modified":"2025-06-26T15:04:10","modified_gmt":"2025-06-26T15:04:10","slug":"arbeitssicherheit-messungen","status":"publish","type":"page","link":"https:\/\/hs-experts.com\/en\/arbeitssicherheit-messungen\/","title":{"rendered":"Measurements"},"content":{"rendered":"<div data-elementor-type=\"wp-page\" data-elementor-id=\"28562\" class=\"elementor elementor-28562\" data-elementor-post-type=\"page\">\n\t\t\t\t<div class=\"elementor-element elementor-element-6c0013 e-flex e-con-boxed e-con e-parent\" data-id=\"6c0013\" data-element_type=\"container\" data-settings=\"{&quot;background_background&quot;:&quot;classic&quot;}\">\n\t\t\t\t\t<div class=\"e-con-inner\">\n\t\t\t\t\t<\/div>\n\t\t\t\t<\/div>\n\t\t<div class=\"elementor-element elementor-element-1b2706a8 e-flex e-con-boxed e-con e-parent\" data-id=\"1b2706a8\" data-element_type=\"container\">\n\t\t\t\t\t<div class=\"e-con-inner\">\n\t\t<div class=\"elementor-element elementor-element-38bbb406 e-con-full e-flex e-con e-child\" data-id=\"38bbb406\" data-element_type=\"container\">\n\t\t\t\t<div class=\"elementor-element elementor-element-6b8ff658 elementor-widget elementor-widget-heading\" data-id=\"6b8ff658\" data-element_type=\"widget\" data-widget_type=\"heading.default\">\n\t\t\t\t<div class=\"elementor-widget-container\">\n\t\t\t\t\t<h2 class=\"elementor-heading-title elementor-size-default\">Precise measurements for safe workplaces - with the HSE experts\n<\/h2>\t\t\t\t<\/div>\n\t\t\t\t<\/div>\n\t\t\t\t<div class=\"elementor-element elementor-element-31ce4acf elementor-widget elementor-widget-text-editor\" data-id=\"31ce4acf\" data-element_type=\"widget\" data-widget_type=\"text-editor.default\">\n\t\t\t\t<div class=\"elementor-widget-container\">\n\t\t\t\t\t\t\t\t\t<p><b>Do you need a strategic partner for standard-compliant occupational safety measurements? Our measurement services enable you to identify risks in the workplace at an early stage, reliably fulfil legal requirements and increase your operational efficiency.<\/b><\/p>\t\t\t\t\t\t\t\t<\/div>\n\t\t\t\t<\/div>\n\t\t\t\t<\/div>\n\t\t\t\t\t<\/div>\n\t\t\t\t<\/div>\n\t\t<div class=\"elementor-element elementor-element-08c6c83 e-flex e-con-boxed e-con e-parent\" data-id=\"08c6c83\" data-element_type=\"container\">\n\t\t\t\t\t<div class=\"e-con-inner\">\n\t\t<div class=\"elementor-element elementor-element-d133733 e-con-full e-flex e-con e-child\" data-id=\"d133733\" data-element_type=\"container\">\n\t\t\t\t<div class=\"elementor-element elementor-element-77e76ff elementor-view-default elementor-widget elementor-widget-icon\" data-id=\"77e76ff\" data-element_type=\"widget\" data-widget_type=\"icon.default\">\n\t\t\t\t<div class=\"elementor-widget-container\">\n\t\t\t\t\t\t\t<div class=\"elementor-icon-wrapper\">\n\t\t\t<div class=\"elementor-icon\">\n\t\t\t<i aria-hidden=\"true\" class=\"fas fa-question-circle\"><\/i>\t\t\t<\/div>\n\t\t<\/div>\n\t\t\t\t\t\t<\/div>\n\t\t\t\t<\/div>\n\t\t\t\t<\/div>\n\t\t<div class=\"elementor-element elementor-element-4ecbe32 e-con-full e-flex e-con e-child\" data-id=\"4ecbe32\" data-element_type=\"container\">\n\t\t\t\t<div class=\"elementor-element elementor-element-d293915 elementor-widget elementor-widget-text-editor\" data-id=\"d293915\" data-element_type=\"widget\" data-widget_type=\"text-editor.default\">\n\t\t\t\t<div class=\"elementor-widget-container\">\n\t\t\t\t\t\t\t\t\t<h3><strong>Why HSE?<\/strong><\/h3><p>We don't provide you with a standard solution - we deliver results you can rely on. Using state-of-the-art measurement technology and many years of expertise, we analyse your working environment objectively, precisely and holistically. This not only provides you with security, but also a reliable basis for decision-making at management level.<\/p>\t\t\t\t\t\t\t\t<\/div>\n\t\t\t\t<\/div>\n\t\t\t\t<\/div>\n\t\t\t\t\t<\/div>\n\t\t\t\t<\/div>\n\t\t<div class=\"elementor-element elementor-element-43915d3 e-grid e-con-boxed e-con e-parent\" data-id=\"43915d3\" data-element_type=\"container\">\n\t\t\t\t\t<div class=\"e-con-inner\">\n\t\t\t\t<div class=\"elementor-element elementor-element-c624418 e-transform elementor-widget elementor-widget-text-editor\" data-id=\"c624418\" data-element_type=\"widget\" data-settings=\"{&quot;_transform_scale_effect_hover&quot;:{&quot;unit&quot;:&quot;px&quot;,&quot;size&quot;:1.03,&quot;sizes&quot;:[]},&quot;_transform_scale_effect_hover_tablet&quot;:{&quot;unit&quot;:&quot;px&quot;,&quot;size&quot;:&quot;&quot;,&quot;sizes&quot;:[]},&quot;_transform_scale_effect_hover_mobile&quot;:{&quot;unit&quot;:&quot;px&quot;,&quot;size&quot;:&quot;&quot;,&quot;sizes&quot;:[]}}\" data-widget_type=\"text-editor.default\">\n\t\t\t\t<div class=\"elementor-widget-container\">\n\t\t\t\t\t\t\t\t\t<h2><span style=\"font-weight: 400;\">Your advantage - our expertise:<\/span><\/h2><ul><li aria-level=\"1\"><b>Standardised measurements according to current guidelines (e.g. noise &amp; lighting according to DIN\/ISO)<\/b><p>\u00a0<\/p><\/li><\/ul><ul><li aria-level=\"1\"><b>Long-term recordings for continuous monitoring and documentation<\/b><p>\u00a0<\/p><\/li><\/ul><ul><li aria-level=\"1\"><b>Immediately available results that can flow directly into your processes<\/b><p>\u00a0<\/p><\/li><\/ul><p><b><\/b><b>Consultancy at eye level - we speak the language of management<\/b><b><br \/><\/b><\/p>\t\t\t\t\t\t\t\t<\/div>\n\t\t\t\t<\/div>\n\t\t\t\t<div class=\"elementor-element elementor-element-6b63184 e-transform elementor-widget elementor-widget-text-editor\" data-id=\"6b63184\" data-element_type=\"widget\" data-settings=\"{&quot;_transform_scale_effect_hover&quot;:{&quot;unit&quot;:&quot;px&quot;,&quot;size&quot;:1.03,&quot;sizes&quot;:[]},&quot;_transform_scale_effect_hover_tablet&quot;:{&quot;unit&quot;:&quot;px&quot;,&quot;size&quot;:&quot;&quot;,&quot;sizes&quot;:[]},&quot;_transform_scale_effect_hover_mobile&quot;:{&quot;unit&quot;:&quot;px&quot;,&quot;size&quot;:&quot;&quot;,&quot;sizes&quot;:[]}}\" data-widget_type=\"text-editor.default\">\n\t\t\t\t<div class=\"elementor-widget-container\">\n\t\t\t\t\t\t\t\t\t<h3><span style=\"font-weight: 400;\">What we measure - and why it counts:<\/span><\/h3><p><b>We record a large number of health-relevant environmental factors, including<\/b><\/p><ul><li aria-level=\"1\"><b>Air temperature, dew point &amp; relative humidity<\/b><b><br \/><br \/><\/b><\/li><\/ul><ul><li aria-level=\"1\"><b>Surface temperatures<\/b><b><br \/><br \/><\/b><\/li><\/ul><ul><li aria-level=\"1\"><b>Noise pollution &amp; flicker frequency<\/b><b><br \/><br \/><\/b><\/li><\/ul><ul><li aria-level=\"1\"><b>Illuminance, screen brightness &amp; contrast values<\/b><b><br \/><br \/><\/b><\/li><\/ul><p><b>All these parameters are incorporated into our holistic analysis - as a basis for your decisions in facility management, HR, compliance or operations.<\/b><\/p>\t\t\t\t\t\t\t\t<\/div>\n\t\t\t\t<\/div>\n\t\t\t\t<div class=\"elementor-element elementor-element-b0074cc e-transform elementor-widget elementor-widget-text-editor\" data-id=\"b0074cc\" data-element_type=\"widget\" data-settings=\"{&quot;_transform_scale_effect_hover&quot;:{&quot;unit&quot;:&quot;px&quot;,&quot;size&quot;:1.03,&quot;sizes&quot;:[]},&quot;_transform_scale_effect_hover_tablet&quot;:{&quot;unit&quot;:&quot;px&quot;,&quot;size&quot;:&quot;&quot;,&quot;sizes&quot;:[]},&quot;_transform_scale_effect_hover_mobile&quot;:{&quot;unit&quot;:&quot;px&quot;,&quot;size&quot;:&quot;&quot;,&quot;sizes&quot;:[]}}\" data-widget_type=\"text-editor.default\">\n\t\t\t\t<div class=\"elementor-widget-container\">\n\t\t\t\t\t\t\t\t\t<h3><span style=\"font-weight: 400;\">Long-term added value for your company<\/span><\/h3><p><b>With HSE you create measurable added value:<\/b><\/p><ul><li aria-level=\"1\"><b>Reduction of work-related health risks<\/b><b><br \/><br \/><\/b><\/li><\/ul><ul><li aria-level=\"1\"><b>Compliance with legal regulations &amp; audit security<\/b><b><br \/><br \/><\/b><\/li><\/ul><ul><li aria-level=\"1\"><b>Optimisation of the working environment for higher productivity<\/b><b><br \/><br \/><\/b><\/li><\/ul><p><b><\/b><b>Transparency towards employees and stakeholders<\/b><b><br \/><\/b><\/p>\t\t\t\t\t\t\t\t<\/div>\n\t\t\t\t<\/div>\n\t\t\t\t\t<\/div>\n\t\t\t\t<\/div>\n\t\t<div class=\"elementor-element elementor-element-44575f2 e-flex e-con-boxed e-con e-parent\" data-id=\"44575f2\" data-element_type=\"container\">\n\t\t\t\t\t<div class=\"e-con-inner\">\n\t\t\t\t<div class=\"elementor-element elementor-element-a65cdd7 elementor-widget elementor-widget-text-editor\" data-id=\"a65cdd7\" data-element_type=\"widget\" data-widget_type=\"text-editor.default\">\n\t\t\t\t<div class=\"elementor-widget-container\">\n\t\t\t\t\t\t\t\t\t<h3><span style=\"font-weight: 400;\">Stay on the safe side with our measurements<\/span><\/h3><p><b>Our solutions are modular, scalable and available throughout Europe. Whether it's a single point measurement or continuous monitoring: with HSE Health and Safety Experts GmbH, you have a partner who <\/b><b><i>thinks proactively and delivers precisely<\/i><\/b><b>.<\/b><\/p><p><b>\ud83d\udc49 <\/b><b><i>Get non-binding advice now - we get to the heart of security.<\/i><\/b><\/p>\t\t\t\t\t\t\t\t<\/div>\n\t\t\t\t<\/div>\n\t\t\t\t\t<\/div>\n\t\t\t\t<\/div>\n\t\t\t\t<\/div>","protected":false},"excerpt":{"rendered":"<p>Precise measurements for safe workplaces - with the HSE experts Do you need a strategic partner for standard-compliant occupational safety measurements? Our measurement services enable you to identify risks in the workplace at an early stage, reliably fulfil legal requirements and increase your operational efficiency. Why HSE? We don't provide you with a standard solution - we deliver results you can build on [...]<\/p>","protected":false},"author":4,"featured_media":28565,"parent":0,"menu_order":0,"comment_status":"closed","ping_status":"closed","template":"elementor_header_footer","meta":{"inline_featured_image":false,"footnotes":""},"class_list":["post-28562","page","type-page","status-publish","has-post-thumbnail","hentry"],"yoast_head":"<!-- This site is optimized with the Yoast SEO plugin v25.3 - https:\/\/yoast.com\/wordpress\/plugins\/seo\/ -->\n<title>HEALTH &amp; SAFETY EXPERTS Messungen<\/title>\n<meta name=\"description\" content=\"Entdecke pr\u00e4zise und zuverl\u00e4ssige Arbeitssicherheit Messungen mit Health and Safety Experts GmbH. Wir bieten umfassende Arbeitsplatzanalysen f\u00fcr mehr Sicherheit, Compliance und Effizienz in deinem Unternehmen. Vertraue auf unsere Expertise und moderne Technologie f\u00fcr optimale Ergebnisse.\" \/>\n<meta name=\"robots\" content=\"index, follow, max-snippet:-1, max-image-preview:large, max-video-preview:-1\" \/>\n<link rel=\"canonical\" href=\"https:\/\/hs-experts.com\/en\/arbeitssicherheit-messungen\/\" \/>\n<meta property=\"og:locale\" content=\"en_GB\" \/>\n<meta property=\"og:type\" content=\"article\" \/>\n<meta property=\"og:title\" content=\"HEALTH &amp; SAFETY EXPERTS Messungen\" \/>\n<meta property=\"og:description\" content=\"Entdecke pr\u00e4zise und zuverl\u00e4ssige Arbeitssicherheit Messungen mit Health and Safety Experts GmbH. Wir bieten umfassende Arbeitsplatzanalysen f\u00fcr mehr Sicherheit, Compliance und Effizienz in deinem Unternehmen. Vertraue auf unsere Expertise und moderne Technologie f\u00fcr optimale Ergebnisse.\" \/>\n<meta property=\"og:url\" content=\"https:\/\/hs-experts.com\/en\/arbeitssicherheit-messungen\/\" \/>\n<meta property=\"og:site_name\" content=\"HEALTH &amp; SAFETY EXPERTS\" \/>\n<meta property=\"article:modified_time\" content=\"2025-06-26T15:04:10+00:00\" \/>\n<meta property=\"og:image\" content=\"https:\/\/hsexperts.s3.eu-central-1.amazonaws.com\/wp-content\/uploads\/2025\/06\/04133303\/Header-Image-Messungen.jpg\" \/>\n\t<meta property=\"og:image:width\" content=\"2304\" \/>\n\t<meta property=\"og:image:height\" content=\"1792\" \/>\n\t<meta property=\"og:image:type\" content=\"image\/jpeg\" \/>\n<meta name=\"twitter:card\" content=\"summary_large_image\" \/>\n<meta name=\"twitter:label1\" content=\"Estimated reading time\" \/>\n\t<meta name=\"twitter:data1\" content=\"2 minutes\" \/>\n<script type=\"application\/ld+json\" class=\"yoast-schema-graph\">{\"@context\":\"https:\/\/schema.org\",\"@graph\":[{\"@type\":\"WebPage\",\"@id\":\"https:\/\/hs-experts.com\/arbeitssicherheit-messungen\/\",\"url\":\"https:\/\/hs-experts.com\/arbeitssicherheit-messungen\/\",\"name\":\"HEALTH &amp; SAFETY EXPERTS Messungen\",\"isPartOf\":{\"@id\":\"https:\/\/hs-experts.com\/#website\"},\"primaryImageOfPage\":{\"@id\":\"https:\/\/hs-experts.com\/arbeitssicherheit-messungen\/#primaryimage\"},\"image\":{\"@id\":\"https:\/\/hs-experts.com\/arbeitssicherheit-messungen\/#primaryimage\"},\"thumbnailUrl\":\"https:\/\/hsexperts.s3.eu-central-1.amazonaws.com\/wp-content\/uploads\/2025\/06\/04133303\/Header-Image-Messungen.jpg\",\"datePublished\":\"2025-06-04T13:28:40+00:00\",\"dateModified\":\"2025-06-26T15:04:10+00:00\",\"description\":\"Entdecke pr\u00e4zise und zuverl\u00e4ssige Arbeitssicherheit Messungen mit Health and Safety Experts GmbH. Wir bieten umfassende Arbeitsplatzanalysen f\u00fcr mehr Sicherheit, Compliance und Effizienz in deinem Unternehmen. Vertraue auf unsere Expertise und moderne Technologie f\u00fcr optimale Ergebnisse.\",\"breadcrumb\":{\"@id\":\"https:\/\/hs-experts.com\/arbeitssicherheit-messungen\/#breadcrumb\"},\"inLanguage\":\"en-GB\",\"potentialAction\":[{\"@type\":\"ReadAction\",\"target\":[\"https:\/\/hs-experts.com\/arbeitssicherheit-messungen\/\"]}]},{\"@type\":\"ImageObject\",\"inLanguage\":\"en-GB\",\"@id\":\"https:\/\/hs-experts.com\/arbeitssicherheit-messungen\/#primaryimage\",\"url\":\"https:\/\/hsexperts.s3.eu-central-1.amazonaws.com\/wp-content\/uploads\/2025\/06\/04133303\/Header-Image-Messungen.jpg\",\"contentUrl\":\"https:\/\/hsexperts.s3.eu-central-1.amazonaws.com\/wp-content\/uploads\/2025\/06\/04133303\/Header-Image-Messungen.jpg\",\"width\":2304,\"height\":1792,\"caption\":\"Eine HSE-Expertin f\u00fchrt pr\u00e4zise Analysen und Langzeit\u00fcberwachung durch, um die Arbeitsplatzsicherheit und Effizienz am Arbeitsplatz zu gew\u00e4hrleisten.\"},{\"@type\":\"BreadcrumbList\",\"@id\":\"https:\/\/hs-experts.com\/arbeitssicherheit-messungen\/#breadcrumb\",\"itemListElement\":[{\"@type\":\"ListItem\",\"position\":1,\"name\":\"Home\",\"item\":\"https:\/\/hs-experts.com\/\"},{\"@type\":\"ListItem\",\"position\":2,\"name\":\"Messungen\"}]},{\"@type\":\"WebSite\",\"@id\":\"https:\/\/hs-experts.com\/#website\",\"url\":\"https:\/\/hs-experts.com\/\",\"name\":\"HEALTH &amp; SAFETY EXPERTS\",\"description\":\"\",\"potentialAction\":[{\"@type\":\"SearchAction\",\"target\":{\"@type\":\"EntryPoint\",\"urlTemplate\":\"https:\/\/hs-experts.com\/?s={search_term_string}\"},\"query-input\":{\"@type\":\"PropertyValueSpecification\",\"valueRequired\":true,\"valueName\":\"search_term_string\"}}],\"inLanguage\":\"en-GB\"}]}<\/script>\n<!-- \/ Yoast SEO plugin. -->","yoast_head_json":{"title":"HEALTH &amp; SAFETY EXPERTS Messungen","description":"Entdecke pr\u00e4zise und zuverl\u00e4ssige Arbeitssicherheit Messungen mit Health and Safety Experts GmbH. Wir bieten umfassende Arbeitsplatzanalysen f\u00fcr mehr Sicherheit, Compliance und Effizienz in deinem Unternehmen. Vertraue auf unsere Expertise und moderne Technologie f\u00fcr optimale Ergebnisse.","robots":{"index":"index","follow":"follow","max-snippet":"max-snippet:-1","max-image-preview":"max-image-preview:large","max-video-preview":"max-video-preview:-1"},"canonical":"https:\/\/hs-experts.com\/en\/arbeitssicherheit-messungen\/","og_locale":"en_GB","og_type":"article","og_title":"HEALTH &amp; SAFETY EXPERTS Messungen","og_description":"Entdecke pr\u00e4zise und zuverl\u00e4ssige Arbeitssicherheit Messungen mit Health and Safety Experts GmbH. Wir bieten umfassende Arbeitsplatzanalysen f\u00fcr mehr Sicherheit, Compliance und Effizienz in deinem Unternehmen. Vertraue auf unsere Expertise und moderne Technologie f\u00fcr optimale Ergebnisse.","og_url":"https:\/\/hs-experts.com\/en\/arbeitssicherheit-messungen\/","og_site_name":"HEALTH &amp; SAFETY EXPERTS","article_modified_time":"2025-06-26T15:04:10+00:00","og_image":[{"width":2304,"height":1792,"url":"https:\/\/hsexperts.s3.eu-central-1.amazonaws.com\/wp-content\/uploads\/2025\/06\/04133303\/Header-Image-Messungen.jpg","type":"image\/jpeg"}],"twitter_card":"summary_large_image","twitter_misc":{"Estimated reading time":"2 minutes"},"schema":{"@context":"https:\/\/schema.org","@graph":[{"@type":"WebPage","@id":"https:\/\/hs-experts.com\/arbeitssicherheit-messungen\/","url":"https:\/\/hs-experts.com\/arbeitssicherheit-messungen\/","name":"HEALTH &amp; SAFETY EXPERTS Messungen","isPartOf":{"@id":"https:\/\/hs-experts.com\/#website"},"primaryImageOfPage":{"@id":"https:\/\/hs-experts.com\/arbeitssicherheit-messungen\/#primaryimage"},"image":{"@id":"https:\/\/hs-experts.com\/arbeitssicherheit-messungen\/#primaryimage"},"thumbnailUrl":"https:\/\/hsexperts.s3.eu-central-1.amazonaws.com\/wp-content\/uploads\/2025\/06\/04133303\/Header-Image-Messungen.jpg","datePublished":"2025-06-04T13:28:40+00:00","dateModified":"2025-06-26T15:04:10+00:00","description":"Entdecke pr\u00e4zise und zuverl\u00e4ssige Arbeitssicherheit Messungen mit Health and Safety Experts GmbH. Wir bieten umfassende Arbeitsplatzanalysen f\u00fcr mehr Sicherheit, Compliance und Effizienz in deinem Unternehmen. Vertraue auf unsere Expertise und moderne Technologie f\u00fcr optimale Ergebnisse.","breadcrumb":{"@id":"https:\/\/hs-experts.com\/arbeitssicherheit-messungen\/#breadcrumb"},"inLanguage":"en-GB","potentialAction":[{"@type":"ReadAction","target":["https:\/\/hs-experts.com\/arbeitssicherheit-messungen\/"]}]},{"@type":"ImageObject","inLanguage":"en-GB","@id":"https:\/\/hs-experts.com\/arbeitssicherheit-messungen\/#primaryimage","url":"https:\/\/hsexperts.s3.eu-central-1.amazonaws.com\/wp-content\/uploads\/2025\/06\/04133303\/Header-Image-Messungen.jpg","contentUrl":"https:\/\/hsexperts.s3.eu-central-1.amazonaws.com\/wp-content\/uploads\/2025\/06\/04133303\/Header-Image-Messungen.jpg","width":2304,"height":1792,"caption":"Eine HSE-Expertin f\u00fchrt pr\u00e4zise Analysen und Langzeit\u00fcberwachung durch, um die Arbeitsplatzsicherheit und Effizienz am Arbeitsplatz zu gew\u00e4hrleisten."},{"@type":"BreadcrumbList","@id":"https:\/\/hs-experts.com\/arbeitssicherheit-messungen\/#breadcrumb","itemListElement":[{"@type":"ListItem","position":1,"name":"Home","item":"https:\/\/hs-experts.com\/"},{"@type":"ListItem","position":2,"name":"Messungen"}]},{"@type":"WebSite","@id":"https:\/\/hs-experts.com\/#website","url":"https:\/\/hs-experts.com\/","name":"HEALTH &amp; SAFETY EXPERTS","description":"","potentialAction":[{"@type":"SearchAction","target":{"@type":"EntryPoint","urlTemplate":"https:\/\/hs-experts.com\/?s={search_term_string}"},"query-input":{"@type":"PropertyValueSpecification","valueRequired":true,"valueName":"search_term_string"}}],"inLanguage":"en-GB"}]}},"_hostinger_reach_plugin_has_subscription_block":false,"_hostinger_reach_plugin_is_elementor":false,"_links":{"self":[{"href":"https:\/\/hs-experts.com\/en\/wp-json\/wp\/v2\/pages\/28562","targetHints":{"allow":["GET"]}}],"collection":[{"href":"https:\/\/hs-experts.com\/en\/wp-json\/wp\/v2\/pages"}],"about":[{"href":"https:\/\/hs-experts.com\/en\/wp-json\/wp\/v2\/types\/page"}],"author":[{"embeddable":true,"href":"https:\/\/hs-experts.com\/en\/wp-json\/wp\/v2\/users\/4"}],"replies":[{"embeddable":true,"href":"https:\/\/hs-experts.com\/en\/wp-json\/wp\/v2\/comments?post=28562"}],"version-history":[{"count":11,"href":"https:\/\/hs-experts.com\/en\/wp-json\/wp\/v2\/pages\/28562\/revisions"}],"predecessor-version":[{"id":28754,"href":"https:\/\/hs-experts.com\/en\/wp-json\/wp\/v2\/pages\/28562\/revisions\/28754"}],"wp:featuredmedia":[{"embeddable":true,"href":"https:\/\/hs-experts.com\/en\/wp-json\/wp\/v2\/media\/28565"}],"wp:attachment":[{"href":"https:\/\/hs-experts.com\/en\/wp-json\/wp\/v2\/media?parent=28562"}],"curies":[{"name":"wp","href":"https:\/\/api.w.org\/{rel}","templated":true}]}}