{"id":28581,"date":"2025-06-15T17:54:57","date_gmt":"2025-06-15T17:54:57","guid":{"rendered":"https:\/\/hs-experts.com\/?page_id=28581"},"modified":"2025-07-09T09:36:17","modified_gmt":"2025-07-09T09:36:17","slug":"esg-arbeitsschutz","status":"publish","type":"page","link":"https:\/\/hs-experts.com\/en\/esg-arbeitsschutz\/","title":{"rendered":"ESG- Environmental, Social, Governance"},"content":{"rendered":"<div data-elementor-type=\"wp-page\" data-elementor-id=\"28581\" class=\"elementor elementor-28581\" data-elementor-post-type=\"page\">\n\t\t\t\t<div class=\"elementor-element elementor-element-6c0013 e-flex e-con-boxed e-con e-parent\" data-id=\"6c0013\" data-element_type=\"container\" data-settings=\"{&quot;background_background&quot;:&quot;classic&quot;}\">\n\t\t\t\t\t<div class=\"e-con-inner\">\n\t\t\t\t\t<\/div>\n\t\t\t\t<\/div>\n\t\t<div class=\"elementor-element elementor-element-1b2706a8 e-flex e-con-boxed e-con e-parent\" data-id=\"1b2706a8\" data-element_type=\"container\">\n\t\t\t\t\t<div class=\"e-con-inner\">\n\t\t<div class=\"elementor-element elementor-element-38bbb406 e-con-full e-flex e-con e-child\" data-id=\"38bbb406\" data-element_type=\"container\">\n\t\t\t\t<div class=\"elementor-element elementor-element-6b8ff658 elementor-widget elementor-widget-heading\" data-id=\"6b8ff658\" data-element_type=\"widget\" data-widget_type=\"heading.default\">\n\t\t\t\t<div class=\"elementor-widget-container\">\n\t\t\t\t\t<h2 class=\"elementor-heading-title elementor-size-default\">ESG &amp; occupational health and safety - strategic health management<\/h2>\t\t\t\t<\/div>\n\t\t\t\t<\/div>\n\t\t\t\t<div class=\"elementor-element elementor-element-31ce4acf elementor-widget elementor-widget-text-editor\" data-id=\"31ce4acf\" data-element_type=\"widget\" data-widget_type=\"text-editor.default\">\n\t\t\t\t<div class=\"elementor-widget-container\">\n\t\t\t\t\t\t\t\t\t<p><b>Occupational health and safety is not a side issue in the ESG strategy - it is a central component of corporate responsibility.<\/b><span style=\"font-weight: 400;\"> If you take ESG seriously, you permanently embed safety, health and governance in your management system. This is precisely where the <\/span><b>HSE Health &amp; Safety Experts Berlin<\/b><span style=\"font-weight: 400;\"> with legally compliant expertise, digitally supported processes and industry-specific implementation expertise.<\/span><\/p><h2><span style=\"font-weight: 400;\">ESG works - when occupational health and safety is taken into account<\/span><\/h2><p><b>Environmental, social, governance - three letters, many requirements. But one thing is clear:<\/b><b><br \/><\/b><span style=\"font-weight: 400;\"> Only healthy, safe working conditions make sustainability measurable and verifiable. This is exactly what stakeholders, investors, supervisory authorities - and employees - expect.<\/span><\/p>\t\t\t\t\t\t\t\t<\/div>\n\t\t\t\t<\/div>\n\t\t\t\t<\/div>\n\t\t\t\t\t<\/div>\n\t\t\t\t<\/div>\n\t\t<div class=\"elementor-element elementor-element-bcb985d e-flex e-con-boxed e-con e-parent\" data-id=\"bcb985d\" data-element_type=\"container\">\n\t\t\t\t\t<div class=\"e-con-inner\">\n\t\t\t\t<div class=\"elementor-element elementor-element-87ad0f0 elementor-widget elementor-widget-heading\" data-id=\"87ad0f0\" data-element_type=\"widget\" data-widget_type=\"heading.default\">\n\t\t\t\t<div class=\"elementor-widget-container\">\n\t\t\t\t\t<h3 class=\"elementor-heading-title elementor-size-default\">Security in the focus of ESG<\/h3>\t\t\t\t<\/div>\n\t\t\t\t<\/div>\n\t\t\t\t\t<\/div>\n\t\t\t\t<\/div>\n\t\t<div class=\"elementor-element elementor-element-bc80432 e-grid e-con-boxed e-con e-parent\" data-id=\"bc80432\" data-element_type=\"container\" data-settings=\"{&quot;background_background&quot;:&quot;classic&quot;}\">\n\t\t\t\t\t<div class=\"e-con-inner\">\n\t\t\t\t<div class=\"elementor-element elementor-element-15d88f6 elementor-widget elementor-widget-text-editor\" data-id=\"15d88f6\" data-element_type=\"widget\" data-widget_type=\"text-editor.default\">\n\t\t\t\t<div class=\"elementor-widget-container\">\n\t\t\t\t\t\t\t\t\t<h4><b>Environment (E): Protection starts with people<\/b><\/h4>\n<ul>\n \t<li style=\"font-weight: 400;\" aria-level=\"1\"><span style=\"font-weight: 400;\">Safe handling of hazardous substances<\/span><\/li>\n \t<li style=\"font-weight: 400;\" aria-level=\"1\"><span style=\"font-weight: 400;\">Emergency management with an environmental impact<\/span><\/li>\n \t<li style=\"font-weight: 400;\" aria-level=\"1\"><span style=\"font-weight: 400;\">Sustainable processes that prevent risks<\/span><\/li>\n<\/ul>\n<\/br>\n<b>HSE Experts integrates environmental protection and occupational safety - in a practical and legally compliant manner.<\/b>\t\t\t\t\t\t\t\t<\/div>\n\t\t\t\t<\/div>\n\t\t\t\t<div class=\"elementor-element elementor-element-33ac6c9 elementor-widget elementor-widget-text-editor\" data-id=\"33ac6c9\" data-element_type=\"widget\" data-widget_type=\"text-editor.default\">\n\t\t\t\t<div class=\"elementor-widget-container\">\n\t\t\t\t\t\t\t\t\t<h4><b>Social (S): Health is a corporate value<\/b><\/h4><ul><li style=\"font-weight: 400;\" aria-level=\"1\"><span style=\"font-weight: 400;\">Holistic occupational health care<\/span><\/li><li style=\"font-weight: 400;\" aria-level=\"1\"><span style=\"font-weight: 400;\">Prevention of physical and psychological stress<\/span><\/li><li style=\"font-weight: 400;\" aria-level=\"1\"><span style=\"font-weight: 400;\">Company health management (BGM)<\/span><\/li><li style=\"font-weight: 400;\" aria-level=\"1\"><span style=\"font-weight: 400;\">Promoting resilience, BEM, addiction and stress prevention<\/span><\/li><\/ul><p><br \/><b>In this way, social responsibility becomes part of our corporate culture.<\/b><\/p>\t\t\t\t\t\t\t\t<\/div>\n\t\t\t\t<\/div>\n\t\t\t\t<div class=\"elementor-element elementor-element-905d6b7 elementor-widget elementor-widget-text-editor\" data-id=\"905d6b7\" data-element_type=\"widget\" data-widget_type=\"text-editor.default\">\n\t\t\t\t<div class=\"elementor-widget-container\">\n\t\t\t\t\t\t\t\t\t<h4><b>Governance (G): Structuring responsibility<\/b><\/h4>\n<ul>\n \t<li style=\"font-weight: 400;\" aria-level=\"1\"><span style=\"font-weight: 400;\">Clear responsibilities for occupational health and safety<\/span><\/li>\n \t<li style=\"font-weight: 400;\" aria-level=\"1\"><span style=\"font-weight: 400;\">Fulfilment of legal requirements (e.g. ArbSchG, ASiG)<\/span><\/li>\n \t<li style=\"font-weight: 400;\" aria-level=\"1\"><span style=\"font-weight: 400;\">Integrated management systems and ESG-compliant reporting<\/span><\/li>\n<\/ul>\n<\/br>\n<b>Healthy governance is no coincidence - it is a management task.<\/b>\t\t\t\t\t\t\t\t<\/div>\n\t\t\t\t<\/div>\n\t\t\t\t\t<\/div>\n\t\t\t\t<\/div>\n\t\t<div class=\"elementor-element elementor-element-e734a03 e-flex e-con-boxed e-con e-parent\" data-id=\"e734a03\" data-element_type=\"container\">\n\t\t\t\t\t<div class=\"e-con-inner\">\n\t\t\t\t<div class=\"elementor-element elementor-element-7303311 elementor-widget elementor-widget-image\" data-id=\"7303311\" data-element_type=\"widget\" data-widget_type=\"image.default\">\n\t\t\t\t<div class=\"elementor-widget-container\">\n\t\t\t\t\t\t\t\t\t\t\t\t\t\t\t<img decoding=\"async\" src=\"https:\/\/hsexperts.s3.eu-central-1.amazonaws.com\/wp-content\/uploads\/2025\/07\/09090758\/Gemini_Generated_Image_kt9zrnkt9zrnkt9z.jpg\" title=\"ESG Leadership: Integrating Safety and Health in Corporate Governance\" alt=\"A female CEO and C-level executives meeting with safety engineers in vests and helmets in a bright conference room, discussing ESG and occupational health and safety strategies.\" loading=\"lazy\" \/>\t\t\t\t\t\t\t\t\t\t\t\t\t\t\t<\/div>\n\t\t\t\t<\/div>\n\t\t<div class=\"elementor-element elementor-element-5056080 e-con-full e-flex e-con e-child\" data-id=\"5056080\" data-element_type=\"container\">\n\t\t\t\t<div class=\"elementor-element elementor-element-ff7dc84 elementor-widget elementor-widget-image\" data-id=\"ff7dc84\" data-element_type=\"widget\" data-widget_type=\"image.default\">\n\t\t\t\t<div class=\"elementor-widget-container\">\n\t\t\t\t\t\t\t\t\t\t\t\t\t\t\t<img decoding=\"async\" src=\"https:\/\/hsexperts.s3.eu-central-1.amazonaws.com\/wp-content\/uploads\/2025\/07\/09092429\/plant-care.png\" title=\"ESG - Environmental, Social Governance\" alt=\"Hand holding a plant\" loading=\"lazy\" \/>\t\t\t\t\t\t\t\t\t\t\t\t\t\t\t<\/div>\n\t\t\t\t<\/div>\n\t\t\t\t<\/div>\n\t\t\t\t\t<\/div>\n\t\t\t\t<\/div>\n\t\t<div class=\"elementor-element elementor-element-9766d35 e-flex e-con-boxed e-con e-parent\" data-id=\"9766d35\" data-element_type=\"container\">\n\t\t\t\t\t<div class=\"e-con-inner\">\n\t\t<div class=\"elementor-element elementor-element-cf0b340 e-con-full e-flex e-con e-child\" data-id=\"cf0b340\" data-element_type=\"container\">\n\t\t\t\t<div class=\"elementor-element elementor-element-75e4169 elementor-widget elementor-widget-text-editor\" data-id=\"75e4169\" data-element_type=\"widget\" data-widget_type=\"text-editor.default\">\n\t\t\t\t<div class=\"elementor-widget-container\">\n\t\t\t\t\t\t\t\t\t<h3><span style=\"font-weight: 400;\">ESG - Why HSE Experts?<\/span><\/h3><h3><b>Strategic ESG partners - not just service providers<\/b><\/h3><p><b>HSE Experts Berlin<\/b><span style=\"font-weight: 400;\"> combines technical depth with ESG expertise - for companies that want to make sustainable responsibility measurable, legally compliant and future-proof:<\/span><\/p><ul><li style=\"font-weight: 400;\" aria-level=\"1\">Occupational medicine &amp; occupational safety hybrid, digital &amp; auditable<\/li><li style=\"font-weight: 400;\" aria-level=\"1\">Practical implementation of ESG-relevant obligations and standards<\/li><li style=\"font-weight: 400;\" aria-level=\"1\">Documentation security for reporting (e.g. CSRD, ISO 45001)<\/li><li style=\"font-weight: 400;\" aria-level=\"1\"><p>Sector-specific concepts for industry, logistics, care &amp; more<\/p><\/li><\/ul>\t\t\t\t\t\t\t\t<\/div>\n\t\t\t\t<\/div>\n\t\t\t\t<\/div>\n\t\t<div class=\"elementor-element elementor-element-cf34c92 e-con-full e-flex e-con e-child\" data-id=\"cf34c92\" data-element_type=\"container\">\n\t\t\t\t<div class=\"elementor-element elementor-element-ada3e7c elementor-widget elementor-widget-text-editor\" data-id=\"ada3e7c\" data-element_type=\"widget\" data-widget_type=\"text-editor.default\">\n\t\t\t\t<div class=\"elementor-widget-container\">\n\t\t\t\t\t\t\t\t\t<h3><span style=\"font-weight: 400;\">Securing added value - ESG with impact<\/span><\/h3><p><b>With professional health and safety at work, there are no additional obligations - but verifiable ESG benefits:<\/b><\/p><ul><li style=\"font-weight: 400;\" aria-level=\"1\"><span style=\"font-weight: 400;\">Better risk management<\/span><p>\u00a0<\/p><\/li><li style=\"font-weight: 400;\" aria-level=\"1\"><span style=\"font-weight: 400;\">Stronger employer brand<\/span><p>\u00a0<\/p><\/li><li style=\"font-weight: 400;\" aria-level=\"1\"><span style=\"font-weight: 400;\">Fulfilment of documentation requirements<\/span><p>\u00a0<\/p><\/li><li style=\"font-weight: 400;\" aria-level=\"1\"><p>Less downtime, more resilience<\/p><\/li><\/ul>\t\t\t\t\t\t\t\t<\/div>\n\t\t\t\t<\/div>\n\t\t\t\t<\/div>\n\t\t\t\t\t<\/div>\n\t\t\t\t<\/div>\n\t\t<div class=\"elementor-element elementor-element-73ad629 e-flex e-con-boxed e-con e-parent\" data-id=\"73ad629\" data-element_type=\"container\">\n\t\t\t\t\t<div class=\"e-con-inner\">\n\t\t<div class=\"elementor-element elementor-element-9a983cd e-con-full e-flex e-con e-child\" data-id=\"9a983cd\" data-element_type=\"container\">\n\t\t\t\t<div class=\"elementor-element elementor-element-0090471 elementor-widget__width-initial elementor-widget elementor-widget-text-editor\" data-id=\"0090471\" data-element_type=\"widget\" data-widget_type=\"text-editor.default\">\n\t\t\t\t<div class=\"elementor-widget-container\">\n\t\t\t\t\t\t\t\t\t<h3><span style=\"font-weight: 400;\">Act now - with HSE Experts Berlin<\/span><\/h3><p><b>Sustainability begins with responsibility - and does not end with a declaration of intent.<\/b><b><br \/><\/b> <b>HSE Experts Berlin<\/b><span style=\"font-weight: 400;\"> assists organisations with ESG integration in occupational health and safety: sound, legally compliant and impact-oriented.<\/span><\/p>\t\t\t\t\t\t\t\t<\/div>\n\t\t\t\t<\/div>\n\t\t\t\t<\/div>\n\t\t\t\t\t<\/div>\n\t\t\t\t<\/div>\n\t\t\t\t<\/div>","protected":false},"excerpt":{"rendered":"<p>ESG &amp; occupational health and safety - managing health strategically Occupational health and safety is not a side issue of the ESG strategy - it is a central component of corporate responsibility. If you take ESG seriously, you permanently embed safety, health and governance in your management system. This is precisely where HSE Health &amp; Safety Experts Berlin comes in: with legally compliant expertise, digitally supported processes and industry-specific implementation expertise. ESG works [...]<\/p>","protected":false},"author":4,"featured_media":28583,"parent":0,"menu_order":0,"comment_status":"closed","ping_status":"closed","template":"elementor_header_footer","meta":{"inline_featured_image":false,"footnotes":""},"class_list":["post-28581","page","type-page","status-publish","has-post-thumbnail","hentry"],"yoast_head":"<!-- This site is optimized with the Yoast SEO plugin v25.3 - https:\/\/yoast.com\/wordpress\/plugins\/seo\/ -->\n<title>HEALTH &amp; SAFETY EXPERTS ESG- Environmental, Social, Governance<\/title>\n<meta name=\"description\" content=\"Entdecke pr\u00e4zise und zuverl\u00e4ssige Arbeitssicherheit Messungen mit Health and Safety Experts GmbH. Wir bieten umfassende Arbeitsplatzanalysen f\u00fcr mehr Sicherheit, Compliance und Effizienz in deinem Unternehmen. Vertraue auf unsere Expertise und moderne Technologie f\u00fcr optimale Ergebnisse.\" \/>\n<meta name=\"robots\" content=\"index, follow, max-snippet:-1, max-image-preview:large, max-video-preview:-1\" \/>\n<link rel=\"canonical\" href=\"https:\/\/hs-experts.com\/en\/esg-arbeitsschutz\/\" \/>\n<meta property=\"og:locale\" content=\"en_GB\" \/>\n<meta property=\"og:type\" content=\"article\" \/>\n<meta property=\"og:title\" content=\"HEALTH &amp; SAFETY EXPERTS ESG- Environmental, Social, Governance\" \/>\n<meta property=\"og:description\" content=\"Entdecke pr\u00e4zise und zuverl\u00e4ssige Arbeitssicherheit Messungen mit Health and Safety Experts GmbH. Wir bieten umfassende Arbeitsplatzanalysen f\u00fcr mehr Sicherheit, Compliance und Effizienz in deinem Unternehmen. Vertraue auf unsere Expertise und moderne Technologie f\u00fcr optimale Ergebnisse.\" \/>\n<meta property=\"og:url\" content=\"https:\/\/hs-experts.com\/en\/esg-arbeitsschutz\/\" \/>\n<meta property=\"og:site_name\" content=\"HEALTH &amp; SAFETY EXPERTS\" \/>\n<meta property=\"article:modified_time\" content=\"2025-07-09T09:36:17+00:00\" \/>\n<meta property=\"og:image\" content=\"https:\/\/hsexperts.s3.eu-central-1.amazonaws.com\/wp-content\/uploads\/2025\/06\/15174949\/Header-Image-ESG-1024x512.png\" \/>\n\t<meta property=\"og:image:width\" content=\"1024\" \/>\n\t<meta property=\"og:image:height\" content=\"512\" \/>\n\t<meta property=\"og:image:type\" content=\"image\/png\" \/>\n<meta name=\"twitter:card\" content=\"summary_large_image\" \/>\n<meta name=\"twitter:label1\" content=\"Estimated reading time\" \/>\n\t<meta name=\"twitter:data1\" content=\"2 minutes\" \/>\n<script type=\"application\/ld+json\" class=\"yoast-schema-graph\">{\"@context\":\"https:\/\/schema.org\",\"@graph\":[{\"@type\":\"WebPage\",\"@id\":\"https:\/\/hs-experts.com\/esg-arbeitsschutz\/\",\"url\":\"https:\/\/hs-experts.com\/esg-arbeitsschutz\/\",\"name\":\"HEALTH &amp; SAFETY EXPERTS ESG- Environmental, Social, Governance\",\"isPartOf\":{\"@id\":\"https:\/\/hs-experts.com\/#website\"},\"primaryImageOfPage\":{\"@id\":\"https:\/\/hs-experts.com\/esg-arbeitsschutz\/#primaryimage\"},\"image\":{\"@id\":\"https:\/\/hs-experts.com\/esg-arbeitsschutz\/#primaryimage\"},\"thumbnailUrl\":\"https:\/\/hsexperts.s3.eu-central-1.amazonaws.com\/wp-content\/uploads\/2025\/06\/15174949\/Header-Image-ESG.png\",\"datePublished\":\"2025-06-15T17:54:57+00:00\",\"dateModified\":\"2025-07-09T09:36:17+00:00\",\"description\":\"Entdecke pr\u00e4zise und zuverl\u00e4ssige Arbeitssicherheit Messungen mit Health and Safety Experts GmbH. Wir bieten umfassende Arbeitsplatzanalysen f\u00fcr mehr Sicherheit, Compliance und Effizienz in deinem Unternehmen. Vertraue auf unsere Expertise und moderne Technologie f\u00fcr optimale Ergebnisse.\",\"breadcrumb\":{\"@id\":\"https:\/\/hs-experts.com\/esg-arbeitsschutz\/#breadcrumb\"},\"inLanguage\":\"en-GB\",\"potentialAction\":[{\"@type\":\"ReadAction\",\"target\":[\"https:\/\/hs-experts.com\/esg-arbeitsschutz\/\"]}]},{\"@type\":\"ImageObject\",\"inLanguage\":\"en-GB\",\"@id\":\"https:\/\/hs-experts.com\/esg-arbeitsschutz\/#primaryimage\",\"url\":\"https:\/\/hsexperts.s3.eu-central-1.amazonaws.com\/wp-content\/uploads\/2025\/06\/15174949\/Header-Image-ESG.png\",\"contentUrl\":\"https:\/\/hsexperts.s3.eu-central-1.amazonaws.com\/wp-content\/uploads\/2025\/06\/15174949\/Header-Image-ESG.png\",\"width\":6912,\"height\":3456,\"caption\":\"Nachhaltige ESG-L\u00f6sungen von HSE Experts f\u00fcr Arbeitsschutz und Gesundheitsschutz\"},{\"@type\":\"BreadcrumbList\",\"@id\":\"https:\/\/hs-experts.com\/esg-arbeitsschutz\/#breadcrumb\",\"itemListElement\":[{\"@type\":\"ListItem\",\"position\":1,\"name\":\"Home\",\"item\":\"https:\/\/hs-experts.com\/\"},{\"@type\":\"ListItem\",\"position\":2,\"name\":\"ESG- Environmental, Social, Governance\"}]},{\"@type\":\"WebSite\",\"@id\":\"https:\/\/hs-experts.com\/#website\",\"url\":\"https:\/\/hs-experts.com\/\",\"name\":\"HEALTH &amp; SAFETY EXPERTS\",\"description\":\"\",\"potentialAction\":[{\"@type\":\"SearchAction\",\"target\":{\"@type\":\"EntryPoint\",\"urlTemplate\":\"https:\/\/hs-experts.com\/?s={search_term_string}\"},\"query-input\":{\"@type\":\"PropertyValueSpecification\",\"valueRequired\":true,\"valueName\":\"search_term_string\"}}],\"inLanguage\":\"en-GB\"}]}<\/script>\n<!-- \/ Yoast SEO plugin. -->","yoast_head_json":{"title":"HEALTH &amp; SAFETY EXPERTS ESG- Environmental, Social, Governance","description":"Entdecke pr\u00e4zise und zuverl\u00e4ssige Arbeitssicherheit Messungen mit Health and Safety Experts GmbH. Wir bieten umfassende Arbeitsplatzanalysen f\u00fcr mehr Sicherheit, Compliance und Effizienz in deinem Unternehmen. Vertraue auf unsere Expertise und moderne Technologie f\u00fcr optimale Ergebnisse.","robots":{"index":"index","follow":"follow","max-snippet":"max-snippet:-1","max-image-preview":"max-image-preview:large","max-video-preview":"max-video-preview:-1"},"canonical":"https:\/\/hs-experts.com\/en\/esg-arbeitsschutz\/","og_locale":"en_GB","og_type":"article","og_title":"HEALTH &amp; SAFETY EXPERTS ESG- Environmental, Social, Governance","og_description":"Entdecke pr\u00e4zise und zuverl\u00e4ssige Arbeitssicherheit Messungen mit Health and Safety Experts GmbH. Wir bieten umfassende Arbeitsplatzanalysen f\u00fcr mehr Sicherheit, Compliance und Effizienz in deinem Unternehmen. Vertraue auf unsere Expertise und moderne Technologie f\u00fcr optimale Ergebnisse.","og_url":"https:\/\/hs-experts.com\/en\/esg-arbeitsschutz\/","og_site_name":"HEALTH &amp; SAFETY EXPERTS","article_modified_time":"2025-07-09T09:36:17+00:00","og_image":[{"width":1024,"height":512,"url":"https:\/\/hsexperts.s3.eu-central-1.amazonaws.com\/wp-content\/uploads\/2025\/06\/15174949\/Header-Image-ESG-1024x512.png","type":"image\/png"}],"twitter_card":"summary_large_image","twitter_misc":{"Estimated reading time":"2 minutes"},"schema":{"@context":"https:\/\/schema.org","@graph":[{"@type":"WebPage","@id":"https:\/\/hs-experts.com\/esg-arbeitsschutz\/","url":"https:\/\/hs-experts.com\/esg-arbeitsschutz\/","name":"HEALTH &amp; SAFETY EXPERTS ESG- Environmental, Social, Governance","isPartOf":{"@id":"https:\/\/hs-experts.com\/#website"},"primaryImageOfPage":{"@id":"https:\/\/hs-experts.com\/esg-arbeitsschutz\/#primaryimage"},"image":{"@id":"https:\/\/hs-experts.com\/esg-arbeitsschutz\/#primaryimage"},"thumbnailUrl":"https:\/\/hsexperts.s3.eu-central-1.amazonaws.com\/wp-content\/uploads\/2025\/06\/15174949\/Header-Image-ESG.png","datePublished":"2025-06-15T17:54:57+00:00","dateModified":"2025-07-09T09:36:17+00:00","description":"Entdecke pr\u00e4zise und zuverl\u00e4ssige Arbeitssicherheit Messungen mit Health and Safety Experts GmbH. Wir bieten umfassende Arbeitsplatzanalysen f\u00fcr mehr Sicherheit, Compliance und Effizienz in deinem Unternehmen. Vertraue auf unsere Expertise und moderne Technologie f\u00fcr optimale Ergebnisse.","breadcrumb":{"@id":"https:\/\/hs-experts.com\/esg-arbeitsschutz\/#breadcrumb"},"inLanguage":"en-GB","potentialAction":[{"@type":"ReadAction","target":["https:\/\/hs-experts.com\/esg-arbeitsschutz\/"]}]},{"@type":"ImageObject","inLanguage":"en-GB","@id":"https:\/\/hs-experts.com\/esg-arbeitsschutz\/#primaryimage","url":"https:\/\/hsexperts.s3.eu-central-1.amazonaws.com\/wp-content\/uploads\/2025\/06\/15174949\/Header-Image-ESG.png","contentUrl":"https:\/\/hsexperts.s3.eu-central-1.amazonaws.com\/wp-content\/uploads\/2025\/06\/15174949\/Header-Image-ESG.png","width":6912,"height":3456,"caption":"Nachhaltige ESG-L\u00f6sungen von HSE Experts f\u00fcr Arbeitsschutz und Gesundheitsschutz"},{"@type":"BreadcrumbList","@id":"https:\/\/hs-experts.com\/esg-arbeitsschutz\/#breadcrumb","itemListElement":[{"@type":"ListItem","position":1,"name":"Home","item":"https:\/\/hs-experts.com\/"},{"@type":"ListItem","position":2,"name":"ESG- Environmental, Social, Governance"}]},{"@type":"WebSite","@id":"https:\/\/hs-experts.com\/#website","url":"https:\/\/hs-experts.com\/","name":"HEALTH &amp; SAFETY EXPERTS","description":"","potentialAction":[{"@type":"SearchAction","target":{"@type":"EntryPoint","urlTemplate":"https:\/\/hs-experts.com\/?s={search_term_string}"},"query-input":{"@type":"PropertyValueSpecification","valueRequired":true,"valueName":"search_term_string"}}],"inLanguage":"en-GB"}]}},"_hostinger_reach_plugin_has_subscription_block":false,"_hostinger_reach_plugin_is_elementor":false,"_links":{"self":[{"href":"https:\/\/hs-experts.com\/en\/wp-json\/wp\/v2\/pages\/28581","targetHints":{"allow":["GET"]}}],"collection":[{"href":"https:\/\/hs-experts.com\/en\/wp-json\/wp\/v2\/pages"}],"about":[{"href":"https:\/\/hs-experts.com\/en\/wp-json\/wp\/v2\/types\/page"}],"author":[{"embeddable":true,"href":"https:\/\/hs-experts.com\/en\/wp-json\/wp\/v2\/users\/4"}],"replies":[{"embeddable":true,"href":"https:\/\/hs-experts.com\/en\/wp-json\/wp\/v2\/comments?post=28581"}],"version-history":[{"count":44,"href":"https:\/\/hs-experts.com\/en\/wp-json\/wp\/v2\/pages\/28581\/revisions"}],"predecessor-version":[{"id":29002,"href":"https:\/\/hs-experts.com\/en\/wp-json\/wp\/v2\/pages\/28581\/revisions\/29002"}],"wp:featuredmedia":[{"embeddable":true,"href":"https:\/\/hs-experts.com\/en\/wp-json\/wp\/v2\/media\/28583"}],"wp:attachment":[{"href":"https:\/\/hs-experts.com\/en\/wp-json\/wp\/v2\/media?parent=28581"}],"curies":[{"name":"wp","href":"https:\/\/api.w.org\/{rel}","templated":true}]}}