{"id":29750,"date":"2025-12-23T08:57:43","date_gmt":"2025-12-23T08:57:43","guid":{"rendered":"https:\/\/hs-experts.com\/?page_id=29750"},"modified":"2025-12-23T10:20:07","modified_gmt":"2025-12-23T10:20:07","slug":"digitaler-ki-gesundheitscoach","status":"publish","type":"page","link":"https:\/\/hs-experts.com\/en\/digitaler-ki-gesundheitscoach\/","title":{"rendered":"Digitaler KI-Gesundheitscoach"},"content":{"rendered":"<div data-elementor-type=\"wp-page\" data-elementor-id=\"29750\" class=\"elementor elementor-29750\" data-elementor-post-type=\"page\">\n\t\t\t\t<div class=\"elementor-element elementor-element-ef3aeb9 e-flex e-con-boxed e-con e-parent\" data-id=\"ef3aeb9\" data-element_type=\"container\" data-settings=\"{&quot;background_background&quot;:&quot;classic&quot;}\">\n\t\t\t\t\t<div class=\"e-con-inner\">\n\t\t\t\t<div class=\"elementor-element elementor-element-f1c69a5 elementor-widget elementor-widget-heading\" data-id=\"f1c69a5\" data-element_type=\"widget\" data-widget_type=\"heading.default\">\n\t\t\t\t<div class=\"elementor-widget-container\">\n\t\t\t\t\t<h2 class=\"elementor-heading-title elementor-size-default\">Digitaler KI-Gesundheitscoach<\/h2>\t\t\t\t<\/div>\n\t\t\t\t<\/div>\n\t\t\t\t\t<\/div>\n\t\t\t\t<\/div>\n\t\t<div class=\"elementor-element elementor-element-1337118 e-flex e-con-boxed e-con e-parent\" data-id=\"1337118\" data-element_type=\"container\">\n\t\t\t\t\t<div class=\"e-con-inner\">\n\t\t\t\t<div class=\"elementor-element elementor-element-1477f91 elementor-widget elementor-widget-text-editor\" data-id=\"1477f91\" data-element_type=\"widget\" data-widget_type=\"text-editor.default\">\n\t\t\t\t<div class=\"elementor-widget-container\">\n\t\t\t\t\t\t\t\t\t<h1><span style=\"font-weight: 400;\">Digitaler KI-Gesundheitscoach f\u00fcr eine bessere Work-Health-Balance<\/span><\/h1><p><b><br \/><\/b><span style=\"font-weight: 400;\">Unser digitaler KI-Gesundheitscoach erkennt in Echtzeit Haltungs- und Bewegungsmuster der Mitarbeitenden, bewertet diese und gibt personalisierte Empfehlungen direkt am Arbeitsplatz. So werden Gesundheit, Leistungsf\u00e4higkeit und Motivation nachhaltig gef\u00f6rdert \u2013 und der Unternehmenserfolg messbar gesichert.<\/span><span style=\"font-weight: 400;\"><br \/><\/span><b><br \/><\/b><span style=\"font-weight: 400;\">Fach- und F\u00fchrungskr\u00e4fte sitzen in modernen Arbeitswelten t\u00e4glich viele Stunden \u2013 im B\u00fcro oder im Home Office. Fehlhaltungen, Bewegungsmangel und unzureichende Fl\u00fcssigkeitszufuhr f\u00fchren zu Muskelverspannungen, Kopf- und R\u00fcckenschmerzen und beeintr\u00e4chtigen Konzentration und Produktivit\u00e4t. Langfristig steigt das Risiko f\u00fcr Herz-Kreislauf- und Stoffwechselerkrankungen \u2013 mit sp\u00fcrbaren Kosten f\u00fcr Unternehmen.<\/span><\/p><h2><span style=\"font-weight: 400;\">L\u00f6sung \u2013 digitaler KI-Gesundheitscoach<\/span><\/h2><p><span style=\"font-weight: 400;\">Mit intelligenter Sensorik und KI-Algorithmen erkennt der digitale Gesundheitscoach individuelle Verhaltensmuster, bewertet Belastungen und gibt sofort personalisierte Empfehlungen. Mitarbeitende profitieren so direkt am Arbeitsplatz von ges\u00fcnderem Verhalten und aktiver Pr\u00e4vention.<\/span><\/p>\t\t\t\t\t\t\t\t<\/div>\n\t\t\t\t<\/div>\n\t\t\t\t\t<\/div>\n\t\t\t\t<\/div>\n\t\t<div class=\"elementor-element elementor-element-4f3b294 e-flex e-con-boxed e-con e-parent\" data-id=\"4f3b294\" data-element_type=\"container\">\n\t\t\t\t\t<div class=\"e-con-inner\">\n\t\t<div class=\"elementor-element elementor-element-37fa54c e-con-full e-flex e-con e-child\" data-id=\"37fa54c\" data-element_type=\"container\">\n\t\t\t\t<div class=\"elementor-element elementor-element-9debf03 elementor-widget elementor-widget-image\" data-id=\"9debf03\" data-element_type=\"widget\" data-widget_type=\"image.default\">\n\t\t\t\t<div class=\"elementor-widget-container\">\n\t\t\t\t\t\t\t\t\t\t\t\t\t\t\t<img fetchpriority=\"high\" decoding=\"async\" width=\"800\" height=\"800\" src=\"https:\/\/hsexperts.s3.eu-central-1.amazonaws.com\/wp-content\/uploads\/2025\/12\/23101344\/KI-Gesundheitscoach-device-example.png\" class=\"attachment-large size-large wp-image-29779\" alt=\"\" srcset=\"https:\/\/hsexperts.s3.eu-central-1.amazonaws.com\/wp-content\/uploads\/2025\/12\/23101344\/KI-Gesundheitscoach-device-example.png 1024w, https:\/\/hsexperts.s3.eu-central-1.amazonaws.com\/wp-content\/uploads\/2025\/12\/23101344\/KI-Gesundheitscoach-device-example-300x300.png 300w, https:\/\/hsexperts.s3.eu-central-1.amazonaws.com\/wp-content\/uploads\/2025\/12\/23101344\/KI-Gesundheitscoach-device-example-150x150.png 150w, https:\/\/hsexperts.s3.eu-central-1.amazonaws.com\/wp-content\/uploads\/2025\/12\/23101344\/KI-Gesundheitscoach-device-example-768x768.png 768w, https:\/\/hsexperts.s3.eu-central-1.amazonaws.com\/wp-content\/uploads\/2025\/12\/23101344\/KI-Gesundheitscoach-device-example-12x12.png 12w\" sizes=\"(max-width: 800px) 100vw, 800px\" \/>\t\t\t\t\t\t\t\t\t\t\t\t\t\t\t<\/div>\n\t\t\t\t<\/div>\n\t\t\t\t<\/div>\n\t\t<div class=\"elementor-element elementor-element-1a79a3f e-con-full e-flex e-con e-child\" data-id=\"1a79a3f\" data-element_type=\"container\">\n\t\t\t\t<div class=\"elementor-element elementor-element-d18412f elementor-widget elementor-widget-text-editor\" data-id=\"d18412f\" data-element_type=\"widget\" data-widget_type=\"text-editor.default\">\n\t\t\t\t<div class=\"elementor-widget-container\">\n\t\t\t\t\t\t\t\t\t<h2>Features \/ Vorteile f\u00fcr Mitarbeitende<\/h2><ul><li>Haltungsfeedback zur Entlastung des Bewegungsapparats<\/li><li>Trink- und Bewegungs-Reminds zur F\u00f6rderung von Stoffwechsel und Energie<\/li><li>Ausgleichs\u00fcbungen gegen Verspannungen<\/li><li>Integration ergonomischer Tools wie Stehschreibtische oder Arbeitsplatz-Optimierungen<\/li><\/ul>\t\t\t\t\t\t\t\t<\/div>\n\t\t\t\t<\/div>\n\t\t\t\t<\/div>\n\t\t\t\t\t<\/div>\n\t\t\t\t<\/div>\n\t\t<div class=\"elementor-element elementor-element-4366356 e-flex e-con-boxed e-con e-parent\" data-id=\"4366356\" data-element_type=\"container\">\n\t\t\t\t\t<div class=\"e-con-inner\">\n\t\t\t\t<div class=\"elementor-element elementor-element-c4b734f elementor-widget elementor-widget-spacer\" data-id=\"c4b734f\" data-element_type=\"widget\" data-widget_type=\"spacer.default\">\n\t\t\t\t<div class=\"elementor-widget-container\">\n\t\t\t\t\t\t\t<div class=\"elementor-spacer\">\n\t\t\t<div class=\"elementor-spacer-inner\"><\/div>\n\t\t<\/div>\n\t\t\t\t\t\t<\/div>\n\t\t\t\t<\/div>\n\t\t\t\t\t<\/div>\n\t\t\t\t<\/div>\n\t\t<div class=\"elementor-element elementor-element-1922908 e-flex e-con-boxed e-con e-parent\" data-id=\"1922908\" data-element_type=\"container\">\n\t\t\t\t\t<div class=\"e-con-inner\">\n\t\t\t\t<div class=\"elementor-element elementor-element-8e0b101 elementor-widget elementor-widget-text-editor\" data-id=\"8e0b101\" data-element_type=\"widget\" data-widget_type=\"text-editor.default\">\n\t\t\t\t<div class=\"elementor-widget-container\">\n\t\t\t\t\t\t\t\t\t<h2><span style=\"font-weight: 400;\">Nutzen f\u00fcr Dein Unternehmen<\/span><\/h2><ul><li style=\"font-weight: 400;\" aria-level=\"1\"><b>Steigerung der Leistungsf\u00e4higkeit der Mitarbeitenden<\/b><p>\u00a0<\/p><\/li><li style=\"font-weight: 400;\" aria-level=\"1\"><b>Reduktion krankheitsbedingter Ausfallzeiten<\/b><p>\u00a0<\/p><\/li><li style=\"font-weight: 400;\" aria-level=\"1\"><b>Pr\u00e4vention arbeitsbedingter Gesundheitsrisiken<\/b><p>\u00a0<\/p><\/li><li style=\"font-weight: 400;\" aria-level=\"1\"><b>F\u00f6rderung einer nachhaltigen Gesundheitskultur<\/b><\/li><\/ul><h3><b>Einsatzmodell<\/b><\/h3><p><span style=\"font-weight: 400;\">Der digitale KI-Gesundheitscoach ist als monatlich k\u00fcndbares Leasingmodell f\u00fcr gewerbliche Kund*innen verf\u00fcgbar. Individuelle Angebote passen wir exakt an die Unternehmensbed\u00fcrfnisse an.<\/span><\/p><p><b><br \/><\/b> <i><span style=\"font-weight: 400;\">Jetzt unverbindliches Angebot anfordern<\/span><\/i><span style=\"font-weight: 400;\"> \u2013 erfahre, wie der digitale KI-Gesundheitscoach messbar zu weniger Fehlzeiten und mehr Produktivit\u00e4t beitr\u00e4gt.<\/span><\/p>\t\t\t\t\t\t\t\t<\/div>\n\t\t\t\t<\/div>\n\t\t\t\t\t<\/div>\n\t\t\t\t<\/div>\n\t\t\t\t<\/div>","protected":false},"excerpt":{"rendered":"<p>Digitaler KI-Gesundheitscoach Digitaler KI-Gesundheitscoach f\u00fcr eine bessere Work-Health-Balance Unser digitaler KI-Gesundheitscoach erkennt in Echtzeit Haltungs- und Bewegungsmuster der Mitarbeitenden, bewertet diese und gibt personalisierte Empfehlungen direkt am Arbeitsplatz. So werden Gesundheit, Leistungsf\u00e4higkeit und Motivation nachhaltig gef\u00f6rdert \u2013 und der Unternehmenserfolg messbar gesichert.Fach- und F\u00fchrungskr\u00e4fte sitzen in modernen Arbeitswelten t\u00e4glich viele Stunden \u2013 im B\u00fcro oder [&hellip;]<\/p>","protected":false},"author":1,"featured_media":0,"parent":0,"menu_order":0,"comment_status":"closed","ping_status":"closed","template":"","meta":{"inline_featured_image":false,"footnotes":""},"class_list":["post-29750","page","type-page","status-publish","hentry"],"yoast_head":"<!-- This site is optimized with the Yoast SEO plugin v25.3 - https:\/\/yoast.com\/wordpress\/plugins\/seo\/ -->\n<title>Digitaler KI-Gesundheitscoach f\u00fcr gesunde &amp; leistungsf\u00e4hige Mitarbeitende<\/title>\n<meta name=\"description\" content=\"Entdecke den digitalen KI-Gesundheitscoach f\u00fcr moderne Arbeitswelten: Echtzeit-Haltungsfeedback, Trink- und Bewegungs-Reminds und personalisierte Empfehlungen f\u00fcr gesunde, leistungsf\u00e4hige Mitarbeitende. Reduziere Ausfalltage und steigere Produktivit\u00e4t.\" \/>\n<meta name=\"robots\" content=\"index, follow, max-snippet:-1, max-image-preview:large, max-video-preview:-1\" \/>\n<link rel=\"canonical\" href=\"https:\/\/hs-experts.com\/en\/digitaler-ki-gesundheitscoach\/\" \/>\n<meta property=\"og:locale\" content=\"en_GB\" \/>\n<meta property=\"og:type\" content=\"article\" \/>\n<meta property=\"og:title\" content=\"Digitaler KI-Gesundheitscoach f\u00fcr gesunde &amp; leistungsf\u00e4hige Mitarbeitende\" \/>\n<meta property=\"og:description\" content=\"Entdecke den digitalen KI-Gesundheitscoach f\u00fcr moderne Arbeitswelten: Echtzeit-Haltungsfeedback, Trink- und Bewegungs-Reminds und personalisierte Empfehlungen f\u00fcr gesunde, leistungsf\u00e4hige Mitarbeitende. Reduziere Ausfalltage und steigere Produktivit\u00e4t.\" \/>\n<meta property=\"og:url\" content=\"https:\/\/hs-experts.com\/en\/digitaler-ki-gesundheitscoach\/\" \/>\n<meta property=\"og:site_name\" content=\"HEALTH &amp; SAFETY EXPERTS\" \/>\n<meta property=\"article:modified_time\" content=\"2025-12-23T10:20:07+00:00\" \/>\n<meta property=\"og:image\" content=\"https:\/\/hs-experts.com\/wp-content\/uploads\/2025\/12\/KI-Gesundheitscoach-device-example.png\" \/>\n<meta name=\"twitter:card\" content=\"summary_large_image\" \/>\n<meta name=\"twitter:label1\" content=\"Estimated reading time\" \/>\n\t<meta name=\"twitter:data1\" content=\"2 minutes\" \/>\n<script type=\"application\/ld+json\" class=\"yoast-schema-graph\">{\"@context\":\"https:\/\/schema.org\",\"@graph\":[{\"@type\":\"WebPage\",\"@id\":\"https:\/\/hs-experts.com\/digitaler-ki-gesundheitscoach\/\",\"url\":\"https:\/\/hs-experts.com\/digitaler-ki-gesundheitscoach\/\",\"name\":\"Digitaler KI-Gesundheitscoach f\u00fcr gesunde & leistungsf\u00e4hige Mitarbeitende\",\"isPartOf\":{\"@id\":\"https:\/\/hs-experts.com\/#website\"},\"primaryImageOfPage\":{\"@id\":\"https:\/\/hs-experts.com\/digitaler-ki-gesundheitscoach\/#primaryimage\"},\"image\":{\"@id\":\"https:\/\/hs-experts.com\/digitaler-ki-gesundheitscoach\/#primaryimage\"},\"thumbnailUrl\":\"https:\/\/hs-experts.com\/wp-content\/uploads\/2025\/12\/KI-Gesundheitscoach-device-example.png\",\"datePublished\":\"2025-12-23T08:57:43+00:00\",\"dateModified\":\"2025-12-23T10:20:07+00:00\",\"description\":\"Entdecke den digitalen KI-Gesundheitscoach f\u00fcr moderne Arbeitswelten: Echtzeit-Haltungsfeedback, Trink- und Bewegungs-Reminds und personalisierte Empfehlungen f\u00fcr gesunde, leistungsf\u00e4hige Mitarbeitende. Reduziere Ausfalltage und steigere Produktivit\u00e4t.\",\"breadcrumb\":{\"@id\":\"https:\/\/hs-experts.com\/digitaler-ki-gesundheitscoach\/#breadcrumb\"},\"inLanguage\":\"en-GB\",\"potentialAction\":[{\"@type\":\"ReadAction\",\"target\":[\"https:\/\/hs-experts.com\/digitaler-ki-gesundheitscoach\/\"]}]},{\"@type\":\"ImageObject\",\"inLanguage\":\"en-GB\",\"@id\":\"https:\/\/hs-experts.com\/digitaler-ki-gesundheitscoach\/#primaryimage\",\"url\":\"https:\/\/hs-experts.com\/wp-content\/uploads\/2025\/12\/KI-Gesundheitscoach-device-example.png\",\"contentUrl\":\"https:\/\/hs-experts.com\/wp-content\/uploads\/2025\/12\/KI-Gesundheitscoach-device-example.png\"},{\"@type\":\"BreadcrumbList\",\"@id\":\"https:\/\/hs-experts.com\/digitaler-ki-gesundheitscoach\/#breadcrumb\",\"itemListElement\":[{\"@type\":\"ListItem\",\"position\":1,\"name\":\"Home\",\"item\":\"https:\/\/hs-experts.com\/\"},{\"@type\":\"ListItem\",\"position\":2,\"name\":\"Digitaler KI-Gesundheitscoach\"}]},{\"@type\":\"WebSite\",\"@id\":\"https:\/\/hs-experts.com\/#website\",\"url\":\"https:\/\/hs-experts.com\/\",\"name\":\"HEALTH &amp; SAFETY EXPERTS\",\"description\":\"\",\"potentialAction\":[{\"@type\":\"SearchAction\",\"target\":{\"@type\":\"EntryPoint\",\"urlTemplate\":\"https:\/\/hs-experts.com\/?s={search_term_string}\"},\"query-input\":{\"@type\":\"PropertyValueSpecification\",\"valueRequired\":true,\"valueName\":\"search_term_string\"}}],\"inLanguage\":\"en-GB\"}]}<\/script>\n<!-- \/ Yoast SEO plugin. -->","yoast_head_json":{"title":"Digitaler KI-Gesundheitscoach f\u00fcr gesunde & leistungsf\u00e4hige Mitarbeitende","description":"Entdecke den digitalen KI-Gesundheitscoach f\u00fcr moderne Arbeitswelten: Echtzeit-Haltungsfeedback, Trink- und Bewegungs-Reminds und personalisierte Empfehlungen f\u00fcr gesunde, leistungsf\u00e4hige Mitarbeitende. Reduziere Ausfalltage und steigere Produktivit\u00e4t.","robots":{"index":"index","follow":"follow","max-snippet":"max-snippet:-1","max-image-preview":"max-image-preview:large","max-video-preview":"max-video-preview:-1"},"canonical":"https:\/\/hs-experts.com\/en\/digitaler-ki-gesundheitscoach\/","og_locale":"en_GB","og_type":"article","og_title":"Digitaler KI-Gesundheitscoach f\u00fcr gesunde & leistungsf\u00e4hige Mitarbeitende","og_description":"Entdecke den digitalen KI-Gesundheitscoach f\u00fcr moderne Arbeitswelten: Echtzeit-Haltungsfeedback, Trink- und Bewegungs-Reminds und personalisierte Empfehlungen f\u00fcr gesunde, leistungsf\u00e4hige Mitarbeitende. Reduziere Ausfalltage und steigere Produktivit\u00e4t.","og_url":"https:\/\/hs-experts.com\/en\/digitaler-ki-gesundheitscoach\/","og_site_name":"HEALTH &amp; SAFETY EXPERTS","article_modified_time":"2025-12-23T10:20:07+00:00","og_image":[{"url":"https:\/\/hs-experts.com\/wp-content\/uploads\/2025\/12\/KI-Gesundheitscoach-device-example.png","type":"","width":"","height":""}],"twitter_card":"summary_large_image","twitter_misc":{"Estimated reading time":"2 minutes"},"schema":{"@context":"https:\/\/schema.org","@graph":[{"@type":"WebPage","@id":"https:\/\/hs-experts.com\/digitaler-ki-gesundheitscoach\/","url":"https:\/\/hs-experts.com\/digitaler-ki-gesundheitscoach\/","name":"Digitaler KI-Gesundheitscoach f\u00fcr gesunde & leistungsf\u00e4hige Mitarbeitende","isPartOf":{"@id":"https:\/\/hs-experts.com\/#website"},"primaryImageOfPage":{"@id":"https:\/\/hs-experts.com\/digitaler-ki-gesundheitscoach\/#primaryimage"},"image":{"@id":"https:\/\/hs-experts.com\/digitaler-ki-gesundheitscoach\/#primaryimage"},"thumbnailUrl":"https:\/\/hs-experts.com\/wp-content\/uploads\/2025\/12\/KI-Gesundheitscoach-device-example.png","datePublished":"2025-12-23T08:57:43+00:00","dateModified":"2025-12-23T10:20:07+00:00","description":"Entdecke den digitalen KI-Gesundheitscoach f\u00fcr moderne Arbeitswelten: Echtzeit-Haltungsfeedback, Trink- und Bewegungs-Reminds und personalisierte Empfehlungen f\u00fcr gesunde, leistungsf\u00e4hige Mitarbeitende. Reduziere Ausfalltage und steigere Produktivit\u00e4t.","breadcrumb":{"@id":"https:\/\/hs-experts.com\/digitaler-ki-gesundheitscoach\/#breadcrumb"},"inLanguage":"en-GB","potentialAction":[{"@type":"ReadAction","target":["https:\/\/hs-experts.com\/digitaler-ki-gesundheitscoach\/"]}]},{"@type":"ImageObject","inLanguage":"en-GB","@id":"https:\/\/hs-experts.com\/digitaler-ki-gesundheitscoach\/#primaryimage","url":"https:\/\/hs-experts.com\/wp-content\/uploads\/2025\/12\/KI-Gesundheitscoach-device-example.png","contentUrl":"https:\/\/hs-experts.com\/wp-content\/uploads\/2025\/12\/KI-Gesundheitscoach-device-example.png"},{"@type":"BreadcrumbList","@id":"https:\/\/hs-experts.com\/digitaler-ki-gesundheitscoach\/#breadcrumb","itemListElement":[{"@type":"ListItem","position":1,"name":"Home","item":"https:\/\/hs-experts.com\/"},{"@type":"ListItem","position":2,"name":"Digitaler KI-Gesundheitscoach"}]},{"@type":"WebSite","@id":"https:\/\/hs-experts.com\/#website","url":"https:\/\/hs-experts.com\/","name":"HEALTH &amp; SAFETY EXPERTS","description":"","potentialAction":[{"@type":"SearchAction","target":{"@type":"EntryPoint","urlTemplate":"https:\/\/hs-experts.com\/?s={search_term_string}"},"query-input":{"@type":"PropertyValueSpecification","valueRequired":true,"valueName":"search_term_string"}}],"inLanguage":"en-GB"}]}},"_links":{"self":[{"href":"https:\/\/hs-experts.com\/en\/wp-json\/wp\/v2\/pages\/29750","targetHints":{"allow":["GET"]}}],"collection":[{"href":"https:\/\/hs-experts.com\/en\/wp-json\/wp\/v2\/pages"}],"about":[{"href":"https:\/\/hs-experts.com\/en\/wp-json\/wp\/v2\/types\/page"}],"author":[{"embeddable":true,"href":"https:\/\/hs-experts.com\/en\/wp-json\/wp\/v2\/users\/1"}],"replies":[{"embeddable":true,"href":"https:\/\/hs-experts.com\/en\/wp-json\/wp\/v2\/comments?post=29750"}],"version-history":[{"count":16,"href":"https:\/\/hs-experts.com\/en\/wp-json\/wp\/v2\/pages\/29750\/revisions"}],"predecessor-version":[{"id":29791,"href":"https:\/\/hs-experts.com\/en\/wp-json\/wp\/v2\/pages\/29750\/revisions\/29791"}],"wp:attachment":[{"href":"https:\/\/hs-experts.com\/en\/wp-json\/wp\/v2\/media?parent=29750"}],"curies":[{"name":"wp","href":"https:\/\/api.w.org\/{rel}","templated":true}]}}