{"id":512,"date":"2023-10-06T15:01:26","date_gmt":"2023-10-06T15:01:26","guid":{"rendered":"https:\/\/hs-experts.com\/?page_id=512"},"modified":"2023-11-01T08:51:12","modified_gmt":"2023-11-01T08:51:12","slug":"subpage-template","status":"publish","type":"page","link":"https:\/\/hs-experts.com\/en\/subpage-template\/","title":{"rendered":"Subpage template"},"content":{"rendered":"<div data-elementor-type=\"wp-page\" data-elementor-id=\"512\" class=\"elementor elementor-512\" data-elementor-post-type=\"page\">\n\t\t\t\t<div class=\"elementor-element elementor-element-c39dbbe e-flex e-con-boxed e-con e-parent\" data-id=\"c39dbbe\" data-element_type=\"container\" data-settings=\"{&quot;background_background&quot;:&quot;classic&quot;}\">\n\t\t\t\t\t<div class=\"e-con-inner\">\n\t\t\t\t\t<\/div>\n\t\t\t\t<\/div>\n\t\t<div class=\"elementor-element elementor-element-c07f413 e-flex e-con-boxed e-con e-parent\" data-id=\"c07f413\" data-element_type=\"container\">\n\t\t\t\t\t<div class=\"e-con-inner\">\n\t\t<div class=\"elementor-element elementor-element-53f45e6 e-con-full e-flex e-con e-child\" data-id=\"53f45e6\" data-element_type=\"container\">\n\t\t\t\t<div class=\"elementor-element elementor-element-242fa81 elementor-widget elementor-widget-heading\" data-id=\"242fa81\" data-element_type=\"widget\" data-widget_type=\"heading.default\">\n\t\t\t\t<div class=\"elementor-widget-container\">\n\t\t\t\t\t<h2 class=\"elementor-heading-title elementor-size-default\">OCCUPATIONAL SAFETY<\/h2>\t\t\t\t<\/div>\n\t\t\t\t<\/div>\n\t\t\t\t<div class=\"elementor-element elementor-element-3164e76 elementor-widget elementor-widget-heading\" data-id=\"3164e76\" data-element_type=\"widget\" data-widget_type=\"heading.default\">\n\t\t\t\t<div class=\"elementor-widget-container\">\n\t\t\t\t\t<h1 class=\"elementor-heading-title elementor-size-default\">Infection protection and hygiene advice\n<\/h1>\t\t\t\t<\/div>\n\t\t\t\t<\/div>\n\t\t\t\t<div class=\"elementor-element elementor-element-d6aa79d elementor-widget elementor-widget-text-editor\" data-id=\"d6aa79d\" data-element_type=\"widget\" data-widget_type=\"text-editor.default\">\n\t\t\t\t<div class=\"elementor-widget-container\">\n\t\t\t\t\t\t\t\t\t<p>The Federal Ministry of Labour and Social Affairs (BMAS) has defined the SARS-CoV-2 occupational health and safety standard to enable the economy to restart in times of the coronavirus pandemic. This describes technical, organisational and personal protective measures with the aim of breaking the chains of infection in the population, safeguarding the health of employees, restoring economic activity and at the same time creating a state of flat infection curves.<\/p><p>We will work with you to develop company-specific solutions:<\/p><ul><li aria-level=\"2\">Risk assessment with regard to the risks associated with the coronavirus pandemic (incl. risk assessment of mental stress)<\/li><li aria-level=\"2\">Measures for particularly vulnerable people<\/li><li aria-level=\"2\">Advice on implementing the protective measures<\/li><li aria-level=\"2\">Creation of a hygiene plan<\/li><\/ul>\t\t\t\t\t\t\t\t<\/div>\n\t\t\t\t<\/div>\n\t\t\t\t<\/div>\n\t\t<div class=\"elementor-element elementor-element-6b2913f e-con-full e-flex e-con e-child\" data-id=\"6b2913f\" data-element_type=\"container\" data-settings=\"{&quot;background_background&quot;:&quot;classic&quot;}\">\n\t\t<div class=\"elementor-element elementor-element-7e2b00c e-flex e-con-boxed e-con e-child\" data-id=\"7e2b00c\" data-element_type=\"container\" data-settings=\"{&quot;background_background&quot;:&quot;classic&quot;}\">\n\t\t\t\t\t<div class=\"e-con-inner\">\n\t\t\t\t<div class=\"elementor-element elementor-element-28aeebd elementor-widget elementor-widget-heading\" data-id=\"28aeebd\" data-element_type=\"widget\" data-widget_type=\"heading.default\">\n\t\t\t\t<div class=\"elementor-widget-container\">\n\t\t\t\t\t<h2 class=\"elementor-heading-title elementor-size-default\">Contact us<\/h2>\t\t\t\t<\/div>\n\t\t\t\t<\/div>\n\t\t\t\t<div class=\"elementor-element elementor-element-19586fb elementor-widget elementor-widget-text-editor\" data-id=\"19586fb\" data-element_type=\"widget\" data-widget_type=\"text-editor.default\">\n\t\t\t\t<div class=\"elementor-widget-container\">\n\t\t\t\t\t\t\t\t\t<p>E-mail: info@hs-experts.com<\/p>\t\t\t\t\t\t\t\t<\/div>\n\t\t\t\t<\/div>\n\t\t\t\t<div class=\"elementor-element elementor-element-18aeb04 elementor-widget elementor-widget-text-editor\" data-id=\"18aeb04\" data-element_type=\"widget\" data-widget_type=\"text-editor.default\">\n\t\t\t\t<div class=\"elementor-widget-container\">\n\t\t\t\t\t\t\t\t\t<div class=\"fusion-text\"><p>Phone: +49 30 23131523<\/p><\/div>\t\t\t\t\t\t\t\t<\/div>\n\t\t\t\t<\/div>\n\t\t\t\t<div class=\"elementor-element elementor-element-5d7e986 elementor-align-center elementor-widget elementor-widget-button\" data-id=\"5d7e986\" data-element_type=\"widget\" data-widget_type=\"button.default\">\n\t\t\t\t<div class=\"elementor-widget-container\">\n\t\t\t\t\t\t\t\t\t<div class=\"elementor-button-wrapper\">\n\t\t\t\t\t<a class=\"elementor-button elementor-button-link elementor-size-lg\" href=\"https:\/\/hs-experts.com\/en\/request-an-offer\/?lang=en\">\n\t\t\t\t\t\t<span class=\"elementor-button-content-wrapper\">\n\t\t\t\t\t\t\t\t\t<span class=\"elementor-button-text\">Request a quote<\/span>\n\t\t\t\t\t<\/span>\n\t\t\t\t\t<\/a>\n\t\t\t\t<\/div>\n\t\t\t\t\t\t\t\t<\/div>\n\t\t\t\t<\/div>\n\t\t\t\t\t<\/div>\n\t\t\t\t<\/div>\n\t\t\t\t<\/div>\n\t\t\t\t\t<\/div>\n\t\t\t\t<\/div>\n\t\t\t\t<\/div>","protected":false},"excerpt":{"rendered":"<p>ARBEITSSICHERHEIT Infektionsschutz- und Hygiene-Beratung Um in Zeiten der Corona-Pandemie ein erneutes Hochfahren der Wirtschaft zu erm\u00f6glichen, hat das Bundesministerium f\u00fcr Arbeit und Soziales (BMAS) den SARS-CoV-2-Arbeitsschutzstandard definiert. Dieser beschreibt technische, organisatorische und personenbezogene Schutzma\u00dfnahmen mit dem Ziel, die Infektionsketten in der Bev\u00f6lkerung zu unterbrechen, die Gesundheit von Besch\u00e4ftigten zu sichern, die wirtschaftliche Aktivit\u00e4t wiederherzustellen und [&hellip;]<\/p>","protected":false},"author":2,"featured_media":0,"parent":0,"menu_order":0,"comment_status":"closed","ping_status":"closed","template":"elementor_header_footer","meta":{"inline_featured_image":false,"footnotes":""},"class_list":["post-512","page","type-page","status-publish","hentry"],"yoast_head":"<!-- This site is optimized with the Yoast SEO plugin v25.3 - https:\/\/yoast.com\/wordpress\/plugins\/seo\/ -->\n<title>Subpage template - HEALTH &amp; SAFETY EXPERTS<\/title>\n<meta name=\"robots\" content=\"index, follow, max-snippet:-1, max-image-preview:large, max-video-preview:-1\" \/>\n<link rel=\"canonical\" href=\"https:\/\/hs-experts.com\/en\/subpage-template\/\" \/>\n<meta property=\"og:locale\" content=\"en_GB\" \/>\n<meta property=\"og:type\" content=\"article\" \/>\n<meta property=\"og:title\" content=\"Subpage template - HEALTH &amp; SAFETY EXPERTS\" \/>\n<meta property=\"og:description\" content=\"ARBEITSSICHERHEIT Infektionsschutz- und Hygiene-Beratung Um in Zeiten der Corona-Pandemie ein erneutes Hochfahren der Wirtschaft zu erm\u00f6glichen, hat das Bundesministerium f\u00fcr Arbeit und Soziales (BMAS) den SARS-CoV-2-Arbeitsschutzstandard definiert. Dieser beschreibt technische, organisatorische und personenbezogene Schutzma\u00dfnahmen mit dem Ziel, die Infektionsketten in der Bev\u00f6lkerung zu unterbrechen, die Gesundheit von Besch\u00e4ftigten zu sichern, die wirtschaftliche Aktivit\u00e4t wiederherzustellen und [&hellip;]\" \/>\n<meta property=\"og:url\" content=\"https:\/\/hs-experts.com\/en\/subpage-template\/\" \/>\n<meta property=\"og:site_name\" content=\"HEALTH &amp; SAFETY EXPERTS\" \/>\n<meta property=\"article:modified_time\" content=\"2023-11-01T08:51:12+00:00\" \/>\n<meta name=\"twitter:card\" content=\"summary_large_image\" \/>\n<meta name=\"twitter:label1\" content=\"Estimated reading time\" \/>\n\t<meta name=\"twitter:data1\" content=\"1 minute\" \/>\n<script type=\"application\/ld+json\" class=\"yoast-schema-graph\">{\"@context\":\"https:\/\/schema.org\",\"@graph\":[{\"@type\":\"WebPage\",\"@id\":\"https:\/\/hs-experts.com\/subpage-template\/\",\"url\":\"https:\/\/hs-experts.com\/subpage-template\/\",\"name\":\"Subpage template - HEALTH &amp; SAFETY EXPERTS\",\"isPartOf\":{\"@id\":\"https:\/\/hs-experts.com\/#website\"},\"datePublished\":\"2023-10-06T15:01:26+00:00\",\"dateModified\":\"2023-11-01T08:51:12+00:00\",\"breadcrumb\":{\"@id\":\"https:\/\/hs-experts.com\/subpage-template\/#breadcrumb\"},\"inLanguage\":\"en-GB\",\"potentialAction\":[{\"@type\":\"ReadAction\",\"target\":[\"https:\/\/hs-experts.com\/subpage-template\/\"]}]},{\"@type\":\"BreadcrumbList\",\"@id\":\"https:\/\/hs-experts.com\/subpage-template\/#breadcrumb\",\"itemListElement\":[{\"@type\":\"ListItem\",\"position\":1,\"name\":\"Home\",\"item\":\"https:\/\/hs-experts.com\/\"},{\"@type\":\"ListItem\",\"position\":2,\"name\":\"Subpage template\"}]},{\"@type\":\"WebSite\",\"@id\":\"https:\/\/hs-experts.com\/#website\",\"url\":\"https:\/\/hs-experts.com\/\",\"name\":\"HEALTH &amp; SAFETY EXPERTS\",\"description\":\"\",\"potentialAction\":[{\"@type\":\"SearchAction\",\"target\":{\"@type\":\"EntryPoint\",\"urlTemplate\":\"https:\/\/hs-experts.com\/?s={search_term_string}\"},\"query-input\":{\"@type\":\"PropertyValueSpecification\",\"valueRequired\":true,\"valueName\":\"search_term_string\"}}],\"inLanguage\":\"en-GB\"}]}<\/script>\n<!-- \/ Yoast SEO plugin. -->","yoast_head_json":{"title":"Subpage template - HEALTH &amp; SAFETY EXPERTS","robots":{"index":"index","follow":"follow","max-snippet":"max-snippet:-1","max-image-preview":"max-image-preview:large","max-video-preview":"max-video-preview:-1"},"canonical":"https:\/\/hs-experts.com\/en\/subpage-template\/","og_locale":"en_GB","og_type":"article","og_title":"Subpage template - HEALTH &amp; SAFETY EXPERTS","og_description":"ARBEITSSICHERHEIT Infektionsschutz- und Hygiene-Beratung Um in Zeiten der Corona-Pandemie ein erneutes Hochfahren der Wirtschaft zu erm\u00f6glichen, hat das Bundesministerium f\u00fcr Arbeit und Soziales (BMAS) den SARS-CoV-2-Arbeitsschutzstandard definiert. Dieser beschreibt technische, organisatorische und personenbezogene Schutzma\u00dfnahmen mit dem Ziel, die Infektionsketten in der Bev\u00f6lkerung zu unterbrechen, die Gesundheit von Besch\u00e4ftigten zu sichern, die wirtschaftliche Aktivit\u00e4t wiederherzustellen und [&hellip;]","og_url":"https:\/\/hs-experts.com\/en\/subpage-template\/","og_site_name":"HEALTH &amp; SAFETY EXPERTS","article_modified_time":"2023-11-01T08:51:12+00:00","twitter_card":"summary_large_image","twitter_misc":{"Estimated reading time":"1 minute"},"schema":{"@context":"https:\/\/schema.org","@graph":[{"@type":"WebPage","@id":"https:\/\/hs-experts.com\/subpage-template\/","url":"https:\/\/hs-experts.com\/subpage-template\/","name":"Subpage template - HEALTH &amp; SAFETY EXPERTS","isPartOf":{"@id":"https:\/\/hs-experts.com\/#website"},"datePublished":"2023-10-06T15:01:26+00:00","dateModified":"2023-11-01T08:51:12+00:00","breadcrumb":{"@id":"https:\/\/hs-experts.com\/subpage-template\/#breadcrumb"},"inLanguage":"en-GB","potentialAction":[{"@type":"ReadAction","target":["https:\/\/hs-experts.com\/subpage-template\/"]}]},{"@type":"BreadcrumbList","@id":"https:\/\/hs-experts.com\/subpage-template\/#breadcrumb","itemListElement":[{"@type":"ListItem","position":1,"name":"Home","item":"https:\/\/hs-experts.com\/"},{"@type":"ListItem","position":2,"name":"Subpage template"}]},{"@type":"WebSite","@id":"https:\/\/hs-experts.com\/#website","url":"https:\/\/hs-experts.com\/","name":"HEALTH &amp; SAFETY EXPERTS","description":"","potentialAction":[{"@type":"SearchAction","target":{"@type":"EntryPoint","urlTemplate":"https:\/\/hs-experts.com\/?s={search_term_string}"},"query-input":{"@type":"PropertyValueSpecification","valueRequired":true,"valueName":"search_term_string"}}],"inLanguage":"en-GB"}]}},"_hostinger_reach_plugin_has_subscription_block":false,"_hostinger_reach_plugin_is_elementor":false,"_links":{"self":[{"href":"https:\/\/hs-experts.com\/en\/wp-json\/wp\/v2\/pages\/512","targetHints":{"allow":["GET"]}}],"collection":[{"href":"https:\/\/hs-experts.com\/en\/wp-json\/wp\/v2\/pages"}],"about":[{"href":"https:\/\/hs-experts.com\/en\/wp-json\/wp\/v2\/types\/page"}],"author":[{"embeddable":true,"href":"https:\/\/hs-experts.com\/en\/wp-json\/wp\/v2\/users\/2"}],"replies":[{"embeddable":true,"href":"https:\/\/hs-experts.com\/en\/wp-json\/wp\/v2\/comments?post=512"}],"version-history":[{"count":38,"href":"https:\/\/hs-experts.com\/en\/wp-json\/wp\/v2\/pages\/512\/revisions"}],"predecessor-version":[{"id":21996,"href":"https:\/\/hs-experts.com\/en\/wp-json\/wp\/v2\/pages\/512\/revisions\/21996"}],"wp:attachment":[{"href":"https:\/\/hs-experts.com\/en\/wp-json\/wp\/v2\/media?parent=512"}],"curies":[{"name":"wp","href":"https:\/\/api.w.org\/{rel}","templated":true}]}}